{"id":23,"date":"2020-12-09T16:01:15","date_gmt":"2020-12-09T15:01:15","guid":{"rendered":"https:\/\/wwps.se\/?page_id=23"},"modified":"2026-05-04T16:47:34","modified_gmt":"2026-05-04T14:47:34","slug":"startsidan","status":"publish","type":"page","link":"https:\/\/marinkamraterna.se\/angelholm\/","title":{"rendered":"Startsidan"},"content":{"rendered":"<p>[et_pb_section fb_built=&#8221;1&#8243; use_custom_gutter=&#8221;on&#8221; gutter_width=&#8221;2&#8243; specialty=&#8221;on&#8221; padding_right_1=&#8221;50px&#8221; padding_right_2=&#8221;30px&#8221; padding_left_1=&#8221;50px&#8221; padding_left_2=&#8221;30px&#8221; padding_top_bottom_link_1=&#8221;false&#8221; padding_top_bottom_link_2=&#8221;false&#8221; padding_left_right_link_1=&#8221;true&#8221; padding_left_right_link_2=&#8221;true&#8221; padding_1_tablet=&#8221;&#8221; padding_1_phone=&#8221;&#8221; padding_1_last_edited=&#8221;on|desktop&#8221; custom_css_main_2=&#8221;border-left: 1px solid #eeeeee&#8221; _builder_version=&#8221;4.27.4&#8243; _module_preset=&#8221;default&#8221; inner_width=&#8221;100%&#8221; custom_margin=&#8221;||||false|false&#8221; custom_padding=&#8221;0px||||false|false&#8221; global_colors_info=&#8221;{}&#8221;][et_pb_column type=&#8221;2_3&#8243; specialty_columns=&#8221;2&#8243; _builder_version=&#8221;4.16&#8243; custom_padding=&#8221;|||&#8221; global_colors_info=&#8221;{}&#8221; custom_padding__hover=&#8221;|||&#8221;][et_pb_row_inner column_structure=&#8221;1_2,1_2&#8243; _builder_version=&#8221;4.23.1&#8243; _module_preset=&#8221;default&#8221; global_colors_info=&#8221;{}&#8221;][et_pb_column_inner type=&#8221;1_2&#8243; saved_specialty_column_type=&#8221;2_3&#8243; _builder_version=&#8221;4.16&#8243; _module_preset=&#8221;default&#8221; global_colors_info=&#8221;{}&#8221;][et_pb_image src=&#8221;https:\/\/marinkamraterna.se\/angelholm\/wp-content\/uploads\/sites\/21\/2025\/09\/Alvsnabben.jpg&#8221; title_text=&#8221;Alvsnabben&#8221; _builder_version=&#8221;4.27.4&#8243; _module_preset=&#8221;default&#8221; global_colors_info=&#8221;{}&#8221;][\/et_pb_image][et_pb_text _builder_version=&#8221;4.27.5&#8243; _module_preset=&#8221;default&#8221; global_colors_info=&#8221;{}&#8221;]<\/p>\n<p><strong><\/strong><\/p>\n<p><strong>FLOTTANS M\u00c4N HAR NU BYTT NAMN TILL MARINKAMRATERNA.<\/strong><\/p>\n<p><strong> <\/strong><\/p>\n<p><strong>OBS!<br \/><\/strong><strong>Hemsidan \u00e4r vilande p\u00e5 grund av att vi saknar en ansvarig webmaster!<br \/>Program\/kalendarium f\u00f6rs\u00f6ker vi dock h\u00e5lla aktuell.<\/strong><\/p>\n<p>.<\/p>\n<p>[\/et_pb_text][et_pb_text admin_label=&#8221;Text&#8221; _builder_version=&#8221;4.27.4&#8243; _module_preset=&#8221;default&#8221; global_colors_info=&#8221;{}&#8221;]<\/p>\n<p><strong>&#8221;PRYLARNA&#8221; I KAJUTAN<br \/><\/strong><strong>Avhandlingen om Kajutan och historierna bakom prylarna i och utanf\u00f6r Kajutan \u00e4r nu klar.<br \/><\/strong>Det har lagts ner mycket arbete p\u00e5 att g\u00e5 igenom gamla tidningsklipp och protokoll i Kajutan, l\u00e4sa p\u00e5 baksidor av tavlor och vapensk\u00f6ldar. Visste du att ventilerna i farstun kommer fr\u00e5n Pansarskeppet HMS Sverige? Att tavlan p\u00e5 Gustav VI Adolf \u00e4r en personlig g\u00e5va fr\u00e5n honom till FM \u00c4ngelholm? Att vi \u00e4ger bogemblemet fr\u00e5n \u00c5ngkorvetten HMS Gefle. Att det bodde en familj med sex barn i fastigheten innan Flottans M\u00e4n f\u00f6rv\u00e4rvade den?\u200b<\/p>\n<p>&#8212;&#8212;&#8212;&#8212;&#8212;&#8212;&#8212;&#8212;&#8212;&#8212;&#8212;&#8212;&#8212;&#8212;&#8212;-<\/p>\n<p>[\/et_pb_text][et_pb_image src=&#8221;https:\/\/marinkamraterna.se\/angelholm\/wp-content\/uploads\/sites\/21\/2025\/03\/u137.jpg&#8221; _builder_version=&#8221;4.27.4&#8243; _module_preset=&#8221;default&#8221; global_colors_info=&#8221;{}&#8221;][\/et_pb_image][\/et_pb_column_inner][et_pb_column_inner type=&#8221;1_2&#8243; saved_specialty_column_type=&#8221;2_3&#8243; _builder_version=&#8221;4.16&#8243; _module_preset=&#8221;default&#8221; global_colors_info=&#8221;{}&#8221;][et_pb_text _builder_version=&#8221;4.27.5&#8243; _module_preset=&#8221;default&#8221; global_colors_info=&#8221;{}&#8221;]<\/p>\n<div class=\"et_pb_column_inner et_pb_column_3_4 et_pb_column_0_tb_body et_pb_css_mix_blend_mode_passthrough\">\n<p>&nbsp;<\/p>\n<div class=\"et_pb_module et_pb_post_content et_pb_post_content_0_tb_body\">\n<p><strong>V\u00c4LKOMMEN!<\/strong><br \/>V\u00e4lkommen till F\u00f6reningen Marinkamraterna. Vi \u00e4r en \u00f6ppen f\u00f6rening f\u00f6r alla som \u00e4r intresserade av v\u00e5r marin, sj\u00f6fart i allm\u00e4nhet och en hel del annat. H\u00f6r av dig om du \u00e4r intresserad s\u00e5 f\u00e5r du mer information.<\/p>\n<p><strong>NAMNBYTE 2026<\/strong><br \/>Den 1 december bytte v\u00e5r riksorganisation namn till &#8221;F\u00f6reningen MARINKAMRATERNA&#8221;. Vi i \u00c4ngelholm kommer ocks\u00e5 att byta namn men det kan ta lite tid \u2013 \u00e5rsm\u00f6te ska h\u00e5llas och stadgar ska \u00e4ndras o.s.v.<\/p>\n<p>&nbsp;<\/p>\n<p>&nbsp;<\/p>\n<\/div>\n<\/div>\n<p>[\/et_pb_text][et_pb_image src=&#8221;https:\/\/marinkamraterna.se\/angelholm\/wp-content\/uploads\/sites\/21\/2025\/03\/stridsbat_90.jpg&#8221; title_text=&#8221;Stridsbat 90&#8243; _builder_version=&#8221;4.27.4&#8243; _module_preset=&#8221;default&#8221; global_colors_info=&#8221;{}&#8221;][\/et_pb_image][\/et_pb_column_inner][\/et_pb_row_inner][\/et_pb_column][et_pb_column type=&#8221;1_3&#8243; _builder_version=&#8221;4.16&#8243; custom_padding=&#8221;|||&#8221; global_colors_info=&#8221;{}&#8221; custom_padding__hover=&#8221;|||&#8221;][et_pb_blurb title=&#8221;Aktuellt&#8221; use_icon=&#8221;on&#8221; font_icon=&#8221;&#xe080;||divi||400&#8243; icon_placement=&#8221;left&#8221; _builder_version=&#8221;4.16&#8243; _module_preset=&#8221;default&#8221; header_font=&#8221;|600||on|||||&#8221; header_font_size=&#8221;20px&#8221; border_width_bottom=&#8221;2px&#8221; border_color_bottom=&#8221;#0C71C3&#8243; locked=&#8221;on&#8221; global_colors_info=&#8221;{}&#8221;][\/et_pb_blurb][et_pb_blog posts_number=&#8221;3&#8243; meta_date=&#8221;j F, Y&#8221; show_thumbnail=&#8221;off&#8221; use_manual_excerpt=&#8221;off&#8221; show_more=&#8221;on&#8221; show_author=&#8221;off&#8221; show_categories=&#8221;off&#8221; show_pagination=&#8221;off&#8221; module_class=&#8221;aktuellt-startsidan&#8221; _builder_version=&#8221;4.16&#8243; _module_preset=&#8221;default&#8221; header_font=&#8221;||||||||&#8221; header_font_size=&#8221;20px&#8221; body_font_size=&#8221;14px&#8221; meta_font=&#8221;||on||||||&#8221; meta_font_size=&#8221;14px&#8221; meta_line_height=&#8221;1em&#8221; read_more_font=&#8221;|600||on|||||&#8221; custom_margin=&#8221;||||false|false&#8221; custom_padding=&#8221;||||false|false&#8221; locked=&#8221;on&#8221; global_colors_info=&#8221;{}&#8221;][\/et_pb_blog][et_pb_button button_url=&#8221;\/angelholm\/kategori\/nyheter\/&#8221; button_text=&#8221;Se alla nyheter&#8221; button_alignment=&#8221;right&#8221; _builder_version=&#8221;4.16&#8243; _module_preset=&#8221;default&#8221; custom_button=&#8221;on&#8221; button_text_size=&#8221;15px&#8221; button_on_hover=&#8221;off&#8221; custom_margin=&#8221;||50px||false|false&#8221; locked=&#8221;on&#8221; global_colors_info=&#8221;{}&#8221;][\/et_pb_button][et_pb_blurb title=&#8221;Kalendarium&#8221; use_icon=&#8221;on&#8221; font_icon=&#8221;&#xe025;||divi||400&#8243; icon_placement=&#8221;left&#8221; _builder_version=&#8221;4.16&#8243; _module_preset=&#8221;default&#8221; header_font=&#8221;|600||on|||||&#8221; header_font_size=&#8221;20px&#8221; border_width_bottom=&#8221;2px&#8221; border_color_bottom=&#8221;#0C71C3&#8243; locked=&#8221;on&#8221; global_colors_info=&#8221;{}&#8221;][\/et_pb_blurb][et_pb_sidebar area=&#8221;et_pb_widget_area_1&#8243; _builder_version=&#8221;4.16&#8243; _module_preset=&#8221;default&#8221; locked=&#8221;on&#8221; global_colors_info=&#8221;{}&#8221;][\/et_pb_sidebar][et_pb_blurb title=&#8221;Aktuellt F\u00f6rbundet&#8221; use_icon=&#8221;on&#8221; font_icon=&#8221;&#xe080;||divi||400&#8243; icon_placement=&#8221;left&#8221; _builder_version=&#8221;4.16&#8243; _module_preset=&#8221;default&#8221; header_font=&#8221;|600||on|||||&#8221; header_font_size=&#8221;20px&#8221; border_width_bottom=&#8221;2px&#8221; border_color_bottom=&#8221;#0C71C3&#8243; locked=&#8221;on&#8221; global_colors_info=&#8221;{}&#8221;][\/et_pb_blurb][et_pb_code _builder_version=&#8221;4.16&#8243; _module_preset=&#8221;default&#8221; locked=&#8221;on&#8221; global_colors_info=&#8221;{}&#8221;]<div class=\"wpra-display align\" data-display-id=\"1\" hx-target=\"this\" hx-swap=\"outerHTML\">    <div class=\"wp-rss-aggregator wpra-list-template \">\n        <ul class=\"rss-aggregator wpra-item-list \" start=\"1\">\n                <li class=\"wpra-item feed-item \">\n        <a href=\"https:\/\/marinkamraterna.se\/aktuellt\/2026\/04\/02\/forlangd-anmalningstid-till-riks-26\/\" class=\"\" target=\"_blank\" rel=\"noopener noreferrer nofollow\" style=\"\">F\u00f6rl\u00e4ngd anm\u00e4lningstid till Riks 26<\/a>\n\n        <div class=\"wprss-feed-meta\">\n            \n                <span class=\"feed-date\">\n        Publicerad 2026-04-02\n    <\/span>\n            \n        <\/div>\n\n        \n    <\/li>    <li class=\"wpra-item feed-item \">\n        <a href=\"https:\/\/marinkamraterna.se\/aktuellt\/2026\/02\/10\/riksarsmotet-2026\/\" class=\"\" target=\"_blank\" rel=\"noopener noreferrer nofollow\" style=\"\">Riks\u00e5rsm\u00f6tet 2026<\/a>\n\n        <div class=\"wprss-feed-meta\">\n            \n                <span class=\"feed-date\">\n        Publicerad 2026-02-10\n    <\/span>\n            \n        <\/div>\n\n        \n    <\/li>    <li class=\"wpra-item feed-item \">\n        <a href=\"https:\/\/marinkamraterna.se\/aktuellt\/2025\/12\/02\/hemsidorna-har-nu-bytt-adress\/\" class=\"\" target=\"_blank\" rel=\"noopener noreferrer nofollow\" style=\"\">Hemsidorna har nu bytt adress<\/a>\n\n        <div class=\"wprss-feed-meta\">\n            \n                <span class=\"feed-date\">\n        Publicerad 2025-12-02\n    <\/span>\n            \n        <\/div>\n\n        \n    <\/li>\n        <\/ul>\n    <\/div> <\/div>[\/et_pb_code][et_pb_button button_url=&#8221;\/kategori\/riksnyheter\/&#8221; url_new_window=&#8221;on&#8221; button_text=&#8221;Se alla f\u00f6rbundsnyheter&#8221; button_alignment=&#8221;right&#8221; _builder_version=&#8221;4.16&#8243; _module_preset=&#8221;default&#8221; custom_button=&#8221;on&#8221; button_text_size=&#8221;15px&#8221; button_on_hover=&#8221;off&#8221; custom_margin=&#8221;||||false|false&#8221; locked=&#8221;on&#8221; global_colors_info=&#8221;{}&#8221;][\/et_pb_button][\/et_pb_column][\/et_pb_section]<\/p>\n","protected":false},"excerpt":{"rendered":"<p>FLOTTANS M\u00c4N HAR NU BYTT NAMN TILL MARINKAMRATERNA. OBS!Hemsidan \u00e4r vilande p\u00e5 grund av att vi saknar en ansvarig webmaster!Program\/kalendarium f\u00f6rs\u00f6ker vi dock h\u00e5lla aktuell. .&#8221;PRYLARNA&#8221; I KAJUTANAvhandlingen om Kajutan och historierna bakom prylarna i och utanf\u00f6r Kajutan \u00e4r nu klar.Det har lagts ner mycket arbete p\u00e5 att g\u00e5 igenom gamla tidningsklipp och protokoll i [&hellip;]<\/p>\n","protected":false},"author":1,"featured_media":0,"parent":0,"menu_order":0,"comment_status":"closed","ping_status":"closed","template":"","meta":{"_et_pb_use_builder":"on","_et_pb_old_content":"<p><strong>Hej Kamrater!<\/strong><br \/>Vi har nu snickrat ihop en aktivitetsplan f\u00f6r n\u00e4sta \u00e5r \u2013 2023. Du kan redan nu h\u00e4mta den i Kajutan. Aktiviteterna kommer att flaggas upp p\u00e5 hemsidan fram\u00f6ver och redan nu kan du d\u00e4r se en intressant programpunkt: Vi har ett samarangemang med F10 Kamratf\u00f6rening den 19\/1. D\u00e5 kommer Mj Roger Djupsj\u00f6 att h\u00e5lla ett aktuellt och intressant f\u00f6redrag om Ukraina.<\/p><p>Alla pratar tyv\u00e4rr numera om det ekonomiska l\u00e4get. Flottans M\u00e4n \u00c4ngelholm \"bl\u00f6der inte ekonomiskt\" men vi ser olika m\u00f6jligheter att spara fram\u00f6ver \u2013 ny v\u00e4rmepump o.s.v. En m\u00f6jlig besparing \u00e4r porto. Ett utskick via Postnord kommer efter \u00e5rsskiftet att kosta 15:- per kuvert. Om du g\u00e5r till Kajutan f\u00f6r att h\u00e4mta Aktivitetsplanen f\u00f6r 2023 kan du samtidigt h\u00e4mta inbetalningskort f\u00f6r 2023 \u00e5rs medlemsavgift. Medlemsavgiften \u00e4r, som vi beslutades p\u00e5 \u00e5rsm\u00f6tet, h\u00f6jd till 300:-, (detta p.g.a. att kostnaden f\u00f6r tidningen h\u00f6js).<\/p><p>Om du har m\u00f6jlighet att redan nu, eller strax efter \u00e5rsskiftet, betala in medlemsavgiften p\u00e5 v\u00e5rt bankgiro 829-9737 eller via Swish 123 5532692 s\u00e5 vore det tacksamt. Gl\u00f6m inte att ange namn!\u00a0 B\u00e5de kallelse till \u00e5rsm\u00f6te och aktivitetsplan kommer du att f\u00e5 \u00e4nd\u00e5, antingen per mejl eller per brev.<\/p>","_et_gb_content_width":"","iawp_total_views":2603,"footnotes":""},"class_list":["post-23","page","type-page","status-publish","hentry"],"_links":{"self":[{"href":"https:\/\/marinkamraterna.se\/angelholm\/wp-json\/wp\/v2\/pages\/23","targetHints":{"allow":["GET"]}}],"collection":[{"href":"https:\/\/marinkamraterna.se\/angelholm\/wp-json\/wp\/v2\/pages"}],"about":[{"href":"https:\/\/marinkamraterna.se\/angelholm\/wp-json\/wp\/v2\/types\/page"}],"author":[{"embeddable":true,"href":"https:\/\/marinkamraterna.se\/angelholm\/wp-json\/wp\/v2\/users\/1"}],"replies":[{"embeddable":true,"href":"https:\/\/marinkamraterna.se\/angelholm\/wp-json\/wp\/v2\/comments?post=23"}],"version-history":[{"count":215,"href":"https:\/\/marinkamraterna.se\/angelholm\/wp-json\/wp\/v2\/pages\/23\/revisions"}],"predecessor-version":[{"id":38436,"href":"https:\/\/marinkamraterna.se\/angelholm\/wp-json\/wp\/v2\/pages\/23\/revisions\/38436"}],"wp:attachment":[{"href":"https:\/\/marinkamraterna.se\/angelholm\/wp-json\/wp\/v2\/media?parent=23"}],"curies":[{"name":"wp","href":"https:\/\/api.w.org\/{rel}","templated":true}]}}