{"id":33992,"date":"2021-06-04T19:14:35","date_gmt":"2021-06-04T17:14:35","guid":{"rendered":"http:\/\/andersa6.sg-host.com\/angelholm\/?page_id=33992"},"modified":"2025-04-29T16:52:15","modified_gmt":"2025-04-29T14:52:15","slug":"verksamhetsberattelse","status":"publish","type":"page","link":"https:\/\/marinkamraterna.se\/angelholm\/om-foreningen\/verksamhetsberattelse\/","title":{"rendered":"Verksamhetsber\u00e4ttelse 2024"},"content":{"rendered":"<p>[et_pb_section fb_built=&#8221;1&#8243; specialty=&#8221;on&#8221; padding_top_1=&#8221;0px&#8221; padding_top_2=&#8221;0px&#8221; padding_top_bottom_link_1=&#8221;false&#8221; padding_top_bottom_link_2=&#8221;false&#8221; padding_left_right_link_1=&#8221;false&#8221; padding_left_right_link_2=&#8221;false&#8221; _builder_version=&#8221;4.16&#8243; _module_preset=&#8221;default&#8221; custom_margin=&#8221;||||false|false&#8221; custom_padding=&#8221;||||false|false&#8221; locked=&#8221;off&#8221; global_colors_info=&#8221;{}&#8221;][et_pb_column type=&#8221;3_4&#8243; specialty_columns=&#8221;3&#8243; _builder_version=&#8221;4.16&#8243; custom_padding=&#8221;|||&#8221; global_colors_info=&#8221;{}&#8221; custom_padding__hover=&#8221;|||&#8221;][et_pb_row_inner _builder_version=&#8221;4.16&#8243; _module_preset=&#8221;default&#8221; custom_padding=&#8221;0px||||false|false&#8221; global_colors_info=&#8221;{}&#8221;][et_pb_column_inner saved_specialty_column_type=&#8221;3_4&#8243; _builder_version=&#8221;4.16&#8243; _module_preset=&#8221;default&#8221; global_colors_info=&#8221;{}&#8221;][et_pb_post_title meta=&#8221;off&#8221; featured_image=&#8221;off&#8221; _builder_version=&#8221;4.16&#8243; _module_preset=&#8221;default&#8221; title_font_size=&#8221;35px&#8221; global_colors_info=&#8221;{}&#8221;][\/et_pb_post_title][et_pb_text _builder_version=&#8221;4.27.4&#8243; _module_preset=&#8221;default&#8221; hover_enabled=&#8221;0&#8243; global_colors_info=&#8221;{}&#8221; sticky_enabled=&#8221;0&#8243;]<\/p>\n<p>&nbsp;<\/p>\n<p><strong>Medlemmar<\/strong><br \/>F\u00f6reningen hade vid \u00e5rets slut 75 betalande medlemmar.<\/p>\n<p><strong>M\u00f6ten<br \/><\/strong>F\u00f6reningen har h\u00e5llit 7 protokollf\u00f6rda m\u00f6ten varav 1 \u00e5rsm\u00f6te och 6 styrelsem\u00f6ten. Tv\u00e5 f\u00f6reningsm\u00f6ten har utannonserats. Ett har genomf\u00f6rts, ett p\u00e5 v\u00e5ren och ett p\u00e5 h\u00f6sten. Dessa m\u00f6ten har ej protokollf\u00f6rts, de \u00e4r information till medlemmar samt \u00f6nskem\u00e5l\/id\u00e9er fr\u00e5n medlemmar till styrelsen.<\/p>\n<p><strong>F\u00f6rslag till \u00e5rsavgift:<br \/><\/strong>\u00c5rsavgiften \u00e4r fastst\u00e4lld till 300 kr (of\u00f6r\u00e4ndrad)..<\/p>\n<p><strong>Revisionsber\u00e4ttelsen<\/strong> har granskats och tillstyrkts av revisorn och tillst\u00e4lldes m\u00f6tesdeltagarna som ocks\u00e5 gav styrelsen ansvarsfrihet.<\/p>\n<p><strong>Val:<\/strong> Ordf\u00f6rande f\u00f6r ett \u00e5r Bertil Lundvall, vice ordf\u00f6rande f\u00f6r tv\u00e5 \u00e5r Sven G Persson, sekreterare f\u00f6r tv\u00e5 \u00e5r Laila Lembke, som aviserade avg\u00e5ng efter ett \u00e5r.<br \/>Till kass\u00f6r f\u00f6r ett \u00e5r valdes Caj B\u00fclow.<br \/>Till revisor f\u00f6r ett \u00e5r Nils\u00e5ke Frenneson (har \u00f6nskem\u00e5l om endast ett \u00e5r i s\u00e4nder).<br \/>Till valberedningen omvaldes Uno Karjevall och Joakim Sk\u00f6ldebrink p\u00e5 ett \u00e5r, som mellan sig best\u00e4mmer vem som \u00e4r sammankallande.<br \/>Till \u00f6vriga poster och funktioner \u00f6verl\u00e4ts till ordf\u00f6rande och styrelse att f\u00f6rdela.<br \/>Som firmatecknare f\u00f6r FM\u00c4, beslutades kass\u00f6r och ordf\u00f6rande var f\u00f6r sig.<\/p>\n<p>\u00d6vrigt: V\u00e5rt kostsamma l\u00e5n hos Swedbank har v\u00e5r kass\u00f6r omvandlat till ett f\u00f6rm\u00e5nligt l\u00e5n hos en privat l\u00e5ngivare. Signerade l\u00e5nehandlingar p\u00e5visar full s\u00e4kerhet f\u00f6r v\u00e5r f\u00f6rening<\/p>\n<p><strong>F\u00f6reningsverksamheten<br \/><\/strong>Vi har ett avtal (\u201dtj\u00e4nsteavtal\u201d) med F\u00f6rsvarsmakten mellan F17 Kallinge och Flottans M\u00e4n Karlshamn och Flottans M\u00e4n \u00c4ngelholm. Det \u00e4r undertecknat av f\u00f6rre flottiljchefen Tommy Pettersson. Avtalet g\u00e4ller fr\u00e5n och med 1 januari 2022.<\/p>\n<p>Regionm\u00f6te V\u00e4st (v\u00e5r) h\u00f6lls i Halmstad som webb-m\u00f6te. Ordf\u00f6rande \u00c4ngelholm deltog p\u00e5 l\u00e4nk. Regionm\u00f6te V\u00e4st (h\u00f6st) h\u00f6lls i Varberg. Ordf\u00f6rande deltog efter m\u00f6tet bj\u00f6d v\u00e4rdf\u00f6reningen p\u00e5 ett minnesv\u00e4rt bes\u00f6k p\u00e5 Marinmuseet i Varberg.<\/p>\n<p>SMKR har arrangerat ett m\u00f6te under \u00e5ret. FM\u00c4 deltog ej.<\/p>\n<p>12 &#8211; 21 maj Riks\u00e5rsm\u00f6te 2024 p\u00e5 sj\u00f6resa till Tallin. Arrangerat av LoF Stockholm mfl. FM\u00c4 var ej representerat.<\/p>\n<p>Den 29 maj var vi inbjudna att bes\u00f6ka kustkorvetten HMS Nyk\u00f6ping av fartygschefen \u00d6rlkapten Tornerhjelm. 33 personer deltog.<\/p>\n<p>Vid kransnedl\u00e4ggning hos K\u00f6ge Marinef\u00f6rening deltog Bertil L, Caj B och Rolf \u201dUffe\u201d B. den 1 juli. Vi bj\u00f6ds p\u00e5 en v\u00e4llagad dansk Frokost!<\/p>\n<p>Vid Marindagen i Karlskrona den 3 augusti representerades vi av Sven G. Persson och Laila Lembke.<\/p>\n<p>Vi deltog med fem personer vid Flygvapnets huvudflygdag p\u00e5 F17 i Kallinge l\u00f6rdag den den 28 augusti. Flottans M\u00e4n \u00c4ngelholm var s\u00e4rskilt inbjudna och vi hade en egen monter inne p\u00e5 flottiljomr\u00e5det.<\/p>\n<p>Den 1 september deltog vi med svensk fana vid Krigsseglardagen p\u00e5 Parapeten i Helsingborg med efterf\u00f6ljande f\u00f6redrag och kaffe i Sj\u00f6manskyrkan.<\/p>\n<p>Onsdagen den 9 oktober gjorde vi ett studiebes\u00f6k ombord i m\/f AURORA p\u00e5 \u00d6resundslinjen. Vi fick ett varmt och hj\u00e4rtligt mottagande och en professionell visning av fartyget. Maskinchefen Christian Andersson guidade oss.<\/p>\n<p>Den 9 december deltog Caj B\u00fclow i hel\u00e5rsgenomg\u00e5ng i Kallinge, efter inbjudan fr\u00e5n chefen p\u00e5 F17. Caj deltog \u00e4ven vid F17s Halv\u00e5rsgenomg\u00e5ng i juni.<\/p>\n<p><strong>Internt<\/strong><\/p>\n<p>Under \u00e5ret har vi arrangerat f\u00f6ljande f\u00f6redrag:<br \/>S\u00f6ndag den 21 januari: R\u00f6jdykare i v\u00e5tt och torrt. Fanjnkare Erik St\u00f6vring-Nielsen fr\u00e5n R\u00f6jdykardivisionen i Skredsvik.<br \/>Onsdag den 7 mars: \u00d6rlogskapten Peter von Heidenstam. En l\u00e5ngresa med HMS Carlskrona 1984\/85.<br \/>M\u00e5ndag den 6 maj: Viceamiral Jonas Haggren, V\u00e5r v\u00e4g in i NATO. (Samarrangemang med F10 Kamratf\u00f6rening p\u00e5 Valhal Park Hotell)<br \/>Tisdag den 6 november: \u00d6rlogskapten Bosse Cederholm, En l\u00e5ngresa med HMS \u00c4lvsnabben 1962\/63.<br \/>M\u00e5ndag den 9 december: \u00d6rlogskapten Jan Tornerhjelm. Slaget vid Helsingborg 1710. (Samarrangemang med \u00c4ngelholms Lokalhistoriska f\u00f6rening p\u00e5 J\u00e4rnv\u00e4gens museum,<br \/>Den 28 februari hade vi bjudit in kommunalr\u00e5den Robin Holmberg och Lars Nyander till en enklare lunch i Kajutan, f\u00f6r ett informationsm\u00f6te.<br \/>Den 5 mars var Christina Hanst\u00e5l och Maria Birgander fr\u00e5n kommunens kultur \u2013 och fritidsf\u00f6rvaltning hos oss f\u00f6r ett informationsm\u00f6te med avseende p\u00e5 hur vi kan f\u00e5 bidrag fr\u00e5n kommunen.<\/p>\n<p>Genomf\u00f6rt \u00e5rsm\u00f6te den 21 mars med efterf\u00f6ljande samkv\u00e4m med \u00e4rtsoppa, fl\u00e4sk och pannkakor.<\/p>\n<p>Fixardag l\u00f6rdagen den 27 april i Kajutan med st\u00e4dning, plantering i tr\u00e4dg\u00e5rden. Det bj\u00f6ds p\u00e5 korv med br\u00f6d.<\/p>\n<p>1 maj kom Hemv\u00e4rnets Musikk\u00e5r till oss och musicerade i tr\u00e4dg\u00e5rden och vi serverade sillfrukost till 43 musiker i och utanf\u00f6r Kajutan. Detta var 59:e g\u00e5ngen (under 2020 och 2019 var det uppeh\u00e5ll p.g.a. pandemi).<\/p>\n<p>P\u00e5 Veterandagen den 29 maj hade vi ingen aktivitet i Kajutan p.g.a. v\u00e5rt fartygsbes\u00f6k samma dag i Helsingborg.<\/p>\n<p>Varje tisdag eftermiddag under juli m\u00e5nad har det varit \u00f6ppet hus i Kajutans tr\u00e4dg\u00e5rd. Kaffe med v\u00e5fflor har serverats f\u00f6r allm\u00e4nheten och FM\u00c4s medlemmar. Ca 80 bes\u00f6kare r\u00e4knades in. M\u00e5nga skrev ber\u00f6mmande omd\u00f6me om v\u00e5fflorna i v\u00e5r loggbok.<\/p>\n<p>I mitten p\u00e5 september i vackert sensommarv\u00e4der, (21 grader C), avnj\u00f6t vi kr\u00e4ftor. Tolv glada gossar och trevliga flickor deltog. Den ljuva sensommaren till\u00e4t att vi satt utomhus hela kv\u00e4llen.\u00a0\u00a0\u00a0\u00a0\u00a0\u00a0\u00a0\u00a0\u00a0\u00a0\u00a0\u00a0\u00a0\u00a0\u00a0 \u00a0\u00a0\u00a0\u00a0\u00a0\u00a0\u00a0\u00a0\u00a0\u00a0\u00a0\u00a0\u00a0\u00a0\u00a0\u00a0\u00a0\u00a0\u00a0\u00a0\u00a0\u00a0\u00a0\u00a0\u00a0\u00a0\u00a0\u00a0\u00a0\u00a0\u00a0\u00a0\u00a0\u00a0\u00a0\u00a0\u00a0\u00a0<\/p>\n<p>\u201d\u00d6ppet hus\u201d varannan s\u00f6ndagsf\u00f6rmiddag med servering av f\u00f6rst\u00e4rkt frukost har ordnats i Kajutan under \u00e5ret, vilket har uppskattats. Kocken Uffe har gjort ett fantastiskt arbete. Tyv\u00e4rr minskar antalet frukostg\u00e4ster.<\/p>\n<p>Den 17 oktober fick vi h\u00f6stens f\u00f6rsta k\u00f6ldkn\u00e4pp. D\u00e5 passade det bra med samkv\u00e4m och \u00e4rtsoppa i Kajutan f\u00f6r medlemmarna.<\/p>\n<p>\u00c5rets sista samkv\u00e4m var den 13 december. D\u00e5 samlades 15 personer i Kajutan f\u00f6r att avnjuta en enkel julm\u00e5ltid.<\/p>\n<p>Under det g\u00e5ngna \u00e5ret har ca 390 bes\u00f6kare registrerats i Kajutan. Vi tackar alla som har bidragit med en extra slant via swish eller i \u201dGrisen\u201d. Dessa bidrag har varit ett gott tillskott till v\u00e5r ekonomi.<\/p>\n<p>Ingen utm\u00e4rkelse\/medalj fr\u00e5n Riksf\u00f6rbundet har utdelats till medlem i FM\u00c4 under \u00e5ret. Lokalt har vi varken utdelat FM Hederstecknet eller Veterantecknet.<\/p>\n<p>Under \u00e5ret har Caj h\u00e5llit minif\u00f6redrag i Kajutan f\u00f6r f\u00f6reningens medlemmar.<\/p>\n<p>Vi har en prydlig, l\u00e4ttl\u00e4st och levande hemsida <a href=\"http:\/\/www.flottansman.se\/angelholm\">www.flottansman.se\/angelholm<\/a><br \/>Greger Johansson underh\u00e5ller den.<\/p>\n<p>Vi har under \u00e5ret f\u00e5tt en hyresg\u00e4st, Engelholms Schackklubb, som vi har skrivit ett hyresavtal med. De nyttjar v\u00e5r lokal, Kajutan, en och ibland tv\u00e5 g\u00e5nger\/vecka. Allts\u00e5 mer \u00e4n vad vi sj\u00e4lva anv\u00e4nder Kajutan.<\/p>\n<p><strong>Slutord<\/strong><\/p>\n<p>Vi f\u00f6rs\u00f6ker h\u00e5lla v\u00e5r Kajuta och tr\u00e4dg\u00e5rd i ett prydligt skick. Inga st\u00f6rre reparationer har utf\u00f6rts under \u00e5ret. M\u00e5lning har gjorts utomhus av f\u00f6nster och d\u00f6rrar. Samt m\u00e5lning av minor och ankare i tr\u00e4dg\u00e5rden.<\/p>\n<p>Styrelsen \u00e4r tacksam f\u00f6r de extra bidrag som en del medlemmar har betalt in i samband med \u00e5rsavgiften. Av de 300 kr i medlemsavgiften gick 130 kr till medlemsavgift till Riks, bl.a. till finansiering av Flottans M\u00e4ns tidning.,<\/p>\n<p>Under \u00e5ret har n\u00e5gra medlemmar valt att inte vara kvar hos oss. Men vi gl\u00e4der oss i st\u00e4llet f\u00f6r de trevliga och aktiva medlemmarna som under \u00e5ret har kommit med i v\u00e5r gemenskap. Detta betyder att medlemsantalet \u00e4r i stort sett p\u00e5 samma niv\u00e5 som f\u00f6reg\u00e5ende \u00e5r. Men vi s\u00f6ker givetvis st\u00e4ndigt nya medlemmar. <br \/>Vi har under \u00e5ret utv\u00e4rderat v\u00e5ra s\u00f6ndagsfrukostar och ser ett minskat intresse f\u00f6r dessa. Vi har beslutat att minska n\u00e5got p\u00e5 antalet frukostar och dessutom prova p\u00e5 att arrangera en s\u00f6ndagslunch p\u00e5 v\u00e5ren och en p\u00e5 h\u00f6sten. I v\u00e5r utv\u00e4rdering ser vi ocks\u00e5 att det som attraherar v\u00e5ra medlemmar mest \u00e4r 1) Fartygsbes\u00f6k 2) F\u00f6redrag 3) Studiebes\u00f6k.<\/p>\n<p>FM\u00c4 har s\u00f6kt bidrag hos \u00c4ngelholms Kommun och hos Carl J\u00f6nssons Underst\u00f6dsstiftelse men fick avslag fr\u00e5n b\u00e5da. Kommunens motivering var: \u201davslag p.g.a. andra prioriteringar f\u00f6r v\u00e5rt verksamhetsst\u00f6d\u201d. <\/p>\n<p>Fr\u00e5n F17 i Kallinge har tar vi emot en summa pengar mot att vi utf\u00f6r arbeten och motprestationer.<\/p>\n<p>Ett stort tack riktas till v\u00e5r duktige k\u00f6ksm\u00e4stare, v\u00e5ffelgr\u00e4ddare och tr\u00e4dg\u00e5rdsansvariga som under \u00e5ret sett till att trivseln vid v\u00e5ra m\u00f6ten i Kajutan \u00e4r p\u00e5 fortsatt h\u00f6g niv\u00e5.<\/p>\n<p>[\/et_pb_text][\/et_pb_column_inner][\/et_pb_row_inner][et_pb_row_inner column_structure=&#8221;1_2,1_2&#8243; _builder_version=&#8221;4.16&#8243; _module_preset=&#8221;default&#8221; custom_padding=&#8221;0px||||false|false&#8221; global_colors_info=&#8221;{}&#8221;][et_pb_column_inner type=&#8221;1_2&#8243; saved_specialty_column_type=&#8221;3_4&#8243; _builder_version=&#8221;4.16&#8243; _module_preset=&#8221;default&#8221; global_colors_info=&#8221;{}&#8221;][et_pb_text _builder_version=&#8221;4.19.5&#8243; _module_preset=&#8221;default&#8221; global_colors_info=&#8221;{}&#8221;][\/et_pb_text][\/et_pb_column_inner][et_pb_column_inner type=&#8221;1_2&#8243; saved_specialty_column_type=&#8221;3_4&#8243; _builder_version=&#8221;4.16&#8243; _module_preset=&#8221;default&#8221; global_colors_info=&#8221;{}&#8221;][et_pb_image src=&#8221;http:\/\/marinkamraterna.se\/angelholm\/wp-content\/uploads\/sites\/3\/2021\/04\/eumewe-7ewg-1024&#215;683.jpg&#8221; alt=&#8221;ship helm&#8221; title_text=&#8221;Photo by Joseph Barrientos&#8221; _builder_version=&#8221;4.16&#8243; _module_preset=&#8221;default&#8221; global_colors_info=&#8221;{}&#8221;][\/et_pb_image][\/et_pb_column_inner][\/et_pb_row_inner][et_pb_row_inner column_structure=&#8221;1_3,1_3,1_3&#8243; _builder_version=&#8221;4.16&#8243; _module_preset=&#8221;default&#8221; custom_padding=&#8221;0px||||false|false&#8221; global_colors_info=&#8221;{}&#8221;][et_pb_column_inner type=&#8221;1_3&#8243; saved_specialty_column_type=&#8221;3_4&#8243; _builder_version=&#8221;4.16&#8243; _module_preset=&#8221;default&#8221; global_colors_info=&#8221;{}&#8221;][et_pb_image src=&#8221;http:\/\/marinkamraterna.se\/angelholm\/wp-content\/uploads\/sites\/3\/2021\/04\/i7olrdm9yiw.jpg&#8221; alt=&#8221;green trees on cliff&#8221; title_text=&#8221;Photo by Tom Winckels&#8221; _builder_version=&#8221;4.16&#8243; _module_preset=&#8221;default&#8221; global_colors_info=&#8221;{}&#8221;][\/et_pb_image][\/et_pb_column_inner][et_pb_column_inner type=&#8221;1_3&#8243; saved_specialty_column_type=&#8221;3_4&#8243; _builder_version=&#8221;4.16&#8243; _module_preset=&#8221;default&#8221; global_colors_info=&#8221;{}&#8221;][et_pb_image src=&#8221;http:\/\/marinkamraterna.se\/angelholm\/wp-content\/uploads\/sites\/3\/2021\/04\/eumewe-7ewg-1024&#215;683.jpg&#8221; alt=&#8221;ship helm&#8221; title_text=&#8221;Photo by Joseph Barrientos&#8221; _builder_version=&#8221;4.16&#8243; _module_preset=&#8221;default&#8221; global_colors_info=&#8221;{}&#8221;][\/et_pb_image][\/et_pb_column_inner][et_pb_column_inner type=&#8221;1_3&#8243; saved_specialty_column_type=&#8221;3_4&#8243; _builder_version=&#8221;4.16&#8243; _module_preset=&#8221;default&#8221; global_colors_info=&#8221;{}&#8221;][et_pb_image src=&#8221;http:\/\/marinkamraterna.se\/angelholm\/wp-content\/uploads\/sites\/3\/2021\/04\/j1ega73qp7c.jpg&#8221; alt=&#8221;black and white sailboat in body of water during sunset&#8221; title_text=&#8221;Photo by Katherine McCormack&#8221; _builder_version=&#8221;4.16&#8243; _module_preset=&#8221;default&#8221; global_colors_info=&#8221;{}&#8221;][\/et_pb_image][\/et_pb_column_inner][\/et_pb_row_inner][\/et_pb_column][et_pb_column type=&#8221;1_4&#8243; _builder_version=&#8221;4.16&#8243; custom_padding=&#8221;|||&#8221; global_colors_info=&#8221;{}&#8221; custom_padding__hover=&#8221;|||&#8221;][et_pb_image src=&#8221;http:\/\/marinkamraterna.se\/angelholm\/wp-content\/uploads\/sites\/3\/2021\/04\/oql0evyd_n8.jpg&#8221; alt=&#8221;body of water during golden hour&#8221; title_text=&#8221;Photo by Joseph Barrientos&#8221; _builder_version=&#8221;4.16&#8243; _module_preset=&#8221;default&#8221; custom_margin=&#8221;||10px||false|false&#8221; custom_padding=&#8221;||||false|false&#8221; global_colors_info=&#8221;{}&#8221;][\/et_pb_image][et_pb_text _builder_version=&#8221;4.27.4&#8243; _module_preset=&#8221;default&#8221; text_font=&#8221;||on||||||&#8221; text_font_size=&#8221;14px&#8221; global_colors_info=&#8221;{}&#8221;]<\/p>\n<p>Bildtext<\/p>\n<p>[\/et_pb_text][et_pb_sidebar orientation=&#8221;right&#8221; area=&#8221;et_pb_widget_area_5&#8243; module_class=&#8221;right-menues&#8221; _builder_version=&#8221;4.9.11&#8243; _module_preset=&#8221;default&#8221; custom_margin=&#8221;||0px||false|false&#8221; global_module=&#8221;35107&#8243; saved_tabs=&#8221;all&#8221; locked=&#8221;on&#8221; global_colors_info=&#8221;{}&#8221;][\/et_pb_sidebar][et_pb_sidebar orientation=&#8221;right&#8221; _builder_version=&#8221;4.9.4&#8243; _module_preset=&#8221;default&#8221; header_font=&#8221;|600||on|||||&#8221; header_font_size=&#8221;20px&#8221; global_module=&#8221;33531&#8243; saved_tabs=&#8221;all&#8221; locked=&#8221;on&#8221; global_colors_info=&#8221;{}&#8221;][\/et_pb_sidebar][\/et_pb_column][\/et_pb_section]<\/p>\n","protected":false},"excerpt":{"rendered":"<p>&nbsp; MedlemmarF\u00f6reningen hade vid \u00e5rets slut 75 betalande medlemmar. M\u00f6tenF\u00f6reningen har h\u00e5llit 7 protokollf\u00f6rda m\u00f6ten varav 1 \u00e5rsm\u00f6te och 6 styrelsem\u00f6ten. Tv\u00e5 f\u00f6reningsm\u00f6ten har utannonserats. Ett har genomf\u00f6rts, ett p\u00e5 v\u00e5ren och ett p\u00e5 h\u00f6sten. Dessa m\u00f6ten har ej protokollf\u00f6rts, de \u00e4r information till medlemmar samt \u00f6nskem\u00e5l\/id\u00e9er fr\u00e5n medlemmar till styrelsen. F\u00f6rslag till \u00e5rsavgift:\u00c5rsavgiften \u00e4r [&hellip;]<\/p>\n","protected":false},"author":1,"featured_media":0,"parent":33152,"menu_order":5,"comment_status":"closed","ping_status":"closed","template":"","meta":{"_et_pb_use_builder":"on","_et_pb_old_content":"<p>Du kan ta del av f\u00f6reningens verksamhetsber\u00e4ttelse genom att klicka p\u00e5 dessa l\u00e4nkar:<\/p>","_et_gb_content_width":"","iawp_total_views":53,"footnotes":""},"class_list":["post-33992","page","type-page","status-publish","hentry"],"_links":{"self":[{"href":"https:\/\/marinkamraterna.se\/angelholm\/wp-json\/wp\/v2\/pages\/33992","targetHints":{"allow":["GET"]}}],"collection":[{"href":"https:\/\/marinkamraterna.se\/angelholm\/wp-json\/wp\/v2\/pages"}],"about":[{"href":"https:\/\/marinkamraterna.se\/angelholm\/wp-json\/wp\/v2\/types\/page"}],"author":[{"embeddable":true,"href":"https:\/\/marinkamraterna.se\/angelholm\/wp-json\/wp\/v2\/users\/1"}],"replies":[{"embeddable":true,"href":"https:\/\/marinkamraterna.se\/angelholm\/wp-json\/wp\/v2\/comments?post=33992"}],"version-history":[{"count":34,"href":"https:\/\/marinkamraterna.se\/angelholm\/wp-json\/wp\/v2\/pages\/33992\/revisions"}],"predecessor-version":[{"id":38160,"href":"https:\/\/marinkamraterna.se\/angelholm\/wp-json\/wp\/v2\/pages\/33992\/revisions\/38160"}],"up":[{"embeddable":true,"href":"https:\/\/marinkamraterna.se\/angelholm\/wp-json\/wp\/v2\/pages\/33152"}],"wp:attachment":[{"href":"https:\/\/marinkamraterna.se\/angelholm\/wp-json\/wp\/v2\/media?parent=33992"}],"curies":[{"name":"wp","href":"https:\/\/api.w.org\/{rel}","templated":true}]}}