{"id":34162,"date":"2021-06-06T18:06:11","date_gmt":"2021-06-06T16:06:11","guid":{"rendered":"http:\/\/andersa6.sg-host.com\/angelholm\/?page_id=34162"},"modified":"2026-04-30T08:16:27","modified_gmt":"2026-04-30T06:16:27","slug":"kontakt","status":"publish","type":"page","link":"https:\/\/marinkamraterna.se\/angelholm\/om-foreningen\/kontakt\/","title":{"rendered":"Kontakt"},"content":{"rendered":"<p>[et_pb_section fb_built=&#8221;1&#8243; specialty=&#8221;on&#8221; padding_top_1=&#8221;0px&#8221; padding_top_2=&#8221;0px&#8221; padding_top_bottom_link_1=&#8221;false&#8221; padding_top_bottom_link_2=&#8221;false&#8221; padding_left_right_link_1=&#8221;false&#8221; padding_left_right_link_2=&#8221;false&#8221; _builder_version=&#8221;4.16&#8243; _module_preset=&#8221;default&#8221; custom_margin=&#8221;||||false|false&#8221; custom_padding=&#8221;||||false|false&#8221; locked=&#8221;off&#8221; global_colors_info=&#8221;{}&#8221;][et_pb_column type=&#8221;3_4&#8243; specialty_columns=&#8221;3&#8243; _builder_version=&#8221;4.16&#8243; custom_padding=&#8221;|||&#8221; global_colors_info=&#8221;{}&#8221; custom_padding__hover=&#8221;|||&#8221;][et_pb_row_inner column_structure=&#8221;1_2,1_2&#8243; _builder_version=&#8221;4.16&#8243; _module_preset=&#8221;default&#8221; custom_padding=&#8221;0px||||false|false&#8221; global_colors_info=&#8221;{}&#8221;][et_pb_column_inner type=&#8221;1_2&#8243; _builder_version=&#8221;4.17.4&#8243; _module_preset=&#8221;default&#8221; global_colors_info=&#8221;{}&#8221;][\/et_pb_column_inner][et_pb_column_inner type=&#8221;1_2&#8243; saved_specialty_column_type=&#8221;3_4&#8243; _builder_version=&#8221;4.16&#8243; _module_preset=&#8221;default&#8221; global_colors_info=&#8221;{}&#8221;][et_pb_post_title meta=&#8221;off&#8221; featured_image=&#8221;off&#8221; _builder_version=&#8221;4.16&#8243; _module_preset=&#8221;default&#8221; title_font_size=&#8221;35px&#8221; global_colors_info=&#8221;{}&#8221;][\/et_pb_post_title][et_pb_text admin_label=&#8221;Text&#8221; _builder_version=&#8221;4.27.5&#8243; _module_preset=&#8221;default&#8221; global_colors_info=&#8221;{}&#8221;]<\/p>\n<p style=\"text-align: left\">Vi har bevakning av v\u00e5r e-postadress. \u00d6nskar du n\u00e5 oss, s\u00e4nd i f\u00f6rsta hand e-post till<br \/><strong><a href=\"mailto:angelholm@flottansman.se\">angelholm@marinkamraterna.se<\/a><\/strong><\/p>\n<p><strong>Ordf\u00f6rande: Bertil Lundvall<\/strong><br \/>Tel: 070-257 23 66<br \/><strong>Vice ordf\u00f6rande: Ulf \u00c5kerstedt<\/strong><\/p>\n<p><strong>Sekreterare: Lasse Olsson<\/strong><br \/><strong>Kass\u00f6r: Caj B\u00fclow<\/strong><br \/><strong><span style=\"font-size: 15px\">Webbansvarig: <em>vakant<\/em><br \/><\/span><\/strong><\/p>\n<p>&nbsp;<\/p>\n<p>F\u00f6reningsuppgifter:<br \/>Bankgiro 829-9737<br \/>Swish: 123 553 2692<br \/>Swedbank:<br \/>Clearing nr: 8214<br \/>Kontonr:\u00a0 9933 114 173-0<\/p>\n<p>Organisations-nr: 839400-0486<\/p>\n<p>Medlemsavgiften f\u00f6r 2026 \u00e4r 300 kr.<\/p>\n<p>Medlemsavgiften f\u00f6r 2027 kommer att beslutas p\u00e5 kommande \u00e5rsm\u00f6te.<\/p>\n<p>[\/et_pb_text][\/et_pb_column_inner][\/et_pb_row_inner][\/et_pb_column][et_pb_column type=&#8221;1_4&#8243; _builder_version=&#8221;4.16&#8243; custom_padding=&#8221;|||&#8221; global_colors_info=&#8221;{}&#8221; custom_padding__hover=&#8221;|||&#8221;][et_pb_image src=&#8221;http:\/\/marinkamraterna.se\/angelholm\/wp-content\/uploads\/sites\/3\/2021\/04\/oql0evyd_n8.jpg&#8221; alt=&#8221;body of water during golden hour&#8221; title_text=&#8221;Photo by Joseph Barrientos&#8221; _builder_version=&#8221;4.21.0&#8243; _module_preset=&#8221;default&#8221; custom_margin=&#8221;||10px||false|false&#8221; custom_padding=&#8221;||||false|false&#8221; global_colors_info=&#8221;{}&#8221;][\/et_pb_image][et_pb_text admin_label=&#8221;Text&#8221; _builder_version=&#8221;4.27.5&#8243; _module_preset=&#8221;default&#8221; text_font=&#8221;||on||||||&#8221; text_font_size=&#8221;14px&#8221; global_colors_info=&#8221;{}&#8221;][\/et_pb_text][et_pb_sidebar orientation=&#8221;right&#8221; area=&#8221;et_pb_widget_area_5&#8243; module_class=&#8221;right-menues&#8221; _builder_version=&#8221;4.9.11&#8243; _module_preset=&#8221;default&#8221; custom_margin=&#8221;||0px||false|false&#8221; global_module=&#8221;35107&#8243; saved_tabs=&#8221;all&#8221; locked=&#8221;on&#8221; global_colors_info=&#8221;{}&#8221;][\/et_pb_sidebar][et_pb_sidebar orientation=&#8221;right&#8221; _builder_version=&#8221;4.9.4&#8243; _module_preset=&#8221;default&#8221; header_font=&#8221;|600||on|||||&#8221; header_font_size=&#8221;20px&#8221; global_module=&#8221;33531&#8243; saved_tabs=&#8221;all&#8221; locked=&#8221;on&#8221; global_colors_info=&#8221;{}&#8221;][\/et_pb_sidebar][\/et_pb_column][\/et_pb_section]<\/p>\n","protected":false},"excerpt":{"rendered":"<p>Vi har bevakning av v\u00e5r e-postadress. \u00d6nskar du n\u00e5 oss, s\u00e4nd i f\u00f6rsta hand e-post tillangelholm@marinkamraterna.se Ordf\u00f6rande: Bertil LundvallTel: 070-257 23 66Vice ordf\u00f6rande: Ulf \u00c5kerstedt Sekreterare: Lasse OlssonKass\u00f6r: Caj B\u00fclowWebbansvarig: vakant &nbsp; F\u00f6reningsuppgifter:Bankgiro 829-9737Swish: 123 553 2692Swedbank:Clearing nr: 8214Kontonr:\u00a0 9933 114 173-0 Organisations-nr: 839400-0486 Medlemsavgiften f\u00f6r 2026 \u00e4r 300 kr. Medlemsavgiften f\u00f6r 2027 kommer att [&hellip;]<\/p>\n","protected":false},"author":1,"featured_media":0,"parent":33152,"menu_order":1,"comment_status":"closed","ping_status":"closed","template":"","meta":{"_et_pb_use_builder":"on","_et_pb_old_content":"","_et_gb_content_width":"","iawp_total_views":423,"footnotes":""},"class_list":["post-34162","page","type-page","status-publish","hentry"],"_links":{"self":[{"href":"https:\/\/marinkamraterna.se\/angelholm\/wp-json\/wp\/v2\/pages\/34162","targetHints":{"allow":["GET"]}}],"collection":[{"href":"https:\/\/marinkamraterna.se\/angelholm\/wp-json\/wp\/v2\/pages"}],"about":[{"href":"https:\/\/marinkamraterna.se\/angelholm\/wp-json\/wp\/v2\/types\/page"}],"author":[{"embeddable":true,"href":"https:\/\/marinkamraterna.se\/angelholm\/wp-json\/wp\/v2\/users\/1"}],"replies":[{"embeddable":true,"href":"https:\/\/marinkamraterna.se\/angelholm\/wp-json\/wp\/v2\/comments?post=34162"}],"version-history":[{"count":27,"href":"https:\/\/marinkamraterna.se\/angelholm\/wp-json\/wp\/v2\/pages\/34162\/revisions"}],"predecessor-version":[{"id":38419,"href":"https:\/\/marinkamraterna.se\/angelholm\/wp-json\/wp\/v2\/pages\/34162\/revisions\/38419"}],"up":[{"embeddable":true,"href":"https:\/\/marinkamraterna.se\/angelholm\/wp-json\/wp\/v2\/pages\/33152"}],"wp:attachment":[{"href":"https:\/\/marinkamraterna.se\/angelholm\/wp-json\/wp\/v2\/media?parent=34162"}],"curies":[{"name":"wp","href":"https:\/\/api.w.org\/{rel}","templated":true}]}}