{"id":23,"date":"2020-12-09T16:01:15","date_gmt":"2020-12-09T15:01:15","guid":{"rendered":"https:\/\/wwps.se\/?page_id=23"},"modified":"2026-04-24T11:10:29","modified_gmt":"2026-04-24T09:10:29","slug":"startsidan","status":"publish","type":"page","link":"https:\/\/marinkamraterna.se\/goteborg\/","title":{"rendered":"Startsidan"},"content":{"rendered":"<p>[et_pb_section fb_built=&#8221;1&#8243; use_custom_gutter=&#8221;on&#8221; gutter_width=&#8221;2&#8243; specialty=&#8221;on&#8221; padding_right_1=&#8221;50px&#8221; padding_right_2=&#8221;30px&#8221; padding_left_1=&#8221;50px&#8221; padding_left_2=&#8221;30px&#8221; padding_top_bottom_link_1=&#8221;false&#8221; padding_top_bottom_link_2=&#8221;false&#8221; padding_left_right_link_1=&#8221;true&#8221; padding_left_right_link_2=&#8221;true&#8221; padding_1_tablet=&#8221;&#8221; padding_1_phone=&#8221;&#8221; padding_1_last_edited=&#8221;on|desktop&#8221; custom_css_main_2=&#8221;border-left: 1px solid #eeeeee&#8221; _builder_version=&#8221;4.27.4&#8243; _module_preset=&#8221;default&#8221; inner_width=&#8221;100%&#8221; custom_margin=&#8221;||||false|false&#8221; custom_padding=&#8221;0px||||false|false&#8221; collapsed=&#8221;off&#8221; global_colors_info=&#8221;{}&#8221;][et_pb_column type=&#8221;2_3&#8243; specialty_columns=&#8221;2&#8243; _builder_version=&#8221;4.16&#8243; custom_padding=&#8221;|||&#8221; global_colors_info=&#8221;{}&#8221; custom_padding__hover=&#8221;|||&#8221;][et_pb_row_inner _builder_version=&#8221;4.27.4&#8243; _module_preset=&#8221;default&#8221; global_colors_info=&#8221;{}&#8221;][et_pb_column_inner saved_specialty_column_type=&#8221;2_3&#8243; _builder_version=&#8221;4.22.2&#8243; _module_preset=&#8221;default&#8221; global_colors_info=&#8221;{}&#8221;][et_pb_image src=&#8221;https:\/\/marinkamraterna.se\/goteborg\/wp-content\/uploads\/sites\/15\/2023\/10\/HEMSIDA-Bannerx-3.jpg&#8221; title_text=&#8221;PowerPoint Presentation&#8221; admin_label=&#8221;Bild Startsida &#8221; _builder_version=&#8221;4.27.6&#8243; _module_preset=&#8221;default&#8221; global_colors_info=&#8221;{}&#8221;][\/et_pb_image][et_pb_text admin_label=&#8221;V\u00e4lkommen&#8221; _builder_version=&#8221;4.27.6&#8243; _module_preset=&#8221;default&#8221; global_colors_info=&#8221;{}&#8221;]<\/p>\n<h4><img loading=\"lazy\" decoding=\"async\" class=\"wp-image-33204  alignleft\" src=\"https:\/\/marinkamraterna.se\/wp-content\/uploads\/2021\/03\/nalen.jpg\" alt=\"N\u00e5len\" width=\"158\" height=\"162\" \/><\/h4>\n<h4>V\u00e4lkommen till MARINKAMRATERNA i G\u00f6teborg<br \/>(tidigare Flottans M\u00e4n)<\/h4>\n<p>[\/et_pb_text][et_pb_text admin_label=&#8221;forts.&#8221; _builder_version=&#8221;4.27.6&#8243; _module_preset=&#8221;default&#8221; global_colors_info=&#8221;{}&#8221;]<\/p>\n<p><strong>M<\/strong>arinkamraterna \u00e4r en f\u00f6rening \u00f6ppen f\u00f6r alla med ett starkt marint intresse \u2013 kvinnor som m\u00e4n. Intresset kan komma fr\u00e5n tiden i Flottan, fr\u00e5n sj\u00f6farten eller fr\u00e5n andra n\u00e4rliggande omr\u00e5den.<br \/>Som medlem delar man gl\u00e4djen i att m\u00f6tas, umg\u00e5s och k\u00e4nna den s\u00e4rskilda kamratskap som v\u00e4xer fram n\u00e4r m\u00e4nniskor samlas kring ett gemensamt marint engagemang.<br \/><strong>M<\/strong>arinkamraterna v\u00e4rnar om den goda gemenskapen mellan dem som tidigare tj\u00e4nstgjort i Flottan och om att h\u00e5lla traditionerna levande. Genom v\u00e5r verksamhet vill vi bidra till att sprida kunskap<br \/>om Flottan och dess historia. I G\u00f6teborg samlas vi i v\u00e5r egen Marinstuga, d\u00e4r vi m\u00f6ts kring v\u00e5rt gemensamma intresse och har trevligt tillsammans.<\/p>\n<p><strong>Hj\u00e4rtligt v\u00e4lkomna att bes\u00f6ka oss!<br \/><span style=\"color: #0f64d4\"><br \/><\/span><\/strong><span style=\"color: #0e96f0\">F\u00d6RENINGEN<br \/><strong>MARINKAMRATERNA<br \/><\/strong>G\u00d6TEBORG<\/span><strong><span style=\"color: #0f64d4\"><br \/><\/span><\/strong>Telefon 070-629 18 43 (Tore)<br \/>Marinstugan | \u00d6rlogsv\u00e4gen 6 | 426 71 V\u00e4stra Fr\u00f6lunda<br \/>Plusgiro: 4 47 48-2\u00a0 \u00a0Bankgiro: 470-3526<br \/>Hemsida: <a href=\"http:\/\/www.flottansman.se\/goteborg\">www.marinkamraterna.se\/goteborg<\/a><br \/>Email: <a href=\"mailto:goteborg@flottansman.se\">goteborg@marinkamraterna.se<\/a><\/p>\n<p>[\/et_pb_text][\/et_pb_column_inner][\/et_pb_row_inner][et_pb_row_inner column_structure=&#8221;1_2,1_2&#8243; admin_label=&#8221;Riks\u00e5rsm\u00f6te Marstrand&#8221; _builder_version=&#8221;4.27.4&#8243; _module_preset=&#8221;default&#8221; global_colors_info=&#8221;{}&#8221;][et_pb_column_inner type=&#8221;1_2&#8243; saved_specialty_column_type=&#8221;2_3&#8243; _builder_version=&#8221;4.22.2&#8243; _module_preset=&#8221;default&#8221; global_colors_info=&#8221;{}&#8221;][et_pb_text admin_label=&#8221;Riks\u00e5rsm\u00f6tet&#8221; _builder_version=&#8221;4.27.6&#8243; _module_preset=&#8221;default&#8221; global_colors_info=&#8221;{}&#8221;]<\/p>\n<h5><em>Riks\u00e5rsm\u00f6tet 2026<\/p>\n<p><\/em><em>\u00c5rets riks\u00e5rsm\u00f6te arrangeras av Marinkamraterna i G\u00f6teborg <\/em><em>och<br \/><\/em><em>det kommer att genomf\u00f6ras i Marstrand den 3 \u2013 5 maj.<br \/><\/em><em>Ta del av program m.m. och anm\u00e4l dig genom att fylla i <\/em><em>formul\u00e4ret<br \/><\/em><em>som du hittar p\u00e5 nedan l\u00e4nk;\u00a0<\/em><\/h5>\n<p><em><a href=\"https:\/\/marinkamraterna.se\/riksarsmote\/anmalningsformular\/\">Anm\u00e4lan Riks 26\u00a0<\/a><\/em><\/p>\n<p>[\/et_pb_text][et_pb_image src=&#8221;https:\/\/marinkamraterna.se\/goteborg\/wp-content\/uploads\/sites\/15\/2026\/04\/Nils_1.jpg&#8221; title_text=&#8221;Nils 1&#8243; admin_label=&#8221;Marstrand Bild&#8221; _builder_version=&#8221;4.27.6&#8243; _module_preset=&#8221;default&#8221; global_colors_info=&#8221;{}&#8221;][\/et_pb_image][et_pb_text _builder_version=&#8221;4.27.6&#8243; _module_preset=&#8221;default&#8221; hover_enabled=&#8221;0&#8243; global_colors_info=&#8221;{}&#8221; sticky_enabled=&#8221;0&#8243;]<\/p>\n<p><b>NYTT REV. PROGRAM 24\/4 2026<\/b><\/p>\n<p>&nbsp;<\/p>\n<p><b>S\u00f6ndagen den 3 maj<\/b><\/p>\n<ul>\n<li>F\u00f6rbundsstyrelsem\u00f6te, Grand Hotel<\/li>\n<li>Inm\u00f6nstring av delegater inf\u00f6r<br \/>Lof-konferens<\/li>\n<li>Lokalf\u00f6reningskonferens17.00 &#8211;<br \/>Grand H\u00f4tel \u00f6ppnar en ankomstbuff\u00e9 och bar f\u00f6r f\u00f6rbr\u00f6dningsvimmel<\/li>\n<\/ul>\n<p><b><br \/><\/b><b>M\u00e5ndagen den 4\u00a0 maj<\/b><\/p>\n<ul>\n<li>Frukost<\/li>\n<li>09.00 Samling utanf\u00f6r port 23<br \/>Carlstens F\u00e4stning<\/li>\n<li>09.15 Riks\u00e5rsm\u00f6tet startar<br \/>(Kaffe och bulle serveras)<\/li>\n<li>12.00 Lunch p\u00e5 Carlstens f\u00e4stning<br \/><i>Ett f\u00e4ngslande f\u00f6redrag om f\u00e4stningen<\/i><i><br \/>och dess historia<\/i><br \/><i>V\u00e5r egen S\u00e5ngk\u00f6r underh\u00e5ller<\/i><\/li>\n<li>14.00 Stadsrundtur med guidning om Marstrands historia<br \/><i>Bes\u00f6k och v\u00e4tskekontroll p\u00e5 Marstrands gamla <\/i><i>Elf\u00e4rjan<\/i><i> sp\u00e5rvagnen<\/i><\/li>\n<li>18.00 Samling p\u00e5 Grand H\u00f4tel \u00a0mingel inf\u00f6r galamiddag<\/li>\n<li>19.00 V\u00e4lkomstdrink d\u00e4refter sittning f\u00f6r galamiddag<br \/><i>Underh\u00e5llning av Christoffer Lindahl<\/i><\/li>\n<\/ul>\n<p><b>\u00a0 \u00a0<\/b><b>Tisdagen den 5 maj<br \/><\/b><\/p>\n<ul>\n<li>07.30 &#8211; 10.00 Buff\u00e9frukost p\u00e5 resp. hotell<\/li>\n<li>10.30 Riks\u00e5rsm\u00f6tet avslutas<\/li>\n<\/ul>\n<p>[\/et_pb_text][et_pb_image src=&#8221;https:\/\/marinkamraterna.se\/goteborg\/wp-content\/uploads\/sites\/15\/2026\/04\/image-002.jpeg&#8221; title_text=&#8221;Image (002)&#8221; admin_label=&#8221;Marstrand Bid&#8221; _builder_version=&#8221;4.27.6&#8243; _module_preset=&#8221;default&#8221; global_colors_info=&#8221;{}&#8221;][\/et_pb_image][\/et_pb_column_inner][et_pb_column_inner type=&#8221;1_2&#8243; saved_specialty_column_type=&#8221;2_3&#8243; _builder_version=&#8221;4.22.2&#8243; _module_preset=&#8221;default&#8221; global_colors_info=&#8221;{}&#8221;][\/et_pb_column_inner][\/et_pb_row_inner][et_pb_row_inner column_structure=&#8221;1_2,1_2&#8243; admin_label=&#8221;PEJLINGAR DIGITALT&#8221; _builder_version=&#8221;4.27.4&#8243; _module_preset=&#8221;default&#8221; global_colors_info=&#8221;{}&#8221;][et_pb_column_inner type=&#8221;1_2&#8243; saved_specialty_column_type=&#8221;2_3&#8243; _builder_version=&#8221;4.24.2&#8243; _module_preset=&#8221;default&#8221; global_colors_info=&#8221;{}&#8221;][et_pb_image src=&#8221;https:\/\/marinkamraterna.se\/goteborg\/wp-content\/uploads\/sites\/15\/2025\/10\/3_Pejling-oktober-2025x-bilder-0.jpg&#8221; title_text=&#8221;3 Pejling Oktober 2025x Bilder 0&#8243; url=&#8221;https:\/\/marinkamraterna.se\/goteborg\/wp-content\/uploads\/sites\/15\/2025\/10\/3_Pejling-oktober-2025x-1.pdf&#8221; admin_label=&#8221;Nr 3 Okt 2025&#8243; _builder_version=&#8221;4.27.6&#8243; _module_preset=&#8221;default&#8221; locked=&#8221;off&#8221; global_colors_info=&#8221;{}&#8221;][\/et_pb_image][et_pb_text _builder_version=&#8221;4.27.6&#8243; _module_preset=&#8221;default&#8221; global_colors_info=&#8221;{}&#8221;]<\/p>\n<p><strong>Klicka p\u00e5 bilden f\u00f6r att l\u00e4sa<\/strong><\/p>\n<p>[\/et_pb_text][et_pb_image src=&#8221;https:\/\/marinkamraterna.se\/goteborg\/wp-content\/uploads\/sites\/15\/2026\/03\/NR-1-2026-PEJLINGAR.jpg&#8221; title_text=&#8221;NR 1 2026 PEJLINGAR&#8221; url=&#8221;https:\/\/marinkamraterna.se\/goteborg\/wp-content\/uploads\/sites\/15\/2026\/04\/PEJLINGAR-NR-1_2026-ORIGINAL_260419.pdf&#8221; admin_label=&#8221;Nr 1 2026&#8243; _builder_version=&#8221;4.27.6&#8243; _module_preset=&#8221;default&#8221; locked=&#8221;off&#8221; global_colors_info=&#8221;{}&#8221;][\/et_pb_image][\/et_pb_column_inner][et_pb_column_inner type=&#8221;1_2&#8243; saved_specialty_column_type=&#8221;2_3&#8243; _builder_version=&#8221;4.24.2&#8243; _module_preset=&#8221;default&#8221; global_colors_info=&#8221;{}&#8221;][et_pb_text _builder_version=&#8221;4.27.6&#8243; _module_preset=&#8221;default&#8221; locked=&#8221;off&#8221; global_colors_info=&#8221;{}&#8221;]<\/p>\n<p>&nbsp;<\/p>\n<p><strong>V\u00e4lkommen till \u00e5rets f\u00f6rsta PEJLINGAR\u00a0 <br \/><\/strong>\u00a0Fler <strong>PEJLINGAR<\/strong> hittar du i Menyn<\/p>\n<p><strong>Nr 1 \u00b7 2026\u00a0<\/strong><\/p>\n<p>K\u00e4ra l\u00e4sare,<br \/>Vi g\u00e5r in i ett nytt \u00e5r med samma nyfikenhet och v\u00e4rme som alltid. I detta f\u00f6rsta nummer av Pejlingar samlar vi ber\u00e4ttelser, nyheter och glimtar fr\u00e5n v\u00e5r maritima gemenskap \u2013 s\u00e5dant som binder oss samman \u00f6ver tid, platser och erfarenheter.<\/p>\n<p>Vi blickar fram mot ett h\u00e4ndelserikt \u00e5r. Riks\u00e5rsm\u00f6tet i Marstrand n\u00e4rmar sig, och i detta nummer hittar du all information du beh\u00f6ver inf\u00f6r dagarna d\u00e4r. <br \/>Kent Nordstr\u00f6m bjuder dessutom p\u00e5 en stj\u00e4rnklar resa genom den astronomiska navigationens v\u00e4rld.<\/p>\n<p>Vi hoppas att \u00e5rets f\u00f6rsta Pejlingar ger b\u00e5de inspiration och igenk\u00e4nning. <br \/>Har du tankar, minnen eller bidrag du vill dela med dig av \u00e4r du varmt v\u00e4lkommen att h\u00f6ra av dig.<\/p>\n<p>Tack f\u00f6r att du \u00e4r en del av v\u00e5r f\u00f6rening.<br \/>V\u00e4nliga h\u00e4lsningar<\/p>\n<p><em>Ing-Britt Str\u00f6m<\/em><br \/><em>Redaktionen PEJLINGAR<\/em><br \/>TEL: +46 708 872\u00a0273<\/p>\n<p>&nbsp;<\/p>\n<p>[\/et_pb_text][\/et_pb_column_inner][\/et_pb_row_inner][\/et_pb_column][et_pb_column type=&#8221;1_3&#8243; _builder_version=&#8221;4.16&#8243; custom_padding=&#8221;|||&#8221; global_colors_info=&#8221;{}&#8221; custom_padding__hover=&#8221;|||&#8221;][et_pb_blurb title=&#8221;Aktuellt&#8221; use_icon=&#8221;on&#8221; font_icon=&#8221;&#xe080;||divi||400&#8243; icon_placement=&#8221;left&#8221; _builder_version=&#8221;4.16&#8243; _module_preset=&#8221;default&#8221; header_font=&#8221;|600||on|||||&#8221; header_font_size=&#8221;20px&#8221; border_width_bottom=&#8221;2px&#8221; border_color_bottom=&#8221;#0C71C3&#8243; locked=&#8221;on&#8221; global_colors_info=&#8221;{}&#8221;][\/et_pb_blurb][et_pb_blog posts_number=&#8221;3&#8243; meta_date=&#8221;j F, Y&#8221; show_thumbnail=&#8221;off&#8221; use_manual_excerpt=&#8221;off&#8221; show_more=&#8221;on&#8221; show_author=&#8221;off&#8221; show_categories=&#8221;off&#8221; show_pagination=&#8221;off&#8221; module_class=&#8221;aktuellt-startsidan&#8221; _builder_version=&#8221;4.16&#8243; _module_preset=&#8221;default&#8221; header_font=&#8221;||||||||&#8221; header_font_size=&#8221;20px&#8221; body_font_size=&#8221;14px&#8221; meta_font=&#8221;||on||||||&#8221; meta_font_size=&#8221;14px&#8221; meta_line_height=&#8221;1em&#8221; read_more_font=&#8221;|600||on|||||&#8221; custom_margin=&#8221;||||false|false&#8221; custom_padding=&#8221;||||false|false&#8221; locked=&#8221;on&#8221; global_colors_info=&#8221;{}&#8221;][\/et_pb_blog][et_pb_button button_url=&#8221;\/goteborg\/kategori\/nyheter\/&#8221; button_text=&#8221;Se alla nyheter&#8221; button_alignment=&#8221;right&#8221; _builder_version=&#8221;4.16&#8243; _module_preset=&#8221;default&#8221; custom_button=&#8221;on&#8221; button_text_size=&#8221;15px&#8221; button_on_hover=&#8221;off&#8221; custom_margin=&#8221;||50px||false|false&#8221; locked=&#8221;on&#8221; global_colors_info=&#8221;{}&#8221;][\/et_pb_button][et_pb_blurb title=&#8221;Kalendarium&#8221; use_icon=&#8221;on&#8221; font_icon=&#8221;&#xe025;||divi||400&#8243; icon_placement=&#8221;left&#8221; _builder_version=&#8221;4.16&#8243; _module_preset=&#8221;default&#8221; header_font=&#8221;|600||on|||||&#8221; header_font_size=&#8221;20px&#8221; border_width_bottom=&#8221;2px&#8221; border_color_bottom=&#8221;#0C71C3&#8243; locked=&#8221;on&#8221; global_colors_info=&#8221;{}&#8221;][\/et_pb_blurb][et_pb_sidebar area=&#8221;et_pb_widget_area_1&#8243; _builder_version=&#8221;4.16&#8243; _module_preset=&#8221;default&#8221; locked=&#8221;on&#8221; global_colors_info=&#8221;{}&#8221;][\/et_pb_sidebar][et_pb_blurb title=&#8221;Aktuellt F\u00f6rbundet&#8221; use_icon=&#8221;on&#8221; font_icon=&#8221;&#xe080;||divi||400&#8243; icon_placement=&#8221;left&#8221; _builder_version=&#8221;4.16&#8243; _module_preset=&#8221;default&#8221; header_font=&#8221;|600||on|||||&#8221; header_font_size=&#8221;20px&#8221; border_width_bottom=&#8221;2px&#8221; border_color_bottom=&#8221;#0C71C3&#8243; locked=&#8221;on&#8221; global_colors_info=&#8221;{}&#8221;][\/et_pb_blurb][et_pb_code _builder_version=&#8221;4.16&#8243; _module_preset=&#8221;default&#8221; locked=&#8221;on&#8221; global_colors_info=&#8221;{}&#8221;]<div class=\"wpra-display align\" data-display-id=\"1\" hx-target=\"this\" hx-swap=\"outerHTML\">    <div class=\"wp-rss-aggregator wpra-list-template \">\n        <ul class=\"rss-aggregator wpra-item-list \" start=\"1\">\n                <li class=\"wpra-item feed-item \">\n        <a href=\"https:\/\/marinkamraterna.se\/aktuellt\/2026\/04\/02\/forlangd-anmalningstid-till-riks-26\/\" class=\"\" target=\"_blank\" rel=\"noopener noreferrer nofollow\" style=\"\">F\u00f6rl\u00e4ngd anm\u00e4lningstid till Riks 26<\/a>\n\n        <div class=\"wprss-feed-meta\">\n            \n                <span class=\"feed-date\">\n        Publicerad 2026-04-02\n    <\/span>\n            \n        <\/div>\n\n        \n    <\/li>    <li class=\"wpra-item feed-item \">\n        <a href=\"https:\/\/marinkamraterna.se\/aktuellt\/2026\/02\/10\/riksarsmotet-2026\/\" class=\"\" target=\"_blank\" rel=\"noopener noreferrer nofollow\" style=\"\">Riks\u00e5rsm\u00f6tet 2026<\/a>\n\n        <div class=\"wprss-feed-meta\">\n            \n                <span class=\"feed-date\">\n        Publicerad 2026-02-10\n    <\/span>\n            \n        <\/div>\n\n        \n    <\/li>    <li class=\"wpra-item feed-item \">\n        <a href=\"https:\/\/marinkamraterna.se\/aktuellt\/2025\/12\/02\/hemsidorna-har-nu-bytt-adress\/\" class=\"\" target=\"_blank\" rel=\"noopener noreferrer nofollow\" style=\"\">Hemsidorna har nu bytt adress<\/a>\n\n        <div class=\"wprss-feed-meta\">\n            \n                <span class=\"feed-date\">\n        Publicerad 2025-12-02\n    <\/span>\n            \n        <\/div>\n\n        \n    <\/li>\n        <\/ul>\n    <\/div> <\/div>[\/et_pb_code][et_pb_button button_url=&#8221;\/kategori\/riksnyheter\/&#8221; url_new_window=&#8221;on&#8221; button_text=&#8221;Se alla f\u00f6rbundsnyheter&#8221; button_alignment=&#8221;right&#8221; _builder_version=&#8221;4.16&#8243; _module_preset=&#8221;default&#8221; custom_button=&#8221;on&#8221; button_text_size=&#8221;15px&#8221; button_on_hover=&#8221;off&#8221; custom_margin=&#8221;||||false|false&#8221; locked=&#8221;on&#8221; global_colors_info=&#8221;{}&#8221;][\/et_pb_button][\/et_pb_column][\/et_pb_section][et_pb_section fb_built=&#8221;1&#8243; _builder_version=&#8221;4.27.4&#8243; _module_preset=&#8221;default&#8221; global_colors_info=&#8221;{}&#8221;][\/et_pb_section][et_pb_section fb_built=&#8221;1&#8243; _builder_version=&#8221;4.27.4&#8243; _module_preset=&#8221;default&#8221; global_colors_info=&#8221;{}&#8221;][et_pb_row _builder_version=&#8221;4.27.4&#8243; _module_preset=&#8221;default&#8221; global_colors_info=&#8221;{}&#8221;][et_pb_column type=&#8221;4_4&#8243; _builder_version=&#8221;4.27.4&#8243; _module_preset=&#8221;default&#8221; global_colors_info=&#8221;{}&#8221;][\/et_pb_column][\/et_pb_row][\/et_pb_section]<\/p>\n","protected":false},"excerpt":{"rendered":"<p>V\u00e4lkommen till MARINKAMRATERNA i G\u00f6teborg(tidigare Flottans M\u00e4n)Marinkamraterna \u00e4r en f\u00f6rening \u00f6ppen f\u00f6r alla med ett starkt marint intresse \u2013 kvinnor som m\u00e4n. Intresset kan komma fr\u00e5n tiden i Flottan, fr\u00e5n sj\u00f6farten eller fr\u00e5n andra n\u00e4rliggande omr\u00e5den.Som medlem delar man gl\u00e4djen i att m\u00f6tas, umg\u00e5s och k\u00e4nna den s\u00e4rskilda kamratskap som v\u00e4xer fram n\u00e4r m\u00e4nniskor samlas [&hellip;]<\/p>\n","protected":false},"author":1,"featured_media":41152,"parent":0,"menu_order":0,"comment_status":"closed","ping_status":"closed","template":"","meta":{"_et_pb_use_builder":"on","_et_pb_old_content":"","_et_gb_content_width":"","iawp_total_views":12596,"footnotes":""},"class_list":["post-23","page","type-page","status-publish","has-post-thumbnail","hentry"],"_links":{"self":[{"href":"https:\/\/marinkamraterna.se\/goteborg\/wp-json\/wp\/v2\/pages\/23","targetHints":{"allow":["GET"]}}],"collection":[{"href":"https:\/\/marinkamraterna.se\/goteborg\/wp-json\/wp\/v2\/pages"}],"about":[{"href":"https:\/\/marinkamraterna.se\/goteborg\/wp-json\/wp\/v2\/types\/page"}],"author":[{"embeddable":true,"href":"https:\/\/marinkamraterna.se\/goteborg\/wp-json\/wp\/v2\/users\/1"}],"replies":[{"embeddable":true,"href":"https:\/\/marinkamraterna.se\/goteborg\/wp-json\/wp\/v2\/comments?post=23"}],"version-history":[{"count":368,"href":"https:\/\/marinkamraterna.se\/goteborg\/wp-json\/wp\/v2\/pages\/23\/revisions"}],"predecessor-version":[{"id":42722,"href":"https:\/\/marinkamraterna.se\/goteborg\/wp-json\/wp\/v2\/pages\/23\/revisions\/42722"}],"wp:featuredmedia":[{"embeddable":true,"href":"https:\/\/marinkamraterna.se\/goteborg\/wp-json\/wp\/v2\/media\/41152"}],"wp:attachment":[{"href":"https:\/\/marinkamraterna.se\/goteborg\/wp-json\/wp\/v2\/media?parent=23"}],"curies":[{"name":"wp","href":"https:\/\/api.w.org\/{rel}","templated":true}]}}