{"id":33146,"date":"2020-12-10T17:39:01","date_gmt":"2020-12-10T16:39:01","guid":{"rendered":"https:\/\/wwps.se\/?page_id=33146"},"modified":"2024-09-13T15:44:06","modified_gmt":"2024-09-13T13:44:06","slug":"bli-medlem","status":"publish","type":"page","link":"https:\/\/marinkamraterna.se\/goteborg\/bli-medlem\/","title":{"rendered":"Bli medlem"},"content":{"rendered":"<p>[et_pb_section fb_built=&#8221;1&#8243; specialty=&#8221;on&#8221; padding_top_1=&#8221;0px&#8221; padding_top_2=&#8221;0px&#8221; padding_top_bottom_link_1=&#8221;false&#8221; padding_top_bottom_link_2=&#8221;false&#8221; padding_left_right_link_1=&#8221;false&#8221; padding_left_right_link_2=&#8221;false&#8221; _builder_version=&#8221;4.16&#8243; _module_preset=&#8221;default&#8221; custom_margin=&#8221;||||false|false&#8221; custom_padding=&#8221;||||false|false&#8221; locked=&#8221;off&#8221; global_colors_info=&#8221;{}&#8221;][et_pb_column type=&#8221;3_4&#8243; specialty_columns=&#8221;3&#8243; _builder_version=&#8221;4.16&#8243; custom_padding=&#8221;|||&#8221; global_colors_info=&#8221;{}&#8221; custom_padding__hover=&#8221;|||&#8221;][et_pb_row_inner _builder_version=&#8221;4.16&#8243; _module_preset=&#8221;default&#8221; custom_padding=&#8221;0px||||false|false&#8221; global_colors_info=&#8221;{}&#8221;][et_pb_column_inner saved_specialty_column_type=&#8221;3_4&#8243; _builder_version=&#8221;4.16&#8243; _module_preset=&#8221;default&#8221; global_colors_info=&#8221;{}&#8221;][et_pb_post_title meta=&#8221;off&#8221; featured_image=&#8221;off&#8221; _builder_version=&#8221;4.16&#8243; _module_preset=&#8221;default&#8221; title_font_size=&#8221;35px&#8221; global_colors_info=&#8221;{}&#8221;][\/et_pb_post_title][et_pb_text _builder_version=&#8221;4.23.4&#8243; _module_preset=&#8221;default&#8221; global_colors_info=&#8221;{}&#8221;]<\/p>\n<p>F\u00f6r att uppfylla kraven f\u00f6r medlemskap b\u00f6r du tj\u00e4nstg\u00f6ra eller ha tj\u00e4nstgjort i marinen (flottan, KA\/ amfibie eller marinflyget) som bef\u00e4l (yrkesofficer, specialistofficer, reservofficer, gruppbef\u00e4l, sj\u00f6man\/soldat, civil reserv, tidvis tj\u00e4nstg\u00f6rande, v\u00e4rnpliktig, hemv\u00e4rnspersonal eller frivilligpersonal med koppling till marinen, man eller kvinna).<br \/>I \u00f6vrigt kan den antas som har ett starkt intresse f\u00f6r marinen\/sj\u00f6f\u00f6rsvaret och f\u00f6rsvarsmakten. Annan maritim verksamhet eller intresse som handelsflottan, fiskeriverksamhet, Sj\u00f6fartsverket, SMHI, Kustbevakningen, Sj\u00f6polisen och liknande \u00e4r ocks\u00e5 meriterande liksom marinhistoriskt och marinarkeologiskt\u00a0 \u00a0intresse och engagemang som h\u00e5ller kamratskap, \u00f6rlogstradition och ett starkt sj\u00f6f\u00f6rsvar som viktigt.<\/p>\n<p>Medlemsavgiften \u00e4r f\u00f6rn\u00e4rvarande 350:- per \u00e5r<\/p>\n<p>&nbsp;<\/p>\n<p>[\/et_pb_text][et_pb_code _builder_version=&#8221;4.27.0&#8243; _module_preset=&#8221;default&#8221; hover_enabled=&#8221;0&#8243; global_colors_info=&#8221;{}&#8221; sticky_enabled=&#8221;0&#8243; locked=&#8221;on&#8221;]<iframe loading=\"lazy\" src=\"https:\/\/member.myclub.se\/public\/forms\/8604\/9jziKqNeRL\/\" width=\"100%\" height=\"5000\"><\/iframe>[\/et_pb_code][\/et_pb_column_inner][\/et_pb_row_inner][\/et_pb_column][et_pb_column type=&#8221;1_4&#8243; _builder_version=&#8221;4.16&#8243; custom_padding=&#8221;|||&#8221; global_colors_info=&#8221;{}&#8221; custom_padding__hover=&#8221;|||&#8221;][et_pb_sidebar orientation=&#8221;right&#8221; _builder_version=&#8221;4.9.4&#8243; _module_preset=&#8221;default&#8221; header_font=&#8221;|600||on|||||&#8221; header_font_size=&#8221;20px&#8221; global_module=&#8221;33531&#8243; saved_tabs=&#8221;all&#8221; locked=&#8221;on&#8221; global_colors_info=&#8221;{}&#8221;][\/et_pb_sidebar][\/et_pb_column][\/et_pb_section]<\/p>\n","protected":false},"excerpt":{"rendered":"<p>F\u00f6r att uppfylla kraven f\u00f6r medlemskap b\u00f6r du tj\u00e4nstg\u00f6ra eller ha tj\u00e4nstgjort i marinen (flottan, KA\/ amfibie eller marinflyget) som bef\u00e4l (yrkesofficer, specialistofficer, reservofficer, gruppbef\u00e4l, sj\u00f6man\/soldat, civil reserv, tidvis tj\u00e4nstg\u00f6rande, v\u00e4rnpliktig, hemv\u00e4rnspersonal eller frivilligpersonal med koppling till marinen, man eller kvinna).I \u00f6vrigt kan den antas som har ett starkt intresse f\u00f6r marinen\/sj\u00f6f\u00f6rsvaret och f\u00f6rsvarsmakten. Annan [&hellip;]<\/p>\n","protected":false},"author":1,"featured_media":0,"parent":0,"menu_order":20,"comment_status":"closed","ping_status":"closed","template":"","meta":{"_et_pb_use_builder":"on","_et_pb_old_content":"","_et_gb_content_width":"","iawp_total_views":255,"footnotes":""},"class_list":["post-33146","page","type-page","status-publish","hentry"],"_links":{"self":[{"href":"https:\/\/marinkamraterna.se\/goteborg\/wp-json\/wp\/v2\/pages\/33146","targetHints":{"allow":["GET"]}}],"collection":[{"href":"https:\/\/marinkamraterna.se\/goteborg\/wp-json\/wp\/v2\/pages"}],"about":[{"href":"https:\/\/marinkamraterna.se\/goteborg\/wp-json\/wp\/v2\/types\/page"}],"author":[{"embeddable":true,"href":"https:\/\/marinkamraterna.se\/goteborg\/wp-json\/wp\/v2\/users\/1"}],"replies":[{"embeddable":true,"href":"https:\/\/marinkamraterna.se\/goteborg\/wp-json\/wp\/v2\/comments?post=33146"}],"version-history":[{"count":17,"href":"https:\/\/marinkamraterna.se\/goteborg\/wp-json\/wp\/v2\/pages\/33146\/revisions"}],"predecessor-version":[{"id":40508,"href":"https:\/\/marinkamraterna.se\/goteborg\/wp-json\/wp\/v2\/pages\/33146\/revisions\/40508"}],"wp:attachment":[{"href":"https:\/\/marinkamraterna.se\/goteborg\/wp-json\/wp\/v2\/media?parent=33146"}],"curies":[{"name":"wp","href":"https:\/\/api.w.org\/{rel}","templated":true}]}}