{"id":33986,"date":"2021-06-04T19:12:08","date_gmt":"2021-06-04T17:12:08","guid":{"rendered":"http:\/\/andersa6.sg-host.com\/goteborg\/?page_id=33986"},"modified":"2026-03-22T19:29:46","modified_gmt":"2026-03-22T18:29:46","slug":"styrelse","status":"publish","type":"page","link":"https:\/\/marinkamraterna.se\/goteborg\/om-foreningen\/styrelse\/","title":{"rendered":"FM Styrelse 2026"},"content":{"rendered":"<p>[et_pb_section fb_built=&#8221;1&#8243; specialty=&#8221;on&#8221; padding_top_1=&#8221;0px&#8221; padding_top_2=&#8221;0px&#8221; padding_top_bottom_link_1=&#8221;false&#8221; padding_top_bottom_link_2=&#8221;false&#8221; padding_left_right_link_1=&#8221;false&#8221; padding_left_right_link_2=&#8221;false&#8221; _builder_version=&#8221;4.16&#8243; _module_preset=&#8221;default&#8221; custom_margin=&#8221;||||false|false&#8221; custom_padding=&#8221;||||false|false&#8221; locked=&#8221;off&#8221; global_colors_info=&#8221;{}&#8221;][et_pb_column type=&#8221;3_4&#8243; specialty_columns=&#8221;3&#8243; _builder_version=&#8221;4.16&#8243; custom_padding=&#8221;|||&#8221; global_colors_info=&#8221;{}&#8221; custom_padding__hover=&#8221;|||&#8221;][et_pb_row_inner _builder_version=&#8221;4.16&#8243; _module_preset=&#8221;default&#8221; custom_padding=&#8221;0px||||false|false&#8221; global_colors_info=&#8221;{}&#8221;][et_pb_column_inner saved_specialty_column_type=&#8221;3_4&#8243; _builder_version=&#8221;4.16&#8243; _module_preset=&#8221;default&#8221; global_colors_info=&#8221;{}&#8221;][et_pb_post_title meta=&#8221;off&#8221; featured_image=&#8221;off&#8221; _builder_version=&#8221;4.16&#8243; _module_preset=&#8221;default&#8221; title_font_size=&#8221;35px&#8221; global_colors_info=&#8221;{}&#8221;][\/et_pb_post_title][et_pb_text admin_label=&#8221;Styrelsen&#8221; _builder_version=&#8221;4.27.6&#8243; _module_preset=&#8221;default&#8221; global_colors_info=&#8221;{}&#8221;]<\/p>\n<p><span style=\"color: #0883bd\"><br \/><img loading=\"lazy\" decoding=\"async\" class=\"wp-image-41342  alignleft\" src=\"https:\/\/marinkamraterna.se\/goteborg\/wp-content\/uploads\/sites\/15\/2025\/05\/Ny-flagga-FM.jpeg\" alt=\"\" width=\"87\" height=\"87\" srcset=\"https:\/\/marinkamraterna.se\/goteborg\/wp-content\/uploads\/sites\/15\/2025\/05\/Ny-flagga-FM.jpeg 474w, https:\/\/marinkamraterna.se\/goteborg\/wp-content\/uploads\/sites\/15\/2025\/05\/Ny-flagga-FM-300x300.jpeg 300w\" sizes=\"(max-width: 87px) 100vw, 87px\" \/>F\u00d6RENINGEN<br \/><strong>MARINKAMRATERNA<br \/><\/strong>G\u00d6TEBORG<\/span><\/p>\n<p>Ordf\u00f6rande: Claes Str\u00f6mvall, 072-522 54 40, <a href=\"mailto:claes.stromvall@live.se\">claes.stromvall@live.se<\/a><br \/>Sekreterare: Jan Eric Knutas, 070-672 17 62, <a href=\"mailto:jan.eric.knutas@gmail.com\">jan.eric.knutas@gmail.com<\/a><br \/>Ekonomiansvarig: Bo Stenberg 070-716 03 41. <a href=\"mailto:bohstenberg@gmail.com\">bohstenberg@gmail.com<\/a><br \/>Medlemsregistrator| V ordf. Leif Gyllenh\u00f6k 070-744 57 44. <a href=\"mailto:gyllenhok@hotmail\">gyllenhok@hotmail.com<\/a><br \/>Klubbm\u00e4stare\/Uthyrning: Nils Carlsson, 070-561 33 18 <a href=\"mailto:nils_carlson@hotmail.com\">nils_carlson@hotmail.com<\/a><br \/>Ledamot: Arkitekt: Hans Utstrand 070-563 50 64 <a href=\"mailto:hans.utstrand@gmail.com,\">hans.utstrand@gmail.com,<\/a><br \/><a href=\"mailto:hans.utstrand@hguarkitekt\">\u00a0 \u00a0 \u00a0 \u00a0 \u00a0 \u00a0 \u00a0 \u00a0 \u00a0 \u00a0 \u00a0 \u00a0 \u00a0 \u00a0 \u00a0 \u00a0 \u00a0 \u00a0 \u00a0 \u00a0 \u00a0 \u00a0 \u00a0 \u00a0 \u00a0 \u00a0 \u00a0 \u00a0 \u00a0 \u00a0 \u00a0 \u00a0 \u00a0 \u00a0 \u00a0 \u00a0 \u00a0 \u00a0 \u00a0 \u00a0 \u00a0 \u00a0 \u00a0 \u00a0hans.utstrand@hguarkitekt<\/a><br \/>Ledamot Stugfogde Tore Nyblom 070-629 18 43. <a href=\"mailto:jaroslova@spray.se\">tore.nyblom9@gmail.com<\/a><\/p>\n<h5><\/h5>\n<h5>\u00a0<\/h5>\n<p>[\/et_pb_text][et_pb_text admin_label=&#8221;Funktion\u00e4rer + \u00f6vriga&#8221; _builder_version=&#8221;4.27.6&#8243; _module_preset=&#8221;default&#8221; hover_enabled=&#8221;0&#8243; global_colors_info=&#8221;{}&#8221; sticky_enabled=&#8221;0&#8243;]<\/p>\n<p><strong>Funktion\u00e4rer 2026\u00a0 <\/strong>(kan adjungeras till styrelsen)<br \/>Bibliotekarie: Hans Fredrikson, 070-269 05 18, <a href=\"mailto:hans.fredriksson@hotmail.com\">hans.fredriksson@hotmail.com<\/a><br \/>Webb o Grafisk Design: Ing-Britt Str\u00f6m 070-887 22 73 <a href=\"mailto:ing-britt@star-neon.se\">ing-britt@star-neon.se<\/a><br \/>Webbmaster: Anders Andersson 072-720 98 98, <a href=\"mailto:aa.anina@outlook.com\">aa.anina@outlook.com<\/a><br \/>Jurist: Carl L\u00f6vfing 070-222 17 65 <span style=\"color: #00a6ff\">carl.lofving@telia.com\u00a0<\/span><br \/>S\u00e5ngk\u00f6ren: Peter Lundin 070-5815655 <span style=\"color: #1dbef0\"><span style=\"color: #00a6ff\">peter.lundin@isea-sweden.com<\/span>\u00a0<\/span><br \/>Bidrag: Anita Hogmalm 070-839 02 51, <a href=\"mailto:anita@hogmalm.com\">anita@hogmalm.com<\/a><br \/>Stugfogde: Kjell \u00c5sberg, 073-207 30 02, <a href=\"mailto:kjellgunnar343@gmail.com\">kjellgunnar343@gmail.com<\/a><br \/>Stugfogde: Rolf Carlsson, 076-710 27 00, <a href=\"mailto:rolfgcarlsson@outlook.com\">rolfgcarlsson@outlook.com<\/a><br \/>Flaggning: Peder Josefsson, 072-187 70 26, <a href=\"mailto:peder.josephson@gmail.com\">peder.josephson@gmail.com<\/a><br \/>Flaggning, Reserv: Carl Sparud, 070-219 46 93, <a href=\"mailto:calle@sparud.com\">calle@sparud.com<\/a><br \/>Gratulationsansvarig: Ordf\u00f6randen<br \/>2:e Klubbm\u00e4stare | K\u00f6ksm\u00e4stare: Tony Alms\u00e4tter, 070-634 47 37, <a href=\"mailto:t.alms\u00e4tter@gmail.com\">t.alms\u00e4tter@gmail.com<\/a><\/p>\n<p><strong>Revisorer 2026<\/strong><strong><br \/><\/strong>Revisorer: Lars Sandberg o Ann-Christina Andersson<\/p>\n<p><strong>F\u00f6reningskaplan<\/strong><strong><br \/><\/strong>Kaplan Christopher Asker, 070-436 10 57, <a href=\"mailto:christopher.asker@svenskakyrkan.se\">christopher.asker@svenskakyrkan.se<\/a><br \/><strong><br \/><\/strong><strong>Redaktion tidskriften Pejlingar<\/strong><strong><br \/><\/strong>Ansvarig utgivare. Redakt\u00f6r: Ing-Britt Str\u00f6m 070-87 22 73 <a href=\"mailto:ing-britt@star-neon.se\">ing-britt@star-neon.se<\/a><br \/>Bitr\u00e4dande redakt\u00f6r: Anders Andersson<\/p>\n<p>[\/et_pb_text][et_pb_text admin_label=&#8221;Bojen&#8221; _builder_version=&#8221;4.27.6&#8243; _module_preset=&#8221;default&#8221; global_colors_info=&#8221;{}&#8221;]<\/p>\n<p><strong>Damklubben BOJEN Styrelse 2026<br \/><\/strong>Ordf\u00f6rande: Ulla Lignell, 070 373 77 92, <a href=\"mailto:lignellulla73@gmail.com\">lignellulla73@gmail.com<\/a><br \/>Vice ordf\u00f6rande: Ulla Martell, 070 736 40 08, <a href=\"mailto:ullama9@gmail.com\">ullama9@gmail.com<\/a><br \/>Kass\u00f6r: Ann-Christina Andersson, 070 226 38 96, <a href=\"mailto:bjandersson@hotmail.se\">bjandersson@hotmail.se<\/a><br \/>Sekreterare: Silva Andersson, 073 972 55 32, <a href=\"mailto:silvamargaretaandersson@outlook.com\">silvamargaretaandersson@outlook.com<\/a><br \/>Ledamot: Lisbeth Claesson, 070 360 90 99 <a href=\"mailto:lisbegbg@hotmail.com\">lisbegbg@hotmail.com<\/a><br \/>Ledamot: Kerstin V\u00e4nnberg, 070 244 43 20, <a href=\"mailto:kerstin.vannberg@telia.com\">kerstin.vannberg@telia.com<\/a><\/p>\n<p><strong>Funktion\u00e4rer<\/strong><br \/>Web\/Medlemsregistrator: Anita Hogmalm, 070-839 02 51, <a href=\"mailto:anita@hogmalm.com\">anita@hogmalm.com<\/a><br \/>Revisorer\/Valberedning: Britt-Marie Karlsson<\/p>\n<p>Klubbm\u00e4steriet: Karin Oscarsson \/ Tina Ahlstr\u00f6m<\/p>\n<p>[\/et_pb_text][et_pb_text admin_label=&#8221;\u00d6vr info&#8221; _builder_version=&#8221;4.27.6&#8243; _module_preset=&#8221;default&#8221; global_colors_info=&#8221;{}&#8221;]<\/p>\n<p><strong>Allm\u00e4nna uppgifter<br \/><\/strong>Postadress: Marinkamraterna G\u00f6teborg, \u00d6rlogsv\u00e4gen 6, 426 71 V\u00e4stra Fr\u00f6lunda<br \/>Bes\u00f6ksadress: Marinstugan Nya Varvet, \u00d6rlogsv\u00e4gen 6, V\u00e4stra Fr\u00f6lunda<br \/>Marinstugan Telefon: 070-629 18 43 (Stugfogde Tore Nyblom)<\/p>\n<p>Hemsida:<br \/><a href=\"http:\/\/www.flottansman.se\/goteborg\">www.marinkamraterna.se\/goteborg\u00a0<\/a><br \/>Email:<br \/><a href=\"mailto:goteborg@flottansman.se\">goteborg@marinkamraterna.se<\/a><\/p>\n<p>Plusgirokonto: <span style=\"color: #000000\"><a style=\"color: #000000\" href=\"tel:35%2013%2066-0\">35 13 66-0<\/a><\/span><br \/>Swish 1231 847 151<br \/>Organisationsnummer: 857200\u20134284<\/p>\n<p>[\/et_pb_text][\/et_pb_column_inner][\/et_pb_row_inner][\/et_pb_column][et_pb_column type=&#8221;1_4&#8243; _builder_version=&#8221;4.16&#8243; custom_padding=&#8221;|||&#8221; global_colors_info=&#8221;{}&#8221; custom_padding__hover=&#8221;|||&#8221;][et_pb_sidebar orientation=&#8221;right&#8221; area=&#8221;et_pb_widget_area_5&#8243; module_class=&#8221;right-menues&#8221; _builder_version=&#8221;4.9.11&#8243; _module_preset=&#8221;default&#8221; custom_margin=&#8221;||0px||false|false&#8221; global_module=&#8221;35107&#8243; saved_tabs=&#8221;all&#8221; locked=&#8221;on&#8221; global_colors_info=&#8221;{}&#8221;][\/et_pb_sidebar][et_pb_sidebar orientation=&#8221;right&#8221; _builder_version=&#8221;4.9.4&#8243; _module_preset=&#8221;default&#8221; header_font=&#8221;|600||on|||||&#8221; header_font_size=&#8221;20px&#8221; global_module=&#8221;33531&#8243; saved_tabs=&#8221;all&#8221; locked=&#8221;on&#8221; global_colors_info=&#8221;{}&#8221;][\/et_pb_sidebar][\/et_pb_column][\/et_pb_section]<\/p>\n","protected":false},"excerpt":{"rendered":"<p>F\u00d6RENINGENMARINKAMRATERNAG\u00d6TEBORG Ordf\u00f6rande: Claes Str\u00f6mvall, 072-522 54 40, claes.stromvall@live.seSekreterare: Jan Eric Knutas, 070-672 17 62, jan.eric.knutas@gmail.comEkonomiansvarig: Bo Stenberg 070-716 03 41. bohstenberg@gmail.comMedlemsregistrator| V ordf. Leif Gyllenh\u00f6k 070-744 57 44. gyllenhok@hotmail.comKlubbm\u00e4stare\/Uthyrning: Nils Carlsson, 070-561 33 18 nils_carlson@hotmail.comLedamot: Arkitekt: Hans Utstrand 070-563 50 64 hans.utstrand@gmail.com,\u00a0 \u00a0 \u00a0 \u00a0 \u00a0 \u00a0 \u00a0 \u00a0 \u00a0 \u00a0 \u00a0 \u00a0 \u00a0 \u00a0 [&hellip;]<\/p>\n","protected":false},"author":1,"featured_media":0,"parent":33152,"menu_order":3,"comment_status":"closed","ping_status":"closed","template":"","meta":{"_et_pb_use_builder":"on","_et_pb_old_content":"","_et_gb_content_width":"","iawp_total_views":2676,"footnotes":""},"class_list":["post-33986","page","type-page","status-publish","hentry"],"_links":{"self":[{"href":"https:\/\/marinkamraterna.se\/goteborg\/wp-json\/wp\/v2\/pages\/33986","targetHints":{"allow":["GET"]}}],"collection":[{"href":"https:\/\/marinkamraterna.se\/goteborg\/wp-json\/wp\/v2\/pages"}],"about":[{"href":"https:\/\/marinkamraterna.se\/goteborg\/wp-json\/wp\/v2\/types\/page"}],"author":[{"embeddable":true,"href":"https:\/\/marinkamraterna.se\/goteborg\/wp-json\/wp\/v2\/users\/1"}],"replies":[{"embeddable":true,"href":"https:\/\/marinkamraterna.se\/goteborg\/wp-json\/wp\/v2\/comments?post=33986"}],"version-history":[{"count":64,"href":"https:\/\/marinkamraterna.se\/goteborg\/wp-json\/wp\/v2\/pages\/33986\/revisions"}],"predecessor-version":[{"id":42549,"href":"https:\/\/marinkamraterna.se\/goteborg\/wp-json\/wp\/v2\/pages\/33986\/revisions\/42549"}],"up":[{"embeddable":true,"href":"https:\/\/marinkamraterna.se\/goteborg\/wp-json\/wp\/v2\/pages\/33152"}],"wp:attachment":[{"href":"https:\/\/marinkamraterna.se\/goteborg\/wp-json\/wp\/v2\/media?parent=33986"}],"curies":[{"name":"wp","href":"https:\/\/api.w.org\/{rel}","templated":true}]}}