{"id":33990,"date":"2021-06-04T19:13:45","date_gmt":"2021-06-04T17:13:45","guid":{"rendered":"http:\/\/andersa6.sg-host.com\/goteborg\/?page_id=33990"},"modified":"2026-03-08T16:26:57","modified_gmt":"2026-03-08T15:26:57","slug":"stadgar","status":"publish","type":"page","link":"https:\/\/marinkamraterna.se\/goteborg\/om-foreningen\/stadgar\/","title":{"rendered":"Stadgar"},"content":{"rendered":"<p>[et_pb_section fb_built=&#8221;1&#8243; specialty=&#8221;on&#8221; padding_top_1=&#8221;0px&#8221; padding_top_2=&#8221;0px&#8221; padding_top_bottom_link_1=&#8221;false&#8221; padding_top_bottom_link_2=&#8221;false&#8221; padding_left_right_link_1=&#8221;false&#8221; padding_left_right_link_2=&#8221;false&#8221; _builder_version=&#8221;4.16&#8243; _module_preset=&#8221;default&#8221; custom_margin=&#8221;||||false|false&#8221; custom_padding=&#8221;||||false|false&#8221; locked=&#8221;off&#8221; global_colors_info=&#8221;{}&#8221;][et_pb_column type=&#8221;3_4&#8243; specialty_columns=&#8221;3&#8243; _builder_version=&#8221;4.16&#8243; custom_padding=&#8221;|||&#8221; global_colors_info=&#8221;{}&#8221; custom_padding__hover=&#8221;|||&#8221;][et_pb_row_inner _builder_version=&#8221;4.16&#8243; _module_preset=&#8221;default&#8221; custom_padding=&#8221;0px||||false|false&#8221; global_colors_info=&#8221;{}&#8221;][et_pb_column_inner saved_specialty_column_type=&#8221;3_4&#8243; _builder_version=&#8221;4.16&#8243; _module_preset=&#8221;default&#8221; global_colors_info=&#8221;{}&#8221;][et_pb_post_title meta=&#8221;off&#8221; featured_image=&#8221;off&#8221; admin_label=&#8221;Inl\u00e4ggstitel&#8221; _builder_version=&#8221;4.16&#8243; _module_preset=&#8221;default&#8221; title_font_size=&#8221;35px&#8221; global_colors_info=&#8221;{}&#8221;][\/et_pb_post_title][et_pb_text admin_label=&#8221;STADGAR&#8221; _builder_version=&#8221;4.27.6&#8243; _module_preset=&#8221;default&#8221; global_colors_info=&#8221;{}&#8221;]<\/p>\n<h3><strong><img loading=\"lazy\" decoding=\"async\" class=\"wp-image-41410  alignleft\" src=\"https:\/\/marinkamraterna.se\/goteborg\/wp-content\/uploads\/sites\/15\/2025\/05\/Ny-flagga-FM-1-e1759924726745.jpeg\" alt=\"\" width=\"109\" height=\"109\" \/><\/strong><br \/><span style=\"color: #1e53b0\"><br \/><\/span><\/h3>\n<h3><span style=\"color: #1e53b0\"><\/span><\/h3>\n<h3><span style=\"color: #1e53b0\"><\/span><\/h3>\n<h3><span style=\"color: #1e53b0\">F\u00d6RENINGEN<br \/><strong>MARINKAMRATERNA<br \/><\/strong>G\u00d6TEBORG<\/span><\/h3>\n<p>Tidigare Kamratf\u00f6reningen Flottans M\u00e4n G\u00f6teborg<br \/>Organisationsnummer: 857200\u20134284<br \/>med tv\u00e5 bilagor, antagna vid \u00e5rsm\u00f6tet 1953 samt med \u00e4ndringar<br \/>fastst\u00e4llda vid \u00e5rsm\u00f6tena: 1970, 1979, 1985, 1992, 1997<strong>,\u00a0<\/strong>2000,<br \/>2003, 2004, 2008, 2020 och 2026.<\/p>\n<p>[\/et_pb_text][et_pb_text _builder_version=&#8221;4.27.6&#8243; _module_preset=&#8221;default&#8221; global_colors_info=&#8221;{}&#8221;]<\/p>\n<h2 style=\"font-weight: 400;text-align: center\">\u00a0<\/h2>\n<p><strong>\u00a7 1\u00a0\u00a0\u00a0\u00a0\u00a0\u00a0\u00a0\u00a0\u00a0\u00a0\u00a0\u00a0\u00a0\u00a0\u00a0\u00a0 \u00c4NDAM\u00c5L<\/strong> Flottans M\u00e4n i G\u00f6teborg, som \u00e4r en lokalf\u00f6rening f\u00f6r G\u00f6teborgsregionen av Riksf\u00f6rbundet Flottans M\u00e4n, \u00e4r en religi\u00f6st och politiskt obunden ideell f\u00f6rening och har sitt s\u00e4te i G\u00f6teborg. F\u00f6reningen har till \u00e4ndam\u00e5l att utg\u00f6ra en f\u00f6reningsl\u00e4nk mellan nu tj\u00e4nstg\u00f6rande och f\u00f6re detta fast anst\u00e4llda och v\u00e4rnpliktiga vid Flottan, Kustartilleriet, Amfibiek\u00e5ren eller Marinflyget , att genom sin f\u00f6rsvarsfr\u00e4mjande<br \/>verk\u00adsamhet och \u00f6ppenhet betr\u00e4ffande medlemskap vara en ideell f\u00f6rening med allm\u00e4nnyttiga \u00e4nda\u00adm\u00e5l, v\u00e5rda vapnets traditioner och m\u00f6jligg\u00f6ra ett n\u00e4rmare f\u00f6ljande av dess utveckling, befordra ett gott kamratskap genom fri och otvungen samvaro p\u00e5 gemensamma minnens grundval samt befr\u00e4mja utvecklingen av s\u00e5dan verksamhet,<br \/>som kan vara av gemensamt intresse f\u00f6r medlem\u00admarna.<\/p>\n<p><strong>\u00a7 2\u00a0\u00a0\u00a0\u00a0\u00a0\u00a0\u00a0\u00a0\u00a0\u00a0\u00a0\u00a0\u00a0\u00a0\u00a0\u00a0 MEDLEMSKAP<\/strong> Som medlem kan antas person, som tj\u00e4nstg\u00f6r i Marinen eller har tj\u00e4nstgjort i Marinen (Flottan, Kustartilleriet, Amfibiek\u00e5ren eller Marinflyget) som bef\u00e4l (yrkesofficer, specialist\u00adofficer, reservofficer, gruppbef\u00e4l), sj\u00f6man\/soldat, civilanst\u00e4lld, tidvis tj\u00e4nstg\u00f6rande, v\u00e4rn\u00adpliktig, hemv\u00e4rns- eller frivilligpersonal med koppling till marin verksamhet eller person som har intresse f\u00f6r sj\u00f6milit\u00e4ra eller maritima fr\u00e5gor. Ans\u00f6kan om medlemskap avg\u00f6rs av styrelsen. Personer inom eller utom f\u00f6reningen, som genom f\u00f6rtj\u00e4nster synnerligen v\u00e4l gagnat den\u00adsamma, kan p\u00e5 f\u00f6rslag av styrelsen kallas till hedersledamot i f\u00f6reningen. Diplom till\u00adst\u00e4lles dylik ledamot p\u00e5 tid och s\u00e4tt som styrelsen i varje enskilt fall beslutar. Medlem, som skadar f\u00f6reningens \u00e4ndam\u00e5l eller anseende, kan uteslutas av styrelsen. Ans\u00f6kan om \u00e5terintr\u00e4de av f\u00f6re detta medlem, som uteslutits, inl\u00e4mnas till styrelsen f\u00f6r avg\u00f6rande. \u00c5terintr\u00e4de kan h\u00e4refter beviljas av styrelsen efter s\u00e4rskild pr\u00f6vning. Medlem skall \u00e5rligen f\u00f6re 1.a mars erl\u00e4gga fastst\u00e4lld \u00e5rsavgift. \u00c4r \u00e5rsavgiften icke erlagd inom tre m\u00e5nader, efter anmaning, anses medlemmen efter kassaf\u00f6rvaltarens pr\u00f6vning ha uttr\u00e4tt ur f\u00f6reningen. \u00c4ndringar i medlemsf\u00f6rteckningen f\u00f6redras vid styrelsens sammantr\u00e4den.<\/p>\n<p><strong>\u00a0 \u00a7 3\u00a0\u00a0\u00a0\u00a0\u00a0\u00a0\u00a0\u00a0\u00a0\u00a0\u00a0\u00a0\u00a0\u00a0\u00a0\u00a0 AVGIFTER OCH FINANSIERING AV F\u00d6RENINGENS VERKSAMHET<\/strong>\u00a0Medlem erl\u00e4gger \u00e5rsavgift som fastst\u00e4lls vid \u00e5rsm\u00f6tet. Hedersmedlem erl\u00e4gger ingen \u00e5rsavgift. F\u00f6reningen inbetalar till riksf\u00f6rbundet fastst\u00e4lld del av \u00e5rsavgiften. Medlem som upph\u00f6r vara medlem i f\u00f6reningen, \u00e4ger ej r\u00e4tt att erh\u00e5lla ers\u00e4ttning f\u00f6r avgifter eller insatser i f\u00f6reningen. Den fastst\u00e4llda \u00e5rsavgiften skall t\u00e4cka kostnader f\u00f6r f\u00f6reningens l\u00f6pande verksamhet inklusive avgifter till riksf\u00f6rbundet samt av \u00e5rsm\u00f6tet beslutade avs\u00e4ttningar till fonden Marinstugans Framtid och Gravfonden. S\u00e4rskilda statuter \u00e4r uppr\u00e4ttade som bilaga 1 och 2 till f\u00f6reningens stadgar.<\/p>\n<p><strong>\u00a7 4\u00a0\u00a0\u00a0\u00a0\u00a0\u00a0\u00a0\u00a0\u00a0\u00a0\u00a0\u00a0\u00a0\u00a0\u00a0\u00a0 STYRELSEN<\/strong>\u00a0Styrelsen, skall best\u00e5 av ordf\u00f6randen samt h\u00f6gst 12 (tolv) ledam\u00f6ter. Styrelsen utser inom sig, vid f\u00f6rsta sammantr\u00e4det efter \u00e5rsm\u00f6tet, vice ordf\u00f6rande, sekreterare, vice sekreterare, kassaf\u00f6rvaltare, samt \u00f6vriga sak ansvariga. Styrelsen utser inom sig firmatecknare och vid behov arbetsutskott och kommitt\u00e9er. Styrelsen sammantr\u00e4der p\u00e5 kallelse av ordf\u00f6randen, eller annars d\u00e5 minst fyra ledam\u00f6ter s\u00e5 p\u00e5fordrar, och \u00e4r beslutsm\u00e4ssiga d\u00e5 h\u00e4lften av styrelsens ledam\u00f6ter plus ordf\u00f6randen eller vice ordf\u00f6randen \u00e4r n\u00e4rvarande. Vid samtidigt f\u00f6rfall f\u00f6r ordf\u00f6rande och vice ordf\u00f6rande uppeh\u00e5lls ordf\u00f6randeskapet av inom styrelsen d\u00e4rtill utsedd funktion\u00e4r, intill dess f\u00f6reningen utsett ers\u00e4ttare.<\/p>\n<p><strong>\u00a0\u00a7 5\u00a0\u00a0\u00a0\u00a0\u00a0\u00a0\u00a0\u00a0\u00a0\u00a0\u00a0\u00a0\u00a0\u00a0\u00a0\u00a0 ARBETSUTSKOTT OCH KOMMITT\u00c9ER<\/strong> Arbetsutskottet, permanenta eller tillf\u00e4lliga kommitt\u00e9er, kan helt eller delvis adjungeras till sty\u00adrelsen. Dessa, nedan kallade AU, utser inom sig ordf\u00f6rande och sammantr\u00e4der p\u00e5 kallelse av denna. AU \u00e4ger vid behov med sig adjungera andra personer. Syftet med AU \u00e4r att avlasta styrelsen mindre rutin\u00e4renden och verkst\u00e4llighetsdiskussioner samt att handl\u00e4gga \u00e4renden, som av styrelsen delegerats till AU. \u00a0 Riktlinjer som g\u00e4ller f\u00f6r AU \u00e4r:\u00a0 Att handl\u00e4gga inkommande och utg\u00e5ende skrivelser, vilka skall h\u00e5llas tillg\u00e4ngliga vid styrelsens sammantr\u00e4den. Att sj\u00e4lvst\u00e4ndigt infordra anbud och anta anbud understigande 5 000 (femtusen) kronor som total investeringskostnad. Att vid AU sammantr\u00e4den uppr\u00e4tta protokoll, som skall delges styrelsen.<\/p>\n<p><strong>\u00a7 6\u00a0\u00a0\u00a0\u00a0\u00a0\u00a0\u00a0\u00a0\u00a0\u00a0\u00a0\u00a0\u00a0\u00a0\u00a0\u00a0 REVISION<\/strong>\u00a0F\u00f6reningens arbets- och verksamhets\u00e5r sammanfaller med kalender\u00e5ret. F\u00f6reningens r\u00e4kenskaper skall, avslutade av kassaf\u00f6rvaltaren, inl\u00e4mnas till f\u00f6reningens revi\u00adsorer f\u00f6r granskning senast den 31 januari. Revisorerna skall senast den 15:e februari till styrel\u00adsen avl\u00e4mna sin revisionsber\u00e4ttelse inneh\u00e5llande bl.a. f\u00f6rslag om ansvarsfrihet.<\/p>\n<p><strong>\u00a0\u00a7 7\u00a0\u00a0\u00a0\u00a0\u00a0\u00a0\u00a0\u00a0\u00a0\u00a0\u00a0\u00a0\u00a0\u00a0\u00a0\u00a0 \u00c5RSM\u00d6TE<\/strong>\u00a0\u00c5rsm\u00f6tet \u00e4r Flottans M\u00e4ns h\u00f6gsta beslutande organ och styrelsen dess verkst\u00e4llande och f\u00f6rval\u00adtande organ. \u00c5rsm\u00f6te h\u00e5lls om m\u00f6jligt i februari m\u00e5nad och skall av styrelsen utlysas minst 10 (tio) dagar f\u00f6re \u00e5rsm\u00f6tet. F\u00f6r att f\u00e5 deltaga p\u00e5 \u00e5rsm\u00f6tet kr\u00e4vs medlemskap om man inte d\u00e4rtill \u00e4r s\u00e4rskilt inbjuden. Vid \u00e5rsm\u00f6tet skall f\u00f6ljande \u00e4renden f\u00f6rekomma:<\/p>\n<p>1.\u00a0 \u00a0 Fr\u00e5ga om \u00e5rsm\u00f6tets stadgeenliga utlysande.<br \/>2.\u00a0\u00a0\u00a0 Val av ordf\u00f6rande och sekreterare f\u00f6r \u00e5rsm\u00f6tet.<br \/>3.\u00a0 \u00a0 Val av tv\u00e5 justeringsm\u00e4n, tillika r\u00f6str\u00e4knare, att j\u00e4mte ordf\u00f6randen justera\u00a0 \u00e5rsm\u00f6tets proto\u00adkoll.<br \/>4.\u00a0\u00a0\u00a0 Framl\u00e4ggande av styrelsens \u00e5rsber\u00e4ttelse och ekonomiska \u00e5rsredovisning.<br \/>5.\u00a0\u00a0\u00a0 Revisorernas ber\u00e4ttelse.<br \/>6.\u00a0\u00a0\u00a0 Beslut om ansvarsfrihet.<br \/>7.\u00a0\u00a0\u00a0 Fastst\u00e4llande av \u00e5rsavgift f\u00f6r n\u00e4stkommande \u00e5r.<br \/>8.\u00a0\u00a0\u00a0 Fastst\u00e4llande av medeldisposition f\u00f6r fonder.<br \/>9.\u00a0 \u00a0 Val av ordf\u00f6rande enligt<br \/>10.\u00a0 Val av styrelseledam\u00f6ter enligt<br \/>11.\u00a0 \u00a0Val av revisorer enligt<br \/>12.\u00a0 \u00a0Val av valberedning enligt<br \/>13.\u00a0 \u00c4renden, som av styrelsen har h\u00e4nskjutits till \u00e5rsm\u00f6tet.<br \/>14.\u00a0 \u00c4renden som av medlemmar \u00e4r i stadgeenlig ordning inl\u00e4mnade till \u00e5rsm\u00f6tet.<br \/>15.\u00a0 Utdelning av utm\u00e4rkelser och avtackningar.<\/p>\n<p><strong>\u00a0\u00a7 8\u00a0 \u00a0 \u00a0 \u00a0 \u00a0 \u00a0 \u00a0 \u00a0 EXTRA \u00c5RSM\u00d6TE<\/strong> Extra \u00e5rsm\u00f6te kan h\u00e5llas, d\u00e5 styrelsen finner det erforderligt och utf\u00e4rdar d\u00e5 kallelse h\u00e4rtill p\u00e5 samma s\u00e4tt som till ordinarie \u00e5rsm\u00f6te. Vid extra \u00e5rsm\u00f6te f\u00e5r andra fr\u00e5gor inte tas upp till beslut \u00e4n de som p\u00e5 kallelsen till m\u00f6tet \u00e4r upptagna, om inte fr\u00e5gan \u00e4r en f\u00f6ljd av det \u00e4rende som skall behandlas.<\/p>\n<p><strong>\u00a7 9\u00a0\u00a0\u00a0\u00a0\u00a0\u00a0\u00a0\u00a0\u00a0\u00a0\u00a0\u00a0\u00a0\u00a0\u00a0\u00a0 VAL<\/strong> Vid \u00e5rsm\u00f6tet skall v\u00e4ljas, f\u00f6rutom i\u00a7 4 n\u00e4mnd styrelse, tv\u00e5 revisorer j\u00e4mte suppleanter f\u00f6r dessa samt en valberedning best\u00e5ende av tre personer. Ordf\u00f6rande v\u00e4ljs f\u00f6r en tid av ett \u00e5r. \u00d6vriga funktion\u00e4rer, revisorer och suppleanter till halva antalet f\u00f6r en tid av tv\u00e5 \u00e5r och intr\u00e4da i verksamheten omedelbart efter \u00e5rsm\u00f6tet. Avg\u00e5r funktion\u00e4r fr\u00e5n sin befattning innan tiden f\u00f6r mandatet utg\u00e5tt, sker erforderligt fyllnads\u00adval vid \u00e5rsm\u00f6tet.<\/p>\n<p><strong>\u00a7 10\u00a0\u00a0\u00a0\u00a0\u00a0\u00a0\u00a0\u00a0\u00a0\u00a0\u00a0\u00a0\u00a0\u00a0 VALBEREDNING<\/strong> Valberedningen utser inom sig ordf\u00f6rande. Det \u00e5ligger valberedningen att <br \/>senast den 1:e februari till styrelsen ingiva f\u00f6rslag p\u00e5 kandidater till i \u00a7 9 f\u00f6reskrivna val.<\/p>\n<p><strong>\u00a7 11\u00a0\u00a0\u00a0\u00a0\u00a0\u00a0\u00a0\u00a0\u00a0\u00a0\u00a0\u00a0\u00a0\u00a0 R\u00d6STR\u00c4TT OCH BESLUT<\/strong>\u00a0R\u00f6stber\u00e4ttigade \u00e4r hedersledam\u00f6ter samt alla medlemmar, som erlagt fastst\u00e4lld \u00e5rsavgift. Beslut fattas med enkel r\u00f6st\u00f6vervikt utom vid fr\u00e5ga enligt \u00a7 15 och \u00a7 16. Omr\u00f6stning sker \u00f6ppet utom d\u00e5 sluten omr\u00f6stning beg\u00e4rs. Vid lika r\u00f6stetal g\u00e4ller den mening som m\u00f6tets ordf\u00f6rande bitr\u00e4\u00adder, utom vid sluten omr\u00f6stning, d\u00e4r lottning skall ske. Vad som s\u00e4gs om ordf\u00f6randens utslagsr\u00e4tt g\u00e4ller \u00e4ven vid styrelsem\u00f6te och vid sammantr\u00e4de med utskott och beredning.<\/p>\n<p><strong>\u00a0 \u00a7 12\u00a0 \u00a0 \u00a0 \u00a0 \u00a0 \u00a0 F\u00d6RSLAG FR\u00c5N ENSKILD MEDLEM<\/strong>\u00a0Enskild medlem, som \u00f6nskar f\u00e5 \u00e4rende f\u00f6relagt till pr\u00f6vning vid \u00e5rsm\u00f6te, skall f\u00f6re den 1:e februari \u00f6verl\u00e4mna fr\u00e5gan skriftligt till styrelsen, som framl\u00e4gger densamma j\u00e4mte yttrande, f\u00f6r \u00e5rsm\u00f6tet.<\/p>\n<p><strong>\u00a0 \u00a7 13\u00a0 \u00a0 \u00a0 \u00a0 \u00a0 \u00a0FASTIGHETEN<\/strong>\u00a0Fastigheten Nya Varvet 726:6, med adress \u00d6rlogsv\u00e4gen 6, tillh\u00f6r f\u00f6reningen. F\u00f6reningen f\u00e5r ej fr\u00e5nh\u00e4nda sig fastigheten genom f\u00f6rs\u00e4ljning eller p\u00e5 annat s\u00e4tt, avs\u00e4ga sig \u00e4gandet, s\u00e5vida ej tr\u00e4ngande behov, t.ex. f\u00f6rs\u00e4mrad ekonomisk situation, \u00e4ndring i stadsplanen eller dylikt skulle framtvinga detta. Beslut om fastighetens f\u00f6rs\u00e4ljning skall, f\u00f6r att vara giltigt, ha fattats p\u00e5 tv\u00e5, med minst tv\u00e5 m\u00e5naders mellanrum, p\u00e5 varandra f\u00f6ljande m\u00f6ten. Av dessa skall det ena vara ordinarie \u00e5rsm\u00f6te och det andra ett extra \u00e5rsm\u00f6te.<\/p>\n<p><strong>\u00a0 \u00a7 14\u00a0 \u00a0 \u00a0 \u00a0 \u00a0 F\u00d6RENINGENS \u00c4GODELAR<\/strong> <br \/>14.1 \u00d6ver f\u00f6reningens \u00f6vriga \u00e4gda inventarier och f\u00f6rem\u00e5l, \u00e4ven hos f\u00f6reningen depo\u00adnerade dylika, skall f\u00f6rteckning f\u00f6ras. Kopia av f\u00f6rteckningen skall j\u00e4mte f\u00f6rs\u00e4krings handlingar skall f\u00f6rvaras i f\u00f6reningens bankfack eller kassask\u00e5p. Deponerade f\u00f6rem\u00e5l skall m\u00e4rkas med deponinummer och eller \u00e4garens namn.<\/p>\n<p>14.2\u00a0 F\u00f6rem\u00e5l av musealt intresse f\u00e5r ej avyttras utan s\u00e4rskilda sk\u00e4l och skall dess\u00adf\u00f6rinnan ha erbjudits, mot depositionsintyg, n\u00e4rliggande FM f\u00f6reningar samt d\u00e4refter museer inom f\u00f6reningens intresseomr\u00e5de.<\/p>\n<p>14.3\u00a0 Beslut om avyttring av inventarier och f\u00f6rem\u00e5l tas av styrelsen efter en bord\u00adl\u00e4ggning och skall rapporteras till \u00e5rsm\u00f6tet.<\/p>\n<p><strong>\u00a0\u00a7 15\u00a0 \u00a0 \u00a0 \u00a0 \u00a0 \u00a0\u00c4NDRINGAR AV STADGAR<\/strong><br \/>F\u00f6rslag om stadge\u00e4ndring skall av styrelsen f\u00f6rel\u00e4ggas \u00e5rsm\u00f6tet f\u00f6r beslut. Beslutet skall f\u00f6r att \u00e4ga giltighet bitr\u00e4das av minst tv\u00e5 tredjedelar av de r\u00f6stande medlemmarna.<\/p>\n<p><strong>\u00a7 16\u00a0 \u00a0 \u00a0 \u00a0 \u00a0 \u00a0 UPPL\u00d6SNING AV F\u00d6RENINGEN<\/strong><\/p>\n<p>16.1\u00a0 \u00a0 \u00a0 \u00a0 \u00a0 \u00a0 \u00a0 Beslut om f\u00f6reningens uppl\u00f6sning skall, f\u00f6r att vara giltig, ha fattats p\u00e5 tv\u00e5, med minst tv\u00e5 m\u00e5naders\u00a0 \u00a0 \u00a0 \u00a0 \u00a0 \u00a0 \u00a0 \u00a0 \u00a0 \u00a0 \u00a0 \u00a0 mellanrum, p\u00e5 varandra f\u00f6ljande m\u00f6ten. <br \/>\u00a0 \u00a0 \u00a0 \u00a0 \u00a0 \u00a0 \u00a0 \u00a0 \u00a0 \u00a0 \u00a0Av dessa skall det ena vara ordi\u00adnarie \u00e5rsm\u00f6te och det andra ett s\u00e4rskilt utlyst extra \u00e5rsm\u00f6te. <br \/>\u00a0 \u00a0 \u00a0 \u00a0 \u00a0 \u00a0 \u00a0 \u00a0 \u00a0 \u00a0 \u00a0Beslut om uppl\u00f6sning skall vid vart och ett av <br \/>\u00a0 \u00a0 \u00a0 \u00a0 \u00a0 \u00a0 \u00a0 \u00a0 \u00a0 \u00a0 \u00a0dessa m\u00f6ten skall ha bitr\u00e4tts av minst tv\u00e5 tredjedelar av de r\u00f6stande.<br \/>16.2\u00a0 \u00a0 \u00a0 \u00a0 \u00a0 \u00a0 \u00a0F\u00f6reningen f\u00e5r ej uppl\u00f6sas f\u00f6rr\u00e4n dess skulder likviderats.<br \/>16.3\u00a0 \u00a0 \u00a0 \u00a0 \u00a0 \u00a0 \u00a0D\u00e5 beslut enligt denna paragraf fattats \u00e5ligger det styrelsen att framl\u00e4gga f\u00f6rslag till disponerande <br \/>\u00a0 \u00a0 \u00a0 \u00a0 \u00a0 \u00a0 \u00a0 \u00a0 \u00a0 \u00a0 \u00a0av f\u00f6reningens kvarst\u00e5ende tillg\u00e5ngar med iakttagande av:<\/p>\n<p>att samlingar av musealt v\u00e4rde skall erbjudas n\u00e4rliggande FM-f\u00f6reningar samt d\u00e4refter museer inom f\u00f6reningens intresseomr\u00e5de<br \/>att fastigheten och f\u00f6reningens \u00f6vriga \u00e4godelar, f\u00f6rst d\u00e4refter f\u00e5r p\u00e5 f\u00f6rm\u00e5nligaste s\u00e4tt avyttras p\u00e5 allm\u00e4nna marknaden<br \/>att inga f\u00f6rem\u00e5l eller \u00f6vriga tillg\u00e5ngar till n\u00e5gon del f\u00e5r tillfalla enskilda personer samt<br \/>att den slutliga beh\u00e5llningen f\u00f6rdelas p\u00e5 f\u00f6ljande s\u00e4tt: 75% tillfaller Svenska S\u00e4llskapet f\u00f6r R\u00e4ddning av Skeppsbrutne (SSRS, Sj\u00f6r\u00e4ddnings\u00ads\u00e4llskapet). 25% tillfaller Flottans M\u00e4ns Riksf\u00f6rbund. Har beslut ang\u00e5ende f\u00f6reningens uppl\u00f6sning fattats skall dess handlingar \u00f6verl\u00e4mnas till Riks\u00adf\u00f6rbundet.<\/p>\n<p style=\"font-weight: 400\">\n<p style=\"font-weight: 400\">\n<p>[\/et_pb_text][et_pb_text admin_label=&#8221;Bilaga 1,2&#8243; _builder_version=&#8221;4.27.6&#8243; _module_preset=&#8221;default&#8221; global_colors_info=&#8221;{}&#8221;]<\/p>\n<p><strong>Bilaga 1 till stadgar f\u00f6r\u00a0 <\/strong><strong>KAMRATF\u00d6RENINGEN MARINKAMRATERNA I G\u00d6TEBORG\u00a0\u00a0\u00a0<\/strong><\/p>\n<p><strong>FONDEN MARINSTUGANS FRAMTID<\/strong><\/p>\n<p><strong>\u00c4NDAM\u00c5L<\/strong> \u00a0 Fonden Marinstugans framtid \u00e4r avsedd att finansiera st\u00f6rre om- eller tillbyggnader av Marin\u00adstugan samt f\u00f6r ink\u00f6p av inventarier till f\u00f6r ett v\u00e4rde \u00f6verstigande 20 000 kronor per post. Normala underh\u00e5lls- och reparationskostnader f\u00e5r ej belasta fonden utan skall finansieras ge\u00adnom \u00e5rliga avs\u00e4ttningar i den l\u00f6pande verksamheten.<\/p>\n<p><strong>AVS\u00c4TTNINGAR TILL FONDEN<\/strong> \u00a0 Fonden skall \u00e5rligen tillf\u00f6ras av styrelsen f\u00f6reslagna och av \u00e5rsm\u00f6tet beslutade medel. D\u00e4rut\u00ad\u00f6ver kan fonden erh\u00e5lla g\u00e5vor och bidrag fr\u00e5n enskilda personer eller organisationer, d\u00e4r giva\u00adren speciellt angivit att medlen skall tillf\u00f6ras fonden.<\/p>\n<p><strong>UTTAG FR\u00c5N FONDEN\u00a0 \u00a0<\/strong>Uttag fr\u00e5n fonden skall godk\u00e4nnas av styrelsen.<\/p>\n<p>&nbsp;<\/p>\n<p><strong>Bilaga 2 till stadgar f\u00f6r <\/strong><strong>KAMRATF\u00d6RENINGEN FLOTTANS M\u00c4N I G\u00d6TEBORG<\/strong>\u00a0<strong>\u00a0<\/strong><\/p>\n<p><strong>GRAVFONDEN<br \/><\/strong><br \/><strong>\u00c4NDAM\u00c5L<\/strong> Gravfonden \u00e4r avsedd att finansiera investeringar kopplad till f\u00f6reningens grav p\u00e5 Nya varvets kyrkog\u00e5rd samt ink\u00f6p av inventarier som ber\u00f6r f\u00f6reningens ansvar f\u00f6r vissa gravar p\u00e5 Nya Varvets kyrkog\u00e5rd (t.ex. till\u00e4ggs-gravering av skylt med de gravsatta). Normala underh\u00e5llskostnader f\u00f6r graven som ej bestrids av kyrkog\u00e5rdsf\u00f6rvaltningen f\u00e5r belasta gravfonden.<\/p>\n<p><strong>AVS\u00c4TTNINGAR TILL FONDEN<\/strong> Fonden skall \u00e5rligen tillf\u00f6ras av styrelsen f\u00f6reslagna och av \u00e5rsm\u00f6tet beslutade medel. D\u00e4rut\u00ad\u00f6ver kan fonden erh\u00e5lla g\u00e5vor och bidrag fr\u00e5n enskilda personer eller organisationer, d\u00e4r giva\u00adren speciellt angivit att medlen skall tillf\u00f6ras fonden.<\/p>\n<p style=\"font-weight: 400\"><strong>UTTAG FR\u00c5N FONDEN<\/strong>\u00a0Uttag fr\u00e5n fonden skall godk\u00e4nnas av styrelsen.<\/p>\n<p>[\/et_pb_text][\/et_pb_column_inner][\/et_pb_row_inner][\/et_pb_column][et_pb_column type=&#8221;1_4&#8243; _builder_version=&#8221;4.16&#8243; custom_padding=&#8221;|||&#8221; global_colors_info=&#8221;{}&#8221; custom_padding__hover=&#8221;|||&#8221;][et_pb_sidebar orientation=&#8221;right&#8221; area=&#8221;et_pb_widget_area_5&#8243; module_class=&#8221;right-menues&#8221; _builder_version=&#8221;4.9.11&#8243; _module_preset=&#8221;default&#8221; custom_margin=&#8221;||0px||false|false&#8221; global_module=&#8221;35107&#8243; saved_tabs=&#8221;all&#8221; global_colors_info=&#8221;{}&#8221;][\/et_pb_sidebar][et_pb_sidebar orientation=&#8221;right&#8221; _builder_version=&#8221;4.9.4&#8243; _module_preset=&#8221;default&#8221; header_font=&#8221;|600||on|||||&#8221; header_font_size=&#8221;20px&#8221; global_module=&#8221;33531&#8243; saved_tabs=&#8221;all&#8221; locked=&#8221;on&#8221; global_colors_info=&#8221;{}&#8221;][\/et_pb_sidebar][\/et_pb_column][\/et_pb_section]<\/p>\n","protected":false},"excerpt":{"rendered":"<p>F\u00d6RENINGENMARINKAMRATERNAG\u00d6TEBORG Tidigare Kamratf\u00f6reningen Flottans M\u00e4n G\u00f6teborgOrganisationsnummer: 857200\u20134284med tv\u00e5 bilagor, antagna vid \u00e5rsm\u00f6tet 1953 samt med \u00e4ndringarfastst\u00e4llda vid \u00e5rsm\u00f6tena: 1970, 1979, 1985, 1992, 1997,\u00a02000,2003, 2004, 2008, 2020 och 2026.\u00a0 \u00a7 1\u00a0\u00a0\u00a0\u00a0\u00a0\u00a0\u00a0\u00a0\u00a0\u00a0\u00a0\u00a0\u00a0\u00a0\u00a0\u00a0 \u00c4NDAM\u00c5L Flottans M\u00e4n i G\u00f6teborg, som \u00e4r en lokalf\u00f6rening f\u00f6r G\u00f6teborgsregionen av Riksf\u00f6rbundet Flottans M\u00e4n, \u00e4r en religi\u00f6st och politiskt obunden ideell f\u00f6rening och har [&hellip;]<\/p>\n","protected":false},"author":1,"featured_media":0,"parent":33152,"menu_order":4,"comment_status":"closed","ping_status":"closed","template":"","meta":{"_et_pb_use_builder":"on","_et_pb_old_content":"","_et_gb_content_width":"","iawp_total_views":323,"footnotes":""},"class_list":["post-33990","page","type-page","status-publish","hentry"],"_links":{"self":[{"href":"https:\/\/marinkamraterna.se\/goteborg\/wp-json\/wp\/v2\/pages\/33990","targetHints":{"allow":["GET"]}}],"collection":[{"href":"https:\/\/marinkamraterna.se\/goteborg\/wp-json\/wp\/v2\/pages"}],"about":[{"href":"https:\/\/marinkamraterna.se\/goteborg\/wp-json\/wp\/v2\/types\/page"}],"author":[{"embeddable":true,"href":"https:\/\/marinkamraterna.se\/goteborg\/wp-json\/wp\/v2\/users\/1"}],"replies":[{"embeddable":true,"href":"https:\/\/marinkamraterna.se\/goteborg\/wp-json\/wp\/v2\/comments?post=33990"}],"version-history":[{"count":26,"href":"https:\/\/marinkamraterna.se\/goteborg\/wp-json\/wp\/v2\/pages\/33990\/revisions"}],"predecessor-version":[{"id":42450,"href":"https:\/\/marinkamraterna.se\/goteborg\/wp-json\/wp\/v2\/pages\/33990\/revisions\/42450"}],"up":[{"embeddable":true,"href":"https:\/\/marinkamraterna.se\/goteborg\/wp-json\/wp\/v2\/pages\/33152"}],"wp:attachment":[{"href":"https:\/\/marinkamraterna.se\/goteborg\/wp-json\/wp\/v2\/media?parent=33990"}],"curies":[{"name":"wp","href":"https:\/\/api.w.org\/{rel}","templated":true}]}}