{"id":35575,"date":"2021-10-03T14:24:30","date_gmt":"2021-10-03T12:24:30","guid":{"rendered":"https:\/\/andersa6.sg-host.com\/goteborg\/?page_id=35575"},"modified":"2026-03-20T18:52:38","modified_gmt":"2026-03-20T17:52:38","slug":"bojen-styrelse","status":"publish","type":"page","link":"https:\/\/marinkamraterna.se\/goteborg\/startsidan\/dk-bojen\/bojen-styrelse\/","title":{"rendered":"Bojen Styrelse"},"content":{"rendered":"<p>[et_pb_section fb_built=&#8221;1&#8243; admin_label=&#8221;section&#8221; _builder_version=&#8221;4.16&#8243; global_colors_info=&#8221;{}&#8221;][et_pb_row column_structure=&#8221;1_2,1_2&#8243; admin_label=&#8221;row&#8221; _builder_version=&#8221;4.16&#8243; background_size=&#8221;initial&#8221; background_position=&#8221;top_left&#8221; background_repeat=&#8221;repeat&#8221; global_colors_info=&#8221;{}&#8221;][et_pb_column type=&#8221;1_2&#8243; _builder_version=&#8221;4.16&#8243; custom_padding=&#8221;|||&#8221; global_colors_info=&#8221;{}&#8221; custom_padding__hover=&#8221;|||&#8221;][et_pb_text _builder_version=&#8221;4.27.6&#8243; _module_preset=&#8221;default&#8221; hover_enabled=&#8221;0&#8243; global_colors_info=&#8221;{}&#8221; sticky_enabled=&#8221;0&#8243;]<\/p>\n<h3><span style=\"color: #e8a12e\">Bojens Styrelse och funktion\u00e4rer 2026<\/span><\/h3>\n<p>Ordf\u00f6rande: Ulla Lignell 070 373 77 92<br \/><a href=\"mailto:lignellulla73@gmail.com\">lignellulla73@gmail.com<\/a><\/p>\n<p>Vice ordf\u00f6rande: Ulla Martell 070 736 40 08<br \/><a href=\"mailto:ullama9@gmail.com\">ullama9@gmail.com<\/a><\/p>\n<p>Kass\u00f6r: Ann-Christina Andersson 070 22 63 896<br \/><a href=\"mailto:bjandersson@hotmail.se%C2%A0\">bjandersson@hotmail.se\u00a0<\/a><\/p>\n<p>Sekreterare: Silva Andersson 073 972 55 32<a href=\"mailto:kerstin.vannberg@telia.com\"><br \/>silvamargaretaandersson@outlook.com<\/a><\/p>\n<p>Ledamot: Lisbeth Claesson 073\u00a0609 099<br \/><a href=\"mailto:lisbegbg@hotmail.com\">lisbegbg@hotmail.com<\/a><\/p>\n<p>Ledamot: Kerstin V\u00e4nnberg 070 598 68 24<a href=\"mailto:kerstin.vannberg@telia.com\"><br \/>kerstin.vannberg@telia.com\u00a0<\/a><\/p>\n<p>Klubbm\u00e4steri:<br \/>Karin Oscarsson 070 283 09 30 \u00a0<a href=\"mailto:Karinbackfalk@gmail.com\">Karinbackfalk@gmail.com<\/a><br \/>Tina Ahlstr\u00f6m 073 034 63 02 \u00a0 <a href=\"mailto:tinaahster@gmail.com\">tinaahster@gmail.com<\/a><\/p>\n<p><a href=\"mailto:kerstin.vannberg@telia.com\">Funktion\u00e4rer:<\/a><br \/>Medlemsregistrator, webbredakt\u00f6r:<br \/>Anita Hogmalm 070 83 90 251\u00a0<a href=\"mailto:anita@hogmalm.com\">anita@hogmalm.com<\/a><\/p>\n<p>Valberedning: Britt-Marie Karlsson 076 174 04 17<\/p>\n<p>Revisor: Britt-Marie Karlsson 076 174 04 17<\/p>\n<p>Klubbm\u00e4steriet: Karin Oscarsson \/ Tina Ahlstr\u00f6m<\/p>\n<p>[\/et_pb_text][\/et_pb_column][et_pb_column type=&#8221;1_2&#8243; _builder_version=&#8221;4.16&#8243; custom_padding=&#8221;|||&#8221; global_colors_info=&#8221;{}&#8221; custom_padding__hover=&#8221;|||&#8221;][et_pb_image src=&#8221;https:\/\/marinkamraterna.se\/goteborg\/wp-content\/uploads\/sites\/15\/2024\/05\/Dok1-e1756846028918.jpg&#8221; title_text=&#8221;Dok1&#8243; _builder_version=&#8221;4.27.6&#8243; _module_preset=&#8221;default&#8221; global_colors_info=&#8221;{}&#8221;][\/et_pb_image][et_pb_image src=&#8221;https:\/\/marinkamraterna.se\/goteborg\/wp-content\/uploads\/sites\/15\/2025\/09\/Styrelsen-2025.jpg&#8221; title_text=&#8221;Styrelsen 2025&#8243; _builder_version=&#8221;4.27.6&#8243; _module_preset=&#8221;default&#8221; global_colors_info=&#8221;{}&#8221;][\/et_pb_image][et_pb_text _builder_version=&#8221;4.27.6&#8243; _module_preset=&#8221;default&#8221; global_colors_info=&#8221;{}&#8221;]<\/p>\n<p><em><strong>Fr\u00e5n v\u00e4nster p\u00e5 bild: Silva Andersson, Ann-Christina Andersson,<br \/>Ulla Lignell, Kerstin V\u00e4nnberg, Lisbeth Claesson och Ulla Martell.<\/strong><\/em><\/p>\n<p>[\/et_pb_text][\/et_pb_column][\/et_pb_row][\/et_pb_section]<\/p>\n","protected":false},"excerpt":{"rendered":"<p>Bojens Styrelse och funktion\u00e4rer 2026 Ordf\u00f6rande: Ulla Lignell 070 373 77 92lignellulla73@gmail.com Vice ordf\u00f6rande: Ulla Martell 070 736 40 08ullama9@gmail.com Kass\u00f6r: Ann-Christina Andersson 070 22 63 896bjandersson@hotmail.se\u00a0 Sekreterare: Silva Andersson 073 972 55 32silvamargaretaandersson@outlook.com Ledamot: Lisbeth Claesson 073\u00a0609 099lisbegbg@hotmail.com Ledamot: Kerstin V\u00e4nnberg 070 598 68 24kerstin.vannberg@telia.com\u00a0 Klubbm\u00e4steri:Karin Oscarsson 070 283 09 30 \u00a0Karinbackfalk@gmail.comTina Ahlstr\u00f6m 073 [&hellip;]<\/p>\n","protected":false},"author":12,"featured_media":0,"parent":35562,"menu_order":0,"comment_status":"closed","ping_status":"closed","template":"","meta":{"_et_pb_use_builder":"on","_et_pb_old_content":"<img class=\"alignnone wp-image-35597\" src=\"http:\/\/marinkamraterna.se\/goteborg\/wp-content\/uploads\/sites\/15\/2021\/10\/Bojen-styrelsen-19-600x445.jpg\" alt=\"Bojen Styrelse\" width=\"398\" height=\"295\" \/>\r\n<h2>Fr\u00e5n v\u00e4nster: Ulla L, Anita J, Ann-Christina, \u00a0Anita H och Ulla M.\r\nP\u00e5 bilden saknas Vivan L och Kerstin V.<\/h2>\r\n<h2>Ordf\u00f6rande\r\nUlla Lignell \u00a00703-73 77 92,\u00a0<a href=\"mailto:lignellulla73@gmail.com\">lignellulla73@gmail.com<\/a><\/h2>\r\n<h2>Vice ordf\u00f6rande\r\nUlla Martell 0707-36 40 08,\u00a0<a href=\"mailto:ullama9@gmail.com\">ullama9@gmail.com<\/a><\/h2>\r\n<h2>Sekreterare\r\nVivan Leino 0703-45 22 95, <a href=\"mailto:vivan.leino@icloud.com\">vivan.leino@icloud.com<\/a><\/h2>\r\n<h2>Kass\u00f6r\r\nAnn-Christina Andersson 0702-263 896,\u00a0<a href=\"mailto:bjandersson@hotmail.se%C2%A0\">bjandersson@hotmail.se\u00a0<\/a><\/h2>\r\n<h2>Webbredakt\u00f6r, medlemsregistrator\r\nAnita Hogmalm 0708-390 251\u00a0<a href=\"mailto:anita@hogmalm.com\">anita@hogmalm.com<\/a><\/h2>\r\n<h2>K\u00f6rs\u00e5ngsledare\r\nAnita Janevik 0702-444 320,\u00a0<a href=\"mailto:anita.janevik@bredband.net%C2%A0\">anita.janevik@bredband.net\u00a0<\/a><\/h2>\r\n<h2>Suppleant\r\nKerstin V\u00e4nnberg\u00a0\u00a0 0705 98 68 24,<a href=\"mailto:kerstin.vannberg@telia.com\"> kerstin.vannberg@telia.com<\/a><\/h2>","_et_gb_content_width":"","iawp_total_views":417,"footnotes":""},"class_list":["post-35575","page","type-page","status-publish","hentry"],"_links":{"self":[{"href":"https:\/\/marinkamraterna.se\/goteborg\/wp-json\/wp\/v2\/pages\/35575","targetHints":{"allow":["GET"]}}],"collection":[{"href":"https:\/\/marinkamraterna.se\/goteborg\/wp-json\/wp\/v2\/pages"}],"about":[{"href":"https:\/\/marinkamraterna.se\/goteborg\/wp-json\/wp\/v2\/types\/page"}],"author":[{"embeddable":true,"href":"https:\/\/marinkamraterna.se\/goteborg\/wp-json\/wp\/v2\/users\/12"}],"replies":[{"embeddable":true,"href":"https:\/\/marinkamraterna.se\/goteborg\/wp-json\/wp\/v2\/comments?post=35575"}],"version-history":[{"count":30,"href":"https:\/\/marinkamraterna.se\/goteborg\/wp-json\/wp\/v2\/pages\/35575\/revisions"}],"predecessor-version":[{"id":42487,"href":"https:\/\/marinkamraterna.se\/goteborg\/wp-json\/wp\/v2\/pages\/35575\/revisions\/42487"}],"up":[{"embeddable":true,"href":"https:\/\/marinkamraterna.se\/goteborg\/wp-json\/wp\/v2\/pages\/35562"}],"wp:attachment":[{"href":"https:\/\/marinkamraterna.se\/goteborg\/wp-json\/wp\/v2\/media?parent=35575"}],"curies":[{"name":"wp","href":"https:\/\/api.w.org\/{rel}","templated":true}]}}