{"id":35585,"date":"2021-10-03T14:29:11","date_gmt":"2021-10-03T12:29:11","guid":{"rendered":"https:\/\/andersa6.sg-host.com\/goteborg\/?page_id=35585"},"modified":"2026-03-20T19:31:56","modified_gmt":"2026-03-20T18:31:56","slug":"hur-blir-man-medlem","status":"publish","type":"page","link":"https:\/\/marinkamraterna.se\/goteborg\/startsidan\/dk-bojen\/hur-blir-man-medlem\/","title":{"rendered":"Bojen Hur blir man medlem?"},"content":{"rendered":"<p>[et_pb_section fb_built=&#8221;1&#8243; admin_label=&#8221;section&#8221; _builder_version=&#8221;4.16&#8243; global_colors_info=&#8221;{}&#8221;][et_pb_row admin_label=&#8221;row&#8221; _builder_version=&#8221;4.16&#8243; background_size=&#8221;initial&#8221; background_position=&#8221;top_left&#8221; background_repeat=&#8221;repeat&#8221; global_colors_info=&#8221;{}&#8221;][et_pb_column type=&#8221;4_4&#8243; _builder_version=&#8221;4.16&#8243; custom_padding=&#8221;|||&#8221; global_colors_info=&#8221;{}&#8221; custom_padding__hover=&#8221;|||&#8221;][et_pb_text admin_label=&#8221;Text&#8221; _builder_version=&#8221;4.27.6&#8243; background_size=&#8221;initial&#8221; background_position=&#8221;top_left&#8221; background_repeat=&#8221;repeat&#8221; global_colors_info=&#8221;{}&#8221;]<\/p>\n<ul>\n<li>\n<h3>Medlemskap i klubben kan du s\u00f6ka som kvinna i synnerhet om du har en familjemedlem i Flottans M\u00e4n<\/h3>\n<\/li>\n<li>\n<h3>Om du \u00e4r kvinna och har varit varit anst\u00e4lld inom Marinen. Men vi v\u00e4lkomnar \u00e4ven alla kvinnor som visar aktivt intresse f\u00f6r Damklubben Bojen.<\/h3>\n<\/li>\n<li>\n<h3>Skriftlig ans\u00f6kan med namn, f\u00f6delsetid, adress, telefonnummer till Damklubben Bojen, \u00d6rlogsv\u00e4gen 6, 426 71 G\u00f6teborg; e-mail: anita@hogmalm.com<\/h3>\n<\/li>\n<li>\n<h3>Medlemsavgiften \u00e4r 200 kr per \u00e5r, s\u00e4tts in p\u00e5 Plusgiro 35 13 66-0.<\/h3>\n<\/li>\n<li>\n<h3><span class=\"farg1\">Du \u00e4r v\u00e4lkommen till n\u00e5gon av v\u00e5ra sammantr\u00e4den\/klubbaftnar\u00a0<\/span>f\u00f6r att sj\u00e4lv bilda dig en uppfattning <br \/>om Damklubben Bojen.\u00a0<br \/>Till klubbafton \u00e4r det f\u00f6ranm\u00e4lan en vecka innan till\u00a0<strong>Ulla Martell, 0707 36 40 08<\/strong><\/h3>\n<\/li>\n<\/ul>\n<p>[\/et_pb_text][\/et_pb_column][\/et_pb_row][\/et_pb_section]<\/p>\n","protected":false},"excerpt":{"rendered":"<p>Medlemskap i klubben kan du s\u00f6ka som kvinna i synnerhet om du har en familjemedlem i Flottans M\u00e4n Om du \u00e4r kvinna och har varit varit anst\u00e4lld inom Marinen. Men vi v\u00e4lkomnar \u00e4ven alla kvinnor som visar aktivt intresse f\u00f6r Damklubben Bojen. Skriftlig ans\u00f6kan med namn, f\u00f6delsetid, adress, telefonnummer till Damklubben Bojen, \u00d6rlogsv\u00e4gen 6, 426 [&hellip;]<\/p>\n","protected":false},"author":12,"featured_media":0,"parent":35562,"menu_order":0,"comment_status":"closed","ping_status":"closed","template":"","meta":{"_et_pb_use_builder":"on","_et_pb_old_content":"<ul>\r\n \t<li>\r\n<h2>Medlemskap i klubben kan du s\u00f6ka som kvinna i synnerhet om du har en familjemedlem i Flottans M\u00e4n<\/h2>\r\n<\/li>\r\n \t<li>\r\n<h2>Om du \u00e4r kvinna och har varit varit anst\u00e4lld inom Marinen. Men vi v\u00e4lkomnar \u00e4ven alla kvinnor som visar aktivt intresse f\u00f6r Damklubben Bojen.<\/h2>\r\n<\/li>\r\n \t<li>\r\n<h2>Skriftlig ans\u00f6kan med namn, f\u00f6delsetid, adress, telefonnummer till Damklubben Bojen, \u00d6rlogsv\u00e4gen 6,\r\n426 71 G\u00f6teborg; e-mail: anita@hogmalm.com<\/h2>\r\n<\/li>\r\n \t<li>\r\n<h2>Medlemsavgiften \u00e4r 200 kr per \u00e5r, s\u00e4tts in p\u00e5 plusgiro\r\n489 50-0.<\/h2>\r\n<\/li>\r\n<\/ul>","_et_gb_content_width":"","iawp_total_views":95,"footnotes":""},"class_list":["post-35585","page","type-page","status-publish","hentry"],"_links":{"self":[{"href":"https:\/\/marinkamraterna.se\/goteborg\/wp-json\/wp\/v2\/pages\/35585","targetHints":{"allow":["GET"]}}],"collection":[{"href":"https:\/\/marinkamraterna.se\/goteborg\/wp-json\/wp\/v2\/pages"}],"about":[{"href":"https:\/\/marinkamraterna.se\/goteborg\/wp-json\/wp\/v2\/types\/page"}],"author":[{"embeddable":true,"href":"https:\/\/marinkamraterna.se\/goteborg\/wp-json\/wp\/v2\/users\/12"}],"replies":[{"embeddable":true,"href":"https:\/\/marinkamraterna.se\/goteborg\/wp-json\/wp\/v2\/comments?post=35585"}],"version-history":[{"count":8,"href":"https:\/\/marinkamraterna.se\/goteborg\/wp-json\/wp\/v2\/pages\/35585\/revisions"}],"predecessor-version":[{"id":42497,"href":"https:\/\/marinkamraterna.se\/goteborg\/wp-json\/wp\/v2\/pages\/35585\/revisions\/42497"}],"up":[{"embeddable":true,"href":"https:\/\/marinkamraterna.se\/goteborg\/wp-json\/wp\/v2\/pages\/35562"}],"wp:attachment":[{"href":"https:\/\/marinkamraterna.se\/goteborg\/wp-json\/wp\/v2\/media?parent=35585"}],"curies":[{"name":"wp","href":"https:\/\/api.w.org\/{rel}","templated":true}]}}