{"id":35685,"date":"2021-10-11T19:20:37","date_gmt":"2021-10-11T17:20:37","guid":{"rendered":"https:\/\/andersa6.sg-host.com\/goteborg\/?page_id=35685"},"modified":"2026-03-06T00:56:56","modified_gmt":"2026-03-05T23:56:56","slug":"sida-1","status":"publish","type":"page","link":"https:\/\/marinkamraterna.se\/goteborg\/startsidan\/sangkoren\/sida-1\/","title":{"rendered":"FM S\u00e5ngk\u00f6r i G\u00f6teborg"},"content":{"rendered":"<p>[et_pb_section fb_built=&#8221;1&#8243; admin_label=&#8221;section&#8221; _builder_version=&#8221;4.16&#8243; global_colors_info=&#8221;{}&#8221;][et_pb_row column_structure=&#8221;1_3,1_3,1_3&#8243; admin_label=&#8221;2026-Vill du boka k\u00f6ren&#8221; _builder_version=&#8221;4.27.6&#8243; _module_preset=&#8221;default&#8221; global_colors_info=&#8221;{}&#8221;][et_pb_column type=&#8221;1_3&#8243; _builder_version=&#8221;4.16&#8243; _module_preset=&#8221;default&#8221; global_colors_info=&#8221;{}&#8221;][et_pb_text _builder_version=&#8221;4.27.6&#8243; _module_preset=&#8221;default&#8221; global_colors_info=&#8221;{}&#8221;]<\/p>\n<h2 style=\"text-align: left\">Vill du boka Flottans m\u00e4n s\u00e5ngk\u00f6r!<\/h2>\n<h5>Kontakta oss!<\/h5>\n<p>Peter Lundin<\/p>\n<p>Email: <a href=\"mailto:peter.lundin@isea-sweden.com\">peter.lundin@isea-sweden.com <\/a><\/p>\n<p>Telefon: +46 70-581 56 55<\/p>\n<p>&nbsp;<\/p>\n<p>[\/et_pb_text][\/et_pb_column][et_pb_column type=&#8221;1_3&#8243; _builder_version=&#8221;4.16&#8243; _module_preset=&#8221;default&#8221; global_colors_info=&#8221;{}&#8221;][et_pb_text _builder_version=&#8221;4.27.6&#8243; _module_preset=&#8221;default&#8221; global_colors_info=&#8221;{}&#8221;]<\/p>\n<h3 style=\"text-align: left\">FM S\u00e5ngk\u00f6r best\u00e5r f\u00f6r n\u00e4rvarande \u00e5r 2026 av, 4 musiker samt 18 s\u00e5ngare varav 4 kvinnor.<br \/>K\u00f6rens uppgift har fr\u00e5n starten 1981 varit att roa f\u00f6reningens medlemmar och st\u00e5 till olika myndigheters f\u00f6rfogande samt skapa goodwill f\u00f6r Flottan.<br \/>K\u00f6ren har en gedigen repertoar, med arbets-s\u00e5nger till sj\u00f6ss s.k. shanties\u201d. S\u00e5nger, om havet och dess m\u00e4n men \u00e4ven andra evergreens av skilda slag ing\u00e5r. Komposit\u00f6rer som Evert Taube, Lasse Dahlkvist, Roger S\u00f6rensen m.fl. \u00e4r representerade.<\/h3>\n<h3 style=\"text-align: left\"><em>K\u00f6ren leds av musikanten o gitarristen Leif Andersson sedan 2002<\/em><\/h3>\n<p>[\/et_pb_text][\/et_pb_column][et_pb_column type=&#8221;1_3&#8243; _builder_version=&#8221;4.16&#8243; _module_preset=&#8221;default&#8221; global_colors_info=&#8221;{}&#8221;][et_pb_image src=&#8221;https:\/\/marinkamraterna.se\/goteborg\/wp-content\/uploads\/sites\/15\/2025\/08\/Peter-portratt-20250805.jpg&#8221; title_text=&#8221;Peter Portr\u00e4tt 20250805&#8243; _builder_version=&#8221;4.27.6&#8243; _module_preset=&#8221;default&#8221; global_colors_info=&#8221;{}&#8221;][\/et_pb_image][\/et_pb_column][\/et_pb_row][et_pb_row column_structure=&#8221;2_5,3_5&#8243; _builder_version=&#8221;4.16&#8243; _module_preset=&#8221;default&#8221; global_colors_info=&#8221;{}&#8221;][et_pb_column type=&#8221;2_5&#8243; _builder_version=&#8221;4.16&#8243; _module_preset=&#8221;default&#8221; global_colors_info=&#8221;{}&#8221;][\/et_pb_column][et_pb_column type=&#8221;3_5&#8243; _builder_version=&#8221;4.16&#8243; _module_preset=&#8221;default&#8221; global_colors_info=&#8221;{}&#8221;][\/et_pb_column][\/et_pb_row][et_pb_row _builder_version=&#8221;4.16&#8243; _module_preset=&#8221;default&#8221; global_colors_info=&#8221;{}&#8221;][et_pb_column type=&#8221;4_4&#8243; _builder_version=&#8221;4.16&#8243; _module_preset=&#8221;default&#8221; global_colors_info=&#8221;{}&#8221;][\/et_pb_column][\/et_pb_row][\/et_pb_section]<\/p>\n","protected":false},"excerpt":{"rendered":"<p>Vill du boka Flottans m\u00e4n s\u00e5ngk\u00f6r! Kontakta oss! Peter Lundin Email: peter.lundin@isea-sweden.com Telefon: +46 70-581 56 55 &nbsp;FM S\u00e5ngk\u00f6r best\u00e5r f\u00f6r n\u00e4rvarande \u00e5r 2026 av, 4 musiker samt 18 s\u00e5ngare varav 4 kvinnor.K\u00f6rens uppgift har fr\u00e5n starten 1981 varit att roa f\u00f6reningens medlemmar och st\u00e5 till olika myndigheters f\u00f6rfogande samt skapa goodwill f\u00f6r Flottan.K\u00f6ren har [&hellip;]<\/p>\n","protected":false},"author":12,"featured_media":0,"parent":35566,"menu_order":0,"comment_status":"closed","ping_status":"closed","template":"","meta":{"_et_pb_use_builder":"on","_et_pb_old_content":"<h1 style=\"text-align: center\"><strong>\r\n<span style=\"color: #3366ff\">1981 - 2021<\/span>\r\n<span style=\"color: #3366ff\">40 \u00e5r!<\/span><\/strong><\/h1>","_et_gb_content_width":"","iawp_total_views":887,"footnotes":""},"class_list":["post-35685","page","type-page","status-publish","hentry"],"_links":{"self":[{"href":"https:\/\/marinkamraterna.se\/goteborg\/wp-json\/wp\/v2\/pages\/35685","targetHints":{"allow":["GET"]}}],"collection":[{"href":"https:\/\/marinkamraterna.se\/goteborg\/wp-json\/wp\/v2\/pages"}],"about":[{"href":"https:\/\/marinkamraterna.se\/goteborg\/wp-json\/wp\/v2\/types\/page"}],"author":[{"embeddable":true,"href":"https:\/\/marinkamraterna.se\/goteborg\/wp-json\/wp\/v2\/users\/12"}],"replies":[{"embeddable":true,"href":"https:\/\/marinkamraterna.se\/goteborg\/wp-json\/wp\/v2\/comments?post=35685"}],"version-history":[{"count":47,"href":"https:\/\/marinkamraterna.se\/goteborg\/wp-json\/wp\/v2\/pages\/35685\/revisions"}],"predecessor-version":[{"id":42417,"href":"https:\/\/marinkamraterna.se\/goteborg\/wp-json\/wp\/v2\/pages\/35685\/revisions\/42417"}],"up":[{"embeddable":true,"href":"https:\/\/marinkamraterna.se\/goteborg\/wp-json\/wp\/v2\/pages\/35566"}],"wp:attachment":[{"href":"https:\/\/marinkamraterna.se\/goteborg\/wp-json\/wp\/v2\/media?parent=35685"}],"curies":[{"name":"wp","href":"https:\/\/api.w.org\/{rel}","templated":true}]}}