{"id":40598,"date":"2024-11-06T23:11:31","date_gmt":"2024-11-06T22:11:31","guid":{"rendered":"https:\/\/marinkamraterna.se\/goteborg\/?page_id=40598"},"modified":"2025-11-16T14:14:33","modified_gmt":"2025-11-16T13:14:33","slug":"nu-bygger-vi-om-och-till-marinstugan-2","status":"publish","type":"page","link":"https:\/\/marinkamraterna.se\/goteborg\/nu-bygger-vi-om-och-till-marinstugan-2\/","title":{"rendered":"Ombyggnad 2025"},"content":{"rendered":"<p>[et_pb_section fb_built=&#8221;1&#8243; admin_label=&#8221;NU BYGGER VI OM OCH TILL MARINSTUGAN&#8221; _builder_version=&#8221;4.27.2&#8243; _module_preset=&#8221;default&#8221; hover_enabled=&#8221;0&#8243; global_colors_info=&#8221;{}&#8221; sticky_enabled=&#8221;0&#8243;][et_pb_row column_structure=&#8221;1_3,1_3,1_3&#8243; _builder_version=&#8221;4.27.4&#8243; _module_preset=&#8221;default&#8221; collapsed=&#8221;off&#8221; global_colors_info=&#8221;{}&#8221;][et_pb_column type=&#8221;1_3&#8243; _builder_version=&#8221;4.27.2&#8243; _module_preset=&#8221;default&#8221; global_colors_info=&#8221;{}&#8221;][et_pb_text _builder_version=&#8221;4.27.4&#8243; _module_preset=&#8221;default&#8221; global_colors_info=&#8221;{}&#8221;]<\/p>\n<h5>11\/8 &#8211; 17\/8\u00a0 2025 Arbete p\u00e5g\u00e5r<\/h5>\n<p>[\/et_pb_text][et_pb_image src=&#8221;https:\/\/marinkamraterna.se\/goteborg\/wp-content\/uploads\/sites\/15\/2025\/08\/IMG_76821.jpg&#8221; title_text=&#8221;IMG 76821&#8243; _builder_version=&#8221;4.27.4&#8243; _module_preset=&#8221;default&#8221; global_colors_info=&#8221;{}&#8221;][\/et_pb_image][et_pb_image src=&#8221;https:\/\/marinkamraterna.se\/goteborg\/wp-content\/uploads\/sites\/15\/2025\/08\/17-aug-Bild1-1.jpg&#8221; title_text=&#8221;17 Aug Bild1&#8243; _builder_version=&#8221;4.27.4&#8243; _module_preset=&#8221;default&#8221; global_colors_info=&#8221;{}&#8221;][\/et_pb_image][et_pb_image src=&#8221;https:\/\/marinkamraterna.se\/goteborg\/wp-content\/uploads\/sites\/15\/2025\/08\/17-aug-Bild2.jpg&#8221; title_text=&#8221;17 Aug Bild2&#8243; _builder_version=&#8221;4.27.4&#8243; _module_preset=&#8221;default&#8221; global_colors_info=&#8221;{}&#8221;][\/et_pb_image][et_pb_image src=&#8221;https:\/\/marinkamraterna.se\/goteborg\/wp-content\/uploads\/sites\/15\/2025\/08\/IMG_76741_1754921449816.jpg&#8221; title_text=&#8221;IMG 76741 1754921449816&#8243; _builder_version=&#8221;4.27.4&#8243; _module_preset=&#8221;default&#8221; global_colors_info=&#8221;{}&#8221;][\/et_pb_image][et_pb_image src=&#8221;https:\/\/marinkamraterna.se\/goteborg\/wp-content\/uploads\/sites\/15\/2025\/08\/IMG_76451.jpg&#8221; title_text=&#8221;IMG 76451&#8243; admin_label=&#8221;Bild&#8221; _builder_version=&#8221;4.27.4&#8243; _module_preset=&#8221;default&#8221; global_colors_info=&#8221;{}&#8221;][\/et_pb_image][et_pb_image src=&#8221;https:\/\/marinkamraterna.se\/goteborg\/wp-content\/uploads\/sites\/15\/2025\/08\/IMG_76461.jpg&#8221; title_text=&#8221;IMG 76461&#8243; _builder_version=&#8221;4.27.4&#8243; _module_preset=&#8221;default&#8221; global_colors_info=&#8221;{}&#8221;][\/et_pb_image][et_pb_image src=&#8221;https:\/\/marinkamraterna.se\/goteborg\/wp-content\/uploads\/sites\/15\/2025\/08\/IMG_76731_1754921449879.jpg&#8221; title_text=&#8221;IMG 76731 1754921449879&#8243; _builder_version=&#8221;4.27.4&#8243; _module_preset=&#8221;default&#8221; global_colors_info=&#8221;{}&#8221;][\/et_pb_image][\/et_pb_column][et_pb_column type=&#8221;1_3&#8243; _builder_version=&#8221;4.27.2&#8243; _module_preset=&#8221;default&#8221; global_colors_info=&#8221;{}&#8221;][et_pb_text _builder_version=&#8221;4.27.4&#8243; _module_preset=&#8221;default&#8221; global_colors_info=&#8221;{}&#8221;]<\/p>\n<p>Flottans M\u00e4n G\u00f6teborg, har ju den ganska unika f\u00f6rm\u00e5nen att sedan l\u00e4nge ha en egen klubblokal &#8211; <strong>V\u00e5r Marinstuga.<\/strong><br \/>En tillbyggnad p\u00e5 ca 20 m2<sup>\u00a0<\/sup>f\u00f6r \u00f6kad tillg\u00e4nglighet har diskuterats l\u00e4nge.<br \/>Nu \u00e4r Bygglov med startbesked beviljat f\u00f6r om och tillbyggnad av kapprum, hall och toaletter.<br \/>Dessutom \u00e4r ans\u00f6kan hos Allm\u00e4nna Arvsfonden om bidrag beviljad efter fem m\u00e5naders handl\u00e4ggning. Utan n\u00e5gon beg\u00e4ran om komplettering, har dom godtagit s\u00e5v\u00e4l utf\u00f6rande som pris p\u00e5 tillbyggnaden.<br \/>Efter starttid ber\u00e4knas bygget att ta ca 6 &#8211; 8 veckor.<\/p>\n<p>F\u00f6lj bygget p\u00e5 v\u00e5r hemsida direkt fr\u00e5n<br \/>Arkitekten <em>Hans Utstrands <\/em>penna<\/p>\n<p>[\/et_pb_text][et_pb_image src=&#8221;https:\/\/marinkamraterna.se\/goteborg\/wp-content\/uploads\/sites\/15\/2024\/11\/Marinstugan.jpg&#8221; title_text=&#8221;Marinstugan&#8221; _builder_version=&#8221;4.27.4&#8243; _module_preset=&#8221;default&#8221; global_colors_info=&#8221;{}&#8221;][\/et_pb_image][et_pb_text _builder_version=&#8221;4.27.4&#8243; _module_preset=&#8221;default&#8221; global_colors_info=&#8221;{}&#8221;]<\/p>\n<h5>4\/8 2025 MARINSTUGANS GOLV KLART<\/h5>\n<p>[\/et_pb_text][et_pb_image src=&#8221;https:\/\/marinkamraterna.se\/goteborg\/wp-content\/uploads\/sites\/15\/2025\/08\/77748532911.jpg&#8221; title_text=&#8221;7774853291(1)&#8221; _builder_version=&#8221;4.27.4&#8243; _module_preset=&#8221;default&#8221; global_colors_info=&#8221;{}&#8221;][\/et_pb_image][et_pb_image src=&#8221;https:\/\/marinkamraterna.se\/goteborg\/wp-content\/uploads\/sites\/15\/2025\/08\/77748531611.jpg&#8221; title_text=&#8221;7774853161(1)&#8221; _builder_version=&#8221;4.27.4&#8243; _module_preset=&#8221;default&#8221; global_colors_info=&#8221;{}&#8221;][\/et_pb_image][et_pb_image src=&#8221;https:\/\/marinkamraterna.se\/goteborg\/wp-content\/uploads\/sites\/15\/2025\/08\/77748528911.jpg&#8221; title_text=&#8221;7774852891(1)&#8221; _builder_version=&#8221;4.27.4&#8243; _module_preset=&#8221;default&#8221; global_colors_info=&#8221;{}&#8221;][\/et_pb_image][et_pb_image src=&#8221;https:\/\/marinkamraterna.se\/goteborg\/wp-content\/uploads\/sites\/15\/2025\/08\/77748527011.jpg&#8221; title_text=&#8221;7774852701(1)&#8221; _builder_version=&#8221;4.27.4&#8243; _module_preset=&#8221;default&#8221; global_colors_info=&#8221;{}&#8221;][\/et_pb_image][et_pb_image src=&#8221;https:\/\/marinkamraterna.se\/goteborg\/wp-content\/uploads\/sites\/15\/2025\/08\/77748525411.jpg&#8221; title_text=&#8221;7774852541(1)&#8221; _builder_version=&#8221;4.27.4&#8243; _module_preset=&#8221;default&#8221; global_colors_info=&#8221;{}&#8221;][\/et_pb_image][et_pb_image src=&#8221;https:\/\/marinkamraterna.se\/goteborg\/wp-content\/uploads\/sites\/15\/2025\/08\/77747504111.jpg&#8221; title_text=&#8221;7774750411(1)&#8221; _builder_version=&#8221;4.27.4&#8243; _module_preset=&#8221;default&#8221; global_colors_info=&#8221;{}&#8221;][\/et_pb_image][\/et_pb_column][et_pb_column type=&#8221;1_3&#8243; _builder_version=&#8221;4.27.2&#8243; _module_preset=&#8221;default&#8221; global_colors_info=&#8221;{}&#8221;][et_pb_image src=&#8221;https:\/\/marinkamraterna.se\/goteborg\/wp-content\/uploads\/sites\/15\/2024\/11\/th.jpeg&#8221; _builder_version=&#8221;4.27.4&#8243; _module_preset=&#8221;default&#8221; global_colors_info=&#8221;{}&#8221;][\/et_pb_image][et_pb_text _builder_version=&#8221;4.27.4&#8243; _module_preset=&#8221;default&#8221; global_colors_info=&#8221;{}&#8221;]<\/p>\n<p>HANS UTSTRAND V\u00c5R EGEN ARKITEKT KOMMER ATT L\u00c5TA ER F\u00d6LJA MED FR\u00c5N START TILL M\u00c5L<\/p>\n<p>[\/et_pb_text][et_pb_image src=&#8221;https:\/\/marinkamraterna.se\/goteborg\/wp-content\/uploads\/sites\/15\/2024\/11\/Marinstugan.jpg&#8221; title_text=&#8221;Marinstugan&#8221; _builder_version=&#8221;4.27.4&#8243; _module_preset=&#8221;default&#8221; global_colors_info=&#8221;{}&#8221;][\/et_pb_image][\/et_pb_column][\/et_pb_row][et_pb_row column_structure=&#8221;1_3,1_3,1_3&#8243; _builder_version=&#8221;4.27.2&#8243; _module_preset=&#8221;default&#8221; collapsed=&#8221;off&#8221; global_colors_info=&#8221;{}&#8221;][et_pb_column type=&#8221;1_3&#8243; _builder_version=&#8221;4.27.2&#8243; _module_preset=&#8221;default&#8221; global_colors_info=&#8221;{}&#8221;][et_pb_image src=&#8221;https:\/\/marinkamraterna.se\/goteborg\/wp-content\/uploads\/sites\/15\/2024\/12\/IMG_70221-red.jpg&#8221; title_text=&#8221;IMG 70221 Red&#8221; _builder_version=&#8221;4.27.4&#8243; _module_preset=&#8221;default&#8221; global_colors_info=&#8221;{}&#8221;][\/et_pb_image][et_pb_text _builder_version=&#8221;4.27.4&#8243; _module_preset=&#8221;default&#8221; global_colors_info=&#8221;{}&#8221;]<\/p>\n<p><em>Efter ett exceptionellt b\u00e5de snabbt och effektivt f\u00f6rarbete med Arkitekt Hans Utstrand som projekt och arbetsledare, har en om och tillbyggnad i Marinstugan p\u00e5 rekordtid upphandlats, uppf\u00f6rts och tagits i bruk.<\/p>\n<p><\/em>Detta firades med en kombinerad invignings och taklagsfest. D\u00e4r du var inbjuden!\u00a0 Det serverades f\u00f6rdrink och en riktigt god middag. Flottans m\u00e4n s\u00e5ngk\u00f6r stod f\u00f6r musiken.<br \/>N\u00e4r: 23\/1 2025 Tid: 18.00 -21.00 Plats: Marinstugan\u00a0<\/p>\n<p>[\/et_pb_text][et_pb_image src=&#8221;https:\/\/marinkamraterna.se\/goteborg\/wp-content\/uploads\/sites\/15\/2024\/11\/6-NOV-2024_1.jpg&#8221; title_text=&#8221;6 NOV 2024 1&#8243; _builder_version=&#8221;4.27.3&#8243; _module_preset=&#8221;default&#8221; global_colors_info=&#8221;{}&#8221;][\/et_pb_image][et_pb_image src=&#8221;https:\/\/marinkamraterna.se\/goteborg\/wp-content\/uploads\/sites\/15\/2024\/11\/IMG_51271.jpg&#8221; title_text=&#8221;IMG 51271&#8243; _builder_version=&#8221;4.27.3&#8243; _module_preset=&#8221;default&#8221; global_colors_info=&#8221;{}&#8221;][\/et_pb_image][et_pb_text _builder_version=&#8221;4.27.4&#8243; _module_preset=&#8221;default&#8221; global_colors_info=&#8221;{}&#8221;]<\/p>\n<p>2024\/11\/19<br \/>Nu stomresning p\u00e5 G allt g\u00e5r enligt plan<\/p>\n<p>[\/et_pb_text][et_pb_image src=&#8221;https:\/\/marinkamraterna.se\/goteborg\/wp-content\/uploads\/sites\/15\/2024\/11\/IMG_51381.jpg&#8221; title_text=&#8221;IMG 51381&#8243; _builder_version=&#8221;4.27.3&#8243; _module_preset=&#8221;default&#8221; global_colors_info=&#8221;{}&#8221;][\/et_pb_image][et_pb_text _builder_version=&#8221;4.27.4&#8243; _module_preset=&#8221;default&#8221; global_colors_info=&#8221;{}&#8221;]<\/p>\n<p>2024\/11\/20<br \/>F\u00f6rst lackstrykning av den kommande v\u00e4ggpanelen<br \/>V\u00e4ggbr\u00f6stning vi provar r\u00e4tt kul\u00f6r<\/p>\n<p>&nbsp;<\/p>\n<p>[\/et_pb_text][et_pb_image src=&#8221;https:\/\/marinkamraterna.se\/goteborg\/wp-content\/uploads\/sites\/15\/2024\/11\/IMG_51391.jpg&#8221; title_text=&#8221;IMG 51391&#8243; _builder_version=&#8221;4.27.3&#8243; _module_preset=&#8221;default&#8221; global_colors_info=&#8221;{}&#8221;][\/et_pb_image][et_pb_image src=&#8221;https:\/\/marinkamraterna.se\/goteborg\/wp-content\/uploads\/sites\/15\/2024\/11\/IMG_69821.jpg&#8221; title_text=&#8221;IMG 69821&#8243; _builder_version=&#8221;4.27.3&#8243; _module_preset=&#8221;default&#8221; global_colors_info=&#8221;{}&#8221;][\/et_pb_image][et_pb_image src=&#8221;https:\/\/marinkamraterna.se\/goteborg\/wp-content\/uploads\/sites\/15\/2024\/12\/IMG_0023-e1734300915727.jpg&#8221; title_text=&#8221;IMG 0023&#8243; _builder_version=&#8221;4.27.4&#8243; _module_preset=&#8221;default&#8221; global_colors_info=&#8221;{}&#8221;][\/et_pb_image][et_pb_image src=&#8221;https:\/\/marinkamraterna.se\/goteborg\/wp-content\/uploads\/sites\/15\/2024\/12\/IMG_0022-e1734300948550.jpg&#8221; title_text=&#8221;IMG 0022&#8243; _builder_version=&#8221;4.27.4&#8243; _module_preset=&#8221;default&#8221; global_colors_info=&#8221;{}&#8221;][\/et_pb_image][et_pb_image src=&#8221;https:\/\/marinkamraterna.se\/goteborg\/wp-content\/uploads\/sites\/15\/2024\/12\/IMG_0021-e1734300978498.jpg&#8221; title_text=&#8221;IMG 0021&#8243; _builder_version=&#8221;4.27.4&#8243; _module_preset=&#8221;default&#8221; global_colors_info=&#8221;{}&#8221;][\/et_pb_image][et_pb_image src=&#8221;https:\/\/marinkamraterna.se\/goteborg\/wp-content\/uploads\/sites\/15\/2025\/01\/IMG_52881.jpg&#8221; title_text=&#8221;IMG 52881&#8243; _builder_version=&#8221;4.27.4&#8243; _module_preset=&#8221;default&#8221; global_colors_info=&#8221;{}&#8221;][\/et_pb_image][\/et_pb_column][et_pb_column type=&#8221;1_3&#8243; _builder_version=&#8221;4.27.2&#8243; _module_preset=&#8221;default&#8221; global_colors_info=&#8221;{}&#8221;][et_pb_text _builder_version=&#8221;4.27.4&#8243; _module_preset=&#8221;default&#8221; global_colors_info=&#8221;{}&#8221;]<\/p>\n<p>NI KAN F\u00d6LJA BYGGNATIONEN P\u00c5 HEMSIDAN OCH FACEBOOK<\/p>\n<p>[\/et_pb_text][et_pb_image src=&#8221;https:\/\/marinkamraterna.se\/goteborg\/wp-content\/uploads\/sites\/15\/2024\/12\/xx.jpg&#8221; title_text=&#8221;Ny hatthylla tar form&#8221; _builder_version=&#8221;4.27.4&#8243; _module_preset=&#8221;default&#8221; global_colors_info=&#8221;{}&#8221;][\/et_pb_image][et_pb_text _builder_version=&#8221;4.27.4&#8243; _module_preset=&#8221;default&#8221; global_colors_info=&#8221;{}&#8221;]<\/p>\n<p>23\/12 <br \/>Ny hatthylla tar form<\/p>\n<p>[\/et_pb_text][et_pb_image src=&#8221;https:\/\/marinkamraterna.se\/goteborg\/wp-content\/uploads\/sites\/15\/2025\/01\/IMG_5269.jpg&#8221; title_text=&#8221;IMG 5269&#8243; _builder_version=&#8221;4.27.4&#8243; _module_preset=&#8221;default&#8221; global_colors_info=&#8221;{}&#8221;][\/et_pb_image][et_pb_image src=&#8221;https:\/\/marinkamraterna.se\/goteborg\/wp-content\/uploads\/sites\/15\/2025\/01\/IMG_5266.jpg&#8221; title_text=&#8221;IMG 5266&#8243; _builder_version=&#8221;4.27.4&#8243; _module_preset=&#8221;default&#8221; global_colors_info=&#8221;{}&#8221;][\/et_pb_image][et_pb_image src=&#8221;https:\/\/marinkamraterna.se\/goteborg\/wp-content\/uploads\/sites\/15\/2025\/01\/IMG_5265.jpg&#8221; title_text=&#8221;IMG 5265&#8243; _builder_version=&#8221;4.27.4&#8243; _module_preset=&#8221;default&#8221; global_colors_info=&#8221;{}&#8221;][\/et_pb_image][et_pb_text _builder_version=&#8221;4.27.4&#8243; _module_preset=&#8221;default&#8221; global_colors_info=&#8221;{}&#8221;]<\/p>\n<p>P\u00e5 Marinstugan f\u00e5r vi toaletter och hall som kan konkurrera med vilken lyxkrog som helst. Nu \u00e4r &#8221; stj\u00e4rnhimlen&#8221;, p\u00e5 plats, dvs massor av LED-lampor i taket, golvv\u00e4rme och stora kakelplattor p\u00e5 golv som g\u00e5r upp som br\u00f6stning p\u00e5 v\u00e4ggen som d\u00e4refter kl\u00e4ds med mahogny-speglar p\u00e5 v\u00e4ggarna, det kommer att bli tjusigt. Enligt arkitekten s\u00e5 kommer n\u00e5gon toalett att kunna anv\u00e4ndas n\u00e4sta vecka \u00e4ven om v\u00e4ggarna inte \u00e4r fullt f\u00e4rdiga.<\/p>\n<p>[\/et_pb_text][et_pb_image src=&#8221;https:\/\/marinkamraterna.se\/goteborg\/wp-content\/uploads\/sites\/15\/2025\/01\/IMG_71661.jpg&#8221; title_text=&#8221;IMG 71661&#8243; _builder_version=&#8221;4.27.4&#8243; _module_preset=&#8221;default&#8221; global_colors_info=&#8221;{}&#8221;][\/et_pb_image][et_pb_image src=&#8221;https:\/\/marinkamraterna.se\/goteborg\/wp-content\/uploads\/sites\/15\/2025\/01\/IMG_71691.jpg&#8221; title_text=&#8221;IMG 71691&#8243; _builder_version=&#8221;4.27.4&#8243; _module_preset=&#8221;default&#8221; global_colors_info=&#8221;{}&#8221;][\/et_pb_image][et_pb_image src=&#8221;https:\/\/marinkamraterna.se\/goteborg\/wp-content\/uploads\/sites\/15\/2025\/01\/IMG_71671.jpg&#8221; title_text=&#8221;IMG 71671&#8243; _builder_version=&#8221;4.27.4&#8243; _module_preset=&#8221;default&#8221; global_colors_info=&#8221;{}&#8221;][\/et_pb_image][et_pb_image src=&#8221;https:\/\/marinkamraterna.se\/goteborg\/wp-content\/uploads\/sites\/15\/2025\/01\/IMG_52871.jpg&#8221; title_text=&#8221;IMG 52871&#8243; _builder_version=&#8221;4.27.4&#8243; _module_preset=&#8221;default&#8221; global_colors_info=&#8221;{}&#8221;][\/et_pb_image][et_pb_image src=&#8221;https:\/\/marinkamraterna.se\/goteborg\/wp-content\/uploads\/sites\/15\/2025\/01\/IMG_52861.jpg&#8221; title_text=&#8221;IMG 52861&#8243; _builder_version=&#8221;4.27.4&#8243; _module_preset=&#8221;default&#8221; global_colors_info=&#8221;{}&#8221;][\/et_pb_image][et_pb_image src=&#8221;https:\/\/marinkamraterna.se\/goteborg\/wp-content\/uploads\/sites\/15\/2025\/01\/IMG_52891.jpg&#8221; title_text=&#8221;IMG 52891&#8243; _builder_version=&#8221;4.27.4&#8243; _module_preset=&#8221;default&#8221; global_colors_info=&#8221;{}&#8221;][\/et_pb_image][\/et_pb_column][et_pb_column type=&#8221;1_3&#8243; _builder_version=&#8221;4.27.2&#8243; _module_preset=&#8221;default&#8221; global_colors_info=&#8221;{}&#8221;][et_pb_image src=&#8221;https:\/\/marinkamraterna.se\/goteborg\/wp-content\/uploads\/sites\/15\/2024\/11\/IMG_6931-1-e1731314370416.jpg&#8221; title_text=&#8221;IMG 6931&#8243; _builder_version=&#8221;4.27.2&#8243; _module_preset=&#8221;default&#8221; global_colors_info=&#8221;{}&#8221;][\/et_pb_image][et_pb_image src=&#8221;https:\/\/marinkamraterna.se\/goteborg\/wp-content\/uploads\/sites\/15\/2024\/11\/IMG_6930-1.jpg&#8221; title_text=&#8221;IMG 6930&#8243; _builder_version=&#8221;4.27.2&#8243; _module_preset=&#8221;default&#8221; global_colors_info=&#8221;{}&#8221;][\/et_pb_image][et_pb_text _builder_version=&#8221;4.27.4&#8243; _module_preset=&#8221;default&#8221; global_colors_info=&#8221;{}&#8221;]<\/p>\n<p>2024\/11\/10 Schaktning o form f\u00e4rdig, nu \u00e5terst\u00e5r armering.<\/p>\n<p>[\/et_pb_text][et_pb_image src=&#8221;https:\/\/marinkamraterna.se\/goteborg\/wp-content\/uploads\/sites\/15\/2024\/11\/IMG_5110.jpg&#8221; title_text=&#8221;IMG 5110&#8243; admin_label=&#8221;Bild&#8221; _builder_version=&#8221;4.27.3&#8243; _module_preset=&#8221;default&#8221; global_colors_info=&#8221;{}&#8221;][\/et_pb_image][et_pb_text _builder_version=&#8221;4.27.4&#8243; _module_preset=&#8221;default&#8221; global_colors_info=&#8221;{}&#8221;]<\/p>\n<p>2024\/11\/11<\/p>\n<p>[\/et_pb_text][et_pb_image src=&#8221;https:\/\/marinkamraterna.se\/goteborg\/wp-content\/uploads\/sites\/15\/2024\/11\/Bild1.jpg&#8221; title_text=&#8221;Bild1&#8243; _builder_version=&#8221;4.27.3&#8243; _module_preset=&#8221;default&#8221; global_colors_info=&#8221;{}&#8221;][\/et_pb_image][et_pb_text _builder_version=&#8221;4.27.4&#8243; _module_preset=&#8221;default&#8221; global_colors_info=&#8221;{}&#8221;]<\/p>\n<p>Gjuten platta klar. P\u00e5 m\u00e5ndag den 18\/11 p\u00e5b\u00f6rjas resning av regelverk f\u00f6r nybygget p\u00e5 Marinstugan<\/p>\n<p>[\/et_pb_text][et_pb_image src=&#8221;https:\/\/marinkamraterna.se\/goteborg\/wp-content\/uploads\/sites\/15\/2024\/12\/IMG_70221.jpg&#8221; title_text=&#8221;IMG 70221&#8243; _builder_version=&#8221;4.27.4&#8243; _module_preset=&#8221;default&#8221; global_colors_info=&#8221;{}&#8221;][\/et_pb_image][et_pb_image src=&#8221;https:\/\/marinkamraterna.se\/goteborg\/wp-content\/uploads\/sites\/15\/2024\/12\/IMG_70231.jpg&#8221; title_text=&#8221;IMG 70231&#8243; _builder_version=&#8221;4.27.4&#8243; _module_preset=&#8221;default&#8221; global_colors_info=&#8221;{}&#8221;][\/et_pb_image][et_pb_text _builder_version=&#8221;4.27.4&#8243; _module_preset=&#8221;default&#8221; global_colors_info=&#8221;{}&#8221;]<\/p>\n<p>2024\/10\/12 Kabeldragningar klara, inkl\u00e4dning av ny fasad p\u00e5g\u00e5r. Detta blir klart p\u00e5 fredag,<\/p>\n<p>[\/et_pb_text][\/et_pb_column][\/et_pb_row][et_pb_row _builder_version=&#8221;4.22.2&#8243; _module_preset=&#8221;default&#8221; locked=&#8221;off&#8221; collapsed=&#8221;off&#8221; global_colors_info=&#8221;{}&#8221;][et_pb_column type=&#8221;4_4&#8243; saved_specialty_column_type=&#8221;2_3&#8243; _builder_version=&#8221;4.22.2&#8243; _module_preset=&#8221;default&#8221; global_colors_info=&#8221;{}&#8221;][\/et_pb_column][\/et_pb_row][et_pb_row _builder_version=&#8221;4.22.2&#8243; _module_preset=&#8221;default&#8221; locked=&#8221;off&#8221; global_colors_info=&#8221;{}&#8221;][et_pb_column type=&#8221;4_4&#8243; saved_specialty_column_type=&#8221;2_3&#8243; _builder_version=&#8221;4.22.2&#8243; _module_preset=&#8221;default&#8221; global_colors_info=&#8221;{}&#8221;][\/et_pb_column][\/et_pb_row][et_pb_row column_structure=&#8221;1_2,1_2&#8243; _builder_version=&#8221;4.27.2&#8243; _module_preset=&#8221;default&#8221; global_colors_info=&#8221;{}&#8221;][et_pb_column type=&#8221;1_2&#8243; _builder_version=&#8221;4.27.2&#8243; _module_preset=&#8221;default&#8221; global_colors_info=&#8221;{}&#8221;][\/et_pb_column][et_pb_column type=&#8221;1_2&#8243; _builder_version=&#8221;4.27.2&#8243; _module_preset=&#8221;default&#8221; global_colors_info=&#8221;{}&#8221;][\/et_pb_column][\/et_pb_row][\/et_pb_section]<\/p>\n","protected":false},"excerpt":{"rendered":"<p>11\/8 &#8211; 17\/8\u00a0 2025 Arbete p\u00e5g\u00e5rFlottans M\u00e4n G\u00f6teborg, har ju den ganska unika f\u00f6rm\u00e5nen att sedan l\u00e4nge ha en egen klubblokal &#8211; V\u00e5r Marinstuga.En tillbyggnad p\u00e5 ca 20 m2\u00a0f\u00f6r \u00f6kad tillg\u00e4nglighet har diskuterats l\u00e4nge.Nu \u00e4r Bygglov med startbesked beviljat f\u00f6r om och tillbyggnad av kapprum, hall och toaletter.Dessutom \u00e4r ans\u00f6kan hos Allm\u00e4nna Arvsfonden om bidrag [&hellip;]<\/p>\n","protected":false},"author":12,"featured_media":0,"parent":0,"menu_order":0,"comment_status":"closed","ping_status":"closed","template":"","meta":{"_et_pb_use_builder":"on","_et_pb_old_content":"","_et_gb_content_width":"","iawp_total_views":492,"footnotes":""},"class_list":["post-40598","page","type-page","status-publish","hentry"],"_links":{"self":[{"href":"https:\/\/marinkamraterna.se\/goteborg\/wp-json\/wp\/v2\/pages\/40598","targetHints":{"allow":["GET"]}}],"collection":[{"href":"https:\/\/marinkamraterna.se\/goteborg\/wp-json\/wp\/v2\/pages"}],"about":[{"href":"https:\/\/marinkamraterna.se\/goteborg\/wp-json\/wp\/v2\/types\/page"}],"author":[{"embeddable":true,"href":"https:\/\/marinkamraterna.se\/goteborg\/wp-json\/wp\/v2\/users\/12"}],"replies":[{"embeddable":true,"href":"https:\/\/marinkamraterna.se\/goteborg\/wp-json\/wp\/v2\/comments?post=40598"}],"version-history":[{"count":96,"href":"https:\/\/marinkamraterna.se\/goteborg\/wp-json\/wp\/v2\/pages\/40598\/revisions"}],"predecessor-version":[{"id":41823,"href":"https:\/\/marinkamraterna.se\/goteborg\/wp-json\/wp\/v2\/pages\/40598\/revisions\/41823"}],"wp:attachment":[{"href":"https:\/\/marinkamraterna.se\/goteborg\/wp-json\/wp\/v2\/media?parent=40598"}],"curies":[{"name":"wp","href":"https:\/\/api.w.org\/{rel}","templated":true}]}}