{"id":42582,"date":"2026-03-30T20:24:40","date_gmt":"2026-03-30T18:24:40","guid":{"rendered":"https:\/\/marinkamraterna.se\/goteborg\/?page_id=42582"},"modified":"2026-03-30T20:52:00","modified_gmt":"2026-03-30T18:52:00","slug":"marinstugan-uthyrning","status":"publish","type":"page","link":"https:\/\/marinkamraterna.se\/goteborg\/marinstugan-uthyrning\/","title":{"rendered":"MARINSTUGAN UTHYRNING"},"content":{"rendered":"<p>[et_pb_section fb_built=&#8221;1&#8243; _builder_version=&#8221;4.16&#8243; global_colors_info=&#8221;{}&#8221;][et_pb_row column_structure=&#8221;1_2,1_2&#8243; _builder_version=&#8221;4.16&#8243; background_size=&#8221;initial&#8221; background_position=&#8221;top_left&#8221; background_repeat=&#8221;repeat&#8221; global_colors_info=&#8221;{}&#8221;][et_pb_column type=&#8221;1_2&#8243; _builder_version=&#8221;4.16&#8243; custom_padding=&#8221;|||&#8221; global_colors_info=&#8221;{}&#8221; custom_padding__hover=&#8221;|||&#8221;][et_pb_text _builder_version=&#8221;4.27.6&#8243; background_size=&#8221;initial&#8221; background_position=&#8221;top_left&#8221; background_repeat=&#8221;repeat&#8221; link_option_url=&#8221;https:\/\/docs.google.com\/forms\/d\/e\/1FAIpQLSc-oBrTNOa8-NdHYUPUNH6S01-jkjfQuzQZnUe1yT-ABYUEHg\/viewform?usp=sharing&amp;ouid=103244959716340899687&#8243; hover_enabled=&#8221;0&#8243; global_colors_info=&#8221;{}&#8221; sticky_enabled=&#8221;0&#8243; admin_label=&#8221;BILD&#8221;]<\/p>\n<p><img loading=\"lazy\" decoding=\"async\" class=\"wp-image-42595 alignnone size-full\" src=\"https:\/\/marinkamraterna.se\/goteborg\/wp-content\/uploads\/sites\/15\/2026\/03\/IMG_00701-kopiera.jpg\" alt=\"\" width=\"595\" height=\"360\" srcset=\"https:\/\/marinkamraterna.se\/goteborg\/wp-content\/uploads\/sites\/15\/2026\/03\/IMG_00701-kopiera.jpg 595w, https:\/\/marinkamraterna.se\/goteborg\/wp-content\/uploads\/sites\/15\/2026\/03\/IMG_00701-kopiera-480x290.jpg 480w\" sizes=\"(min-width: 0px) and (max-width: 480px) 480px, (min-width: 481px) 595px, 100vw\" \/><\/p>\n<p>&nbsp;<\/p>\n<p>[\/et_pb_text][\/et_pb_column][et_pb_column type=&#8221;1_2&#8243; _builder_version=&#8221;4.16&#8243; custom_padding=&#8221;|||&#8221; global_colors_info=&#8221;{}&#8221; custom_padding__hover=&#8221;|||&#8221;][et_pb_text _builder_version=&#8221;4.27.6&#8243; _module_preset=&#8221;default&#8221; hover_enabled=&#8221;0&#8243; global_colors_info=&#8221;{}&#8221; sticky_enabled=&#8221;0&#8243;]<\/p>\n<p>Klicka p\u00e5 huset f\u00f6r att komma till anm\u00e4lan<br \/>av Marinstugan samt se kalender<\/p>\n<p>[\/et_pb_text][\/et_pb_column][\/et_pb_row][\/et_pb_section]<\/p>\n","protected":false},"excerpt":{"rendered":"<p>&nbsp;Klicka p\u00e5 huset f\u00f6r att komma till anm\u00e4lanav Marinstugan samt se kalender<\/p>\n","protected":false},"author":12,"featured_media":0,"parent":0,"menu_order":0,"comment_status":"closed","ping_status":"closed","template":"","meta":{"_et_pb_use_builder":"on","_et_pb_old_content":"<p>MARINSTUGAN - UTHYRNING<\/p>","_et_gb_content_width":"","iawp_total_views":18,"footnotes":""},"class_list":["post-42582","page","type-page","status-publish","hentry"],"_links":{"self":[{"href":"https:\/\/marinkamraterna.se\/goteborg\/wp-json\/wp\/v2\/pages\/42582","targetHints":{"allow":["GET"]}}],"collection":[{"href":"https:\/\/marinkamraterna.se\/goteborg\/wp-json\/wp\/v2\/pages"}],"about":[{"href":"https:\/\/marinkamraterna.se\/goteborg\/wp-json\/wp\/v2\/types\/page"}],"author":[{"embeddable":true,"href":"https:\/\/marinkamraterna.se\/goteborg\/wp-json\/wp\/v2\/users\/12"}],"replies":[{"embeddable":true,"href":"https:\/\/marinkamraterna.se\/goteborg\/wp-json\/wp\/v2\/comments?post=42582"}],"version-history":[{"count":13,"href":"https:\/\/marinkamraterna.se\/goteborg\/wp-json\/wp\/v2\/pages\/42582\/revisions"}],"predecessor-version":[{"id":42606,"href":"https:\/\/marinkamraterna.se\/goteborg\/wp-json\/wp\/v2\/pages\/42582\/revisions\/42606"}],"wp:attachment":[{"href":"https:\/\/marinkamraterna.se\/goteborg\/wp-json\/wp\/v2\/media?parent=42582"}],"curies":[{"name":"wp","href":"https:\/\/api.w.org\/{rel}","templated":true}]}}