{"id":33992,"date":"2021-06-04T19:14:35","date_gmt":"2021-06-04T17:14:35","guid":{"rendered":"http:\/\/andersa6.sg-host.com\/gotland\/?page_id=33992"},"modified":"2025-09-20T15:13:36","modified_gmt":"2025-09-20T13:13:36","slug":"verksamhetsberattelse","status":"publish","type":"page","link":"https:\/\/marinkamraterna.se\/gotland\/om-foreningen\/verksamhetsberattelse\/","title":{"rendered":"Verksamhetsber\u00e4ttelse"},"content":{"rendered":"<p>[et_pb_section fb_built=&#8221;1&#8243; specialty=&#8221;on&#8221; padding_top_1=&#8221;0px&#8221; padding_top_2=&#8221;0px&#8221; padding_top_bottom_link_1=&#8221;false&#8221; padding_top_bottom_link_2=&#8221;false&#8221; padding_left_right_link_1=&#8221;false&#8221; padding_left_right_link_2=&#8221;false&#8221; _builder_version=&#8221;4.16&#8243; _module_preset=&#8221;default&#8221; custom_margin=&#8221;||||false|false&#8221; custom_padding=&#8221;||||false|false&#8221; locked=&#8221;off&#8221; global_colors_info=&#8221;{}&#8221;][et_pb_column type=&#8221;3_4&#8243; specialty_columns=&#8221;3&#8243; _builder_version=&#8221;4.16&#8243; custom_padding=&#8221;|||&#8221; global_colors_info=&#8221;{}&#8221; custom_padding__hover=&#8221;|||&#8221;][et_pb_row_inner _builder_version=&#8221;4.16&#8243; _module_preset=&#8221;default&#8221; custom_padding=&#8221;0px||||false|false&#8221; global_colors_info=&#8221;{}&#8221;][et_pb_column_inner saved_specialty_column_type=&#8221;3_4&#8243; _builder_version=&#8221;4.16&#8243; _module_preset=&#8221;default&#8221; global_colors_info=&#8221;{}&#8221;][et_pb_post_title meta=&#8221;off&#8221; featured_image=&#8221;off&#8221; _builder_version=&#8221;4.16&#8243; _module_preset=&#8221;default&#8221; title_font_size=&#8221;35px&#8221; global_colors_info=&#8221;{}&#8221;][\/et_pb_post_title][et_pb_text _builder_version=&#8221;4.27.4&#8243; _module_preset=&#8221;default&#8221; hover_enabled=&#8221;0&#8243; global_colors_info=&#8221;{}&#8221; sticky_enabled=&#8221;0&#8243;]<\/p>\n<p>\u200b<\/p>\n<h1><em><u>VERKSAMHETSBER\u00c4TTELSE FLOTTANS M\u00c4N GOTLAND 2024 <\/u><\/em><\/h1>\n<p><strong>Kamratf\u00f6reningen Flottans M\u00e4n Gotland har som syfte att verka f\u00f6r gemenskap och sammanh\u00e5llning inom Flottan\/Marinen samt att genom samvaro fr\u00e4mja ett gott kamratskap mellan f\u00f6reningens medlemmar. Detta sker normalt fr\u00e4mst genom uppskattade m\u00e5natliga \u00e4rtmiddagar, d\u00e4r vi oftast bjuder p\u00e5 ett program med mycket givande och intressanta f\u00f6redrag med anknytning till Flottan\/Marinen. Styrelsen ser g\u00e4rna att fler medlemmar deltar.<\/strong><\/p>\n<p><strong>F\u00f6reningen har informerat p\u00e5 Flottans M\u00e4n hemsida <\/strong><a href=\"http:\/\/www.flottansman.se\"><strong>www.flottansman.se<\/strong><\/a><strong> samt skrivit i GA\/GT under rubriken \u201dF\u00f6reningsbrev\u201d samt haft \u00e5terkommande artiklar i v\u00e5r egen f\u00f6reningstidskrift.<\/strong><\/p>\n<p><strong>F\u00f6r att st\u00e4rka medlemmarnas framtidstro har ordf\u00f6randen fortsatt att skicka informationsmejl som f\u00f6rhoppningsvis medverkat till att h\u00e5lla \u00e5ngan uppe bland medlemmarna!<\/strong><\/p>\n<p><strong>Vid \u00e5rets b\u00f6rjan bestod f\u00f6reningen av 72 medlemmar och vid \u00e5rets slut av 68 medlemmar varav 1 hedersmedlem och 2 st\u00e4ndiga medlemmar.<br \/><\/strong><strong>Avlidna: G\u00f6sta Elvinder, Hans H\u00f6rlin<br \/><\/strong><strong>Avslutade medlemskap: Lars Flemstr\u00f6m, Yngwe Johansson, Ragnar \u00d6berg<br \/><\/strong><strong>Ny medlem: Mona Andersson<\/strong><\/p>\n<p><strong><em><u>Styrelsen 2024<\/u><\/em><\/strong><\/p>\n<p><strong>Ordf\u00f6rande\/sekreterare\u00a0 \u00a0\u00a0\u00a0\u00a0\u00a0\u00a0\u00a0\u00a0\u00a0\u00a0\u00a0\u00a0\u00a0\u00a0\u00a0\u00a0\u00a0\u00a0\u00a0\u00a0\u00a0 Lars Ellebring<br \/>Vice ordf\u00f6rande\/programansvarig\u00a0\u00a0\u00a0\u00a0\u00a0 Lars Danielson\u00a0\u00a0\u00a0\u00a0\u00a0\u00a0\u00a0\u00a0\u00a0\u00a0\u00a0\u00a0\u00a0\u00a0\u00a0\u00a0\u00a0\u00a0\u00a0\u00a0\u00a0\u00a0\u00a0\u00a0\u00a0\u00a0\u00a0\u00a0\u00a0\u00a0\u00a0\u00a0\u00a0\u00a0\u00a0\u00a0\u00a0\u00a0 <\/strong><\/p>\n<p><strong>Kass\u00f6r\/medlemsmatrikeln\u00a0\u00a0\u00a0\u00a0\u00a0\u00a0\u00a0\u00a0\u00a0\u00a0\u00a0\u00a0\u00a0\u00a0\u00a0\u00a0\u00a0\u00a0 Marita W\u00f6ldern<\/strong><\/p>\n<p><strong>Ledamot\/Klubbm\u00e4stare\u00a0 \u00a0\u00a0\u00a0\u00a0\u00a0\u00a0\u00a0\u00a0\u00a0\u00a0\u00a0\u00a0\u00a0\u00a0\u00a0\u00a0\u00a0\u00a0\u00a0\u00a0\u00a0 Olle H\u00e5kansson<\/strong><\/p>\n<p><strong><em><u>\u00d6vriga funktion\u00e4rer<\/u><\/em><\/strong><\/p>\n<p><strong>Programkommitt\u00e9n\u00a0\u00a0\u00a0\u00a0\u00a0\u00a0\u00a0\u00a0\u00a0\u00a0\u00a0\u00a0\u00a0\u00a0\u00a0\u00a0\u00a0\u00a0\u00a0\u00a0\u00a0\u00a0\u00a0\u00a0\u00a0\u00a0\u00a0\u00a0\u00a0\u00a0 Lars Danielson <\/strong><\/p>\n<p><strong>Webmaster\/tillika pressref\u00a0\u00a0\u00a0\u00a0\u00a0\u00a0\u00a0\u00a0\u00a0\u00a0\u00a0\u00a0\u00a0\u00a0\u00a0\u00a0\u00a0\u00a0 Lars Ellebring<\/strong><\/p>\n<p><strong>Revisorer\u00a0\u00a0\u00a0\u00a0\u00a0\u00a0\u00a0\u00a0\u00a0\u00a0\u00a0\u00a0\u00a0\u00a0\u00a0\u00a0\u00a0\u00a0\u00a0\u00a0\u00a0\u00a0\u00a0\u00a0\u00a0\u00a0\u00a0\u00a0\u00a0\u00a0\u00a0\u00a0\u00a0\u00a0\u00a0\u00a0\u00a0\u00a0\u00a0\u00a0\u00a0\u00a0\u00a0\u00a0\u00a0\u00a0\u00a0 Per-Olof Andersson, Lars Gr\u00f6nberg. <\/strong><\/p>\n<p><strong>Valberedning\u00a0\u00a0\u00a0\u00a0\u00a0\u00a0\u00a0\u00a0\u00a0\u00a0\u00a0\u00a0\u00a0\u00a0\u00a0\u00a0\u00a0\u00a0\u00a0\u00a0\u00a0\u00a0\u00a0\u00a0\u00a0\u00a0\u00a0\u00a0\u00a0\u00a0\u00a0\u00a0\u00a0\u00a0\u00a0\u00a0\u00a0\u00a0\u00a0\u00a0\u00a0 Thommy Bernqvist, Olle H\u00e5kansson, G\u00f6ran Kronquist<\/strong><\/p>\n<h2><u>Styrelsem\u00f6ten<\/u><\/h2>\n<p><strong>Styrelsen har under 2024 haft 2 protokollf\u00f6rda fysiska m\u00f6ten. Ut\u00f6ver detta har styrelsebeslut tagits via e-postkonversation.<\/strong><\/p>\n<h2><u>Aktiviteter under \u00e5ret 2024<\/u><\/h2>\n<p><strong>I genomsnitt har 19 medlemmar mfl deltagit vid v\u00e5ra sammankomster.<\/strong><\/p>\n<p><strong><em><u>25 januari \u00c4rtmiddag<br \/><\/u><\/em><\/strong><strong>\u00c5rets f\u00f6rsta \u00e4rtsoppa i Marinstugan. Kv\u00e4llen inleddes med ett f\u00f6redrag av Alf S\u00f6derman vid L\u00e4nsstyrelsen \u2013 GOTLAND UR F\u00d6RSVARSDIREKT\u00d6RENS PERSPEKTIV. 27 anm\u00e4lda.<\/strong><\/p>\n<p><strong><em><u>5 februari Gotlands regementes h\u00f6gtidsdag<br \/><\/u><\/em><\/strong><strong>Ordf\u00f6randen, Stephen Trodden och Bj\u00f6rn Ekl\u00f6f representerade Flottans M\u00e4n Gotland i kamratf\u00f6reningarnas fanborg vid h\u00f6gtiden vid Visby garnison ute p\u00e5 Tofta skjutf\u00e4lt.<\/strong><\/p>\n<p><strong><em><u>2 mars \u00c5rsm\u00f6te<br \/><\/u><\/em><\/strong><strong>21 deltagare hade \u00a0h\u00f6rsammat kallelsen till \u00e5rsm\u00f6tet som genomf\u00f6rdes i Marinstugan. F\u00f6rutom stadgeenliga \u00e4renden f\u00f6reslog styrelsen och beslutade \u00e5rsm\u00f6tet att styrelsen utarbetar f\u00f6rslag hur f\u00f6reningens framtid ska se ut efter \u00e5rsm\u00f6tet 2025.<\/strong><\/p>\n<p><strong><em><u>21 mars \u00c4rtmiddag <\/u><\/em><u><br \/><\/u>UTAN F\u00d6REDRAG! Vi g\u00e5r direkt till bords och har en \u201ds\u00e5ngarafton\u201d. 15 anm\u00e4lda deltagare.<\/strong><\/p>\n<p><strong><em><u>18 april \u00c4rtmiddag<br \/><\/u><\/em><\/strong><strong>Kv\u00e4llen inleddes med Jakob Ringbom som ber\u00e4ttade om sin senaste bok \u201dS\/S Hansa, minnet av en sj\u00f6katastrof\u201d och erbj\u00f6d signerade exempelar till f\u00f6rs\u00e4ljning.<\/strong><\/p>\n<p><strong><em><u>5 -7 maj Riks\u00e5rsm\u00f6te<br \/><\/u><\/em><\/strong><strong>Ordf\u00f6randen representerade vid Riks\u00e5rsm\u00f6tet tillika lokalf\u00f6reningskonferensen<\/strong><\/p>\n<p><strong><em><u>30 maj Sillunch<br \/><\/u><\/em><\/strong><strong>Inget s\u00e4rskilt program \/ f\u00f6redrag, vi gick \u00a0till bords direkt\u00a0 .. <em>mycket s\u00e5ng och n\u00e5gra inspel\/ anekdotiskt.<\/em> 16 hungriga s\u00e5ngare hade anm\u00e4lt sig.<\/strong><\/p>\n<p><strong><em><u>6 juni Nationaldagen<br \/><\/u><\/em>F\u00f6reningen deltog i nationaldagsfirandet vid Gotlands f\u00f6rsvarsmuseum i Tingst\u00e4de. En solig och varm dag hade lockat m\u00e5nga bes\u00f6kare. V\u00e5r fana deltog i fanborgen tillsammans med \u00f6vriga kamratf\u00f6reningar. Lars Ellebring svarade som fanf\u00f6rare.<\/strong><\/p>\n<p><strong><em><u>8 juni Gotlands regementes (P 18) sommarsamling<br \/><\/u><\/em><\/strong><strong>F\u00f6reningen deltog i P 18 (v\u00e5rt v\u00e4rdf\u00f6rband) sommarsamling vid Suderbys herrg\u00e5rd. En ny plats f\u00f6r Gotlands regemente. Fanf\u00f6rare var Lars Ellebring.<\/strong><\/p>\n<p><strong><em><u>28 sepember internationella sj\u00f6fartsdagen<br \/><\/u><\/em><\/strong><strong>P\u00e5 biografen p\u00e5 Adelsgatan samlas vi och uppm\u00e4rksammar INTERNATIONELLA SJ\u00d6FARTSDAGEN\u00a0 28\/9 tillsammans med Sj\u00f6v\u00e4rnsk\u00e5ren och Skeppargillet.<br \/><\/strong><strong>Inbjudan med program mejlas ut 2 veckor innan &#8230; MEN redan nu vet vi att \u00e5rets\u00a0 film blir MYTERIET P\u00c5 CAINE MED HAMPHERY BOAGART SOM DEN PRESSADE FARTYGSCHEFEN&#8230;<\/strong><\/p>\n<p><strong><em><u>19 oktober<br \/><\/u><\/em><\/strong><strong>F\u00f6reningen inbjuden till Garnisonens dag vid Suderbys herrg\u00e5rd. Ok\u00e4nt antal deltagare<\/strong><\/p>\n<p><strong><em><u>31 oktober \u00c4rtmiddag<br \/><\/u><\/em><\/strong><strong>Kv\u00e4llens program\u00a0\u201dS\u00e5ng och ber\u00e4ttarafton\u201d.\u00a0Vi njuter av mat och dryck OCH sjunger ur v\u00e5rt eget s\u00e5ngh\u00e4fte varvat med egna ber\u00e4ttelser fr\u00e5n hav och kust. 12 \u201d<em>s\u00e5ngare\u201d <\/em>deltog.<\/strong><\/p>\n<p><strong><em><u>11 november<br \/><\/u><\/em><\/strong><strong>Lars E och Lars D deltog i SMKR regionala m\u00f6te i Marinstugan. <\/strong><\/p>\n<p><strong><em><u>22 november Inbjudna till SVK PUB-afton i Marinstugan.<br \/><\/u><\/em><\/strong><strong>Rysslandsk\u00e4nnaren f.d, Marinattachen Christian Allerman gav oss en inblick i den ryska krigsmakten och Putins \u00f6vergrepp p\u00e5 Ukraina. Christian Allerman har under tv\u00e5 skilda perioder tj\u00e4nstgjort som f\u00f6rsvarsattach\u00e9 i Moskva och har d\u00e4refter fortsatt f\u00f6lja den utveckling v\u00e5r stora granne genomg\u00e5r. ~5 deltagare.<\/strong><\/p>\n<p><strong><em><u>12 december<br \/><\/u><\/em><\/strong><strong>Vi var p\u00e5 sedvanligt vis inbjudna till P18 Julsamling i Visby Domkyrka<\/strong><strong>med efterf\u00f6ljande fika. Ok\u00e4nt antal deltagare i Domkyrkan. Inga anm\u00e4lda till fikat.<\/strong><\/p>\n<p><strong><em><u>7 december Jullunch<br \/><\/u><\/em><\/strong><strong>Som traditionen bjuder avslutades verksamhets\u00e5ret med jullunch p\u00e5 restaurang Koggen vid Scandic Visby. Till v\u00e4lkomstgl\u00f6ggen underh\u00f6lls vi av levande och v\u00e4lkomnande julmusik. P\u00e5 sedvanligt proffsigt man\u00e9r bj\u00f6d sen Scandic med sin personal p\u00e5 en smakfull komposition p\u00e5 tv\u00e5 tallrikar med bla flera sorters sill och lax, \u00e4gghalvor med r\u00e4kor samt k\u00f6ttbullar, prinskorv, pat\u00e9 och julskinka f\u00f6ljt av kaffe och saffranspannkaka. Under m\u00e5ltiden sj\u00f6ng vi m\u00e5nga visor ur v\u00e5rt uppdaterade s\u00e5ngh\u00e4fte 2.0. <\/strong><strong>Ordf\u00f6randen spelade under m\u00e5ltiden upp en kortversion p\u00e5 Gutam\u00e5l av Viktor Rydbergs Tomten. 24 matglade deltagare deltog.<\/strong><\/p>\n<h2><u>F\u00f6reningens ekonomi<\/u><\/h2>\n<p><strong>R\u00e4kenskaps\u00e5ret l\u00f6per per kalender\u00e5r.<br \/><\/strong><strong>Resultat och balansr\u00e4kning f\u00f6r \u00e5ret redovisas i separat bilaga.<\/strong><\/p>\n<h2><u>Representation<\/u><\/h2>\n<p><strong>F\u00f6reningen har uppvaktat medlemmar som fyllt j\u00e4mna \u00e5r enligt fastst\u00e4llda regler.<br \/><\/strong><strong>F\u00f6reningen representerar p\u00e5 anh\u00f6rigas beg\u00e4ran vid avliden kamrats begravning.<\/strong><\/p>\n<p><strong>Lars Ellebring\u00a0 \u00a0 \u00a0 \u00a0 \u00a0 \u00a0 \u00a0 \u00a0 \u00a0 \u00a0 \u00a0 \u00a0 \u00a0 \u00a0 \u00a0 \u00a0 \u00a0 \u00a0 \u00a0 \u00a0 \u00a0 \u00a0 \u00a0 \u00a0 \u00a0 \u00a0 \u00a0 \u00a0 \u00a0 \u00a0 \u00a0 \u00a0 Lars Danielson<\/strong><\/p>\n<p>Marita W\u00f6ldern\u00a0 \u00a0 \u00a0 \u00a0 \u00a0 \u00a0 \u00a0 \u00a0 \u00a0 \u00a0 \u00a0 \u00a0 \u00a0 \u00a0 \u00a0 \u00a0 \u00a0 \u00a0 \u00a0 \u00a0 \u00a0 \u00a0 \u00a0 \u00a0 \u00a0 \u00a0 \u00a0 \u00a0 \u00a0 \u00a0 \u00a0 \u00a0 Olle h\u00e5kansson<\/p>\n<p><strong>\u00a0<\/strong><\/p>\n<p><strong>\u00a0<\/strong><\/p>\n<p><strong>\u00a0\u00a0\u00a0\u00a0\u00a0\u00a0\u00a0\u00a0\u00a0\u00a0\u00a0\u00a0\u00a0\u00a0\u00a0\u00a0\u00a0\u00a0\u00a0\u00a0\u00a0 <\/strong><\/p>\n<p><strong>\u00a0<\/strong><\/p>\n<p>[\/et_pb_text][\/et_pb_column_inner][\/et_pb_row_inner][\/et_pb_column][et_pb_column type=&#8221;1_4&#8243; _builder_version=&#8221;4.16&#8243; custom_padding=&#8221;|||&#8221; global_colors_info=&#8221;{}&#8221; custom_padding__hover=&#8221;|||&#8221;][et_pb_image src=&#8221;http:\/\/marinkamraterna.se\/gotland\/wp-content\/uploads\/sites\/3\/2021\/04\/oql0evyd_n8.jpg&#8221; alt=&#8221;body of water during golden hour&#8221; title_text=&#8221;Photo by Joseph Barrientos&#8221; _builder_version=&#8221;4.16&#8243; _module_preset=&#8221;default&#8221; custom_margin=&#8221;||10px||false|false&#8221; custom_padding=&#8221;||||false|false&#8221; global_colors_info=&#8221;{}&#8221;][\/et_pb_image][et_pb_text _builder_version=&#8221;4.16&#8243; _module_preset=&#8221;default&#8221; text_font=&#8221;||on||||||&#8221; text_font_size=&#8221;14px&#8221; global_colors_info=&#8221;{}&#8221;]<\/p>\n<p>Bildtext<\/p>\n<p>[\/et_pb_text][et_pb_sidebar orientation=&#8221;right&#8221; area=&#8221;et_pb_widget_area_5&#8243; module_class=&#8221;right-menues&#8221; _builder_version=&#8221;4.9.11&#8243; _module_preset=&#8221;default&#8221; custom_margin=&#8221;||0px||false|false&#8221; global_module=&#8221;35107&#8243; saved_tabs=&#8221;all&#8221; global_colors_info=&#8221;{}&#8221;][\/et_pb_sidebar][et_pb_sidebar orientation=&#8221;right&#8221; _builder_version=&#8221;4.9.4&#8243; _module_preset=&#8221;default&#8221; header_font=&#8221;|600||on|||||&#8221; header_font_size=&#8221;20px&#8221; global_module=&#8221;33531&#8243; saved_tabs=&#8221;all&#8221; locked=&#8221;on&#8221; global_colors_info=&#8221;{}&#8221;][\/et_pb_sidebar][\/et_pb_column][\/et_pb_section]<\/p>\n","protected":false},"excerpt":{"rendered":"<p>\u200b VERKSAMHETSBER\u00c4TTELSE FLOTTANS M\u00c4N GOTLAND 2024 Kamratf\u00f6reningen Flottans M\u00e4n Gotland har som syfte att verka f\u00f6r gemenskap och sammanh\u00e5llning inom Flottan\/Marinen samt att genom samvaro fr\u00e4mja ett gott kamratskap mellan f\u00f6reningens medlemmar. Detta sker normalt fr\u00e4mst genom uppskattade m\u00e5natliga \u00e4rtmiddagar, d\u00e4r vi oftast bjuder p\u00e5 ett program med mycket givande och intressanta f\u00f6redrag med anknytning [&hellip;]<\/p>\n","protected":false},"author":1,"featured_media":0,"parent":33152,"menu_order":5,"comment_status":"closed","ping_status":"closed","template":"","meta":{"_et_pb_use_builder":"on","_et_pb_old_content":"<p>Du kan ta del av f\u00f6reningens verksamhetsber\u00e4ttelse genom att klicka p\u00e5 dessa l\u00e4nkar:<\/p>","_et_gb_content_width":"","iawp_total_views":42,"footnotes":""},"class_list":["post-33992","page","type-page","status-publish","hentry"],"_links":{"self":[{"href":"https:\/\/marinkamraterna.se\/gotland\/wp-json\/wp\/v2\/pages\/33992","targetHints":{"allow":["GET"]}}],"collection":[{"href":"https:\/\/marinkamraterna.se\/gotland\/wp-json\/wp\/v2\/pages"}],"about":[{"href":"https:\/\/marinkamraterna.se\/gotland\/wp-json\/wp\/v2\/types\/page"}],"author":[{"embeddable":true,"href":"https:\/\/marinkamraterna.se\/gotland\/wp-json\/wp\/v2\/users\/1"}],"replies":[{"embeddable":true,"href":"https:\/\/marinkamraterna.se\/gotland\/wp-json\/wp\/v2\/comments?post=33992"}],"version-history":[{"count":11,"href":"https:\/\/marinkamraterna.se\/gotland\/wp-json\/wp\/v2\/pages\/33992\/revisions"}],"predecessor-version":[{"id":37679,"href":"https:\/\/marinkamraterna.se\/gotland\/wp-json\/wp\/v2\/pages\/33992\/revisions\/37679"}],"up":[{"embeddable":true,"href":"https:\/\/marinkamraterna.se\/gotland\/wp-json\/wp\/v2\/pages\/33152"}],"wp:attachment":[{"href":"https:\/\/marinkamraterna.se\/gotland\/wp-json\/wp\/v2\/media?parent=33992"}],"curies":[{"name":"wp","href":"https:\/\/api.w.org\/{rel}","templated":true}]}}