{"id":23,"date":"2020-12-09T16:01:15","date_gmt":"2020-12-09T15:01:15","guid":{"rendered":"https:\/\/wwps.se\/?page_id=23"},"modified":"2025-12-27T17:04:39","modified_gmt":"2025-12-27T16:04:39","slug":"startsidan","status":"publish","type":"page","link":"https:\/\/marinkamraterna.se\/halmstad\/","title":{"rendered":"Startsidan"},"content":{"rendered":"<p>[et_pb_section fb_built=&#8221;1&#8243; use_custom_gutter=&#8221;on&#8221; gutter_width=&#8221;2&#8243; specialty=&#8221;on&#8221; padding_top_1=&#8221;45px&#8221; padding_top_2=&#8221;45px&#8221; padding_right_1=&#8221;50px&#8221; padding_right_2=&#8221;30px&#8221; padding_left_1=&#8221;50px&#8221; padding_left_2=&#8221;30px&#8221; padding_top_bottom_link_1=&#8221;false&#8221; padding_top_bottom_link_2=&#8221;false&#8221; padding_left_right_link_1=&#8221;true&#8221; padding_left_right_link_2=&#8221;true&#8221; custom_css_main_2=&#8221;border-left: 1px solid #eeeeee&#8221; _builder_version=&#8221;4.18.0&#8243; _module_preset=&#8221;default&#8221; inner_width=&#8221;100%&#8221; custom_margin=&#8221;||||false|false&#8221; custom_padding=&#8221;0px||||false|false&#8221; locked=&#8221;off&#8221; global_colors_info=&#8221;{}&#8221;][et_pb_column type=&#8221;2_3&#8243; specialty_columns=&#8221;2&#8243; _builder_version=&#8221;4.16&#8243; custom_padding=&#8221;|||&#8221; global_colors_info=&#8221;{}&#8221; custom_padding__hover=&#8221;|||&#8221;][et_pb_row_inner _builder_version=&#8221;4.16&#8243; _module_preset=&#8221;default&#8221; custom_padding=&#8221;0px||||false|false&#8221; global_colors_info=&#8221;{}&#8221;][et_pb_column_inner saved_specialty_column_type=&#8221;3_4&#8243; _builder_version=&#8221;4.16&#8243; _module_preset=&#8221;default&#8221; global_colors_info=&#8221;{}&#8221;][et_pb_image src=&#8221;https:\/\/marinkamraterna.se\/halmstad\/wp-content\/uploads\/sites\/16\/2021\/09\/Marinstugan_framsida.jpg&#8221; title_text=&#8221;Marinstugan Framsida&#8221; disabled_on=&#8221;off|off|off&#8221; _builder_version=&#8221;4.17.4&#8243; _module_preset=&#8221;default&#8221; global_colors_info=&#8221;{}&#8221;][\/et_pb_image][et_pb_text _builder_version=&#8221;4.27.5&#8243; _module_preset=&#8221;default&#8221; hover_enabled=&#8221;0&#8243; global_colors_info=&#8221;{}&#8221; sticky_enabled=&#8221;0&#8243; admin_label=&#8221;Text&#8221;]<\/p>\n<p><img loading=\"lazy\" decoding=\"async\" class=\"wp-image-39269 size-full aligncenter\" src=\"https:\/\/marinkamraterna.se\/halmstad\/wp-content\/uploads\/sites\/16\/2025\/12\/Valkomstbaner_startsida_Marinkamraterna.jpg\" alt=\"\" width=\"466\" height=\"144\" srcset=\"https:\/\/marinkamraterna.se\/halmstad\/wp-content\/uploads\/sites\/16\/2025\/12\/Valkomstbaner_startsida_Marinkamraterna.jpg 466w, https:\/\/marinkamraterna.se\/halmstad\/wp-content\/uploads\/sites\/16\/2025\/12\/Valkomstbaner_startsida_Marinkamraterna-300x93.jpg 300w\" sizes=\"(max-width: 466px) 100vw, 466px\" \/><\/p>\n<p>[\/et_pb_text][et_pb_divider _builder_version=&#8221;4.16&#8243; _module_preset=&#8221;default&#8221; global_colors_info=&#8221;{}&#8221;][\/et_pb_divider][et_pb_text _builder_version=&#8221;4.16&#8243; _module_preset=&#8221;default&#8221; global_colors_info=&#8221;{}&#8221;]<\/p>\n<h3 style=\"text-align: center\" align=\"center\">Marinstugan, Dragv\u00e4gen, 302 90 Halmstad<\/h3>\n<h3 style=\"text-align: center\" align=\"center\">Kan hyras f\u00f6r privata och ordnade festligheter f\u00f6r ca 40 personer. Br\u00f6llop, barndop, f\u00f6delsedagar, m\u00f6ten, vin-\/ \u00f6lprovning.\u00a0 \u00a0 \u00a0 \u00a0 \u00a0 \u00a0 \u00a0 F\u00f6r mer info: Anders K\u00e4lebo 070-958 00 12<\/h3>\n<h3 style=\"text-align: center\" align=\"center\">E-post:\u00a0<a href=\"mailto:halmstad@flottansman.se\">halmstad@marinkamraterna.se<\/a><\/h3>\n<h3 style=\"text-align: center\" align=\"center\">Plusgiro: 26 32 56 &#8211; 0<\/h3>\n<p>[\/et_pb_text][\/et_pb_column_inner][\/et_pb_row_inner][\/et_pb_column][et_pb_column type=&#8221;1_3&#8243; _builder_version=&#8221;4.16&#8243; custom_padding=&#8221;|||&#8221; global_colors_info=&#8221;{}&#8221; custom_padding__hover=&#8221;|||&#8221;][et_pb_blurb title=&#8221;Aktuellt&#8221; use_icon=&#8221;on&#8221; font_icon=&#8221;&#xe080;||divi||400&#8243; icon_placement=&#8221;left&#8221; _builder_version=&#8221;4.16&#8243; _module_preset=&#8221;default&#8221; header_font=&#8221;|600||on|||||&#8221; header_font_size=&#8221;20px&#8221; background_color=&#8221;#FFFFFF&#8221; border_width_bottom=&#8221;2px&#8221; border_color_bottom=&#8221;#0C71C3&#8243; locked=&#8221;on&#8221; global_colors_info=&#8221;{}&#8221;][\/et_pb_blurb][et_pb_blog posts_number=&#8221;3&#8243; meta_date=&#8221;j F, Y&#8221; show_thumbnail=&#8221;off&#8221; use_manual_excerpt=&#8221;off&#8221; show_more=&#8221;on&#8221; show_author=&#8221;off&#8221; show_categories=&#8221;off&#8221; show_pagination=&#8221;off&#8221; module_class=&#8221;aktuellt-startsidan&#8221; _builder_version=&#8221;4.18.0&#8243; _module_preset=&#8221;default&#8221; header_font=&#8221;||||||||&#8221; header_font_size=&#8221;20px&#8221; body_font_size=&#8221;14px&#8221; meta_font=&#8221;||on||||||&#8221; meta_font_size=&#8221;14px&#8221; meta_line_height=&#8221;1em&#8221; read_more_font=&#8221;|600||on|||||&#8221; custom_margin=&#8221;||||false|false&#8221; custom_padding=&#8221;||||false|false&#8221; locked=&#8221;on&#8221; global_colors_info=&#8221;{}&#8221;][\/et_pb_blog][et_pb_button button_url=&#8221;\/halmstad\/kategori\/nyheter\/&#8221; button_text=&#8221;Se alla nyheter&#8221; button_alignment=&#8221;right&#8221; _builder_version=&#8221;4.18.0&#8243; _module_preset=&#8221;default&#8221; custom_button=&#8221;on&#8221; button_text_size=&#8221;15px&#8221; button_on_hover=&#8221;off&#8221; custom_margin=&#8221;||50px||false|false&#8221; locked=&#8221;on&#8221; global_colors_info=&#8221;{}&#8221;][\/et_pb_button][et_pb_blurb title=&#8221;Kalendarium&#8221; use_icon=&#8221;on&#8221; font_icon=&#8221;&#xe025;||divi||400&#8243; icon_placement=&#8221;left&#8221; _builder_version=&#8221;4.16&#8243; _module_preset=&#8221;default&#8221; header_font=&#8221;|600||on|||||&#8221; header_font_size=&#8221;20px&#8221; background_color=&#8221;#FFFFFF&#8221; border_width_bottom=&#8221;2px&#8221; border_color_bottom=&#8221;#0C71C3&#8243; locked=&#8221;on&#8221; global_colors_info=&#8221;{}&#8221;][\/et_pb_blurb][et_pb_sidebar area=&#8221;et_pb_widget_area_1&#8243; _builder_version=&#8221;4.16&#8243; _module_preset=&#8221;default&#8221; locked=&#8221;on&#8221; global_colors_info=&#8221;{}&#8221;][\/et_pb_sidebar][et_pb_blurb title=&#8221;Aktuellt F\u00f6rbundet&#8221; use_icon=&#8221;on&#8221; font_icon=&#8221;&#xe080;||divi||400&#8243; icon_placement=&#8221;left&#8221; _builder_version=&#8221;4.16&#8243; _module_preset=&#8221;default&#8221; header_font=&#8221;|600||on|||||&#8221; header_font_size=&#8221;20px&#8221; border_width_bottom=&#8221;2px&#8221; border_color_bottom=&#8221;#0C71C3&#8243; locked=&#8221;on&#8221; global_colors_info=&#8221;{}&#8221;][\/et_pb_blurb][et_pb_code _builder_version=&#8221;4.16&#8243; _module_preset=&#8221;default&#8221; locked=&#8221;on&#8221; global_colors_info=&#8221;{}&#8221;]<div class=\"wpra-display align\" data-display-id=\"1\" hx-target=\"this\" hx-swap=\"outerHTML\">    <div class=\"wp-rss-aggregator wpra-list-template \">\n        <ul class=\"rss-aggregator wpra-item-list \" start=\"1\">\n                <li class=\"wpra-item feed-item \">\n        <a href=\"https:\/\/marinkamraterna.se\/aktuellt\/2026\/04\/02\/forlangd-anmalningstid-till-riks-26\/\" class=\"\" target=\"_blank\" rel=\"noopener noreferrer nofollow\" style=\"\">F\u00f6rl\u00e4ngd anm\u00e4lningstid till Riks 26<\/a>\n\n        <div class=\"wprss-feed-meta\">\n            \n                <span class=\"feed-date\">\n        Publicerad 2026-04-02\n    <\/span>\n            \n        <\/div>\n\n        \n    <\/li>    <li class=\"wpra-item feed-item \">\n        <a href=\"https:\/\/marinkamraterna.se\/aktuellt\/2026\/02\/10\/riksarsmotet-2026\/\" class=\"\" target=\"_blank\" rel=\"noopener noreferrer nofollow\" style=\"\">Riks\u00e5rsm\u00f6tet 2026<\/a>\n\n        <div class=\"wprss-feed-meta\">\n            \n                <span class=\"feed-date\">\n        Publicerad 2026-02-10\n    <\/span>\n            \n        <\/div>\n\n        \n    <\/li>    <li class=\"wpra-item feed-item \">\n        <a href=\"https:\/\/marinkamraterna.se\/aktuellt\/2025\/12\/02\/hemsidorna-har-nu-bytt-adress\/\" class=\"\" target=\"_blank\" rel=\"noopener noreferrer nofollow\" style=\"\">Hemsidorna har nu bytt adress<\/a>\n\n        <div class=\"wprss-feed-meta\">\n            \n                <span class=\"feed-date\">\n        Publicerad 2025-12-02\n    <\/span>\n            \n        <\/div>\n\n        \n    <\/li>\n        <\/ul>\n    <\/div> <\/div>[\/et_pb_code][et_pb_button button_url=&#8221;\/kategori\/riksnyheter\/&#8221; url_new_window=&#8221;on&#8221; button_text=&#8221;Se alla f\u00f6rbundsnyheter&#8221; button_alignment=&#8221;right&#8221; _builder_version=&#8221;4.16&#8243; _module_preset=&#8221;default&#8221; custom_button=&#8221;on&#8221; button_text_size=&#8221;15px&#8221; button_on_hover=&#8221;off&#8221; custom_margin=&#8221;||||false|false&#8221; locked=&#8221;on&#8221; global_colors_info=&#8221;{}&#8221;][\/et_pb_button][\/et_pb_column][\/et_pb_section]<\/p>\n","protected":false},"excerpt":{"rendered":"<p>Marinstugan, Dragv\u00e4gen, 302 90 Halmstad Kan hyras f\u00f6r privata och ordnade festligheter f\u00f6r ca 40 personer. Br\u00f6llop, barndop, f\u00f6delsedagar, m\u00f6ten, vin-\/ \u00f6lprovning.\u00a0 \u00a0 \u00a0 \u00a0 \u00a0 \u00a0 \u00a0 F\u00f6r mer info: Anders K\u00e4lebo 070-958 00 12 E-post:\u00a0halmstad@marinkamraterna.se Plusgiro: 26 32 56 &#8211; 0<\/p>\n<div class=\"wpra-display align\" data-display-id=\"1\" hx-target=\"this\" hx-swap=\"outerHTML\">\n<div class=\"wp-rss-aggregator wpra-list-template \">\n<ul class=\"rss-aggregator wpra-item-list \" start=\"1\">\n<li class=\"wpra-item feed-item \">\n        <a href=\"https:\/\/marinkamraterna.se\/aktuellt\/2026\/04\/02\/forlangd-anmalningstid-till-riks-26\/\" class=\"\" target=\"_blank\" rel=\"noopener noreferrer nofollow\" style=\"\">F\u00f6rl\u00e4ngd anm\u00e4lningstid till Riks 26<\/a><\/p>\n<div class=\"wprss-feed-meta\">\n<p>                <span class=\"feed-date\"><br \/>\n        Publicerad 2026-04-02<br \/>\n    <\/span><\/p><\/div>\n<\/li>\n<li class=\"wpra-item feed-item \">\n        <a href=\"https:\/\/marinkamraterna.se\/aktuellt\/2026\/02\/10\/riksarsmotet-2026\/\" class=\"\" target=\"_blank\" rel=\"noopener noreferrer nofollow\" style=\"\">Riks\u00e5rsm\u00f6tet 2026<\/a><\/p>\n<div class=\"wprss-feed-meta\">\n<p>                <span class=\"feed-date\"><br \/>\n        Publicerad 2026-02-10<br \/>\n    <\/span><\/p><\/div>\n<\/li>\n<li class=\"wpra-item feed-item \">\n        <a href=\"https:\/\/marinkamraterna.se\/aktuellt\/2025\/12\/02\/hemsidorna-har-nu-bytt-adress\/\" class=\"\" target=\"_blank\" rel=\"noopener noreferrer nofollow\" style=\"\">Hemsidorna har nu bytt adress<\/a><\/p>\n<div class=\"wprss-feed-meta\">\n<p>                <span class=\"feed-date\"><br \/>\n        Publicerad 2025-12-02<br \/>\n    <\/span><\/p><\/div>\n<\/li>\n<\/ul><\/div>\n<\/p><\/div><\/p>\n","protected":false},"author":1,"featured_media":0,"parent":0,"menu_order":1,"comment_status":"closed","ping_status":"closed","template":"","meta":{"_et_pb_use_builder":"on","_et_pb_old_content":"","_et_gb_content_width":"","iawp_total_views":4153,"footnotes":""},"class_list":["post-23","page","type-page","status-publish","hentry"],"_links":{"self":[{"href":"https:\/\/marinkamraterna.se\/halmstad\/wp-json\/wp\/v2\/pages\/23","targetHints":{"allow":["GET"]}}],"collection":[{"href":"https:\/\/marinkamraterna.se\/halmstad\/wp-json\/wp\/v2\/pages"}],"about":[{"href":"https:\/\/marinkamraterna.se\/halmstad\/wp-json\/wp\/v2\/types\/page"}],"author":[{"embeddable":true,"href":"https:\/\/marinkamraterna.se\/halmstad\/wp-json\/wp\/v2\/users\/1"}],"replies":[{"embeddable":true,"href":"https:\/\/marinkamraterna.se\/halmstad\/wp-json\/wp\/v2\/comments?post=23"}],"version-history":[{"count":21,"href":"https:\/\/marinkamraterna.se\/halmstad\/wp-json\/wp\/v2\/pages\/23\/revisions"}],"predecessor-version":[{"id":39272,"href":"https:\/\/marinkamraterna.se\/halmstad\/wp-json\/wp\/v2\/pages\/23\/revisions\/39272"}],"wp:attachment":[{"href":"https:\/\/marinkamraterna.se\/halmstad\/wp-json\/wp\/v2\/media?parent=23"}],"curies":[{"name":"wp","href":"https:\/\/api.w.org\/{rel}","templated":true}]}}