{"id":33163,"date":"2020-12-10T17:44:33","date_gmt":"2020-12-10T16:44:33","guid":{"rendered":"https:\/\/wwps.se\/?page_id=33163"},"modified":"2021-05-31T17:46:13","modified_gmt":"2021-05-31T15:46:13","slug":"webbkarta","status":"publish","type":"page","link":"https:\/\/marinkamraterna.se\/halmstad\/webbkarta\/","title":{"rendered":"Webbkarta"},"content":{"rendered":"<p>[et_pb_section fb_built=&#8221;1&#8243; specialty=&#8221;on&#8221; _builder_version=&#8221;4.9.4&#8243; _module_preset=&#8221;default&#8221; custom_padding=&#8221;||||false|false&#8221; hover_enabled=&#8221;0&#8243; locked=&#8221;off&#8221; sticky_enabled=&#8221;0&#8243; custom_margin=&#8221;||||false|false&#8221; padding_top_2=&#8221;0px&#8221; padding_top_bottom_link_2=&#8221;false&#8221; padding_left_right_link_2=&#8221;false&#8221; padding_top_1=&#8221;0px&#8221; padding_top_bottom_link_1=&#8221;false&#8221; padding_left_right_link_1=&#8221;false&#8221;][et_pb_column type=&#8221;3_4&#8243; specialty_columns=&#8221;3&#8243; _builder_version=&#8221;3.25&#8243; custom_padding=&#8221;|||&#8221; custom_padding__hover=&#8221;|||&#8221;][et_pb_row_inner _builder_version=&#8221;4.9.4&#8243; _module_preset=&#8221;default&#8221; hover_enabled=&#8221;0&#8243; custom_padding=&#8221;0px||||false|false&#8221; sticky_enabled=&#8221;0&#8243;][et_pb_column_inner saved_specialty_column_type=&#8221;3_4&#8243; _builder_version=&#8221;4.9.3&#8243; _module_preset=&#8221;default&#8221; hover_enabled=&#8221;0&#8243; sticky_enabled=&#8221;0&#8243;][et_pb_post_title meta=&#8221;off&#8221; featured_image=&#8221;off&#8221; _builder_version=&#8221;4.9.4&#8243; _module_preset=&#8221;default&#8221; title_font_size=&#8221;35px&#8221; hover_enabled=&#8221;0&#8243; custom_padding=&#8221;||||false|false&#8221; custom_margin=&#8221;||0px||false|false&#8221; sticky_enabled=&#8221;0&#8243;][\/et_pb_post_title][et_pb_text _builder_version=&#8221;4.7.4&#8243; _module_preset=&#8221;default&#8221;]<\/p>\n<p><span><div class=\"wsp-container\"><h2 class=\"wsp-pages-title\">Sidor<\/h2>\n<ul class=\"wsp-pages-list\">\n<li class=\"page_item page-item-38206\"><a href=\"https:\/\/marinkamraterna.se\/halmstad\/arkiv\/\">Arkiv<\/a><\/li>\n<li class=\"page_item page-item-38426\"><a href=\"https:\/\/marinkamraterna.se\/halmstad\/arsberattelser\/\">\u00c5rsber\u00e4ttelser<\/a><\/li>\n<li class=\"page_item page-item-39028\"><a href=\"https:\/\/marinkamraterna.se\/halmstad\/bildgalleri\/\">Bilder<\/a><\/li>\n<li class=\"page_item page-item-38671\"><a href=\"https:\/\/marinkamraterna.se\/halmstad\/bokning\/\">Bokning<\/a><\/li>\n<li class=\"page_item page-item-38458\"><a href=\"https:\/\/marinkamraterna.se\/halmstad\/flagg-och-heders\/\">Flagg och Heders<\/a><\/li>\n<li class=\"page_item page-item-38291\"><a href=\"https:\/\/marinkamraterna.se\/halmstad\/tidningen-flottans-man\/\">Flottans M\u00e4n<\/a><\/li>\n<li class=\"page_item page-item-38228\"><a href=\"https:\/\/marinkamraterna.se\/halmstad\/fmts-vard-vardforband\/\">FMTS &#8211; v\u00e5rd v\u00e4rdf\u00f6rband<\/a><\/li>\n<li class=\"page_item page-item-39075\"><a href=\"https:\/\/marinkamraterna.se\/halmstad\/forbundsordforande-besoker-flottans-man-i-halmstad\/\">F\u00f6rbundsordf\u00f6rande bes\u00f6ker Flottans M\u00e4n i Halmstad<\/a><\/li>\n<li class=\"page_item page-item-38469\"><a href=\"https:\/\/marinkamraterna.se\/halmstad\/formaner\/\">F\u00f6rm\u00e5ner<\/a><\/li>\n<li class=\"page_item page-item-38315\"><a href=\"https:\/\/marinkamraterna.se\/halmstad\/hederstecken-2\/\">Hederstecken<\/a><\/li>\n<li class=\"page_item page-item-39050\"><a href=\"https:\/\/marinkamraterna.se\/halmstad\/kamratafton-2025-09-25\/\">Kamratafton 2025-09-25<\/a><\/li>\n<li class=\"page_item page-item-39166\"><a href=\"https:\/\/marinkamraterna.se\/halmstad\/kamratafton-2025-11-27\/\">Kamratafton 2025-11-27<\/a><\/li>\n<li class=\"page_item page-item-39382\"><a href=\"https:\/\/marinkamraterna.se\/halmstad\/kamratafton-26-februari-2026\/\">Kamratafton 26 februari 2026<\/a><\/li>\n<li class=\"page_item page-item-39437\"><a href=\"https:\/\/marinkamraterna.se\/halmstad\/kamratafton-26-mars-2026\/\">Kamratafton 26 mars 2026<\/a><\/li>\n<li class=\"page_item page-item-39117\"><a href=\"https:\/\/marinkamraterna.se\/halmstad\/kamratafton-30-oktober-2025\/\">Kamratafton 30 oktober 2025<\/a><\/li>\n<li class=\"page_item page-item-38221\"><a href=\"https:\/\/marinkamraterna.se\/halmstad\/lankar\/\">L\u00e4nkar<\/a><\/li>\n<li class=\"page_item page-item-38624\"><a href=\"https:\/\/marinkamraterna.se\/halmstad\/marinen-500-ar-jubileet\/\">Marinen 500 \u00e5r Jubil\u00e9et<\/a><\/li>\n<li class=\"page_item page-item-38232\"><a href=\"https:\/\/marinkamraterna.se\/halmstad\/marinmuseum\/\">Marinmuseum<\/a><\/li>\n<li class=\"page_item page-item-38629\"><a href=\"https:\/\/marinkamraterna.se\/halmstad\/medlemsforsakringar\/\">Medlemsf\u00f6rs\u00e4kringar<\/a><\/li>\n<li class=\"page_item page-item-38472\"><a href=\"https:\/\/marinkamraterna.se\/halmstad\/medlemsinformation\/\">Medlemsinformation<\/a><\/li>\n<li class=\"page_item page-item-39347\"><a href=\"https:\/\/marinkamraterna.se\/halmstad\/program-2026-3\/\">Program 2026<\/a><\/li>\n<li class=\"page_item page-item-38725\"><a href=\"https:\/\/marinkamraterna.se\/halmstad\/protokoll-2\/\">Protokoll \u00c5rsm\u00f6ten<\/a><\/li>\n<li class=\"page_item page-item-38861\"><a href=\"https:\/\/marinkamraterna.se\/halmstad\/protokoll-fran-riksarsmoten\/\">Protokoll fr\u00e5n Riks\u00e5rsm\u00f6ten<\/a><\/li>\n<li class=\"page_item page-item-38224\"><a href=\"https:\/\/marinkamraterna.se\/halmstad\/smkr\/\">SMKR<\/a><\/li>\n<li class=\"page_item page-item-38306\"><a href=\"https:\/\/marinkamraterna.se\/halmstad\/stadgar-uppdaterade\/\">Stadgar<\/a><\/li>\n<li class=\"page_item page-item-38665\"><a href=\"https:\/\/marinkamraterna.se\/halmstad\/stora-tratten\/\">Stora Tratten<\/a><\/li>\n<li class=\"page_item page-item-38674\"><a href=\"https:\/\/marinkamraterna.se\/halmstad\/stora-tratten-2\/\">Stora Tratten<\/a><\/li>\n<li class=\"page_item page-item-38668\"><a href=\"https:\/\/marinkamraterna.se\/halmstad\/stugorna\/\">Stugorna<\/a><\/li>\n<li class=\"page_item page-item-38841\"><a href=\"https:\/\/marinkamraterna.se\/halmstad\/stugrenovering-2025\/\">Stugrenovering 2025<\/a><\/li>\n<li class=\"page_item page-item-39326\"><a href=\"https:\/\/marinkamraterna.se\/halmstad\/styrelsen-for-foreningen-marinkamraterna-i-halmstad\/\">Styrelsen<\/a><\/li>\n<li class=\"page_item page-item-38751\"><a href=\"https:\/\/marinkamraterna.se\/halmstad\/styrelseuppdrag-genom-tiderna\/\">Styrelseuppdrag genom tiderna<\/a><\/li>\n<li class=\"page_item page-item-38379\"><a href=\"https:\/\/marinkamraterna.se\/halmstad\/tidningen\/\">Tidningen<\/a><\/li>\n<li class=\"page_item page-item-33152 page_item_has_children\"><a href=\"https:\/\/marinkamraterna.se\/halmstad\/om-foreningen\/\">Om f\u00f6reningen<\/a>\n<ul class='children'>\n\t<li class=\"page_item page-item-33990\"><a href=\"https:\/\/marinkamraterna.se\/halmstad\/om-foreningen\/stadgar\/\">Stadgar<\/a><\/li>\n\t<li class=\"page_item page-item-33992\"><a href=\"https:\/\/marinkamraterna.se\/halmstad\/om-foreningen\/verksamhetsberattelse\/\">\u00c5rsber\u00e4ttelse 2024<\/a><\/li>\n<\/ul>\n<\/li>\n<li class=\"page_item page-item-23 page_item_has_children\"><a href=\"https:\/\/marinkamraterna.se\/halmstad\/\">Startsidan<\/a>\n<ul class='children'>\n\t<li class=\"page_item page-item-37049 page_item_has_children\"><a href=\"https:\/\/marinkamraterna.se\/halmstad\/startsidan\/marinstugan\/\">Reportage<\/a>\n\t<ul class='children'>\n\t\t<li class=\"page_item page-item-37625\"><a href=\"https:\/\/marinkamraterna.se\/halmstad\/startsidan\/marinstugan\/2021-kamratafton-28-okt-3\/\">2021 Kamratafton 28 okt<\/a><\/li>\n\t\t<li class=\"page_item page-item-37673\"><a href=\"https:\/\/marinkamraterna.se\/halmstad\/startsidan\/marinstugan\/2021-kamratafton-30-sept\/\">2021 Kamratafton 30 sept<\/a><\/li>\n\t\t<li class=\"page_item page-item-37700\"><a href=\"https:\/\/marinkamraterna.se\/halmstad\/startsidan\/marinstugan\/2022-st-och-kv-mote\/\">2022 st  och kv m\u00f6te<\/a><\/li>\n\t\t<li class=\"page_item page-item-37793\"><a href=\"https:\/\/marinkamraterna.se\/halmstad\/startsidan\/marinstugan\/galleri\/\">Adventslunch 2021-12-06<\/a><\/li>\n\t\t<li class=\"page_item page-item-37418\"><a href=\"https:\/\/marinkamraterna.se\/halmstad\/startsidan\/marinstugan\/automatiskt-utkast\/\">Adventslunch20216dec<\/a><\/li>\n\t\t<li class=\"page_item page-item-37996\"><a href=\"https:\/\/marinkamraterna.se\/halmstad\/startsidan\/marinstugan\/kamratafton-2022-03-31\/\">Kamratafton 2022-03-31<\/a><\/li>\n\t\t<li class=\"page_item page-item-38151\"><a href=\"https:\/\/marinkamraterna.se\/halmstad\/startsidan\/marinstugan\/kamratafton-22-10\/\">Kamratafton 22-10-28<\/a><\/li>\n\t\t<li class=\"page_item page-item-37529\"><a href=\"https:\/\/marinkamraterna.se\/halmstad\/startsidan\/marinstugan\/kamratafton-24-febr-2022\/\">Kamratafton 24 febr 2022<\/a><\/li>\n\t\t<li class=\"page_item page-item-38388\"><a href=\"https:\/\/marinkamraterna.se\/halmstad\/startsidan\/marinstugan\/marinstugan\/\">Marinstugan<\/a><\/li>\n\t\t<li class=\"page_item page-item-38814\"><a href=\"https:\/\/marinkamraterna.se\/halmstad\/startsidan\/marinstugan\/varfesten-2025\/\">V\u00e5rfesten 2025<\/a><\/li>\n\t<\/ul>\n<\/li>\n\t<li class=\"page_item page-item-35275\"><a href=\"https:\/\/marinkamraterna.se\/halmstad\/startsidan\/sponsorer\/\">Sponsorer<\/a><\/li>\n<\/ul>\n<\/li>\n<li class=\"page_item page-item-33357\"><a href=\"https:\/\/marinkamraterna.se\/halmstad\/bilder\/\">Bildgalleri<\/a><\/li>\n<li class=\"page_item page-item-33353\"><a href=\"https:\/\/marinkamraterna.se\/halmstad\/program\/\">Program<\/a><\/li>\n<li class=\"page_item page-item-33146\"><a href=\"https:\/\/marinkamraterna.se\/halmstad\/bli-medlem\/\">Bli medlem<\/a><\/li>\n<li class=\"page_item page-item-33510\"><a href=\"https:\/\/marinkamraterna.se\/halmstad\/kontakt\/\">Kontakt<\/a><\/li>\n<li class=\"page_item page-item-33161\"><a href=\"https:\/\/marinkamraterna.se\/halmstad\/integritetspolicy\/\">Integritetspolicy<\/a><\/li>\n<li class=\"page_item page-item-33380\"><a href=\"https:\/\/marinkamraterna.se\/halmstad\/kalendarium\/\">Kalendarium<\/a><\/li>\n<li class=\"page_item page-item-33163\"><a href=\"https:\/\/marinkamraterna.se\/halmstad\/webbkarta\/\">Webbkarta<\/a><\/li>\n<\/ul>\n<\/div><\/span><\/p>\n<p>[\/et_pb_text][\/et_pb_column_inner][\/et_pb_row_inner][\/et_pb_column][et_pb_column type=&#8221;1_4&#8243; _builder_version=&#8221;3.25&#8243; custom_padding=&#8221;|||&#8221; custom_padding__hover=&#8221;|||&#8221;][et_pb_sidebar _builder_version=&#8221;4.9.4&#8243; _module_preset=&#8221;default&#8221; hover_enabled=&#8221;0&#8243; orientation=&#8221;right&#8221; sticky_enabled=&#8221;0&#8243; header_font_size=&#8221;20px&#8221; header_font=&#8221;|600||on|||||&#8221; global_module=&#8221;33531&#8243; saved_tabs=&#8221;all&#8221; locked=&#8221;on&#8221;][\/et_pb_sidebar][\/et_pb_column][\/et_pb_section]<\/p>\n","protected":false},"excerpt":{"rendered":"<div class=\"wsp-container\">\n<h2 class=\"wsp-pages-title\">Sidor<\/h2>\n<ul class=\"wsp-pages-list\">\n<li class=\"page_item page-item-38206\"><a href=\"https:\/\/marinkamraterna.se\/halmstad\/arkiv\/\">Arkiv<\/a><\/li>\n<li class=\"page_item page-item-38426\"><a href=\"https:\/\/marinkamraterna.se\/halmstad\/arsberattelser\/\">\u00c5rsber\u00e4ttelser<\/a><\/li>\n<li class=\"page_item page-item-39028\"><a href=\"https:\/\/marinkamraterna.se\/halmstad\/bildgalleri\/\">Bilder<\/a><\/li>\n<li class=\"page_item page-item-38671\"><a href=\"https:\/\/marinkamraterna.se\/halmstad\/bokning\/\">Bokning<\/a><\/li>\n<li class=\"page_item page-item-38458\"><a href=\"https:\/\/marinkamraterna.se\/halmstad\/flagg-och-heders\/\">Flagg och Heders<\/a><\/li>\n<li class=\"page_item page-item-38291\"><a href=\"https:\/\/marinkamraterna.se\/halmstad\/tidningen-flottans-man\/\">Flottans M\u00e4n<\/a><\/li>\n<li class=\"page_item page-item-38228\"><a href=\"https:\/\/marinkamraterna.se\/halmstad\/fmts-vard-vardforband\/\">FMTS &#8211; v\u00e5rd v\u00e4rdf\u00f6rband<\/a><\/li>\n<li class=\"page_item page-item-39075\"><a href=\"https:\/\/marinkamraterna.se\/halmstad\/forbundsordforande-besoker-flottans-man-i-halmstad\/\">F\u00f6rbundsordf\u00f6rande bes\u00f6ker Flottans M\u00e4n i Halmstad<\/a><\/li>\n<li class=\"page_item page-item-38469\"><a href=\"https:\/\/marinkamraterna.se\/halmstad\/formaner\/\">F\u00f6rm\u00e5ner<\/a><\/li>\n<li class=\"page_item page-item-38315\"><a href=\"https:\/\/marinkamraterna.se\/halmstad\/hederstecken-2\/\">Hederstecken<\/a><\/li>\n<li class=\"page_item page-item-39050\"><a href=\"https:\/\/marinkamraterna.se\/halmstad\/kamratafton-2025-09-25\/\">Kamratafton 2025-09-25<\/a><\/li>\n<li class=\"page_item page-item-39166\"><a href=\"https:\/\/marinkamraterna.se\/halmstad\/kamratafton-2025-11-27\/\">Kamratafton 2025-11-27<\/a><\/li>\n<li class=\"page_item page-item-39382\"><a href=\"https:\/\/marinkamraterna.se\/halmstad\/kamratafton-26-februari-2026\/\">Kamratafton 26 februari 2026<\/a><\/li>\n<li class=\"page_item page-item-39437\"><a href=\"https:\/\/marinkamraterna.se\/halmstad\/kamratafton-26-mars-2026\/\">Kamratafton 26 mars 2026<\/a><\/li>\n<li class=\"page_item page-item-39117\"><a href=\"https:\/\/marinkamraterna.se\/halmstad\/kamratafton-30-oktober-2025\/\">Kamratafton 30 oktober 2025<\/a><\/li>\n<li class=\"page_item page-item-38221\"><a href=\"https:\/\/marinkamraterna.se\/halmstad\/lankar\/\">L\u00e4nkar<\/a><\/li>\n<li class=\"page_item page-item-38624\"><a href=\"https:\/\/marinkamraterna.se\/halmstad\/marinen-500-ar-jubileet\/\">Marinen 500 \u00e5r Jubil\u00e9et<\/a><\/li>\n<li class=\"page_item page-item-38232\"><a href=\"https:\/\/marinkamraterna.se\/halmstad\/marinmuseum\/\">Marinmuseum<\/a><\/li>\n<li class=\"page_item page-item-38629\"><a href=\"https:\/\/marinkamraterna.se\/halmstad\/medlemsforsakringar\/\">Medlemsf\u00f6rs\u00e4kringar<\/a><\/li>\n<li class=\"page_item page-item-38472\"><a href=\"https:\/\/marinkamraterna.se\/halmstad\/medlemsinformation\/\">Medlemsinformation<\/a><\/li>\n<li class=\"page_item page-item-39347\"><a href=\"https:\/\/marinkamraterna.se\/halmstad\/program-2026-3\/\">Program 2026<\/a><\/li>\n<li class=\"page_item page-item-38725\"><a href=\"https:\/\/marinkamraterna.se\/halmstad\/protokoll-2\/\">Protokoll \u00c5rsm\u00f6ten<\/a><\/li>\n<li class=\"page_item page-item-38861\"><a href=\"https:\/\/marinkamraterna.se\/halmstad\/protokoll-fran-riksarsmoten\/\">Protokoll fr\u00e5n Riks\u00e5rsm\u00f6ten<\/a><\/li>\n<li class=\"page_item page-item-38224\"><a href=\"https:\/\/marinkamraterna.se\/halmstad\/smkr\/\">SMKR<\/a><\/li>\n<li class=\"page_item page-item-38306\"><a href=\"https:\/\/marinkamraterna.se\/halmstad\/stadgar-uppdaterade\/\">Stadgar<\/a><\/li>\n<li class=\"page_item page-item-38665\"><a href=\"https:\/\/marinkamraterna.se\/halmstad\/stora-tratten\/\">Stora Tratten<\/a><\/li>\n<li class=\"page_item page-item-38674\"><a href=\"https:\/\/marinkamraterna.se\/halmstad\/stora-tratten-2\/\">Stora Tratten<\/a><\/li>\n<li class=\"page_item page-item-38668\"><a href=\"https:\/\/marinkamraterna.se\/halmstad\/stugorna\/\">Stugorna<\/a><\/li>\n<li class=\"page_item page-item-38841\"><a href=\"https:\/\/marinkamraterna.se\/halmstad\/stugrenovering-2025\/\">Stugrenovering 2025<\/a><\/li>\n<li class=\"page_item page-item-39326\"><a href=\"https:\/\/marinkamraterna.se\/halmstad\/styrelsen-for-foreningen-marinkamraterna-i-halmstad\/\">Styrelsen<\/a><\/li>\n<li class=\"page_item page-item-38751\"><a href=\"https:\/\/marinkamraterna.se\/halmstad\/styrelseuppdrag-genom-tiderna\/\">Styrelseuppdrag genom tiderna<\/a><\/li>\n<li class=\"page_item page-item-38379\"><a href=\"https:\/\/marinkamraterna.se\/halmstad\/tidningen\/\">Tidningen<\/a><\/li>\n<li class=\"page_item page-item-33152 page_item_has_children\"><a href=\"https:\/\/marinkamraterna.se\/halmstad\/om-foreningen\/\">Om f\u00f6reningen<\/a>\n<ul class='children'>\n<li class=\"page_item page-item-33990\"><a href=\"https:\/\/marinkamraterna.se\/halmstad\/om-foreningen\/stadgar\/\">Stadgar<\/a><\/li>\n<li class=\"page_item page-item-33992\"><a href=\"https:\/\/marinkamraterna.se\/halmstad\/om-foreningen\/verksamhetsberattelse\/\">\u00c5rsber\u00e4ttelse 2024<\/a><\/li>\n<\/ul>\n<\/li>\n<li class=\"page_item page-item-23 page_item_has_children\"><a href=\"https:\/\/marinkamraterna.se\/halmstad\/\">Startsidan<\/a>\n<ul class='children'>\n<li class=\"page_item page-item-37049 page_item_has_children\"><a href=\"https:\/\/marinkamraterna.se\/halmstad\/startsidan\/marinstugan\/\">Reportage<\/a>\n<ul class='children'>\n<li class=\"page_item page-item-37625\"><a href=\"https:\/\/marinkamraterna.se\/halmstad\/startsidan\/marinstugan\/2021-kamratafton-28-okt-3\/\">2021 Kamratafton 28 okt<\/a><\/li>\n<li class=\"page_item page-item-37673\"><a href=\"https:\/\/marinkamraterna.se\/halmstad\/startsidan\/marinstugan\/2021-kamratafton-30-sept\/\">2021 Kamratafton 30 sept<\/a><\/li>\n<li class=\"page_item page-item-37700\"><a href=\"https:\/\/marinkamraterna.se\/halmstad\/startsidan\/marinstugan\/2022-st-och-kv-mote\/\">2022 st  och kv m\u00f6te<\/a><\/li>\n<li class=\"page_item page-item-37793\"><a href=\"https:\/\/marinkamraterna.se\/halmstad\/startsidan\/marinstugan\/galleri\/\">Adventslunch 2021-12-06<\/a><\/li>\n<li class=\"page_item page-item-37418\"><a href=\"https:\/\/marinkamraterna.se\/halmstad\/startsidan\/marinstugan\/automatiskt-utkast\/\">Adventslunch20216dec<\/a><\/li>\n<li class=\"page_item page-item-37996\"><a href=\"https:\/\/marinkamraterna.se\/halmstad\/startsidan\/marinstugan\/kamratafton-2022-03-31\/\">Kamratafton 2022-03-31<\/a><\/li>\n<li class=\"page_item page-item-38151\"><a href=\"https:\/\/marinkamraterna.se\/halmstad\/startsidan\/marinstugan\/kamratafton-22-10\/\">Kamratafton 22-10-28<\/a><\/li>\n<li class=\"page_item page-item-37529\"><a href=\"https:\/\/marinkamraterna.se\/halmstad\/startsidan\/marinstugan\/kamratafton-24-febr-2022\/\">Kamratafton 24 febr 2022<\/a><\/li>\n<li class=\"page_item page-item-38388\"><a href=\"https:\/\/marinkamraterna.se\/halmstad\/startsidan\/marinstugan\/marinstugan\/\">Marinstugan<\/a><\/li>\n<li class=\"page_item page-item-38814\"><a href=\"https:\/\/marinkamraterna.se\/halmstad\/startsidan\/marinstugan\/varfesten-2025\/\">V\u00e5rfesten 2025<\/a><\/li>\n<\/ul>\n<\/li>\n<li class=\"page_item page-item-35275\"><a href=\"https:\/\/marinkamraterna.se\/halmstad\/startsidan\/sponsorer\/\">Sponsorer<\/a><\/li>\n<\/ul>\n<\/li>\n<li class=\"page_item page-item-33357\"><a href=\"https:\/\/marinkamraterna.se\/halmstad\/bilder\/\">Bildgalleri<\/a><\/li>\n<li class=\"page_item page-item-33353\"><a href=\"https:\/\/marinkamraterna.se\/halmstad\/program\/\">Program<\/a><\/li>\n<li class=\"page_item page-item-33146\"><a href=\"https:\/\/marinkamraterna.se\/halmstad\/bli-medlem\/\">Bli medlem<\/a><\/li>\n<li class=\"page_item page-item-33510\"><a href=\"https:\/\/marinkamraterna.se\/halmstad\/kontakt\/\">Kontakt<\/a><\/li>\n<li class=\"page_item page-item-33161\"><a href=\"https:\/\/marinkamraterna.se\/halmstad\/integritetspolicy\/\">Integritetspolicy<\/a><\/li>\n<li class=\"page_item page-item-33380\"><a href=\"https:\/\/marinkamraterna.se\/halmstad\/kalendarium\/\">Kalendarium<\/a><\/li>\n<li class=\"page_item page-item-33163\"><a href=\"https:\/\/marinkamraterna.se\/halmstad\/webbkarta\/\">Webbkarta<\/a><\/li>\n<\/ul>\n<\/div>\n","protected":false},"author":1,"featured_media":0,"parent":0,"menu_order":24,"comment_status":"closed","ping_status":"closed","template":"","meta":{"_et_pb_use_builder":"on","_et_pb_old_content":"","_et_gb_content_width":"","iawp_total_views":20,"footnotes":""},"class_list":["post-33163","page","type-page","status-publish","hentry"],"_links":{"self":[{"href":"https:\/\/marinkamraterna.se\/halmstad\/wp-json\/wp\/v2\/pages\/33163","targetHints":{"allow":["GET"]}}],"collection":[{"href":"https:\/\/marinkamraterna.se\/halmstad\/wp-json\/wp\/v2\/pages"}],"about":[{"href":"https:\/\/marinkamraterna.se\/halmstad\/wp-json\/wp\/v2\/types\/page"}],"author":[{"embeddable":true,"href":"https:\/\/marinkamraterna.se\/halmstad\/wp-json\/wp\/v2\/users\/1"}],"replies":[{"embeddable":true,"href":"https:\/\/marinkamraterna.se\/halmstad\/wp-json\/wp\/v2\/comments?post=33163"}],"version-history":[{"count":4,"href":"https:\/\/marinkamraterna.se\/halmstad\/wp-json\/wp\/v2\/pages\/33163\/revisions"}],"predecessor-version":[{"id":33534,"href":"https:\/\/marinkamraterna.se\/halmstad\/wp-json\/wp\/v2\/pages\/33163\/revisions\/33534"}],"wp:attachment":[{"href":"https:\/\/marinkamraterna.se\/halmstad\/wp-json\/wp\/v2\/media?parent=33163"}],"curies":[{"name":"wp","href":"https:\/\/api.w.org\/{rel}","templated":true}]}}