{"id":33353,"date":"2021-04-05T13:38:35","date_gmt":"2021-04-05T11:38:35","guid":{"rendered":"https:\/\/andersa6.sg-host.com\/?page_id=33353"},"modified":"2022-04-02T12:26:17","modified_gmt":"2022-04-02T10:26:17","slug":"program","status":"publish","type":"page","link":"https:\/\/marinkamraterna.se\/halmstad\/program\/","title":{"rendered":"Program"},"content":{"rendered":"<p>[et_pb_section fb_built=&#8221;1&#8243; specialty=&#8221;on&#8221; padding_top_bottom_link_1=&#8221;false&#8221; padding_top_bottom_link_2=&#8221;false&#8221; padding_left_right_link_1=&#8221;false&#8221; padding_left_right_link_2=&#8221;false&#8221; padding_top_1=&#8221;0px&#8221; padding_top_2=&#8221;0px&#8221; admin_label=&#8221;Sektion&#8221; _builder_version=&#8221;4.14.9&#8243; _module_preset=&#8221;default&#8221; custom_margin=&#8221;||||false|false&#8221; custom_padding=&#8221;||||false|false&#8221; locked=&#8221;off&#8221; global_colors_info=&#8221;{}&#8221;][et_pb_column type=&#8221;3_4&#8243; specialty_columns=&#8221;3&#8243; _builder_version=&#8221;3.25&#8243; custom_padding=&#8221;|||&#8221; global_colors_info=&#8221;{}&#8221; custom_padding__hover=&#8221;|||&#8221;][et_pb_row_inner _builder_version=&#8221;4.9.3&#8243; _module_preset=&#8221;default&#8221; custom_padding=&#8221;0px||||false|false&#8221; global_colors_info=&#8221;{}&#8221;][et_pb_column_inner saved_specialty_column_type=&#8221;3_4&#8243; _builder_version=&#8221;4.9.3&#8243; _module_preset=&#8221;default&#8221; global_colors_info=&#8221;{}&#8221;][et_pb_post_title meta=&#8221;off&#8221; featured_image=&#8221;off&#8221; admin_label=&#8221;Inl\u00e4ggstitel&#8221; _builder_version=&#8221;4.9.3&#8243; _module_preset=&#8221;default&#8221; title_font_size=&#8221;35px&#8221; global_colors_info=&#8221;{}&#8221;][\/et_pb_post_title][et_pb_text disabled_on=&#8221;on|on|on&#8221; admin_label=&#8221;Text&#8221; _builder_version=&#8221;4.14.9&#8243; _module_preset=&#8221;default&#8221; disabled=&#8221;on&#8221; global_colors_info=&#8221;{}&#8221;]<\/p>\n<h3>2022<\/h3>\n<table style=\"border-collapse: collapse;width: 33.5738%;height: 512px\" border=\"1\">\n<tbody>\n<tr style=\"height: 25px\">\n<td style=\"width: 5.21975%;height: 25px\"><strong>Dag<\/strong><\/td>\n<td style=\"width: 4.67041%;height: 25px\"><strong>Datum<\/strong><\/td>\n<td style=\"width: 18.3704%;height: 25px\"><strong>Event<\/strong><\/td>\n<td style=\"width: 5.31333%;height: 25px\"><strong>Tid<\/strong><\/td>\n<\/tr>\n<tr style=\"height: 23px\">\n<td style=\"width: 5.21975%;height: 23px\">Torsdag<\/td>\n<td style=\"width: 4.67041%;height: 23px\">24\/2<\/td>\n<td style=\"width: 18.3704%;height: 23px\">Kamratafton<\/td>\n<td style=\"width: 5.31333%;height: 23px\">18:00<\/td>\n<\/tr>\n<tr style=\"height: 23px\">\n<td style=\"width: 5.21975%;height: 23px\">Torsdag<\/td>\n<td style=\"width: 4.67041%;height: 23px\">31\/3<\/td>\n<td style=\"width: 18.3704%;height: 23px\">Kamratafton<\/td>\n<td style=\"width: 5.31333%;height: 23px\">18:00<\/td>\n<\/tr>\n<tr style=\"height: 24px\">\n<td style=\"width: 5.21975%;height: 24px\">Torsdag<\/td>\n<td style=\"width: 4.67041%;height: 24px\">28\/4<\/td>\n<td style=\"width: 18.3704%;height: 24px\">Kamratafton<\/td>\n<td style=\"width: 5.31333%;height: 24px\">18:00<\/td>\n<\/tr>\n<tr style=\"height: 23px\">\n<td style=\"width: 5.21975%;height: 23px\">M\u00e5ndag<\/td>\n<td style=\"width: 4.67041%;height: 23px\">2\/5<\/td>\n<td style=\"width: 18.3704%;height: 23px\">V\u00e5rst\u00e4dning<\/td>\n<td style=\"width: 5.31333%;height: 23px\">09:30<\/td>\n<\/tr>\n<tr style=\"height: 23px\">\n<td style=\"width: 5.21975%;height: 23px\">Tisdag<\/td>\n<td style=\"width: 4.67041%;height: 23px\">3\/5<\/td>\n<td style=\"width: 18.3704%;height: 23px\">V\u00e5rst\u00e4dning<\/td>\n<td style=\"width: 5.31333%;height: 23px\">09:30<\/td>\n<\/tr>\n<tr style=\"height: 23px\">\n<td style=\"width: 5.21975%;height: 23px\">S\u00f6-Ti<\/td>\n<td style=\"width: 4.67041%;height: 23px\">8-10\/5<\/td>\n<td style=\"width: 18.3704%;height: 23px\">Riks\u00e5rsm\u00f6te Sthlm &#8211; Tallin<\/td>\n<td style=\"width: 5.31333%;height: 23px\">Ej angiven<\/td>\n<\/tr>\n<tr style=\"height: 23px\">\n<td style=\"width: 5.21975%;height: 23px\">S\u00f6ndag<\/td>\n<td style=\"width: 4.67041%;height: 23px\">15\/5<\/td>\n<td style=\"width: 18.3704%;height: 23px\">Kvartalsm\u00f6te<\/td>\n<td style=\"width: 5.31333%;height: 23px\">09:30<\/td>\n<\/tr>\n<tr style=\"height: 23px\">\n<td style=\"width: 5.21975%;height: 23px\">S\u00f6ndag<\/td>\n<td style=\"width: 4.67041%;height: 23px\">22\/5<\/td>\n<td style=\"width: 18.3704%;height: 23px\">V\u00e5rfest<\/td>\n<td style=\"width: 5.31333%;height: 23px\">13:00<\/td>\n<\/tr>\n<tr style=\"height: 23px\">\n<td style=\"width: 5.21975%;height: 23px\">M\u00e5ndag<\/td>\n<td style=\"width: 4.67041%;height: 23px\">6\/6<\/td>\n<td style=\"width: 18.3704%;height: 23px\">Nationaldagen<\/td>\n<td style=\"width: 5.31333%;height: 23px\">17:00<\/td>\n<\/tr>\n<tr style=\"height: 23px\">\n<td style=\"width: 5.21975%;height: 23px\">L\u00f6rdag<\/td>\n<td style=\"width: 4.67041%;height: 23px\">13\/8<\/td>\n<td style=\"width: 18.3704%;height: 23px\">Marinen 500\u00e5r<\/td>\n<td style=\"width: 5.31333%;height: 23px\">11:00<\/td>\n<\/tr>\n<tr style=\"height: 23px\">\n<td style=\"width: 5.21975%;height: 23px\">S\u00f6ndag<\/td>\n<td style=\"width: 4.67041%;height: 23px\">14\/8<\/td>\n<td style=\"width: 18.3704%;height: 23px\">Marinen 500\u00e5r<\/td>\n<td style=\"width: 5.31333%;height: 23px\">11:00<\/td>\n<\/tr>\n<tr style=\"height: 23px\">\n<td style=\"width: 5.21975%;height: 23px\">Torsdag<\/td>\n<td style=\"width: 4.67041%;height: 23px\">29\/9<\/td>\n<td style=\"width: 18.3704%;height: 23px\">Kamratafton<\/td>\n<td style=\"width: 5.31333%;height: 23px\">18:00<\/td>\n<\/tr>\n<tr style=\"height: 23px\">\n<td style=\"width: 5.21975%;height: 23px\">S\u00f6ndag<\/td>\n<td style=\"width: 4.67041%;height: 23px\">2\/10<\/td>\n<td style=\"width: 18.3704%;height: 23px\">Kvartalsm\u00f6te<\/td>\n<td style=\"width: 5.31333%;height: 23px\">09:30<\/td>\n<\/tr>\n<tr style=\"height: 23px\">\n<td style=\"width: 5.21975%;height: 23px\">M\u00e5ndag<\/td>\n<td style=\"width: 4.67041%;height: 23px\">3\/10<\/td>\n<td style=\"width: 18.3704%;height: 23px\">St\u00e4ddag<\/td>\n<td style=\"width: 5.31333%;height: 23px\">09:30<\/td>\n<\/tr>\n<tr style=\"height: 23px\">\n<td style=\"width: 5.21975%;height: 23px\">Tisdag<\/td>\n<td style=\"width: 4.67041%;height: 23px\">4\/10<\/td>\n<td style=\"width: 18.3704%;height: 23px\">St\u00e4ddag<\/td>\n<td style=\"width: 5.31333%;height: 23px\">09:30<\/td>\n<\/tr>\n<tr style=\"height: 23px\">\n<td style=\"width: 5.21975%;height: 23px\">Torsdag<\/td>\n<td style=\"width: 4.67041%;height: 23px\">27\/10<\/td>\n<td style=\"width: 18.3704%;height: 23px\">Kamratafton<\/td>\n<td style=\"width: 5.31333%;height: 23px\">18:00<\/td>\n<\/tr>\n<tr style=\"height: 23px\">\n<td style=\"width: 5.21975%;height: 23px\">Fredag<\/td>\n<td style=\"width: 4.67041%;height: 23px\">24\/11<\/td>\n<td style=\"width: 18.3704%;height: 23px\">Kamratafton\/Pubafton<\/td>\n<td style=\"width: 5.31333%;height: 23px\">18:00<\/td>\n<\/tr>\n<tr style=\"height: 23px\">\n<td style=\"width: 5.21975%;height: 23px\">S\u00f6ndag<\/td>\n<td style=\"width: 4.67041%;height: 23px\">4\/12<\/td>\n<td style=\"width: 18.3704%;height: 23px\">Adventslunch<\/td>\n<td style=\"width: 5.31333%;height: 23px\">13:00<\/td>\n<\/tr>\n<\/tbody>\n<\/table>\n<h3>2023<\/h3>\n<table style=\"border-collapse: collapse;width: 33.6219%;height: 128px\" border=\"1\">\n<tbody>\n<tr style=\"height: 25px\">\n<td style=\"width: 5.55645%;height: 25px\"><strong>Dag<\/strong><\/td>\n<td style=\"width: 4.91091%;height: 25px\"><strong>Datum<\/strong><\/td>\n<td style=\"width: 17.4565%;height: 25px\"><strong>Event<\/strong><\/td>\n<td style=\"width: 5.69813%;height: 25px\"><strong>Tid<\/strong><\/td>\n<\/tr>\n<tr style=\"height: 23px\">\n<td style=\"width: 5.55645%;height: 23px\">S\u00f6ndag<\/td>\n<td style=\"width: 4.91091%;height: 23px\">8\/1<\/td>\n<td style=\"width: 17.4565%;height: 23px\">Kvartalsm\u00f6te<\/td>\n<td style=\"width: 5.69813%;height: 23px\">09:30<\/td>\n<\/tr>\n<tr style=\"height: 23px\">\n<td style=\"width: 5.55645%;height: 23px\">Torsdag<\/td>\n<td style=\"width: 4.91091%;height: 23px\">26\/1<\/td>\n<td style=\"width: 17.4565%;height: 23px\">Kamratafton<\/td>\n<td style=\"width: 5.69813%;height: 23px\">18:00<\/td>\n<\/tr>\n<tr style=\"height: 24px\">\n<td style=\"width: 5.55645%;height: 24px\">S\u00f6ndag<\/td>\n<td style=\"width: 4.91091%;height: 24px\">5\/2<\/td>\n<td style=\"width: 17.4565%;height: 24px\">\u00c5rsm\u00f6te<\/td>\n<td style=\"width: 5.69813%;height: 24px\">09:30<\/td>\n<\/tr>\n<tr style=\"height: 23px\">\n<td style=\"width: 5.55645%;height: 23px\">Torsdag<\/td>\n<td style=\"width: 4.91091%;height: 23px\">23\/2<\/td>\n<td style=\"width: 17.4565%;height: 23px\">Kamratafton<\/td>\n<td style=\"width: 5.69813%;height: 23px\">18:00<\/td>\n<\/tr>\n<tr style=\"height: 23px\">\n<td style=\"width: 5.55645%;height: 10px\">Torsdag<\/td>\n<td style=\"width: 4.91091%;height: 10px\">30\/3<\/td>\n<td style=\"width: 17.4565%;height: 10px\">Kamratafton<\/td>\n<td style=\"width: 5.69813%;height: 10px\">18:00<\/td>\n<\/tr>\n<\/tbody>\n<\/table>\n<p>[\/et_pb_text][et_pb_image src=&#8221;https:\/\/marinkamraterna.se\/halmstad\/wp-content\/uploads\/sites\/16\/2022\/03\/pm2022sida2farg.jpg&#8221; title_text=&#8221;Pm2022sida2(f\u00e4rg)&#8221; _builder_version=&#8221;4.14.9&#8243; _module_preset=&#8221;default&#8221; global_colors_info=&#8221;{}&#8221;][\/et_pb_image][et_pb_text _builder_version=&#8221;4.14.9&#8243; _module_preset=&#8221;default&#8221; hover_enabled=&#8221;0&#8243; global_colors_info=&#8221;{}&#8221; sticky_enabled=&#8221;0&#8243;]<\/p>\n<h1><strong>OBSERVERA!<\/strong><\/h1>\n<h2>V\u00e5rfesten S\u00f6ndag 22\/5, 13:00.<br \/>Skall vara L\u00f6rdag 21\/5, 13:00.<\/h2>\n<p>[\/et_pb_text][\/et_pb_column_inner][\/et_pb_row_inner][\/et_pb_column][et_pb_column type=&#8221;1_4&#8243; _builder_version=&#8221;3.25&#8243; custom_padding=&#8221;|||&#8221; global_colors_info=&#8221;{}&#8221; custom_padding__hover=&#8221;|||&#8221;][et_pb_image src=&#8221;https:\/\/marinkamraterna.se\/halmstad\/wp-content\/uploads\/sites\/16\/2022\/03\/juni2-028a.jpg&#8221; alt=&#8221;body of water during golden hour&#8221; title_text=&#8221;KONICA MINOLTA DIGITAL CAMERA&#8221; _builder_version=&#8221;4.14.9&#8243; _module_preset=&#8221;default&#8221; custom_margin=&#8221;||10px||false|false&#8221; custom_padding=&#8221;||||false|false&#8221; global_colors_info=&#8221;{}&#8221;][\/et_pb_image][et_pb_sidebar orientation=&#8221;right&#8221; _builder_version=&#8221;4.9.4&#8243; _module_preset=&#8221;default&#8221; header_font=&#8221;|600||on|||||&#8221; header_font_size=&#8221;20px&#8221; global_module=&#8221;33531&#8243; saved_tabs=&#8221;all&#8221; locked=&#8221;on&#8221; global_colors_info=&#8221;{}&#8221;][\/et_pb_sidebar][\/et_pb_column][\/et_pb_section]<\/p>\n","protected":false},"excerpt":{"rendered":"<p>2022 Dag Datum Event Tid Torsdag 24\/2 Kamratafton 18:00 Torsdag 31\/3 Kamratafton 18:00 Torsdag 28\/4 Kamratafton 18:00 M\u00e5ndag 2\/5 V\u00e5rst\u00e4dning 09:30 Tisdag 3\/5 V\u00e5rst\u00e4dning 09:30 S\u00f6-Ti 8-10\/5 Riks\u00e5rsm\u00f6te Sthlm &#8211; Tallin Ej angiven S\u00f6ndag 15\/5 Kvartalsm\u00f6te 09:30 S\u00f6ndag 22\/5 V\u00e5rfest 13:00 M\u00e5ndag 6\/6 Nationaldagen 17:00 L\u00f6rdag 13\/8 Marinen 500\u00e5r 11:00 S\u00f6ndag 14\/8 Marinen 500\u00e5r 11:00 [&hellip;]<\/p>\n","protected":false},"author":1,"featured_media":0,"parent":0,"menu_order":4,"comment_status":"closed","ping_status":"closed","template":"","meta":{"_et_pb_use_builder":"on","_et_pb_old_content":"[wpforms id=\"2000\" title=\"false\" description=\"false\"]","_et_gb_content_width":"","iawp_total_views":434,"footnotes":""},"class_list":["post-33353","page","type-page","status-publish","hentry"],"_links":{"self":[{"href":"https:\/\/marinkamraterna.se\/halmstad\/wp-json\/wp\/v2\/pages\/33353","targetHints":{"allow":["GET"]}}],"collection":[{"href":"https:\/\/marinkamraterna.se\/halmstad\/wp-json\/wp\/v2\/pages"}],"about":[{"href":"https:\/\/marinkamraterna.se\/halmstad\/wp-json\/wp\/v2\/types\/page"}],"author":[{"embeddable":true,"href":"https:\/\/marinkamraterna.se\/halmstad\/wp-json\/wp\/v2\/users\/1"}],"replies":[{"embeddable":true,"href":"https:\/\/marinkamraterna.se\/halmstad\/wp-json\/wp\/v2\/comments?post=33353"}],"version-history":[{"count":10,"href":"https:\/\/marinkamraterna.se\/halmstad\/wp-json\/wp\/v2\/pages\/33353\/revisions"}],"predecessor-version":[{"id":37875,"href":"https:\/\/marinkamraterna.se\/halmstad\/wp-json\/wp\/v2\/pages\/33353\/revisions\/37875"}],"wp:attachment":[{"href":"https:\/\/marinkamraterna.se\/halmstad\/wp-json\/wp\/v2\/media?parent=33353"}],"curies":[{"name":"wp","href":"https:\/\/api.w.org\/{rel}","templated":true}]}}