{"id":33992,"date":"2021-06-04T19:14:35","date_gmt":"2021-06-04T17:14:35","guid":{"rendered":"http:\/\/andersa6.sg-host.com\/halmstad\/?page_id=33992"},"modified":"2026-02-02T19:22:25","modified_gmt":"2026-02-02T18:22:25","slug":"verksamhetsberattelse","status":"publish","type":"page","link":"https:\/\/marinkamraterna.se\/halmstad\/om-foreningen\/verksamhetsberattelse\/","title":{"rendered":"\u00c5rsber\u00e4ttelse 2024"},"content":{"rendered":"<p>[et_pb_section fb_built=&#8221;1&#8243; specialty=&#8221;on&#8221; padding_top_1=&#8221;0px&#8221; padding_top_2=&#8221;0px&#8221; padding_top_bottom_link_1=&#8221;false&#8221; padding_top_bottom_link_2=&#8221;false&#8221; padding_left_right_link_1=&#8221;false&#8221; padding_left_right_link_2=&#8221;false&#8221; _builder_version=&#8221;4.16&#8243; _module_preset=&#8221;default&#8221; custom_margin=&#8221;||||false|false&#8221; custom_padding=&#8221;||||false|false&#8221; locked=&#8221;off&#8221; global_colors_info=&#8221;{}&#8221;][et_pb_column type=&#8221;3_4&#8243; specialty_columns=&#8221;3&#8243; _builder_version=&#8221;4.16&#8243; custom_padding=&#8221;|||&#8221; global_colors_info=&#8221;{}&#8221; custom_padding__hover=&#8221;|||&#8221;][et_pb_row_inner _builder_version=&#8221;4.16&#8243; _module_preset=&#8221;default&#8221; custom_padding=&#8221;0px||||false|false&#8221; global_colors_info=&#8221;{}&#8221;][et_pb_column_inner saved_specialty_column_type=&#8221;3_4&#8243; _builder_version=&#8221;4.16&#8243; _module_preset=&#8221;default&#8221; global_colors_info=&#8221;{}&#8221;][et_pb_post_title meta=&#8221;off&#8221; featured_image=&#8221;off&#8221; _builder_version=&#8221;4.16&#8243; _module_preset=&#8221;default&#8221; title_font_size=&#8221;35px&#8221; global_colors_info=&#8221;{}&#8221;][\/et_pb_post_title][et_pb_text _builder_version=&#8221;4.16&#8243; _module_preset=&#8221;default&#8221; global_colors_info=&#8221;{}&#8221;]<\/p>\n<p>F\u00f6reningen kan nu l\u00e4gga ytterligare ett \u00e5r till handlingarna, ett \u00e5r som f\u00f6r f\u00f6rsta g\u00e5ngen p\u00e5 m\u00e5nga \u00e5r kunde pr\u00e4glas av positiv anda och framtidstro. Borta \u00e4r pandemiel\u00e4ndet, stora underskott i verksamheten och \u00f6kat deltagande i kamrataftnar. Vi har kunnat genomf\u00f6ra de aktiviteter som var planerade. Bes\u00f6ket hos v\u00e5r v\u00e4nf\u00f6rening Marinf\u00f6reningen i K\u00f6penhamn p\u00e5 Sorgensfri slott Klampenburg \u00e4r alltid lika uppskattat. D\u00e5 v\u00e5r v\u00e4nf\u00f6rening krymper i medlemskap och \u00f6kar medel\u00e5ldern beslutade vi att endast representera med fem ur v\u00e5r styrelse. Saknad \u00e4r den tiden n\u00e4r vi hyrde tv\u00e5 minibussar och styrde v\u00e5r f\u00e4rd mot K\u00f6penhamn. Att vi sedan kunde \u00e5terg\u00e4lda deras g\u00e4stfrihet och genomf\u00f6ra v\u00e5rfesten som varit inst\u00e4llda de senaste \u00e5ren visade p\u00e5 nytt att vi kan n\u00e4r vi vill!.<\/p>\n<p>Styrelsem\u00f6ten och kvartalsm\u00f6ten har genomf\u00f6rts enligt plan, vi har deltagit i de regionala m\u00f6ten som varit virtuellt. Engagemanget i dessa m\u00f6ten att deltaga fysiskt har minskat bland alla lokalf\u00f6reningar. Likas\u00e5 har vi inte kunnat mobilisera krafter att deltaga i SMKR (Sveriges Milit\u00e4ra Kamratf\u00f6reningar).<\/p>\n<p>V\u00e5r f\u00f6rening har representerat p\u00e5 Halmstad Flygflottiljs 80 \u00e5rs jubileum samt v\u00e5rt v\u00e4rdf\u00f6rbands FMTS julavslutning i S:t Nikolai kyrka med efterf\u00f6ljande jullunch. En viktigkontakt d\u00e5 vi erh\u00e5ller ers\u00e4ttning fr\u00e5n dem f\u00f6r v\u00e5rt viktiga arbete att f\u00f6ra tradition och v\u00e4rdegrund i f\u00f6rsvarsmaktens anda.<\/p>\n<p>Avslutningsvis kan jag konstatera att vi kan med gott samvete kan l\u00e4mna \u00f6ver stafettpinnen till en ny styrelse och ett nytt verksamhets\u00e5r d\u00e4r vi bantat v\u00e5ra utgifter, \u00f6kat int\u00e4kterna samt lyckats skaffa ny v\u00e4rmeanl\u00e4ggning som v\u00e4sentligt minskat v\u00e5ra kostnader och dessutom fixat ny diskmaskin till k\u00f6ket.<\/p>\n<p>Personligen skulle jag vilja tacka Flottans M\u00e4n i Halmstad f\u00f6r det f\u00f6rtroende jag och vi i styrelsen haft under de sju \u00e5r jag verkats som ordf\u00f6rande. Det har varit en givande och l\u00e4rorik tid, men framf\u00f6r allt roligt och v\u00e4rmande med kamratskapet.<\/p>\n<p>&nbsp;<\/p>\n<p>HALMSTAD i januari 2025<\/p>\n<p>Ulf \u00c4ngemo<\/p>\n<p>&nbsp;<\/p>\n<p>[\/et_pb_text][\/et_pb_column_inner][\/et_pb_row_inner][et_pb_row_inner column_structure=&#8221;1_2,1_2&#8243; _builder_version=&#8221;4.16&#8243; _module_preset=&#8221;default&#8221; custom_padding=&#8221;0px||||false|false&#8221; global_colors_info=&#8221;{}&#8221;][et_pb_column_inner type=&#8221;1_2&#8243; saved_specialty_column_type=&#8221;3_4&#8243; _builder_version=&#8221;4.16&#8243; _module_preset=&#8221;default&#8221; global_colors_info=&#8221;{}&#8221;][\/et_pb_column_inner][et_pb_column_inner type=&#8221;1_2&#8243; saved_specialty_column_type=&#8221;3_4&#8243; _builder_version=&#8221;4.16&#8243; _module_preset=&#8221;default&#8221; global_colors_info=&#8221;{}&#8221;][et_pb_image src=&#8221;http:\/\/marinkamraterna.se\/halmstad\/wp-content\/uploads\/sites\/3\/2021\/04\/eumewe-7ewg-1024&#215;683.jpg&#8221; alt=&#8221;ship helm&#8221; title_text=&#8221;Photo by Joseph Barrientos&#8221; _builder_version=&#8221;4.16&#8243; _module_preset=&#8221;default&#8221; global_colors_info=&#8221;{}&#8221;][\/et_pb_image][\/et_pb_column_inner][\/et_pb_row_inner][et_pb_row_inner column_structure=&#8221;1_3,1_3,1_3&#8243; _builder_version=&#8221;4.16&#8243; _module_preset=&#8221;default&#8221; custom_padding=&#8221;0px||||false|false&#8221; global_colors_info=&#8221;{}&#8221;][et_pb_column_inner type=&#8221;1_3&#8243; saved_specialty_column_type=&#8221;3_4&#8243; _builder_version=&#8221;4.16&#8243; _module_preset=&#8221;default&#8221; global_colors_info=&#8221;{}&#8221;][et_pb_image src=&#8221;http:\/\/marinkamraterna.se\/halmstad\/wp-content\/uploads\/sites\/3\/2021\/04\/i7olrdm9yiw.jpg&#8221; alt=&#8221;green trees on cliff&#8221; title_text=&#8221;Photo by Tom Winckels&#8221; _builder_version=&#8221;4.16&#8243; _module_preset=&#8221;default&#8221; global_colors_info=&#8221;{}&#8221;][\/et_pb_image][\/et_pb_column_inner][et_pb_column_inner type=&#8221;1_3&#8243; saved_specialty_column_type=&#8221;3_4&#8243; _builder_version=&#8221;4.16&#8243; _module_preset=&#8221;default&#8221; global_colors_info=&#8221;{}&#8221;][et_pb_image src=&#8221;http:\/\/marinkamraterna.se\/halmstad\/wp-content\/uploads\/sites\/3\/2021\/04\/eumewe-7ewg-1024&#215;683.jpg&#8221; alt=&#8221;ship helm&#8221; title_text=&#8221;Photo by Joseph Barrientos&#8221; _builder_version=&#8221;4.16&#8243; _module_preset=&#8221;default&#8221; global_colors_info=&#8221;{}&#8221;][\/et_pb_image][\/et_pb_column_inner][et_pb_column_inner type=&#8221;1_3&#8243; saved_specialty_column_type=&#8221;3_4&#8243; _builder_version=&#8221;4.16&#8243; _module_preset=&#8221;default&#8221; global_colors_info=&#8221;{}&#8221;][et_pb_image src=&#8221;http:\/\/marinkamraterna.se\/halmstad\/wp-content\/uploads\/sites\/3\/2021\/04\/j1ega73qp7c.jpg&#8221; alt=&#8221;black and white sailboat in body of water during sunset&#8221; title_text=&#8221;Photo by Katherine McCormack&#8221; _builder_version=&#8221;4.16&#8243; _module_preset=&#8221;default&#8221; global_colors_info=&#8221;{}&#8221;][\/et_pb_image][\/et_pb_column_inner][\/et_pb_row_inner][\/et_pb_column][et_pb_column type=&#8221;1_4&#8243; _builder_version=&#8221;4.16&#8243; custom_padding=&#8221;|||&#8221; global_colors_info=&#8221;{}&#8221; custom_padding__hover=&#8221;|||&#8221;][et_pb_image src=&#8221;http:\/\/marinkamraterna.se\/halmstad\/wp-content\/uploads\/sites\/3\/2021\/04\/oql0evyd_n8.jpg&#8221; alt=&#8221;body of water during golden hour&#8221; title_text=&#8221;Photo by Joseph Barrientos&#8221; _builder_version=&#8221;4.16&#8243; _module_preset=&#8221;default&#8221; custom_margin=&#8221;||10px||false|false&#8221; custom_padding=&#8221;||||false|false&#8221; global_colors_info=&#8221;{}&#8221;][\/et_pb_image][et_pb_sidebar orientation=&#8221;right&#8221; area=&#8221;et_pb_widget_area_5&#8243; module_class=&#8221;right-menues&#8221; _builder_version=&#8221;4.9.11&#8243; _module_preset=&#8221;default&#8221; custom_margin=&#8221;||0px||false|false&#8221; global_module=&#8221;35107&#8243; saved_tabs=&#8221;all&#8221; global_colors_info=&#8221;{}&#8221;][\/et_pb_sidebar][et_pb_sidebar orientation=&#8221;right&#8221; _builder_version=&#8221;4.9.4&#8243; _module_preset=&#8221;default&#8221; header_font=&#8221;|600||on|||||&#8221; header_font_size=&#8221;20px&#8221; global_module=&#8221;33531&#8243; saved_tabs=&#8221;all&#8221; locked=&#8221;off&#8221; global_colors_info=&#8221;{}&#8221;][\/et_pb_sidebar][\/et_pb_column][\/et_pb_section]<\/p>\n","protected":false},"excerpt":{"rendered":"<p>F\u00f6reningen kan nu l\u00e4gga ytterligare ett \u00e5r till handlingarna, ett \u00e5r som f\u00f6r f\u00f6rsta g\u00e5ngen p\u00e5 m\u00e5nga \u00e5r kunde pr\u00e4glas av positiv anda och framtidstro. Borta \u00e4r pandemiel\u00e4ndet, stora underskott i verksamheten och \u00f6kat deltagande i kamrataftnar. Vi har kunnat genomf\u00f6ra de aktiviteter som var planerade. Bes\u00f6ket hos v\u00e5r v\u00e4nf\u00f6rening Marinf\u00f6reningen i K\u00f6penhamn p\u00e5 Sorgensfri [&hellip;]<\/p>\n","protected":false},"author":1,"featured_media":0,"parent":33152,"menu_order":5,"comment_status":"closed","ping_status":"closed","template":"","meta":{"_et_pb_use_builder":"on","_et_pb_old_content":"<p>Du kan ta del av f\u00f6reningens verksamhetsber\u00e4ttelse genom att klicka p\u00e5 dessa l\u00e4nkar:<\/p>","_et_gb_content_width":"","iawp_total_views":59,"footnotes":""},"class_list":["post-33992","page","type-page","status-publish","hentry"],"_links":{"self":[{"href":"https:\/\/marinkamraterna.se\/halmstad\/wp-json\/wp\/v2\/pages\/33992","targetHints":{"allow":["GET"]}}],"collection":[{"href":"https:\/\/marinkamraterna.se\/halmstad\/wp-json\/wp\/v2\/pages"}],"about":[{"href":"https:\/\/marinkamraterna.se\/halmstad\/wp-json\/wp\/v2\/types\/page"}],"author":[{"embeddable":true,"href":"https:\/\/marinkamraterna.se\/halmstad\/wp-json\/wp\/v2\/users\/1"}],"replies":[{"embeddable":true,"href":"https:\/\/marinkamraterna.se\/halmstad\/wp-json\/wp\/v2\/comments?post=33992"}],"version-history":[{"count":25,"href":"https:\/\/marinkamraterna.se\/halmstad\/wp-json\/wp\/v2\/pages\/33992\/revisions"}],"predecessor-version":[{"id":38739,"href":"https:\/\/marinkamraterna.se\/halmstad\/wp-json\/wp\/v2\/pages\/33992\/revisions\/38739"}],"up":[{"embeddable":true,"href":"https:\/\/marinkamraterna.se\/halmstad\/wp-json\/wp\/v2\/pages\/33152"}],"wp:attachment":[{"href":"https:\/\/marinkamraterna.se\/halmstad\/wp-json\/wp\/v2\/media?parent=33992"}],"curies":[{"name":"wp","href":"https:\/\/api.w.org\/{rel}","templated":true}]}}