{"id":37418,"date":"2022-03-29T21:06:32","date_gmt":"2022-03-29T19:06:32","guid":{"rendered":"https:\/\/marinkamraterna.se\/halmstad\/?page_id=37418"},"modified":"2022-11-03T11:23:20","modified_gmt":"2022-11-03T10:23:20","slug":"automatiskt-utkast","status":"publish","type":"page","link":"https:\/\/marinkamraterna.se\/halmstad\/startsidan\/marinstugan\/automatiskt-utkast\/","title":{"rendered":"Adventslunch20216dec"},"content":{"rendered":"<p>[et_pb_section fb_built=&#8221;1&#8243; _builder_version=&#8221;4.9.1&#8243; _module_preset=&#8221;default&#8221; custom_padding=&#8221;0px||0px||true|false&#8221; global_colors_info=&#8221;{}&#8221;][et_pb_row _builder_version=&#8221;4.9.1&#8243; _module_preset=&#8221;default&#8221; global_colors_info=&#8221;{}&#8221;][et_pb_column type=&#8221;4_4&#8243; _builder_version=&#8221;4.9.1&#8243; _module_preset=&#8221;default&#8221; global_colors_info=&#8221;{}&#8221;][et_pb_text admin_label=&#8221;Text&#8221; _builder_version=&#8221;4.14.9&#8243; _module_preset=&#8221;default&#8221; global_colors_info=&#8221;{}&#8221;]<\/p>\n<h3 style=\"text-align: center\"><strong>Adventslunchen 6 dec 2021<\/strong><\/h3>\n<h3 style=\"text-align: center\">Sn\u00f6n kom dagen f\u00f6re<\/h3>\n<table style=\"border-collapse: collapse;width: 100%\" border=\"1\">\n<tbody>\n<tr>\n<td style=\"width: 50%\"><img loading=\"lazy\" decoding=\"async\" class=\"wp-image-37430 aligncenter size-medium\" src=\"https:\/\/marinkamraterna.se\/halmstad\/wp-content\/uploads\/sites\/16\/2022\/03\/Driva-600x450.jpg\" alt=\"\" width=\"600\" height=\"450\" srcset=\"https:\/\/marinkamraterna.se\/halmstad\/wp-content\/uploads\/sites\/16\/2022\/03\/Driva-600x450.jpg 600w, https:\/\/marinkamraterna.se\/halmstad\/wp-content\/uploads\/sites\/16\/2022\/03\/Driva-480x360.jpg 480w\" sizes=\"(min-width: 0px) and (max-width: 480px) 480px, (min-width: 481px) 600px, 100vw\" \/><\/td>\n<td style=\"width: 50%\"><img loading=\"lazy\" decoding=\"async\" class=\"wp-image-37403 aligncenter size-medium\" src=\"https:\/\/marinkamraterna.se\/halmstad\/wp-content\/uploads\/sites\/16\/2022\/03\/IMG_4772-600x450.jpg\" alt=\"\" width=\"600\" height=\"450\" srcset=\"https:\/\/marinkamraterna.se\/halmstad\/wp-content\/uploads\/sites\/16\/2022\/03\/IMG_4772-600x450.jpg 600w, https:\/\/marinkamraterna.se\/halmstad\/wp-content\/uploads\/sites\/16\/2022\/03\/IMG_4772-480x360.jpg 480w\" sizes=\"(min-width: 0px) and (max-width: 480px) 480px, (min-width: 481px) 600px, 100vw\" \/><\/td>\n<\/tr>\n<\/tbody>\n<\/table>\n<p style=\"text-align: center\">Kv\u00e4llen b\u00f6rjade med drink och mingel till inspelad julmusik.<\/p>\n<p>&nbsp;<\/p>\n<h6>Ordf. Ulf \u00c4ngemo h\u00e4lsade v\u00e4lkomna till 28 pers. inkl. v\u00e5r kaplan Dan Hagung.<\/h6>\n<h6>Det blev en mycket gemytlig tillst\u00e4llning. Det fanns mycket att prata om eftersom vi p.g.a. Pandemin varit mycket restriktiva med tr\u00e4ffar\/festligheter under 2021.<br \/>Kv\u00e4llens m\u00e5ltid hade tillagats av Mobila Kocken som inkl. personal, bj\u00f6d upp till kalkon med tillbeh\u00f6r samt \u00e4ppelkaka med vaniljs\u00e5s till dessert. Inte att f\u00f6rgl\u00f6mma, god dricka d\u00e4rtill.<\/h6>\n<h6>Klubbm\u00e4stare Mats Leminger hade en n\u00e5got lugnare dag, men h\u00f6ll galant i tr\u00e5darna, s\u00e5 att allt fl\u00f6t p\u00e5 med mat och dricka.<\/h6>\n<p>[\/et_pb_text][et_pb_gallery _builder_version=&#8221;4.14.9&#8243; _module_preset=&#8221;default&#8221; gallery_ids=&#8221;37412,37409,37406,37400,37397,37394,37391,37388,37385,37382,37379,37376,37373&#8243; hover_enabled=&#8221;0&#8243; sticky_enabled=&#8221;0&#8243;][\/et_pb_gallery][\/et_pb_column][\/et_pb_row][\/et_pb_section]<\/p>\n","protected":false},"excerpt":{"rendered":"<p>Adventslunchen 6 dec 2021 Sn\u00f6n kom dagen f\u00f6re Kv\u00e4llen b\u00f6rjade med drink och mingel till inspelad julmusik. &nbsp; Ordf. Ulf \u00c4ngemo h\u00e4lsade v\u00e4lkomna till 28 pers. inkl. v\u00e5r kaplan Dan Hagung. Det blev en mycket gemytlig tillst\u00e4llning. Det fanns mycket att prata om eftersom vi p.g.a. Pandemin varit mycket restriktiva med tr\u00e4ffar\/festligheter under 2021.Kv\u00e4llens m\u00e5ltid [&hellip;]<\/p>\n","protected":false},"author":13,"featured_media":0,"parent":37049,"menu_order":0,"comment_status":"closed","ping_status":"closed","template":"","meta":{"_et_pb_use_builder":"on","_et_pb_old_content":"","_et_gb_content_width":"","iawp_total_views":44,"footnotes":""},"class_list":["post-37418","page","type-page","status-publish","hentry"],"_links":{"self":[{"href":"https:\/\/marinkamraterna.se\/halmstad\/wp-json\/wp\/v2\/pages\/37418","targetHints":{"allow":["GET"]}}],"collection":[{"href":"https:\/\/marinkamraterna.se\/halmstad\/wp-json\/wp\/v2\/pages"}],"about":[{"href":"https:\/\/marinkamraterna.se\/halmstad\/wp-json\/wp\/v2\/types\/page"}],"author":[{"embeddable":true,"href":"https:\/\/marinkamraterna.se\/halmstad\/wp-json\/wp\/v2\/users\/13"}],"replies":[{"embeddable":true,"href":"https:\/\/marinkamraterna.se\/halmstad\/wp-json\/wp\/v2\/comments?post=37418"}],"version-history":[{"count":9,"href":"https:\/\/marinkamraterna.se\/halmstad\/wp-json\/wp\/v2\/pages\/37418\/revisions"}],"predecessor-version":[{"id":37523,"href":"https:\/\/marinkamraterna.se\/halmstad\/wp-json\/wp\/v2\/pages\/37418\/revisions\/37523"}],"up":[{"embeddable":true,"href":"https:\/\/marinkamraterna.se\/halmstad\/wp-json\/wp\/v2\/pages\/37049"}],"wp:attachment":[{"href":"https:\/\/marinkamraterna.se\/halmstad\/wp-json\/wp\/v2\/media?parent=37418"}],"curies":[{"name":"wp","href":"https:\/\/api.w.org\/{rel}","templated":true}]}}