{"id":37529,"date":"2022-03-29T21:46:27","date_gmt":"2022-03-29T19:46:27","guid":{"rendered":"https:\/\/marinkamraterna.se\/halmstad\/?page_id=37529"},"modified":"2022-11-03T11:19:41","modified_gmt":"2022-11-03T10:19:41","slug":"kamratafton-24-febr-2022","status":"publish","type":"page","link":"https:\/\/marinkamraterna.se\/halmstad\/startsidan\/marinstugan\/kamratafton-24-febr-2022\/","title":{"rendered":"Kamratafton 24 febr 2022"},"content":{"rendered":"<p>[et_pb_section fb_built=&#8221;1&#8243; _builder_version=&#8221;4.9.1&#8243; _module_preset=&#8221;default&#8221; custom_padding=&#8221;0px||0px||true|false&#8221; global_colors_info=&#8221;{}&#8221;][et_pb_row _builder_version=&#8221;4.9.1&#8243; _module_preset=&#8221;default&#8221; global_colors_info=&#8221;{}&#8221;][et_pb_column type=&#8221;4_4&#8243; _builder_version=&#8221;4.9.1&#8243; _module_preset=&#8221;default&#8221; global_colors_info=&#8221;{}&#8221;][et_pb_text admin_label=&#8221;Text&#8221; _builder_version=&#8221;4.14.9&#8243; _module_preset=&#8221;default&#8221; global_colors_info=&#8221;{}&#8221;]<\/p>\n<h4><strong>Kamratafton i febr. 2022<\/strong> blev en efterl\u00e4ngtad tr\u00e4ff och samvarostund. 25 personer var n\u00e4rvarande. Det fans mycket att prata om efter en l\u00e5ng pandemitid, d\u00e4r Marinstugans ordinarie festligheter har varit mycket begr\u00e4nsade. Faran \u00e4r inte \u00f6ver, men med respekt f\u00f6r varandra, h\u00e5lla avst\u00e5nd och tv\u00e4tta h\u00e4nderna, s\u00e5 kan vi b\u00f6rja h\u00e5lla \u00e5rets schema.<\/h4>\n<h4>Vi fick vara med om en mycket intressant och trevligt framf\u00f6rd f\u00f6rel\u00e4sning av Birger Ekdahl, tidigare \u00e4gare till Ulvereds hjorth\u00e4gn, som ber\u00e4ttade om sitt tidigare liv under vattnet. Han var r\u00f6jdykare i Marinen och ber\u00e4ttade om sina dyk\u00e4ventyr i alla dess former och m\u00e5nga var de faror han hade varit med om. Det var en f\u00e4ngslande f\u00f6rel\u00e4sning.<\/h4>\n<h4>Trotts l\u00e5ng v\u00e4ntan p\u00e5 att \u00e5ter komma ig\u00e5ng med kamrataftnar, var k\u00f6ket v\u00e4l f\u00f6rberedd och h\u00f6ll som vanligt samma goda service som alltid under ledning av<br \/>klubbm. Mats Leminger med personal.<\/h4>\n<p>[\/et_pb_text][et_pb_gallery gallery_ids=&#8221;37562,37559,37556,37553,37550,37547,37544&#8243; _builder_version=&#8221;4.14.9&#8243; _module_preset=&#8221;default&#8221; hover_enabled=&#8221;0&#8243; global_colors_info=&#8221;{}&#8221; sticky_enabled=&#8221;0&#8243;][\/et_pb_gallery][\/et_pb_column][\/et_pb_row][\/et_pb_section]<\/p>\n","protected":false},"excerpt":{"rendered":"<p>Kamratafton i febr. 2022 blev en efterl\u00e4ngtad tr\u00e4ff och samvarostund. 25 personer var n\u00e4rvarande. Det fans mycket att prata om efter en l\u00e5ng pandemitid, d\u00e4r Marinstugans ordinarie festligheter har varit mycket begr\u00e4nsade. Faran \u00e4r inte \u00f6ver, men med respekt f\u00f6r varandra, h\u00e5lla avst\u00e5nd och tv\u00e4tta h\u00e4nderna, s\u00e5 kan vi b\u00f6rja h\u00e5lla \u00e5rets schema. Vi fick [&hellip;]<\/p>\n","protected":false},"author":13,"featured_media":0,"parent":37049,"menu_order":0,"comment_status":"closed","ping_status":"closed","template":"","meta":{"_et_pb_use_builder":"on","_et_pb_old_content":"","_et_gb_content_width":"","iawp_total_views":39,"footnotes":""},"class_list":["post-37529","page","type-page","status-publish","hentry"],"_links":{"self":[{"href":"https:\/\/marinkamraterna.se\/halmstad\/wp-json\/wp\/v2\/pages\/37529","targetHints":{"allow":["GET"]}}],"collection":[{"href":"https:\/\/marinkamraterna.se\/halmstad\/wp-json\/wp\/v2\/pages"}],"about":[{"href":"https:\/\/marinkamraterna.se\/halmstad\/wp-json\/wp\/v2\/types\/page"}],"author":[{"embeddable":true,"href":"https:\/\/marinkamraterna.se\/halmstad\/wp-json\/wp\/v2\/users\/13"}],"replies":[{"embeddable":true,"href":"https:\/\/marinkamraterna.se\/halmstad\/wp-json\/wp\/v2\/comments?post=37529"}],"version-history":[{"count":5,"href":"https:\/\/marinkamraterna.se\/halmstad\/wp-json\/wp\/v2\/pages\/37529\/revisions"}],"predecessor-version":[{"id":37571,"href":"https:\/\/marinkamraterna.se\/halmstad\/wp-json\/wp\/v2\/pages\/37529\/revisions\/37571"}],"up":[{"embeddable":true,"href":"https:\/\/marinkamraterna.se\/halmstad\/wp-json\/wp\/v2\/pages\/37049"}],"wp:attachment":[{"href":"https:\/\/marinkamraterna.se\/halmstad\/wp-json\/wp\/v2\/media?parent=37529"}],"curies":[{"name":"wp","href":"https:\/\/api.w.org\/{rel}","templated":true}]}}