{"id":37625,"date":"2022-03-29T21:58:22","date_gmt":"2022-03-29T19:58:22","guid":{"rendered":"https:\/\/marinkamraterna.se\/halmstad\/?page_id=37625"},"modified":"2022-11-03T11:20:28","modified_gmt":"2022-11-03T10:20:28","slug":"2021-kamratafton-28-okt-3","status":"publish","type":"page","link":"https:\/\/marinkamraterna.se\/halmstad\/startsidan\/marinstugan\/2021-kamratafton-28-okt-3\/","title":{"rendered":"2021 Kamratafton 28 okt"},"content":{"rendered":"<p>[et_pb_section fb_built=&#8221;1&#8243; _builder_version=&#8221;4.9.1&#8243; _module_preset=&#8221;default&#8221; custom_padding=&#8221;0px||0px||true|false&#8221; global_colors_info=&#8221;{}&#8221; theme_builder_area=&#8221;post_content&#8221;][et_pb_row _builder_version=&#8221;4.9.1&#8243; _module_preset=&#8221;default&#8221; global_colors_info=&#8221;{}&#8221; theme_builder_area=&#8221;post_content&#8221;][et_pb_column type=&#8221;4_4&#8243; _builder_version=&#8221;4.9.1&#8243; _module_preset=&#8221;default&#8221; global_colors_info=&#8221;{}&#8221; theme_builder_area=&#8221;post_content&#8221;][et_pb_text admin_label=&#8221;Text&#8221; _builder_version=&#8221;4.14.9&#8243; _module_preset=&#8221;default&#8221; hover_enabled=&#8221;0&#8243; global_colors_info=&#8221;{}&#8221; theme_builder_area=&#8221;post_content&#8221; sticky_enabled=&#8221;0&#8243;]<\/p>\n<p>Kamratafton okt -21<br \/>Ca 30 personer<\/p>\n<p>&nbsp;<\/p>\n<p>Kv\u00e4llens f\u00f6rel\u00e4sare Ulf \u00c4ngemo h\u00f6ll ett trevligt f\u00f6redrag om sin senaste h\u00f6stresa -21 med fru och nya husbilen i valda delar av Europa.<br \/>Det blev en rolig och detaljrik reseskildring med m\u00e5nga po\u00e4ng och d\u00e4r man k\u00e4nde att man sj\u00e4lv var med p\u00e5 resan.<br \/>Tack Ulf och v\u00e4lkommen igen med nya uppt\u00e5g. Hoppas prestationsvinet smakade.<\/p>\n<p>Foto: Leif Leihed<\/p>\n<p>Stort tack till klubbm\u00e4stare Mats Leminger, med f\u00f6r dagen en mycket decimerad k\u00f6ksgrupp. Detta h\u00e5ller naturligtvis inte i l\u00e4ngden att vara s\u00e5 f\u00e5 som ska serva s\u00e5 m\u00e5nga. N\u00e4r vi b\u00f6rjar ta in fullt, ryms ca 40 personer.<\/p>\n<p>&nbsp;<\/p>\n<p>&nbsp;<\/p>\n<p>&nbsp;<\/p>\n<p>&nbsp;<\/p>\n<p><strong>Kamrater!<\/strong><\/p>\n<p><strong>Vi \u00e4r ett f\u00e5tal personer som genom \u00e5ren l\u00e4gger ner ganska mycket jobb f\u00f6r v\u00e5r f\u00f6rening. Det g\u00f6r vi g\u00e4rna, men \u00e4ven vi har begr\u00e4nsningar.<\/strong><\/p>\n<p><strong>Det finns plats f\u00f6r fler hj\u00e4lpande h\u00e4nder.<\/strong><\/p>\n<p><strong>Vi f\u00e5r t.ex. aldrig gl\u00f6mma att vi \u00e4r ansiktet ut\u00e5t med v\u00e5r vackra Marinstuga som ligger mitt i ett bostadsomr\u00e5de. Det kr\u00e4ver underh\u00e5ll p\u00e5 b\u00e5de framsidan och innerg\u00e5rden, inkl. stugorna. <br \/><\/strong><strong>\u00c4ven insidan av Marinstugan kr\u00e4ver ett fr\u00e4scht inslag, med tanke p\u00e5 uthyrningar, som \u00e4r n\u00f6dv\u00e4ndigt f\u00f6r f\u00f6reningens ekonomi.<\/strong><\/p>\n<p><strong>K\u00f6ket \u00e4r en viktig kugge i f\u00f6reningen H\u00e4r m\u00e5ste vi flagga f\u00f6r en uppryckning att s\u00e5 l\u00e5ngt det g\u00e5r, ha full bes\u00e4ttning p\u00e5 v\u00e5ra sammankomster. Det underl\u00e4ttar f\u00f6r alla.<br \/><\/strong><strong>Ska vi forts\u00e4ttningsvis ha v\u00e5ra sammankomster\/festligheter s\u00e5 \u00e4r receptet klart, full bes\u00e4ttning i k\u00f6ket.<br \/><\/strong><strong>Det vore l\u00e5ngs\u00f6kt att beh\u00f6va k\u00f6pa in tj\u00e4nster f\u00f6r att h\u00e5lla ig\u00e5ng en f\u00f6rening med ca 180 medlemmar. <\/strong><\/p>\n<p><strong>Med detta sagt riktas en v\u00e4djan till dig som medlem att st\u00e4lla upp p\u00e5 n\u00e5got av det som beh\u00f6ver g\u00f6ras under \u00e5ret, ute eller inne, ensam eller tillsammans med n\u00e5gon. <\/strong><\/p>\n<p><strong>V\u00e4lkommen att vara en hj\u00e4lpande hand, n\u00e4r du kan.<\/strong><\/p>\n<p><strong>K\u00f6ksintresse: klubbm\u00e4stare Mats Leminger 0705 61 04 31. <\/strong><\/p>\n<p><strong>\u00d6vrigt ordf. Ulf \u00c4ngemo 0703 50 09 14.<\/strong><\/p>\n<p>[\/et_pb_text][et_pb_gallery gallery_ids=&#8221;37616,37613,37610,37607,37604,37601,37598,37595,37592,37589,37586,37583,37580,37577&#8243; _builder_version=&#8221;4.14.9&#8243; _module_preset=&#8221;default&#8221; hover_enabled=&#8221;0&#8243; global_colors_info=&#8221;{}&#8221; theme_builder_area=&#8221;post_content&#8221; sticky_enabled=&#8221;0&#8243;][\/et_pb_gallery][\/et_pb_column][\/et_pb_row][\/et_pb_section]<\/p>\n","protected":false},"excerpt":{"rendered":"<p>Kamratafton okt -21Ca 30 personer &nbsp; Kv\u00e4llens f\u00f6rel\u00e4sare Ulf \u00c4ngemo h\u00f6ll ett trevligt f\u00f6redrag om sin senaste h\u00f6stresa -21 med fru och nya husbilen i valda delar av Europa.Det blev en rolig och detaljrik reseskildring med m\u00e5nga po\u00e4ng och d\u00e4r man k\u00e4nde att man sj\u00e4lv var med p\u00e5 resan.Tack Ulf och v\u00e4lkommen igen med nya [&hellip;]<\/p>\n","protected":false},"author":13,"featured_media":0,"parent":37049,"menu_order":0,"comment_status":"closed","ping_status":"closed","template":"","meta":{"_et_pb_use_builder":"on","_et_pb_old_content":"","_et_gb_content_width":"","iawp_total_views":62,"footnotes":""},"class_list":["post-37625","page","type-page","status-publish","hentry"],"_links":{"self":[{"href":"https:\/\/marinkamraterna.se\/halmstad\/wp-json\/wp\/v2\/pages\/37625","targetHints":{"allow":["GET"]}}],"collection":[{"href":"https:\/\/marinkamraterna.se\/halmstad\/wp-json\/wp\/v2\/pages"}],"about":[{"href":"https:\/\/marinkamraterna.se\/halmstad\/wp-json\/wp\/v2\/types\/page"}],"author":[{"embeddable":true,"href":"https:\/\/marinkamraterna.se\/halmstad\/wp-json\/wp\/v2\/users\/13"}],"replies":[{"embeddable":true,"href":"https:\/\/marinkamraterna.se\/halmstad\/wp-json\/wp\/v2\/comments?post=37625"}],"version-history":[{"count":3,"href":"https:\/\/marinkamraterna.se\/halmstad\/wp-json\/wp\/v2\/pages\/37625\/revisions"}],"predecessor-version":[{"id":37637,"href":"https:\/\/marinkamraterna.se\/halmstad\/wp-json\/wp\/v2\/pages\/37625\/revisions\/37637"}],"up":[{"embeddable":true,"href":"https:\/\/marinkamraterna.se\/halmstad\/wp-json\/wp\/v2\/pages\/37049"}],"wp:attachment":[{"href":"https:\/\/marinkamraterna.se\/halmstad\/wp-json\/wp\/v2\/media?parent=37625"}],"curies":[{"name":"wp","href":"https:\/\/api.w.org\/{rel}","templated":true}]}}