{"id":37673,"date":"2022-03-29T22:11:12","date_gmt":"2022-03-29T20:11:12","guid":{"rendered":"https:\/\/marinkamraterna.se\/halmstad\/?page_id=37673"},"modified":"2025-04-01T20:20:09","modified_gmt":"2025-04-01T18:20:09","slug":"2021-kamratafton-30-sept","status":"publish","type":"page","link":"https:\/\/marinkamraterna.se\/halmstad\/startsidan\/marinstugan\/2021-kamratafton-30-sept\/","title":{"rendered":"2021 Kamratafton 30 sept"},"content":{"rendered":"<p>[et_pb_section fb_built=&#8221;1&#8243; _builder_version=&#8221;4.16&#8243; _module_preset=&#8221;default&#8221; custom_padding=&#8221;0px||0px||true|false&#8221; global_colors_info=&#8221;{}&#8221;][et_pb_row _builder_version=&#8221;4.16&#8243; _module_preset=&#8221;default&#8221; global_colors_info=&#8221;{}&#8221;][et_pb_column type=&#8221;4_4&#8243; _builder_version=&#8221;4.16&#8243; _module_preset=&#8221;default&#8221; global_colors_info=&#8221;{}&#8221;][et_pb_text admin_label=&#8221;Text&#8221; _builder_version=&#8221;4.16&#8243; _module_preset=&#8221;default&#8221; global_colors_info=&#8221;{}&#8221;]<\/p>\n<h3>Kamarter \u2013 \u00e4ntligen!<\/h3>\n<p>F\u00f6rsta Kamrataftonen efter ca 1.5 \u00e5rs v\u00e4ntan gick av stapeln torsdag 30 sept. -21 med ca 30 pers. Vi hade medvetet dragit ner p\u00e5 antalet p.g.a. Pandemin.<\/p>\n<p>Anders Bergenek, kv\u00e4llens f\u00f6redragsh\u00e5llare, hoppade in med kort varsel eftersom Torgny Ahlgren var f\u00f6rhindrad. Torgny \u00e5terkommer senare med sitt material om n\u00e4r Torggaraget byggdes.<\/p>\n<p>Anders h\u00f6ll ett intressant f\u00f6redrag om roro-fartygen med Stena Line som \u00e4gare. Flertalet fartyg som Stena Line k\u00f6pte in hyrdes ut och anpassades till andra k\u00f6pare. Fartygen \u00e4ndrades allt eftersom kunden \u00f6nskade. Ofta kapades och f\u00f6rl\u00e4ngdes fartygen, ist\u00e4llet f\u00f6r att k\u00f6pa nytt. Allt efter Stena Lines<\/p>\n<p>En mycket intressant historia, framf\u00f6rd i ord och bild av en mycket p\u00e5l\u00e4st Ander Bergenek.<\/p>\n<p>Klubbm\u00e4stare Mats Leminger och hans goa k\u00f6ksg\u00e4ng, s\u00e5g till att alla fick god mat och dricka.<\/p>\n<p>Foto: Leif Leihed<\/p>\n<p>[\/et_pb_text][et_pb_gallery gallery_ids=&#8221;37646,37670,37667,37664,37661,37658,37655,37652,37649&#8243; _builder_version=&#8221;4.16&#8243; _module_preset=&#8221;default&#8221; global_colors_info=&#8221;{}&#8221;][\/et_pb_gallery][\/et_pb_column][\/et_pb_row][\/et_pb_section]<\/p>\n","protected":false},"excerpt":{"rendered":"<p>Kamarter \u2013 \u00e4ntligen! F\u00f6rsta Kamrataftonen efter ca 1.5 \u00e5rs v\u00e4ntan gick av stapeln torsdag 30 sept. -21 med ca 30 pers. Vi hade medvetet dragit ner p\u00e5 antalet p.g.a. Pandemin. Anders Bergenek, kv\u00e4llens f\u00f6redragsh\u00e5llare, hoppade in med kort varsel eftersom Torgny Ahlgren var f\u00f6rhindrad. Torgny \u00e5terkommer senare med sitt material om n\u00e4r Torggaraget byggdes. Anders [&hellip;]<\/p>\n","protected":false},"author":13,"featured_media":0,"parent":37049,"menu_order":0,"comment_status":"closed","ping_status":"closed","template":"","meta":{"_et_pb_use_builder":"on","_et_pb_old_content":"","_et_gb_content_width":"","iawp_total_views":33,"footnotes":""},"class_list":["post-37673","page","type-page","status-publish","hentry"],"_links":{"self":[{"href":"https:\/\/marinkamraterna.se\/halmstad\/wp-json\/wp\/v2\/pages\/37673","targetHints":{"allow":["GET"]}}],"collection":[{"href":"https:\/\/marinkamraterna.se\/halmstad\/wp-json\/wp\/v2\/pages"}],"about":[{"href":"https:\/\/marinkamraterna.se\/halmstad\/wp-json\/wp\/v2\/types\/page"}],"author":[{"embeddable":true,"href":"https:\/\/marinkamraterna.se\/halmstad\/wp-json\/wp\/v2\/users\/13"}],"replies":[{"embeddable":true,"href":"https:\/\/marinkamraterna.se\/halmstad\/wp-json\/wp\/v2\/comments?post=37673"}],"version-history":[{"count":5,"href":"https:\/\/marinkamraterna.se\/halmstad\/wp-json\/wp\/v2\/pages\/37673\/revisions"}],"predecessor-version":[{"id":38627,"href":"https:\/\/marinkamraterna.se\/halmstad\/wp-json\/wp\/v2\/pages\/37673\/revisions\/38627"}],"up":[{"embeddable":true,"href":"https:\/\/marinkamraterna.se\/halmstad\/wp-json\/wp\/v2\/pages\/37049"}],"wp:attachment":[{"href":"https:\/\/marinkamraterna.se\/halmstad\/wp-json\/wp\/v2\/media?parent=37673"}],"curies":[{"name":"wp","href":"https:\/\/api.w.org\/{rel}","templated":true}]}}