{"id":37996,"date":"2022-04-03T20:53:39","date_gmt":"2022-04-03T18:53:39","guid":{"rendered":"https:\/\/marinkamraterna.se\/halmstad\/?page_id=37996"},"modified":"2022-11-03T11:21:49","modified_gmt":"2022-11-03T10:21:49","slug":"kamratafton-2022-03-31","status":"publish","type":"page","link":"https:\/\/marinkamraterna.se\/halmstad\/startsidan\/marinstugan\/kamratafton-2022-03-31\/","title":{"rendered":"Kamratafton 2022-03-31"},"content":{"rendered":"<p>[et_pb_section fb_built=&#8221;1&#8243; specialty=&#8221;on&#8221; padding_top_bottom_link_1=&#8221;false&#8221; padding_top_bottom_link_2=&#8221;false&#8221; padding_left_right_link_1=&#8221;false&#8221; padding_left_right_link_2=&#8221;false&#8221; padding_top_1=&#8221;0px&#8221; padding_top_2=&#8221;0px&#8221; _builder_version=&#8221;4.9.3&#8243; _module_preset=&#8221;default&#8221; custom_margin=&#8221;||||false|false&#8221; custom_padding=&#8221;||||false|false&#8221; locked=&#8221;off&#8221; global_colors_info=&#8221;{}&#8221;][et_pb_column type=&#8221;3_4&#8243; specialty_columns=&#8221;3&#8243; _builder_version=&#8221;3.25&#8243; custom_padding=&#8221;|||&#8221; global_colors_info=&#8221;{}&#8221; custom_padding__hover=&#8221;|||&#8221;][et_pb_row_inner _builder_version=&#8221;4.9.3&#8243; _module_preset=&#8221;default&#8221; custom_padding=&#8221;0px||||false|false&#8221; global_colors_info=&#8221;{}&#8221;][et_pb_column_inner saved_specialty_column_type=&#8221;3_4&#8243; _builder_version=&#8221;4.9.3&#8243; _module_preset=&#8221;default&#8221; global_colors_info=&#8221;{}&#8221;][et_pb_post_title meta=&#8221;off&#8221; featured_image=&#8221;off&#8221; _builder_version=&#8221;4.9.3&#8243; _module_preset=&#8221;default&#8221; title_font_size=&#8221;35px&#8221; global_colors_info=&#8221;{}&#8221;][\/et_pb_post_title][et_pb_text _builder_version=&#8221;4.14.9&#8243; _module_preset=&#8221;default&#8221; global_colors_info=&#8221;{}&#8221;]<\/p>\n<p><strong>Kamrataton 31 mars -22<\/strong><br \/>Ordf. Ulf \u00c4ngemo h\u00e4lsade v\u00e4lkommen till kv\u00e4llens Kamratafton och till kv\u00e4llens f\u00f6rel\u00e4sare Lennart<br \/>Bergenek. Det var ganska v\u00e4lbes\u00f6kt, men det fanns plats till n\u00e5gra till.<br \/>N\u00e4r maten var serverad var det dags att sjunga till punchen. Leif tog f\u00f6rsta tonen till Ewert<br \/>Taubes dryckesvisa \u201d\u00c4n en g\u00e5ng d\u00e4ran br\u00f6der\u201d,<br \/>Kv\u00e4llens f\u00f6rsta appl\u00e5d tillf\u00f6ll f\u00f6rel\u00e4sare Lennart Bergenek, som ber\u00e4ttade om hur han med ett<br \/>otroligt genforskningsarbete som str\u00e4ckte sig runt om i v\u00e4rlden och d\u00e4r han till slut hittade din<br \/>farfar. Det kr\u00e4vdes oerh\u00f6rt mycket arbete och t\u00e5lamod att, vid ena tillf\u00e4llet tror sig ha hittat en<br \/>del av svaret, medan i n\u00e4sta steg ta n\u00e5got eller n\u00e5gra steg tillbaka. Tack f\u00f6r dina minnesstunder<br \/>Lennart och v\u00e4lkommen tillbaka med nya uppt\u00e5g.<br \/>Kv\u00e4llens andra och sista appl\u00e5d tillf\u00f6ll klubbm\u00e4stare Mats Leminger och hans duktiga<br \/>medarbetare, som s\u00e5g till att alla var n\u00f6jda med god mat och finfin service.<\/p>\n<p><img loading=\"lazy\" decoding=\"async\" class=\"wp-image-38022 alignnone \" src=\"https:\/\/marinkamraterna.se\/halmstad\/wp-content\/uploads\/sites\/16\/2022\/04\/9-600x450.jpg\" alt=\"\" width=\"375\" height=\"281\" \/><\/p>\n<p>Kv\u00e4llens f\u00f6rel\u00e4sare: Anders Bergenek<\/p>\n<p>[\/et_pb_text][et_pb_gallery gallery_ids=&#8221;38022,38020,38019,38017,38014,38013,38010,38007,38005&#8243; _builder_version=&#8221;4.14.9&#8243; _module_preset=&#8221;default&#8221; global_colors_info=&#8221;{}&#8221;][\/et_pb_gallery][\/et_pb_column_inner][\/et_pb_row_inner][\/et_pb_column][et_pb_column type=&#8221;1_4&#8243; _builder_version=&#8221;3.25&#8243; custom_padding=&#8221;|||&#8221; global_colors_info=&#8221;{}&#8221; custom_padding__hover=&#8221;|||&#8221;][et_pb_image src=&#8221;http:\/\/marinkamraterna.se\/halmstad\/wp-content\/uploads\/sites\/3\/2021\/04\/oql0evyd_n8.jpg&#8221; alt=&#8221;body of water during golden hour&#8221; title_text=&#8221;Photo by Joseph Barrientos&#8221; _builder_version=&#8221;4.9.4&#8243; _module_preset=&#8221;default&#8221; custom_margin=&#8221;||10px||false|false&#8221; custom_padding=&#8221;||||false|false&#8221; global_colors_info=&#8221;{}&#8221;][\/et_pb_image][et_pb_text _builder_version=&#8221;4.9.4&#8243; _module_preset=&#8221;default&#8221; text_font=&#8221;||on||||||&#8221; text_font_size=&#8221;14px&#8221; global_colors_info=&#8221;{}&#8221;]<\/p>\n<p>Bildtext<\/p>\n<p>[\/et_pb_text][et_pb_sidebar orientation=&#8221;right&#8221; _builder_version=&#8221;4.9.4&#8243; _module_preset=&#8221;default&#8221; header_font=&#8221;|600||on|||||&#8221; header_font_size=&#8221;20px&#8221; global_module=&#8221;33531&#8243; saved_tabs=&#8221;all&#8221; locked=&#8221;on&#8221; global_colors_info=&#8221;{}&#8221;][\/et_pb_sidebar][\/et_pb_column][\/et_pb_section]<\/p>\n","protected":false},"excerpt":{"rendered":"<p>Kamrataton 31 mars -22Ordf. Ulf \u00c4ngemo h\u00e4lsade v\u00e4lkommen till kv\u00e4llens Kamratafton och till kv\u00e4llens f\u00f6rel\u00e4sare LennartBergenek. Det var ganska v\u00e4lbes\u00f6kt, men det fanns plats till n\u00e5gra till.N\u00e4r maten var serverad var det dags att sjunga till punchen. Leif tog f\u00f6rsta tonen till EwertTaubes dryckesvisa \u201d\u00c4n en g\u00e5ng d\u00e4ran br\u00f6der\u201d,Kv\u00e4llens f\u00f6rsta appl\u00e5d tillf\u00f6ll f\u00f6rel\u00e4sare Lennart Bergenek, [&hellip;]<\/p>\n","protected":false},"author":13,"featured_media":0,"parent":37049,"menu_order":0,"comment_status":"closed","ping_status":"closed","template":"","meta":{"_et_pb_use_builder":"on","_et_pb_old_content":"","_et_gb_content_width":"","iawp_total_views":42,"footnotes":""},"class_list":["post-37996","page","type-page","status-publish","hentry"],"_links":{"self":[{"href":"https:\/\/marinkamraterna.se\/halmstad\/wp-json\/wp\/v2\/pages\/37996","targetHints":{"allow":["GET"]}}],"collection":[{"href":"https:\/\/marinkamraterna.se\/halmstad\/wp-json\/wp\/v2\/pages"}],"about":[{"href":"https:\/\/marinkamraterna.se\/halmstad\/wp-json\/wp\/v2\/types\/page"}],"author":[{"embeddable":true,"href":"https:\/\/marinkamraterna.se\/halmstad\/wp-json\/wp\/v2\/users\/13"}],"replies":[{"embeddable":true,"href":"https:\/\/marinkamraterna.se\/halmstad\/wp-json\/wp\/v2\/comments?post=37996"}],"version-history":[{"count":5,"href":"https:\/\/marinkamraterna.se\/halmstad\/wp-json\/wp\/v2\/pages\/37996\/revisions"}],"predecessor-version":[{"id":38028,"href":"https:\/\/marinkamraterna.se\/halmstad\/wp-json\/wp\/v2\/pages\/37996\/revisions\/38028"}],"up":[{"embeddable":true,"href":"https:\/\/marinkamraterna.se\/halmstad\/wp-json\/wp\/v2\/pages\/37049"}],"wp:attachment":[{"href":"https:\/\/marinkamraterna.se\/halmstad\/wp-json\/wp\/v2\/media?parent=37996"}],"curies":[{"name":"wp","href":"https:\/\/api.w.org\/{rel}","templated":true}]}}