{"id":38151,"date":"2022-11-03T11:47:32","date_gmt":"2022-11-03T10:47:32","guid":{"rendered":"https:\/\/marinkamraterna.se\/halmstad\/?page_id=38151"},"modified":"2022-11-03T12:07:55","modified_gmt":"2022-11-03T11:07:55","slug":"kamratafton-22-10","status":"publish","type":"page","link":"https:\/\/marinkamraterna.se\/halmstad\/startsidan\/marinstugan\/kamratafton-22-10\/","title":{"rendered":"Kamratafton 22-10-28"},"content":{"rendered":"<p>[et_pb_section fb_built=&#8221;1&#8243; use_custom_gutter=&#8221;on&#8221; gutter_width=&#8221;2&#8243; specialty=&#8221;on&#8221; padding_top_1=&#8221;10px&#8221; padding_top_bottom_link_1=&#8221;false&#8221; padding_left_right_link_1=&#8221;false&#8221; _builder_version=&#8221;4.16&#8243; _module_preset=&#8221;default&#8221; custom_margin=&#8221;|10px||||&#8221; custom_padding=&#8221;||||false|false&#8221; global_colors_info=&#8221;{}&#8221;][et_pb_column type=&#8221;1_4&#8243; _builder_version=&#8221;4.16&#8243; custom_padding=&#8221;|||&#8221; global_colors_info=&#8221;{}&#8221; custom_padding__hover=&#8221;|||&#8221;][et_pb_sidebar area=&#8221;et_pb_widget_area_3&#8243; _builder_version=&#8221;4.9.4&#8243; _module_preset=&#8221;default&#8221; header_font=&#8221;|600||on|||||&#8221; body_text_color=&#8221;#0C71C3&#8243; body_font_size=&#8221;14px&#8221; custom_margin=&#8221;||||false|false&#8221; custom_padding=&#8221;||||false|false&#8221; global_module=&#8221;33600&#8243; locked=&#8221;on&#8221; global_colors_info=&#8221;{}&#8221;][\/et_pb_sidebar][\/et_pb_column][et_pb_column type=&#8221;3_4&#8243; specialty_columns=&#8221;3&#8243; _builder_version=&#8221;4.16&#8243; custom_padding=&#8221;|||&#8221; global_colors_info=&#8221;{}&#8221; custom_padding__hover=&#8221;|||&#8221;][et_pb_row_inner use_custom_gutter=&#8221;on&#8221; gutter_width=&#8221;1&#8243; make_equal=&#8221;on&#8221; _builder_version=&#8221;4.16&#8243; _module_preset=&#8221;default&#8221; custom_padding=&#8221;0px||||false|false&#8221; global_colors_info=&#8221;{}&#8221;][et_pb_column_inner saved_specialty_column_type=&#8221;3_4&#8243; _builder_version=&#8221;4.16&#8243; _module_preset=&#8221;default&#8221; global_colors_info=&#8221;{}&#8221;][et_pb_post_title meta=&#8221;off&#8221; featured_image=&#8221;off&#8221; _builder_version=&#8221;4.16&#8243; _module_preset=&#8221;default&#8221; title_font_size=&#8221;35px&#8221; global_colors_info=&#8221;{}&#8221;][\/et_pb_post_title][et_pb_text _builder_version=&#8221;4.18.0&#8243; _module_preset=&#8221;default&#8221; hover_enabled=&#8221;0&#8243; global_colors_info=&#8221;{}&#8221; sticky_enabled=&#8221;0&#8243;]<\/p>\n<p style=\"box-sizing: border-box; margin: 0px; padding: 0px 0px 1em; border: 0px; outline: 0px; font-size: 15px; text-size-adjust: 100%; vertical-align: baseline; background: #ffffff; color: #333333; font-family: 'Open Sans', Arial, sans-serif; font-style: normal; font-variant-ligatures: normal; font-variant-caps: normal; font-weight: 500; letter-spacing: normal; orphans: 2; text-align: left; text-indent: 0px; text-transform: none; white-space: normal; widows: 2; word-spacing: 0px; -webkit-text-stroke-width: 0px; text-decoration-thickness: initial; text-decoration-style: initial; text-decoration-color: initial;\">Ordf. Ulf \u00c4ngemo h\u00e4lsade v\u00e4lkomna och speciellt till kv\u00e4llens f\u00f6rel\u00e4sare och tillika v\u00e5r medlem, naturparkm\u00e4stare Ragnar Johansson, som h\u00f6ll ett mycket uppskattat f\u00f6redrag om ett arbetsmarknadsprojekt som bar namnet \u201dPrins Bertils stig\u201d. Ragnar var projektledare och till sitt f\u00f6rfogande hade han 25 personer som under hela projektet utf\u00f6rde en fantastisk insats.<\/p>\n<p style=\"box-sizing: border-box; margin: 0px; padding: 0px 0px 1em; border: 0px; outline: 0px; font-size: 15px; text-size-adjust: 100%; vertical-align: baseline; background: #ffffff; color: #333333; font-family: 'Open Sans', Arial, sans-serif; font-style: normal; font-variant-ligatures: normal; font-variant-caps: normal; font-weight: 500; letter-spacing: normal; orphans: 2; text-align: left; text-indent: 0px; text-transform: none; white-space: normal; widows: 2; word-spacing: 0px; -webkit-text-stroke-width: 0px; text-decoration-thickness: initial; text-decoration-style: initial; text-decoration-color: initial;\">F\u00f6rsta etappen \u00e4r 8.7 km och tog 2- 3 \u00e5r med start fr\u00e5n Halmstad slott (uppf\u00f6rt 1610) och utmed Dragv\u00e4gen, d\u00e4r f. \u00f6. v\u00e5r vackra Marinstuga finns och vidare till Livr\u00e4ddartornet i Tyl\u00f6sand.<\/p>\n<p style=\"box-sizing: border-box; margin: 0px; padding: 0px 0px 1em; border: 0px; outline: 0px; font-size: 15px; text-size-adjust: 100%; vertical-align: baseline; background: #ffffff; color: #333333; font-family: 'Open Sans', Arial, sans-serif; font-style: normal; font-variant-ligatures: normal; font-variant-caps: normal; font-weight: 500; letter-spacing: normal; orphans: 2; text-align: left; text-indent: 0px; text-transform: none; white-space: normal; widows: 2; word-spacing: 0px; -webkit-text-stroke-width: 0px; text-decoration-thickness: initial; text-decoration-style: initial; text-decoration-color: initial;\">Allt gick inte som p\u00e5 r\u00e4ls. Oftast d\u00f6k det upp problem, \u00e4n med sten i dagen, eller att stigen kom l\u00e5ngt ner i sanddynerna med risk f\u00f6r att havet f\u00f6rr eller senare skulle sluka stigen. Ett annat problem var n\u00e4r stigen kom f\u00f6r n\u00e4ra tomtgr\u00e4nserna vilket inte alltid var popul\u00e4rt. Stigen skulle i f\u00e4rdigt skick ge plats till personer med rullator, rullstolsbundna, vandrare, barnvagnar, cyklister m.fl.<\/p>\n<p style=\"box-sizing: border-box; margin: 0px; padding: 0px 0px 1em; border: 0px; outline: 0px; font-size: 15px; text-size-adjust: 100%; vertical-align: baseline; background: #ffffff; color: #333333; font-family: 'Open Sans', Arial, sans-serif; font-style: normal; font-variant-ligatures: normal; font-variant-caps: normal; font-weight: 500; letter-spacing: normal; orphans: 2; text-align: left; text-indent: 0px; text-transform: none; white-space: normal; widows: 2; word-spacing: 0px; -webkit-text-stroke-width: 0px; text-decoration-thickness: initial; text-decoration-style: initial; text-decoration-color: initial;\">Stigens str\u00e4ckning utmed havet \u00e4r mycket rik p\u00e5 natur och kulturupplevelser och gott om m\u00f6jligheter till ett bad. Utmed stigen finns grillplatser, toaletter, infotavlor, samt vilob\u00e4nkar. Stigen \u00e4r delvis belyst och har d\u00e4rmed ett h\u00f6gt v\u00e4rde som rekreationsomr\u00e5de och betraktas som en av Hallands finaste vandringsled.<\/p>\n<p style=\"box-sizing: border-box; margin: 0px; padding: 0px 0px 1em; border: 0px; outline: 0px; font-size: 15px; text-size-adjust: 100%; vertical-align: baseline; background: #ffffff; color: #333333; font-family: 'Open Sans', Arial, sans-serif; font-style: normal; font-variant-ligatures: normal; font-variant-caps: normal; font-weight: 500; letter-spacing: normal; orphans: 2; text-align: left; text-indent: 0px; text-transform: none; white-space: normal; widows: 2; word-spacing: 0px; -webkit-text-stroke-width: 0px; text-decoration-thickness: initial; text-decoration-style: initial; text-decoration-color: initial;\">Stigen \u00e4r uppkallad efter hertigen av Halland, prins Bertil, (d\u00f6d jan -97) som hade ett sommarhus i Tyl\u00f6sand, strax utanf\u00f6r Halmstad som f. \u00f6. sk\u00e4nkts av Halmstadborna. Stigens f\u00f6rsta etapp invigdes vid G\u00f6rvik, en badvik som i folkmun kallas Sv\u00e4rjarh\u00e5lan, den 17 maj 1998 av prinsessan Lilian.<\/p>\n<p style=\"box-sizing: border-box; margin: 0px; padding: 0px 0px 1em; border: 0px; outline: 0px; font-size: 15px; text-size-adjust: 100%; vertical-align: baseline; background: #ffffff; color: #333333; font-family: 'Open Sans', Arial, sans-serif; font-style: normal; font-variant-ligatures: normal; font-variant-caps: normal; font-weight: 500; letter-spacing: normal; orphans: 2; text-align: left; text-indent: 0px; text-transform: none; white-space: normal; widows: 2; word-spacing: 0px; -webkit-text-stroke-width: 0px; text-decoration-thickness: initial; text-decoration-style: initial; text-decoration-color: initial;\">Efter f\u00f6rsta etappen gick stigen sedan vidare till slutstationen, M\u00f6lleg\u00e5rds naturreservat.<\/p>\n<p style=\"box-sizing: border-box; margin: 0px; padding: 0px 0px 1em; border: 0px; outline: 0px; font-size: 15px; text-size-adjust: 100%; vertical-align: baseline; background: #ffffff; color: #333333; font-family: 'Open Sans', Arial, sans-serif; font-style: normal; font-variant-ligatures: normal; font-variant-caps: normal; font-weight: 500; letter-spacing: normal; orphans: 2; text-align: left; text-indent: 0px; text-transform: none; white-space: normal; widows: 2; word-spacing: 0px; -webkit-text-stroke-width: 0px; text-decoration-thickness: initial; text-decoration-style: initial; text-decoration-color: initial;\">Som tack f\u00f6r ett utm\u00e4rkt f\u00f6redrag fick Ragnar Johansson extra mycket appl\u00e5der.<\/p>\n<p style=\"box-sizing: border-box; margin: 0px; padding: 0px; border: 0px; outline: 0px; font-size: 15px; text-size-adjust: 100%; vertical-align: baseline; background: #ffffff; color: #333333; font-family: 'Open Sans', Arial, sans-serif; font-style: normal; font-variant-ligatures: normal; font-variant-caps: normal; font-weight: 500; letter-spacing: normal; orphans: 2; text-align: left; text-indent: 0px; text-transform: none; white-space: normal; widows: 2; word-spacing: 0px; -webkit-text-stroke-width: 0px; text-decoration-thickness: initial; text-decoration-style: initial; text-decoration-color: initial;\">Sista appl\u00e5derna gick till v\u00e5r klubbm\u00e4stare Mats Leminger som med sin personal stod f\u00f6r god mat och utm\u00e4rkt service.<br style=\"box-sizing: border-box;\" \/>Reportage och bilder\u00a0\u00a0\u00a0\u00a0 Leif Leihed<\/p>\n<p>[\/et_pb_text][\/et_pb_column_inner][\/et_pb_row_inner][et_pb_row_inner use_custom_gutter=&#8221;on&#8221; gutter_width=&#8221;1&#8243; _builder_version=&#8221;4.16&#8243; _module_preset=&#8221;default&#8221; global_colors_info=&#8221;{}&#8221;][et_pb_column_inner saved_specialty_column_type=&#8221;3_4&#8243; _builder_version=&#8221;4.16&#8243; _module_preset=&#8221;default&#8221; global_colors_info=&#8221;{}&#8221;][et_pb_gallery gallery_ids=&#8221;38141,38140,38139&#8243; posts_number=&#8221;100&#8243; show_title_and_caption=&#8221;off&#8221; show_pagination=&#8221;off&#8221; _builder_version=&#8221;4.18.0&#8243; _module_preset=&#8221;default&#8221; hover_enabled=&#8221;0&#8243; global_colors_info=&#8221;{}&#8221; sticky_enabled=&#8221;0&#8243;][\/et_pb_gallery][\/et_pb_column_inner][\/et_pb_row_inner][\/et_pb_column][\/et_pb_section]<\/p>\n","protected":false},"excerpt":{"rendered":"<p>Ordf. Ulf \u00c4ngemo h\u00e4lsade v\u00e4lkomna och speciellt till kv\u00e4llens f\u00f6rel\u00e4sare och tillika v\u00e5r medlem, naturparkm\u00e4stare Ragnar Johansson, som h\u00f6ll ett mycket uppskattat f\u00f6redrag om ett arbetsmarknadsprojekt som bar namnet \u201dPrins Bertils stig\u201d. Ragnar var projektledare och till sitt f\u00f6rfogande hade han 25 personer som under hela projektet utf\u00f6rde en fantastisk insats. F\u00f6rsta etappen \u00e4r 8.7 [&hellip;]<\/p>\n","protected":false},"author":3,"featured_media":0,"parent":37049,"menu_order":0,"comment_status":"closed","ping_status":"closed","template":"","meta":{"_et_pb_use_builder":"on","_et_pb_old_content":"<p>Ordf. Ulf \u00c4ngemo h\u00e4lsade v\u00e4lkomna och speciellt till kv\u00e4llens f\u00f6rel\u00e4sare och tillika v\u00e5r medlem, naturparkm\u00e4stare Ragnar Johansson, som h\u00f6ll ett mycket uppskattat f\u00f6redrag om ett arbetsmarknadsprojekt som bar namnet \u201dPrins Bertils stig\u201d. Ragnar var projektledare och till sitt f\u00f6rfogande hade han 25 personer som under hela projektet utf\u00f6rde en fantastisk insats.<\/p><p>F\u00f6rsta etappen \u00e4r 8.7 km och tog 2- 3 \u00e5r med start fr\u00e5n Halmstad slott (uppf\u00f6rt 1610) och utmed Dragv\u00e4gen, d\u00e4r f. \u00f6. v\u00e5r vackra Marinstuga finns och vidare till Livr\u00e4ddartornet i Tyl\u00f6sand.<\/p><p>Allt gick inte som p\u00e5 r\u00e4ls. Oftast d\u00f6k det upp problem, \u00e4n med sten i dagen, eller att stigen kom l\u00e5ngt ner i sanddynerna med risk f\u00f6r att havet f\u00f6rr eller senare skulle sluka stigen. Ett annat problem var n\u00e4r stigen kom f\u00f6r n\u00e4ra tomtgr\u00e4nserna vilket inte alltid var popul\u00e4rt. Stigen skulle i f\u00e4rdigt skick ge plats till personer med rullator, rullstolsbundna, vandrare, barnvagnar, cyklister m.fl.<\/p><p>Stigens str\u00e4ckning utmed havet \u00e4r mycket rik p\u00e5 natur och kulturupplevelser och gott om m\u00f6jligheter till ett bad. Utmed stigen finns grillplatser, toaletter, infotavlor, samt vilob\u00e4nkar. Stigen \u00e4r delvis belyst och har d\u00e4rmed ett h\u00f6gt v\u00e4rde som rekreationsomr\u00e5de och betraktas som en av Hallands finaste vandringsled.<\/p><p>Stigen \u00e4r uppkallad efter hertigen av Halland, prins Bertil, (d\u00f6d jan -97) som hade ett sommarhus i Tyl\u00f6sand, strax utanf\u00f6r Halmstad som f. \u00f6. sk\u00e4nkts av Halmstadborna. Stigens f\u00f6rsta etapp invigdes vid G\u00f6rvik, en badvik som i folkmun kallas Sv\u00e4rjarh\u00e5lan, den 17 maj 1998 av prinsessan Lilian.<\/p><p>Efter f\u00f6rsta etappen gick stigen sedan vidare till slutstationen, M\u00f6lleg\u00e5rds naturreservat.<\/p><p>Som tack f\u00f6r ett utm\u00e4rkt f\u00f6redrag fick Ragnar Johansson extra mycket appl\u00e5der.<\/p><p>Sista appl\u00e5derna gick till v\u00e5r klubbm\u00e4stare Mats Leminger som med sin personal stod f\u00f6r god mat och utm\u00e4rkt service.<br \/>Reportage och bilder\u00a0\u00a0\u00a0\u00a0 Leif Leihed<\/p>","_et_gb_content_width":"","iawp_total_views":87,"footnotes":""},"class_list":["post-38151","page","type-page","status-publish","hentry"],"_links":{"self":[{"href":"https:\/\/marinkamraterna.se\/halmstad\/wp-json\/wp\/v2\/pages\/38151","targetHints":{"allow":["GET"]}}],"collection":[{"href":"https:\/\/marinkamraterna.se\/halmstad\/wp-json\/wp\/v2\/pages"}],"about":[{"href":"https:\/\/marinkamraterna.se\/halmstad\/wp-json\/wp\/v2\/types\/page"}],"author":[{"embeddable":true,"href":"https:\/\/marinkamraterna.se\/halmstad\/wp-json\/wp\/v2\/users\/3"}],"replies":[{"embeddable":true,"href":"https:\/\/marinkamraterna.se\/halmstad\/wp-json\/wp\/v2\/comments?post=38151"}],"version-history":[{"count":7,"href":"https:\/\/marinkamraterna.se\/halmstad\/wp-json\/wp\/v2\/pages\/38151\/revisions"}],"predecessor-version":[{"id":38161,"href":"https:\/\/marinkamraterna.se\/halmstad\/wp-json\/wp\/v2\/pages\/38151\/revisions\/38161"}],"up":[{"embeddable":true,"href":"https:\/\/marinkamraterna.se\/halmstad\/wp-json\/wp\/v2\/pages\/37049"}],"wp:attachment":[{"href":"https:\/\/marinkamraterna.se\/halmstad\/wp-json\/wp\/v2\/media?parent=38151"}],"curies":[{"name":"wp","href":"https:\/\/api.w.org\/{rel}","templated":true}]}}