{"id":38814,"date":"2025-06-01T18:12:10","date_gmt":"2025-06-01T16:12:10","guid":{"rendered":"https:\/\/marinkamraterna.se\/halmstad\/?page_id=38814"},"modified":"2025-06-01T18:14:57","modified_gmt":"2025-06-01T16:14:57","slug":"varfesten-2025","status":"publish","type":"page","link":"https:\/\/marinkamraterna.se\/halmstad\/startsidan\/marinstugan\/varfesten-2025\/","title":{"rendered":"V\u00e5rfesten 2025"},"content":{"rendered":"<p>[et_pb_section fb_built=&#8221;1&#8243; use_custom_gutter=&#8221;on&#8221; gutter_width=&#8221;2&#8243; specialty=&#8221;on&#8221; padding_top_1=&#8221;10px&#8221; padding_top_bottom_link_1=&#8221;false&#8221; padding_left_right_link_1=&#8221;false&#8221; _builder_version=&#8221;4.16&#8243; _module_preset=&#8221;default&#8221; custom_margin=&#8221;|10px||||&#8221; custom_padding=&#8221;||||false|false&#8221; global_colors_info=&#8221;{}&#8221;][et_pb_column type=&#8221;1_4&#8243; _builder_version=&#8221;4.16&#8243; custom_padding=&#8221;|||&#8221; global_colors_info=&#8221;{}&#8221; custom_padding__hover=&#8221;|||&#8221;][et_pb_sidebar area=&#8221;et_pb_widget_area_3&#8243; _builder_version=&#8221;4.9.4&#8243; _module_preset=&#8221;default&#8221; header_font=&#8221;|600||on|||||&#8221; body_text_color=&#8221;#0C71C3&#8243; body_font_size=&#8221;14px&#8221; custom_margin=&#8221;||||false|false&#8221; custom_padding=&#8221;||||false|false&#8221; global_module=&#8221;33600&#8243; locked=&#8221;on&#8221; global_colors_info=&#8221;{}&#8221; admin_label=&#8221;Sidof\u00e4lt&#8221;][\/et_pb_sidebar][\/et_pb_column][et_pb_column type=&#8221;3_4&#8243; specialty_columns=&#8221;3&#8243; _builder_version=&#8221;4.16&#8243; custom_padding=&#8221;|||&#8221; global_colors_info=&#8221;{}&#8221; custom_padding__hover=&#8221;|||&#8221;][et_pb_row_inner use_custom_gutter=&#8221;on&#8221; gutter_width=&#8221;1&#8243; make_equal=&#8221;on&#8221; _builder_version=&#8221;4.16&#8243; _module_preset=&#8221;default&#8221; custom_padding=&#8221;0px||||false|false&#8221; global_colors_info=&#8221;{}&#8221;][et_pb_column_inner saved_specialty_column_type=&#8221;3_4&#8243; _builder_version=&#8221;4.16&#8243; _module_preset=&#8221;default&#8221; global_colors_info=&#8221;{}&#8221;][et_pb_image src=&#8221;https:\/\/marinkamraterna.se\/halmstad\/wp-content\/uploads\/sites\/16\/2025\/06\/IMG_1078-1.jpeg&#8221; title_text=&#8221;IMG 1078&#8243; _builder_version=&#8221;4.27.4&#8243; _module_preset=&#8221;default&#8221; global_colors_info=&#8221;{}&#8221;][\/et_pb_image][et_pb_post_title meta=&#8221;off&#8221; featured_image=&#8221;off&#8221; _builder_version=&#8221;4.16&#8243; _module_preset=&#8221;default&#8221; title_font_size=&#8221;35px&#8221; global_colors_info=&#8221;{}&#8221;][\/et_pb_post_title][et_pb_text _builder_version=&#8221;4.27.4&#8243; _module_preset=&#8221;default&#8221; global_colors_info=&#8221;{}&#8221;]<\/p>\n<p style=\"margin: 0px;padding: 0px 0px 1em;border: 0px;font-size: 15px;vertical-align: baseline;background: #ffffff;color: #333333;font-family: 'Open Sans', Arial, sans-serif;font-style: normal;font-weight: 500;letter-spacing: normal;text-align: left;text-indent: 0px;text-transform: none\">\u200b<\/p>\n<h4>V\u00e5rfesten<\/h4>\n<p>Den 24 maj avh\u00f6lls den \u00e5rliga och traditionella V\u00e5rfesten i Marinstugan. Totalt n\u00e4rvarade 26 medlemmar. Gruppen var \u00e4ven i \u00e5r f\u00f6rst\u00e4rkt med kamrater fr\u00e5n Lyngby i Danmark under ledning av Niels Hald.<\/p>\n<p>Som vanligt samlades deltagarna f\u00f6r mingel i tr\u00e4dg\u00e5rden med korvgrillning. Det var h\u00e5rd \u00e5tg\u00e5ng p\u00e5 korvarna. \u00a0Vissa hot om regn f\u00f6rekom men till slut s\u00e5 d\u00f6k solen fram som sig b\u00f6r.<\/p>\n<p>Nu var det s\u00e5 dags f\u00f6r de mytomspunna t\u00e4vlingarna. Boule, luftgev\u00e4rsskytte och slangbella.\u00a0 N\u00e4r det g\u00e4ller luftgev\u00e4rsskyttet s\u00e5 blev det till slut s\u00e4rskjutning. Men inte med luftgev\u00e4r utan med luftpistol. Att skjuta med luftpistol visade sig inte vara helt enkelt.<\/p>\n<p>Efter n\u00e5gra timmars mingel och t\u00e4vlande var det s\u00e5 dags att s\u00e4tta sig till bords. H\u00e4r hade Mats och Arne dukat fram en fantastisk buff\u00e9. Ordf\u00f6rande h\u00e4lsade samtliga varmt v\u00e4lkomna och en speciell h\u00e4lsning till v\u00e5ra danska kamrater. Ordf\u00f6rande passade p\u00e5 att gratulera det danska ishockeylaget som slog Canada i VM<\/p>\n<p>Maten som serverades var som vanligt helt perfekt och med tiden t\u00f6mdes faten. Som vanligt var det h\u00f6g st\u00e4mning. Leif var alls\u00e5ngsledare och det sj\u00f6ngs b\u00e5de p\u00e5 svenska och danska och det sk\u00e5lades \u00e5t alla h\u00e5ll.<\/p>\n<p>Till slut s\u00e5 br\u00f6ts taffeln och deltagarna begav sig hem\u00e5t.<\/p>\n<p>Ett stort tack till Mats och Arne som har planerat och genomf\u00f6rde V\u00e5rfesten.<\/p>\n<p>&nbsp;<\/p>\n<p><em>Torbj\u00f6rn Malmkvist<\/em><\/p>\n<p>[\/et_pb_text][\/et_pb_column_inner][\/et_pb_row_inner][et_pb_row_inner use_custom_gutter=&#8221;on&#8221; gutter_width=&#8221;1&#8243; _builder_version=&#8221;4.16&#8243; _module_preset=&#8221;default&#8221; global_colors_info=&#8221;{}&#8221;][et_pb_column_inner saved_specialty_column_type=&#8221;3_4&#8243; _builder_version=&#8221;4.16&#8243; _module_preset=&#8221;default&#8221; global_colors_info=&#8221;{}&#8221;][et_pb_gallery gallery_ids=&#8221;38813,38812,38811,38810,38809,38808,38807,38806,38805,38804,38803,38802,38801,38799&#8243; posts_number=&#8221;100&#8243; show_title_and_caption=&#8221;off&#8221; show_pagination=&#8221;off&#8221; _builder_version=&#8221;4.27.4&#8243; _module_preset=&#8221;default&#8221; global_colors_info=&#8221;{}&#8221;][\/et_pb_gallery][\/et_pb_column_inner][\/et_pb_row_inner][\/et_pb_column][\/et_pb_section]<\/p>\n","protected":false},"excerpt":{"rendered":"<p>\u200b V\u00e5rfesten Den 24 maj avh\u00f6lls den \u00e5rliga och traditionella V\u00e5rfesten i Marinstugan. Totalt n\u00e4rvarade 26 medlemmar. Gruppen var \u00e4ven i \u00e5r f\u00f6rst\u00e4rkt med kamrater fr\u00e5n Lyngby i Danmark under ledning av Niels Hald. Som vanligt samlades deltagarna f\u00f6r mingel i tr\u00e4dg\u00e5rden med korvgrillning. Det var h\u00e5rd \u00e5tg\u00e5ng p\u00e5 korvarna. \u00a0Vissa hot om regn f\u00f6rekom [&hellip;]<\/p>\n","protected":false},"author":13,"featured_media":0,"parent":37049,"menu_order":0,"comment_status":"closed","ping_status":"closed","template":"","meta":{"_et_pb_use_builder":"on","_et_pb_old_content":"","_et_gb_content_width":"","iawp_total_views":44,"footnotes":""},"class_list":["post-38814","page","type-page","status-publish","hentry"],"_links":{"self":[{"href":"https:\/\/marinkamraterna.se\/halmstad\/wp-json\/wp\/v2\/pages\/38814","targetHints":{"allow":["GET"]}}],"collection":[{"href":"https:\/\/marinkamraterna.se\/halmstad\/wp-json\/wp\/v2\/pages"}],"about":[{"href":"https:\/\/marinkamraterna.se\/halmstad\/wp-json\/wp\/v2\/types\/page"}],"author":[{"embeddable":true,"href":"https:\/\/marinkamraterna.se\/halmstad\/wp-json\/wp\/v2\/users\/13"}],"replies":[{"embeddable":true,"href":"https:\/\/marinkamraterna.se\/halmstad\/wp-json\/wp\/v2\/comments?post=38814"}],"version-history":[{"count":8,"href":"https:\/\/marinkamraterna.se\/halmstad\/wp-json\/wp\/v2\/pages\/38814\/revisions"}],"predecessor-version":[{"id":38825,"href":"https:\/\/marinkamraterna.se\/halmstad\/wp-json\/wp\/v2\/pages\/38814\/revisions\/38825"}],"up":[{"embeddable":true,"href":"https:\/\/marinkamraterna.se\/halmstad\/wp-json\/wp\/v2\/pages\/37049"}],"wp:attachment":[{"href":"https:\/\/marinkamraterna.se\/halmstad\/wp-json\/wp\/v2\/media?parent=38814"}],"curies":[{"name":"wp","href":"https:\/\/api.w.org\/{rel}","templated":true}]}}