{"id":38861,"date":"2025-07-15T19:26:18","date_gmt":"2025-07-15T17:26:18","guid":{"rendered":"https:\/\/marinkamraterna.se\/halmstad\/?page_id=38861"},"modified":"2025-07-15T19:26:18","modified_gmt":"2025-07-15T17:26:18","slug":"protokoll-fran-riksarsmoten","status":"publish","type":"page","link":"https:\/\/marinkamraterna.se\/halmstad\/protokoll-fran-riksarsmoten\/","title":{"rendered":"Protokoll fr\u00e5n Riks\u00e5rsm\u00f6ten"},"content":{"rendered":"<h2><strong>Klicka f\u00f6r att l\u00e4sa protokollet.<\/strong><\/h2>\n<h6><a href=\"https:\/\/marinkamraterna.se\/halmstad\/wp-content\/uploads\/sites\/16\/2025\/07\/Protokoll-riksarsmotet-2025.pdf\"><span style=\"color: #0000ff\">Protokoll fr\u00e5n riks\u00e5rsm\u00f6tet 2025<\/span><\/a><\/h6>\n<p><a href=\"https:\/\/marinkamraterna.se\/halmstad\/wp-content\/uploads\/sites\/16\/2025\/07\/Protokoll-riksarsmotet-2024.pdf\"><span style=\"color: #0000ff\">Protokoll fr\u00e5n riks\u00e5rsm\u00f6tet 2024<\/span><\/a><\/p>\n<p><span style=\"color: #0000ff\"><a style=\"color: #0000ff\" href=\"https:\/\/marinkamraterna.se\/halmstad\/wp-content\/uploads\/sites\/16\/2025\/07\/Protokoll-riksarsmotet-2023.pdf\">Protokoll fr\u00e5n riks\u00e5rsm\u00f6tet 2023<\/a><\/span><\/p>\n<p><span style=\"color: #0000ff\"><a style=\"color: #0000ff\" href=\"https:\/\/marinkamraterna.se\/halmstad\/wp-content\/uploads\/sites\/16\/2025\/07\/Protokoll-riksarsmotet-2022.pdf\">Protokoll fr\u00e5n riks\u00e5rsm\u00f6tet 2022<\/a><\/span><\/p>\n<p><span style=\"color: #0000ff\"><a style=\"color: #0000ff\" href=\"https:\/\/marinkamraterna.se\/halmstad\/wp-content\/uploads\/sites\/16\/2025\/07\/Protokoll-riksarsmotet-2021.pdf\">Protokoll fr\u00e5n riks\u00e5rsm\u00f6tet 2021<\/a><\/span><\/p>\n<p><span style=\"color: #0000ff\"><a style=\"color: #0000ff\" href=\"https:\/\/marinkamraterna.se\/halmstad\/wp-content\/uploads\/sites\/16\/2025\/07\/Protokoll-riksarsmotet-2020.pdf\">Protokoll fr\u00e5n riks\u00e5rsm\u00f6tet 2020<\/a><\/span><\/p>\n<p><span style=\"color: #0000ff\"><a style=\"color: #0000ff\" href=\"https:\/\/marinkamraterna.se\/halmstad\/wp-content\/uploads\/sites\/16\/2025\/07\/Protokoll-riksarsmotet-2019.pdf\">Protokoll fr\u00e5n riks\u00e5rsm\u00f6tet 2019<\/a><\/span><\/p>\n<p><span style=\"color: #0000ff\"><a style=\"color: #0000ff\" href=\"https:\/\/marinkamraterna.se\/halmstad\/wp-content\/uploads\/sites\/16\/2025\/07\/Protokoll-riksarsmotet-2018.pdf\">Protokoll fr\u00e5n riks\u00e5rsm\u00f6tet 2018<\/a><\/span><\/p>\n<h6><\/h6>\n<p>&nbsp;<\/p>\n<p>&nbsp;<\/p>\n<p>&nbsp;<\/p>\n","protected":false},"excerpt":{"rendered":"<p>Klicka f\u00f6r att l\u00e4sa protokollet. Protokoll fr\u00e5n riks\u00e5rsm\u00f6tet 2025 Protokoll fr\u00e5n riks\u00e5rsm\u00f6tet 2024 Protokoll fr\u00e5n riks\u00e5rsm\u00f6tet 2023 Protokoll fr\u00e5n riks\u00e5rsm\u00f6tet 2022 Protokoll fr\u00e5n riks\u00e5rsm\u00f6tet 2021 Protokoll fr\u00e5n riks\u00e5rsm\u00f6tet 2020 Protokoll fr\u00e5n riks\u00e5rsm\u00f6tet 2019 Protokoll fr\u00e5n riks\u00e5rsm\u00f6tet 2018 &nbsp; &nbsp; &nbsp;<\/p>\n","protected":false},"author":13,"featured_media":0,"parent":0,"menu_order":0,"comment_status":"closed","ping_status":"closed","template":"","meta":{"_et_pb_use_builder":"","_et_pb_old_content":"","_et_gb_content_width":"","iawp_total_views":7,"footnotes":""},"class_list":["post-38861","page","type-page","status-publish","hentry"],"_links":{"self":[{"href":"https:\/\/marinkamraterna.se\/halmstad\/wp-json\/wp\/v2\/pages\/38861","targetHints":{"allow":["GET"]}}],"collection":[{"href":"https:\/\/marinkamraterna.se\/halmstad\/wp-json\/wp\/v2\/pages"}],"about":[{"href":"https:\/\/marinkamraterna.se\/halmstad\/wp-json\/wp\/v2\/types\/page"}],"author":[{"embeddable":true,"href":"https:\/\/marinkamraterna.se\/halmstad\/wp-json\/wp\/v2\/users\/13"}],"replies":[{"embeddable":true,"href":"https:\/\/marinkamraterna.se\/halmstad\/wp-json\/wp\/v2\/comments?post=38861"}],"version-history":[{"count":13,"href":"https:\/\/marinkamraterna.se\/halmstad\/wp-json\/wp\/v2\/pages\/38861\/revisions"}],"predecessor-version":[{"id":38883,"href":"https:\/\/marinkamraterna.se\/halmstad\/wp-json\/wp\/v2\/pages\/38861\/revisions\/38883"}],"wp:attachment":[{"href":"https:\/\/marinkamraterna.se\/halmstad\/wp-json\/wp\/v2\/media?parent=38861"}],"curies":[{"name":"wp","href":"https:\/\/api.w.org\/{rel}","templated":true}]}}