{"id":39050,"date":"2025-09-29T14:49:00","date_gmt":"2025-09-29T12:49:00","guid":{"rendered":"https:\/\/marinkamraterna.se\/halmstad\/?page_id=39050"},"modified":"2025-09-29T14:49:02","modified_gmt":"2025-09-29T12:49:02","slug":"kamratafton-2025-09-25","status":"publish","type":"page","link":"https:\/\/marinkamraterna.se\/halmstad\/kamratafton-2025-09-25\/","title":{"rendered":"Kamratafton 2025-09-25"},"content":{"rendered":"<p>[et_pb_section fb_built=&#8221;1&#8243; _builder_version=&#8221;4.16&#8243; global_colors_info=&#8221;{}&#8221;][et_pb_row _builder_version=&#8221;4.16&#8243; background_size=&#8221;initial&#8221; background_position=&#8221;top_left&#8221; background_repeat=&#8221;repeat&#8221; global_colors_info=&#8221;{}&#8221;][et_pb_column type=&#8221;4_4&#8243; _builder_version=&#8221;4.16&#8243; custom_padding=&#8221;|||&#8221; global_colors_info=&#8221;{}&#8221; custom_padding__hover=&#8221;|||&#8221;][et_pb_text _builder_version=&#8221;4.27.4&#8243; background_size=&#8221;initial&#8221; background_position=&#8221;top_left&#8221; background_repeat=&#8221;repeat&#8221; global_colors_info=&#8221;{}&#8221;]<\/p>\n<p><strong>Kamratafton den 25 september<\/strong><\/p>\n<p>&nbsp;<\/p>\n<p>S\u00e5 var det d\u00e5 dags f\u00f6r h\u00f6stens f\u00f6rsta Kamratafton. Ordf\u00f6rande h\u00e4lsade samtliga varmt v\u00e4lkomna till en Kamratafton i en rej\u00e4lt och beh\u00f6vligt uppsnyggad Marinstuga. Ett antal medlemmar har under v\u00e5ren och sommaren hj\u00e4lpt till med att snygga till utsidan p\u00e5 Marinstugan, Kajutan och Snappen. \u00c4ven k\u00f6ket har f\u00e5tt en uppsnyggning.<\/p>\n<p>Chefen f\u00f6r FMTS (F\u00f6rsvarsmaktens Tekniska Skola i Halmstad, \u00d6verste Peter Nilsson var inbjuden g\u00e4st och h\u00f6ll ett f\u00f6redrag om FMTS men ber\u00f6rde \u00e4ven det milit\u00e4rpolitiska l\u00e4get i omv\u00e4rlden men i synnerhet i n\u00e4romr\u00e5det. Det blev naturligtvis b\u00e5de fr\u00e5gor och diskussioner.<\/p>\n<p>I \u00e5r firar FMTS 20 \u00e5r och antalet anst\u00e4llda \u00e4r 1450, best\u00e5ende av b\u00e5de yrkesofficerare och civilanst\u00e4llda personal. Antalet v\u00e4rnpliktiga 2025\u20132026 \u00e4r 140. Verksamheten ut\u00f6kas succesivt beroende p\u00e5 flera faktorer, bland annat anslutningen till NATO, krig i n\u00e4romr\u00e5det och \u00f6kade f\u00f6rsvarsanslag.<\/p>\n<p>Inne p\u00e5 Flottiljomr\u00e5det p\u00e5g\u00e5r sedan 2024 stora infrastrukturella satsningar. Ett av de st\u00f6rre projekten \u00e4r kopplat till Jas 39 E.<\/p>\n<p>Peter Nilsson fick en varm appl\u00e5d. Efter middagen s\u00e5 fortsatte fr\u00e5gor och diskussioner med Peter.<\/p>\n<p>Klubbm\u00e4stare Arne Lind och hans goa k\u00f6ksg\u00e4ng, s\u00e5g till att alla fick god mat och dricka.<\/p>\n<p>[\/et_pb_text][et_pb_gallery gallery_ids=&#8221;39061,39060,39059,39058,39057&#8243; _builder_version=&#8221;4.27.4&#8243; _module_preset=&#8221;default&#8221; global_colors_info=&#8221;{}&#8221;][\/et_pb_gallery][et_pb_text _builder_version=&#8221;4.27.4&#8243; _module_preset=&#8221;default&#8221; global_colors_info=&#8221;{}&#8221;]<\/p>\n<p><em>Foto, Leif Leihed<\/em><\/p>\n<p>[\/et_pb_text][\/et_pb_column][\/et_pb_row][\/et_pb_section]<\/p>\n","protected":false},"excerpt":{"rendered":"<p>Kamratafton den 25 september &nbsp; S\u00e5 var det d\u00e5 dags f\u00f6r h\u00f6stens f\u00f6rsta Kamratafton. Ordf\u00f6rande h\u00e4lsade samtliga varmt v\u00e4lkomna till en Kamratafton i en rej\u00e4lt och beh\u00f6vligt uppsnyggad Marinstuga. Ett antal medlemmar har under v\u00e5ren och sommaren hj\u00e4lpt till med att snygga till utsidan p\u00e5 Marinstugan, Kajutan och Snappen. \u00c4ven k\u00f6ket har f\u00e5tt en uppsnyggning. [&hellip;]<\/p>\n","protected":false},"author":13,"featured_media":0,"parent":0,"menu_order":0,"comment_status":"closed","ping_status":"closed","template":"","meta":{"_et_pb_use_builder":"on","_et_pb_old_content":"<p><strong>Kamratafton den 25 september<\/strong><\/p><p>S\u00e5 var det d\u00e5 dags f\u00f6r h\u00f6stens f\u00f6rsta Kamratafton. Ordf\u00f6rande h\u00e4lsade samtliga varmt v\u00e4lkomna till en Kamratafton i en rej\u00e4lt och beh\u00f6vligt uppsnyggad Marinstuga. Ett antal medlemmar har under v\u00e5ren och sommaren hj\u00e4lpt till med att snygga till utsidan p\u00e5 Marinstugan, Kajutan och Snappen. \u00c4ven k\u00f6ket har f\u00e5tt en uppsnyggning.<\/p><p>Chefen f\u00f6r FMTS (F\u00f6rsvarsmaktens Tekniska Skola i Halmstad, \u00d6verste Peter Nilsson var inbjuden g\u00e4st och h\u00f6ll ett f\u00f6redrag om FMTS men ber\u00f6rde \u00e4ven det milit\u00e4rpolitiska l\u00e4get i omv\u00e4rlden men i synnerhet i n\u00e4romr\u00e5det. Det blev naturligtvis b\u00e5de fr\u00e5gor och diskussioner.<\/p><p>I \u00e5r firar FMTS 20 \u00e5r och antalet anst\u00e4llda \u00e4r 1450, best\u00e5ende av b\u00e5de yrkesofficerare och civilanst\u00e4llda personal. Antalet v\u00e4rnpliktiga 2025\u20132026 \u00e4r 140. Verksamheten ut\u00f6kas succesivt beroende p\u00e5 flera faktorer, bland annat anslutningen till NATO, krig i n\u00e4romr\u00e5det och \u00f6kade f\u00f6rsvarsanslag.<\/p><p>Inne p\u00e5 Flottiljomr\u00e5det p\u00e5g\u00e5r sedan 2024 stora infrastrukturella satsningar. Ett av de st\u00f6rre projekten \u00e4r kopplat till Jas 39 E.<\/p><p>Peter Nilsson fick en varm appl\u00e5d. Efter middagen s\u00e5 fortsatte fr\u00e5gor och diskussioner med Peter.<\/p><p>Klubbm\u00e4stare Arne Lind och hans goa k\u00f6ksg\u00e4ng, s\u00e5g till att alla fick god mat och dricka.<\/p>","_et_gb_content_width":"","iawp_total_views":20,"footnotes":""},"class_list":["post-39050","page","type-page","status-publish","hentry"],"_links":{"self":[{"href":"https:\/\/marinkamraterna.se\/halmstad\/wp-json\/wp\/v2\/pages\/39050","targetHints":{"allow":["GET"]}}],"collection":[{"href":"https:\/\/marinkamraterna.se\/halmstad\/wp-json\/wp\/v2\/pages"}],"about":[{"href":"https:\/\/marinkamraterna.se\/halmstad\/wp-json\/wp\/v2\/types\/page"}],"author":[{"embeddable":true,"href":"https:\/\/marinkamraterna.se\/halmstad\/wp-json\/wp\/v2\/users\/13"}],"replies":[{"embeddable":true,"href":"https:\/\/marinkamraterna.se\/halmstad\/wp-json\/wp\/v2\/comments?post=39050"}],"version-history":[{"count":10,"href":"https:\/\/marinkamraterna.se\/halmstad\/wp-json\/wp\/v2\/pages\/39050\/revisions"}],"predecessor-version":[{"id":39068,"href":"https:\/\/marinkamraterna.se\/halmstad\/wp-json\/wp\/v2\/pages\/39050\/revisions\/39068"}],"wp:attachment":[{"href":"https:\/\/marinkamraterna.se\/halmstad\/wp-json\/wp\/v2\/media?parent=39050"}],"curies":[{"name":"wp","href":"https:\/\/api.w.org\/{rel}","templated":true}]}}