{"id":39117,"date":"2025-11-02T17:20:17","date_gmt":"2025-11-02T16:20:17","guid":{"rendered":"https:\/\/marinkamraterna.se\/halmstad\/?page_id=39117"},"modified":"2025-11-03T15:19:10","modified_gmt":"2025-11-03T14:19:10","slug":"kamratafton-30-oktober-2025","status":"publish","type":"page","link":"https:\/\/marinkamraterna.se\/halmstad\/kamratafton-30-oktober-2025\/","title":{"rendered":"Kamratafton 30 oktober 2025"},"content":{"rendered":"<p>[et_pb_section fb_built=&#8221;1&#8243; _builder_version=&#8221;4.16&#8243; global_colors_info=&#8221;{}&#8221;][et_pb_row column_structure=&#8221;1_3,2_3&#8243; _builder_version=&#8221;4.27.4&#8243; background_size=&#8221;initial&#8221; background_position=&#8221;top_left&#8221; background_repeat=&#8221;repeat&#8221; global_colors_info=&#8221;{}&#8221;][et_pb_column type=&#8221;1_3&#8243; _builder_version=&#8221;4.16&#8243; custom_padding=&#8221;|||&#8221; global_colors_info=&#8221;{}&#8221; custom_padding__hover=&#8221;|||&#8221;][et_pb_image src=&#8221;https:\/\/marinkamraterna.se\/halmstad\/wp-content\/uploads\/sites\/16\/2025\/11\/Anders-Welin-1.jpg&#8221; src_tablet=&#8221;https:\/\/marinkamraterna.se\/halmstad\/wp-content\/uploads\/sites\/16\/2025\/11\/Anders-Welin-1.jpg&#8221; src_phone=&#8221;https:\/\/marinkamraterna.se\/halmstad\/wp-content\/uploads\/sites\/16\/2025\/11\/Anders-Welin-1.jpg&#8221; src_last_edited=&#8221;on|phone&#8221; _builder_version=&#8221;4.27.4&#8243; _module_preset=&#8221;default&#8221; global_colors_info=&#8221;{}&#8221;][\/et_pb_image][\/et_pb_column][et_pb_column type=&#8221;2_3&#8243; _builder_version=&#8221;4.16&#8243; custom_padding=&#8221;|||&#8221; global_colors_info=&#8221;{}&#8221; custom_padding__hover=&#8221;|||&#8221;][et_pb_text _builder_version=&#8221;4.16&#8243; background_size=&#8221;initial&#8221; background_position=&#8221;top_left&#8221; background_repeat=&#8221;repeat&#8221; global_colors_info=&#8221;{}&#8221;]<\/p>\n<p>Traditionell kamratafton avh\u00f6lls den 30 oktober med professionellt komponerad \u00e4rtsoppa\u00a0 och perfekt tempererad punsch. Pannkaka med sylt och gr\u00e4dde avslutade detta smakfyrverkeri. Vi var n\u00e4rmare 40 deltagare och som vanligt fungerade k\u00f6ket som alltid perfekt, tack vare Mats och hans glada k\u00f6ksg\u00e4ng.<\/p>\n<p>Ordf\u00f6rande informerade bland annat om m\u00f6jligheten att f\u00e5 med en jul- och ny\u00e5rsh\u00e4lsning i n\u00e4sta nummer av v\u00e5r tidning som d\u00e5 kommer att heta \u201dV\u00e5r Marin\u201d.<\/p>\n<p>Efter m\u00e5ltiden fortsatte v\u00e5r medlem Anders Welin sin presentation av filmer av \u201dMarinen 500 \u00e5r\u201d vilken informerade om katastrofen i H\u00e5rsfj\u00e4rden 1941 d\u00e5 jagarna G\u00f6teborg, Klas Uggla och Klas Horn av fortfarande ok\u00e4nd orsak spr\u00e4ngdes och sj\u00f6nk. Det som framkom vid utredningen 1941 \u00e4r hemligst\u00e4mplat till 2041.<\/p>\n<p>N\u00e4sta film str\u00e4ckte sig fr\u00e5n 1680 d\u00e5 Karl XI beslutade bygga en hamn f\u00f6r flottan p\u00e5 en plats som gavs namnet Karlskrona. Orsaken var bl a att undvika att flottan, som hade sin bas i Stockholm, inte blev infrusen p\u00e5 vintrarna. Filmen f\u00f6ljde utvecklingen av \u00f6rlogsbasen och dess f\u00f6rsvar till v\u00e5ra dagar, fr\u00e5n kustartilleriregementen till Amfibieregementet.<\/p>\n<p>Anders tackades f\u00f6r mycket intressanta filmer och sin presentation med en varm appl\u00e5d och sedvanlig g\u00e5va<\/p>\n<p>\u00a0Torbj\u00f6rn Malmkvist<\/p>\n<p>[\/et_pb_text][\/et_pb_column][\/et_pb_row][et_pb_row _builder_version=&#8221;4.27.4&#8243; _module_preset=&#8221;default&#8221;][et_pb_column _builder_version=&#8221;4.27.4&#8243; _module_preset=&#8221;default&#8221; type=&#8221;4_4&#8243;][et_pb_gallery _builder_version=&#8221;4.27.4&#8243; _module_preset=&#8221;default&#8221; gallery_ids=&#8221;39138,39137,39136&#8243; hover_enabled=&#8221;0&#8243; sticky_enabled=&#8221;0&#8243;][\/et_pb_gallery][\/et_pb_column][\/et_pb_row][\/et_pb_section]<\/p>\n","protected":false},"excerpt":{"rendered":"<p>Traditionell kamratafton avh\u00f6lls den 30 oktober med professionellt komponerad \u00e4rtsoppa\u00a0 och perfekt tempererad punsch. Pannkaka med sylt och gr\u00e4dde avslutade detta smakfyrverkeri. Vi var n\u00e4rmare 40 deltagare och som vanligt fungerade k\u00f6ket som alltid perfekt, tack vare Mats och hans glada k\u00f6ksg\u00e4ng. Ordf\u00f6rande informerade bland annat om m\u00f6jligheten att f\u00e5 med en jul- och ny\u00e5rsh\u00e4lsning [&hellip;]<\/p>\n","protected":false},"author":13,"featured_media":0,"parent":0,"menu_order":0,"comment_status":"closed","ping_status":"closed","template":"","meta":{"_et_pb_use_builder":"on","_et_pb_old_content":"<p>Den 7 oktober bes\u00f6kte F\u00f6rbundsordf\u00f6rande, konteramiral Thomas Engevall v\u00e5r f\u00f6rening. Thomas fick en genomg\u00e5ng och presentation av f\u00f6reningen, lokaler och organisation. Han blev v\u00e4ldigt imponerad av Marinstugan med all utsmyckning och tavlor.<\/p><p>Thomas h\u00f6ll ett f\u00f6redrag om Flottans utveckling, under rubriken <strong>\"Ny Marin\".<\/strong> med M\u00e5lbilden\u00a0 \"Marinen ska ledas mer effektivt. Vi ska vara logiskt organiserade f\u00f6r b\u00e5de krig och fred och personalen ska f\u00e5 utbildning och utrustning som \u00e4r anpassade f\u00f6r den omv\u00e4rld vi lever i idag, med f\u00f6r\u00e4nderliga hot och allierade vid v\u00e5r sida\"<\/p><p>N\u00e4r det g\u00e4ller Flottans M\u00e4n idag s\u00e5 informerade Thomas om f\u00f6ljande:<\/p><ul><li>s\u00e5 finns det idag 24 verksamma lokalf\u00f6reningar<\/li><li>antal medlemmar 2830 (i mars var siffran 2934) allts\u00e5 ett l\u00e5ngsamt minskande antal medlemmar<\/li><li>h\u00f6g medel\u00e5lder<\/li><li>viktigt med rekrytering av yngre (relativt sett)<\/li><li>fr\u00e4sch hemsida viktig f\u00f6r att sprida information till medlemmarna<\/li><li><strong>ARUBA=<\/strong><ul><li>Attrahera<\/li><li>Rekrytera<\/li><li>Utveckla<\/li><li>Beh\u00e5lla<\/li><li>(Avveckla)<\/li><\/ul><\/li><\/ul><p>Thomastackades med en varma appl\u00e5d och fick en lokalproducerad musikskiva.<\/p><p>Torbj\u00f6rn Malmkvist<\/p><p>Foto; Leif Leihed<\/p>","_et_gb_content_width":"","iawp_total_views":20,"footnotes":""},"class_list":["post-39117","page","type-page","status-publish","hentry"],"_links":{"self":[{"href":"https:\/\/marinkamraterna.se\/halmstad\/wp-json\/wp\/v2\/pages\/39117","targetHints":{"allow":["GET"]}}],"collection":[{"href":"https:\/\/marinkamraterna.se\/halmstad\/wp-json\/wp\/v2\/pages"}],"about":[{"href":"https:\/\/marinkamraterna.se\/halmstad\/wp-json\/wp\/v2\/types\/page"}],"author":[{"embeddable":true,"href":"https:\/\/marinkamraterna.se\/halmstad\/wp-json\/wp\/v2\/users\/13"}],"replies":[{"embeddable":true,"href":"https:\/\/marinkamraterna.se\/halmstad\/wp-json\/wp\/v2\/comments?post=39117"}],"version-history":[{"count":13,"href":"https:\/\/marinkamraterna.se\/halmstad\/wp-json\/wp\/v2\/pages\/39117\/revisions"}],"predecessor-version":[{"id":39140,"href":"https:\/\/marinkamraterna.se\/halmstad\/wp-json\/wp\/v2\/pages\/39117\/revisions\/39140"}],"wp:attachment":[{"href":"https:\/\/marinkamraterna.se\/halmstad\/wp-json\/wp\/v2\/media?parent=39117"}],"curies":[{"name":"wp","href":"https:\/\/api.w.org\/{rel}","templated":true}]}}