{"id":39326,"date":"2026-01-31T18:54:51","date_gmt":"2026-01-31T17:54:51","guid":{"rendered":"https:\/\/marinkamraterna.se\/halmstad\/?page_id=39326"},"modified":"2026-01-31T18:57:07","modified_gmt":"2026-01-31T17:57:07","slug":"styrelsen-for-foreningen-marinkamraterna-i-halmstad","status":"publish","type":"page","link":"https:\/\/marinkamraterna.se\/halmstad\/styrelsen-for-foreningen-marinkamraterna-i-halmstad\/","title":{"rendered":"Styrelsen"},"content":{"rendered":"<p>[et_pb_section fb_built=&#8221;1&#8243; _builder_version=&#8221;4.27.4&#8243; _module_preset=&#8221;default&#8221; global_colors_info=&#8221;{}&#8221;][et_pb_row column_structure=&#8221;3_4,1_4&#8243; _builder_version=&#8221;4.27.4&#8243; _module_preset=&#8221;default&#8221; global_colors_info=&#8221;{}&#8221;][et_pb_column type=&#8221;3_4&#8243; _builder_version=&#8221;4.27.4&#8243; _module_preset=&#8221;default&#8221; global_colors_info=&#8221;{}&#8221;][et_pb_text _builder_version=&#8221;4.27.4&#8243; _module_preset=&#8221;default&#8221; global_colors_info=&#8221;{}&#8221;]<\/p>\n<h3>Styrelsen f\u00f6r Marinkamraterna i Halmstad<\/h3>\n<figure class=\"table\" style=\"float: left;width: 100.0%\">\n<table class=\"ck-table-resized\">\n<colgroup>\n<col style=\"width: 30.24%\" \/>\n<col style=\"width: 38.27%\" \/>\n<col style=\"width: 31.49%\" \/> <\/colgroup>\n<tbody>\n<tr>\n<td>Befattning<\/td>\n<td>Namn<\/td>\n<td>Telefon<\/td>\n<\/tr>\n<tr>\n<td>Ordf\u00f6randen<\/td>\n<td>Torbj\u00f6rn Malmkvist<\/td>\n<td>\u00a0076 177 35 82<\/td>\n<\/tr>\n<tr>\n<td>Vice Ordf\u00f6randen<\/td>\n<td>Anders Welin<\/td>\n<td>073 342 45 24<\/td>\n<\/tr>\n<tr>\n<td>Sekreterare<\/td>\n<td>Vakant<\/td>\n<td><\/td>\n<\/tr>\n<tr>\n<td>Kass\u00f6r<\/td>\n<td>Michael Rapp<\/td>\n<td>076 278 75 78<\/td>\n<\/tr>\n<tr>\n<td>Uthyrningsansvarig<\/td>\n<td>Anders K\u00e4lebo<\/td>\n<td>070 958 00 12<\/td>\n<\/tr>\n<tr>\n<td>Klubbm\u00e4stare<\/td>\n<td>Mats Leminger<\/td>\n<td>070 561 04 31<\/td>\n<\/tr>\n<tr>\n<td><\/td>\n<td>Arne Lind<\/td>\n<td>070 538 72 52<\/td>\n<\/tr>\n<tr>\n<td>Stugfogde<\/td>\n<td>Bj\u00f6rn Gustafsson<\/td>\n<td>070 755 28 41<\/td>\n<\/tr>\n<tr>\n<td>Ledam\u00f6ter<\/td>\n<td>Stig Gustafsson<\/td>\n<td>076 103 25 93<\/td>\n<\/tr>\n<tr>\n<td><\/td>\n<td>Mikael Forsman<\/td>\n<td>070 638 51 86<\/td>\n<\/tr>\n<tr>\n<td>Suppleanter<\/td>\n<td>Lotta Swahn<\/td>\n<td><\/td>\n<\/tr>\n<tr>\n<td><\/td>\n<td>Inge Andersson<\/td>\n<td>076 788 34 34<\/td>\n<\/tr>\n<tr>\n<td colspan=\"3\">\u00a0 \u00a0 \u00a0 \u00a0 \u00a0 \u00a0 \u00a0 \u00a0 \u00a0 \u00a0 \u00a0 \u00a0 \u00a0 \u00a0 \u00a0 \u00a0 \u00a0 \u00a0 \u00a0 \u00a0 \u00a0 \u00a0 \u00a0 \u00a0 \u00a0 \u00a0 \u00a0 \u00a0 \u00a0 \u00a0 \u00a0 Per Sch\u00f6rling\u00a0 \u00a0 \u00a0 \u00a0 \u00a0 \u00a0 \u00a0 \u00a0 \u00a0 \u00a0 \u00a0 \u00a0 \u00a0 \u00a0 \u00a0 \u00a0 \u00a0 \u00a0 \u00a0 \u00a0 \u00a0 \u00a0 \u00a0 \u00a0 \u00a0 \u00a0 \u00a0 070 234 28 71<\/td>\n<\/tr>\n<tr>\n<td>Webbmaster<\/td>\n<td>Dennis Wahlstedt<\/td>\n<td>073 367 11 23<\/td>\n<\/tr>\n<tr>\n<td><\/td>\n<td><\/td>\n<td><\/td>\n<\/tr>\n<tr>\n<td><\/td>\n<td><\/td>\n<td><\/td>\n<\/tr>\n<tr>\n<td><\/td>\n<td><\/td>\n<td><\/td>\n<\/tr>\n<tr>\n<td><\/td>\n<td><\/td>\n<td><\/td>\n<\/tr>\n<\/tbody>\n<\/table>\n<\/figure>\n<h3><\/h3>\n<h3><\/h3>\n<h3><\/h3>\n<h3><\/h3>\n<h3><\/h3>\n<h3><\/h3>\n<h3><\/h3>\n<h3><\/h3>\n<h3><\/h3>\n<p>[\/et_pb_text][\/et_pb_column][et_pb_column type=&#8221;1_4&#8243; _builder_version=&#8221;4.27.4&#8243; _module_preset=&#8221;default&#8221; global_colors_info=&#8221;{}&#8221;][et_pb_image src=&#8221;https:\/\/marinkamraterna.se\/halmstad\/wp-content\/uploads\/sites\/16\/2022\/03\/Najaden.jpg&#8221; title_text=&#8221;Najaden&#8221; _builder_version=&#8221;4.27.4&#8243; _module_preset=&#8221;default&#8221; global_colors_info=&#8221;{}&#8221;][\/et_pb_image][et_pb_image src=&#8221;https:\/\/marinkamraterna.se\/halmstad\/wp-content\/uploads\/sites\/16\/2025\/11\/thumbnail_5154.jpg&#8221; title_text=&#8221;Thumbnail 5154&#8243; _builder_version=&#8221;4.27.5&#8243; _module_preset=&#8221;default&#8221; global_colors_info=&#8221;{}&#8221;][\/et_pb_image][et_pb_image src=&#8221;https:\/\/marinkamraterna.se\/halmstad\/wp-content\/uploads\/sites\/16\/2022\/04\/DSC07540.jpg&#8221; title_text=&#8221;DSC07540&#8243; _builder_version=&#8221;4.27.4&#8243; _module_preset=&#8221;default&#8221; global_colors_info=&#8221;{}&#8221;][\/et_pb_image][et_pb_image src=&#8221;https:\/\/marinkamraterna.se\/halmstad\/wp-content\/uploads\/sites\/16\/2022\/04\/DSC07524.jpg&#8221; title_text=&#8221;DSC07524&#8243; _builder_version=&#8221;4.27.4&#8243; _module_preset=&#8221;default&#8221; global_colors_info=&#8221;{}&#8221;][\/et_pb_image][\/et_pb_column][\/et_pb_row][\/et_pb_section]<\/p>\n","protected":false},"excerpt":{"rendered":"<p>Styrelsen f\u00f6r Marinkamraterna i Halmstad Befattning Namn Telefon Ordf\u00f6randen Torbj\u00f6rn Malmkvist \u00a0076 177 35 82 Vice Ordf\u00f6randen Anders Welin 073 342 45 24 Sekreterare Vakant Kass\u00f6r Michael Rapp 076 278 75 78 Uthyrningsansvarig Anders K\u00e4lebo 070 958 00 12 Klubbm\u00e4stare Mats Leminger 070 561 04 31 Arne Lind 070 538 72 52 Stugfogde Bj\u00f6rn Gustafsson [&hellip;]<\/p>\n","protected":false},"author":13,"featured_media":0,"parent":0,"menu_order":0,"comment_status":"closed","ping_status":"closed","template":"","meta":{"_et_pb_use_builder":"on","_et_pb_old_content":"","_et_gb_content_width":"","iawp_total_views":47,"footnotes":""},"class_list":["post-39326","page","type-page","status-publish","hentry"],"_links":{"self":[{"href":"https:\/\/marinkamraterna.se\/halmstad\/wp-json\/wp\/v2\/pages\/39326","targetHints":{"allow":["GET"]}}],"collection":[{"href":"https:\/\/marinkamraterna.se\/halmstad\/wp-json\/wp\/v2\/pages"}],"about":[{"href":"https:\/\/marinkamraterna.se\/halmstad\/wp-json\/wp\/v2\/types\/page"}],"author":[{"embeddable":true,"href":"https:\/\/marinkamraterna.se\/halmstad\/wp-json\/wp\/v2\/users\/13"}],"replies":[{"embeddable":true,"href":"https:\/\/marinkamraterna.se\/halmstad\/wp-json\/wp\/v2\/comments?post=39326"}],"version-history":[{"count":12,"href":"https:\/\/marinkamraterna.se\/halmstad\/wp-json\/wp\/v2\/pages\/39326\/revisions"}],"predecessor-version":[{"id":39344,"href":"https:\/\/marinkamraterna.se\/halmstad\/wp-json\/wp\/v2\/pages\/39326\/revisions\/39344"}],"wp:attachment":[{"href":"https:\/\/marinkamraterna.se\/halmstad\/wp-json\/wp\/v2\/media?parent=39326"}],"curies":[{"name":"wp","href":"https:\/\/api.w.org\/{rel}","templated":true}]}}