{"id":39382,"date":"2026-03-02T20:30:48","date_gmt":"2026-03-02T19:30:48","guid":{"rendered":"https:\/\/marinkamraterna.se\/halmstad\/?page_id=39382"},"modified":"2026-03-02T20:30:50","modified_gmt":"2026-03-02T19:30:50","slug":"kamratafton-26-februari-2026","status":"publish","type":"page","link":"https:\/\/marinkamraterna.se\/halmstad\/kamratafton-26-februari-2026\/","title":{"rendered":"Kamratafton 26 februari 2026"},"content":{"rendered":"<p>[et_pb_section fb_built=&#8221;1&#8243; _builder_version=&#8221;4.16&#8243; global_colors_info=&#8221;{}&#8221;][et_pb_row column_structure=&#8221;1_3,2_3&#8243; _builder_version=&#8221;4.27.4&#8243; background_size=&#8221;initial&#8221; background_position=&#8221;top_left&#8221; background_repeat=&#8221;repeat&#8221; global_colors_info=&#8221;{}&#8221;][et_pb_column type=&#8221;1_3&#8243; _builder_version=&#8221;4.16&#8243; custom_padding=&#8221;|||&#8221; global_colors_info=&#8221;{}&#8221; custom_padding__hover=&#8221;|||&#8221;][et_pb_image src=&#8221;https:\/\/marinkamraterna.se\/halmstad\/wp-content\/uploads\/sites\/16\/2026\/03\/Bild-2-1.jpeg&#8221; src_tablet=&#8221;https:\/\/marinkamraterna.se\/halmstad\/wp-content\/uploads\/sites\/16\/2025\/11\/Anders-Welin-1.jpg&#8221; src_phone=&#8221;https:\/\/marinkamraterna.se\/halmstad\/wp-content\/uploads\/sites\/16\/2025\/11\/Anders-Welin-1.jpg&#8221; src_last_edited=&#8221;on|phone&#8221; _builder_version=&#8221;4.27.6&#8243; _module_preset=&#8221;default&#8221; hover_enabled=&#8221;0&#8243; global_colors_info=&#8221;{}&#8221; title_text=&#8221;Bild 2&#8243; sticky_enabled=&#8221;0&#8243;][\/et_pb_image][\/et_pb_column][et_pb_column type=&#8221;2_3&#8243; _builder_version=&#8221;4.16&#8243; custom_padding=&#8221;|||&#8221; global_colors_info=&#8221;{}&#8221; custom_padding__hover=&#8221;|||&#8221;][et_pb_text _builder_version=&#8221;4.27.6&#8243; background_size=&#8221;initial&#8221; background_position=&#8221;top_left&#8221; background_repeat=&#8221;repeat&#8221; hover_enabled=&#8221;0&#8243; global_colors_info=&#8221;{}&#8221; sticky_enabled=&#8221;0&#8243;]<\/p>\n<p><strong>Vid v\u00e5r Kamratafton den 26 februari, hade vi n\u00f6jet att lyssna till major Roger Djupsj\u00f6 fr\u00e5n F\u00f6rsvarsh\u00f6gskolan och hans erfarenheter fr\u00e5n Ukraina. Vi fick en bra bild av livet i Ukraina och den ukrainska kulturen<\/strong><\/p>\n<p><strong>Under 2021 och<\/strong>\u00a0inledningen av 2022, fram till en vecka f\u00f6re Rysslands fullskaliga invasion den 24 februari, arbetade Roger i Ukraina med att utbilda landets s\u00e4kerhetsstyrkor inom ramen f\u00f6r Kanada-ledda Operation Unifier.\u00a0 Syftet med den var d\u00e5 att f\u00f6rbereda Ukraina p\u00e5 att kunna \u00f6va ihop med Natol\u00e4nder.<\/p>\n<p>Hans roll var att l\u00e4ra officerare p\u00e5 brigadniv\u00e5 och upp\u00e5t \u00f6vningsplanering \u2013 hur man f\u00f6rbereder, genomf\u00f6r och utv\u00e4rderar.<\/p>\n<p><strong>Med tanke p\u00e5<\/strong>\u00a0att Roger Djupsj\u00f6 varit chef f\u00f6r \u00f6vningsavdelningen p\u00e5 Luftv\u00e4rnsregementet, genomf\u00f6randechef f\u00f6r luftv\u00e4rnet under f\u00f6rsvarsmakts\u00f6vning Aurora 17 och central \u00f6vningsplanerare p\u00e5 H\u00f6gkvarteret inf\u00f6r Aurora 20 (som senare st\u00e4lldes in p\u00e5 grund av pandemin), var hans bakgrund perfekt f\u00f6r uppdraget.<\/p>\n<p>\u2013 Fast n\u00e4r risken f\u00f6r ett storskaligt, ryskt anfall \u00f6kade hade vi obev\u00e4pnade utbildare inget d\u00e4r att g\u00f6ra l\u00e4ngre. Vi ville inte att den ukrainska F\u00f6rsvarsmakten skulle belastas med att skydda oss om de blev anfallna, s\u00e4ger Roger Djupsj\u00f6 som f\u00f6rklaring till varf\u00f6r han l\u00e4mnade landet.<\/p>\n<p>Efter det har han dock fortsatt att i tj\u00e4nsten bes\u00f6ka Ukraina m\u00e5nga g\u00e5nger \u2013 dels som en del av det svenska st\u00f6det, dels f\u00f6r att inh\u00e4mta kunskaper som Sverige har nytta av i uppbyggnaden av den nya f\u00f6rsvarsinriktningen.<\/p>\n<p>\u2013 En hel del av de officerare jag l\u00e4rde k\u00e4nna under Operation Unifier har tyv\u00e4rr stupat, men de fem som blev mina n\u00e4rmaste v\u00e4nner d\u00e4r har faktiskt klarat sig. Ett par av dem \u00e4r nu placerade vid h\u00f6gre staber, men tre av dem har befattningar vid fronten \u2013 s\u00e5 dem \u00e4r jag mest orolig f\u00f6r, s\u00e4ger Roger Djupsj\u00f6 och ber\u00e4ttar att han ska f\u00f6rs\u00f6ka tr\u00e4ffa sina v\u00e4nner vid sin n\u00e4sta resa till Ukraina.<\/p>\n<p>Roger Djupsj\u00f6 pekar p\u00e5 att de st\u00f6rsta ukrainska f\u00f6rlusterna har varit bland dem som kommer fr\u00e5n de \u00f6stra omr\u00e5dena, som nu \u00e4r ockuperade av Ryssland, men att det \u00e4nd\u00e5 \u00e4r de som fortfarande k\u00e4mpar h\u00e5rdast.<\/p>\n<p>\u2013 De vill \u00e5terv\u00e4nda hem, trots att d\u00e4r mest nu bara \u00e5terst\u00e5r ruiner. De k\u00e4nner att det var on\u00f6digt att deras makar, br\u00f6der och s\u00f6ner offrade sina liv om man ger man upp de delarna nu. \u00a0<\/p>\n<p>Han reflekterar en del \u00f6ver hur slagf\u00e4ltet f\u00f6r\u00e4ndrats under hans tid som officer och pekar p\u00e5 att 80 procent av f\u00f6rlusterna i Ukraina, b\u00e5de personellt och materiellt, har orsakats av dr\u00f6nare. P\u00e5 andra plats kommer minor och f\u00f6rst p\u00e5 tredje plats riktade vapensystem.<\/p>\n<p>\u2013 Nu n\u00e4r det \u00e4r sv\u00e5rt att rekrytera soldater i Ukraina g\u00e5r det l\u00e4ttare ifall det handlar om dr\u00f6narpiloter, eftersom \u00f6verlevnadschanserna \u00e4r s\u00e5 mycket st\u00f6rre n\u00e4r man kan sitta i skydd och styra en dr\u00f6nare till m\u00e5ltr\u00e4ff.<\/p>\n<p>N\u00e4r jag \u00e4r i Ukraina \u00e4r jag i min samverkansroll med och ser till att deras utbildning p\u00e5 de olika vapensystemen uppdateras. Teknikutvecklingen \u00e4r s\u00e5 snabb i kriget att taktiken och anv\u00e4ndandet m\u00e5ste h\u00e4nga med, s\u00e4ger Roger Djupsj\u00f6 och till\u00e4gger:<\/p>\n<p>\u2013 Samtidigt tar jag med mig ukrainarnas erfarenheter av kriget hem. Sverige har mycket att l\u00e4ra av deras f\u00f6rm\u00e5ga att f\u00e5 ett samh\u00e4lle att fungera i flera \u00e5r av krig.<\/p>\n<p>I ett svagt \u00f6gonblick lovade jag mina v\u00e4nner i Ukraina att jag inte ska g\u00e5 i pension f\u00f6rr\u00e4n de uppn\u00e5tt en r\u00e4ttvis fred. Det l\u00f6ftet kan jag inte svika.<\/p>\n<p>Roger fick en rungande appl\u00e5d f\u00f6r sitt f\u00f6redrag och sitt stora engagemang f\u00f6r Ukraina.<\/p>\n<p>[\/et_pb_text][\/et_pb_column][\/et_pb_row][et_pb_row _builder_version=&#8221;4.27.4&#8243; _module_preset=&#8221;default&#8221; global_colors_info=&#8221;{}&#8221;][et_pb_column type=&#8221;4_4&#8243; _builder_version=&#8221;4.27.4&#8243; _module_preset=&#8221;default&#8221; global_colors_info=&#8221;{}&#8221;][et_pb_gallery gallery_ids=&#8221;39397,39396,39395,39394,39393,39391&#8243; _builder_version=&#8221;4.27.6&#8243; _module_preset=&#8221;default&#8221; hover_enabled=&#8221;0&#8243; global_colors_info=&#8221;{}&#8221; sticky_enabled=&#8221;0&#8243;][\/et_pb_gallery][\/et_pb_column][\/et_pb_row][\/et_pb_section]<\/p>\n","protected":false},"excerpt":{"rendered":"<p>Vid v\u00e5r Kamratafton den 26 februari, hade vi n\u00f6jet att lyssna till major Roger Djupsj\u00f6 fr\u00e5n F\u00f6rsvarsh\u00f6gskolan och hans erfarenheter fr\u00e5n Ukraina. Vi fick en bra bild av livet i Ukraina och den ukrainska kulturen Under 2021 och\u00a0inledningen av 2022, fram till en vecka f\u00f6re Rysslands fullskaliga invasion den 24 februari, arbetade Roger i Ukraina [&hellip;]<\/p>\n","protected":false},"author":13,"featured_media":0,"parent":0,"menu_order":0,"comment_status":"closed","ping_status":"closed","template":"","meta":{"_et_pb_use_builder":"on","_et_pb_old_content":"<p>Den 7 oktober bes\u00f6kte F\u00f6rbundsordf\u00f6rande, konteramiral Thomas Engevall v\u00e5r f\u00f6rening. Thomas fick en genomg\u00e5ng och presentation av f\u00f6reningen, lokaler och organisation. Han blev v\u00e4ldigt imponerad av Marinstugan med all utsmyckning och tavlor.<\/p><p>Thomas h\u00f6ll ett f\u00f6redrag om Flottans utveckling, under rubriken <strong>\"Ny Marin\".<\/strong> med M\u00e5lbilden\u00a0 \"Marinen ska ledas mer effektivt. Vi ska vara logiskt organiserade f\u00f6r b\u00e5de krig och fred och personalen ska f\u00e5 utbildning och utrustning som \u00e4r anpassade f\u00f6r den omv\u00e4rld vi lever i idag, med f\u00f6r\u00e4nderliga hot och allierade vid v\u00e5r sida\"<\/p><p>N\u00e4r det g\u00e4ller Flottans M\u00e4n idag s\u00e5 informerade Thomas om f\u00f6ljande:<\/p><ul><li>s\u00e5 finns det idag 24 verksamma lokalf\u00f6reningar<\/li><li>antal medlemmar 2830 (i mars var siffran 2934) allts\u00e5 ett l\u00e5ngsamt minskande antal medlemmar<\/li><li>h\u00f6g medel\u00e5lder<\/li><li>viktigt med rekrytering av yngre (relativt sett)<\/li><li>fr\u00e4sch hemsida viktig f\u00f6r att sprida information till medlemmarna<\/li><li><strong>ARUBA=<\/strong><ul><li>Attrahera<\/li><li>Rekrytera<\/li><li>Utveckla<\/li><li>Beh\u00e5lla<\/li><li>(Avveckla)<\/li><\/ul><\/li><\/ul><p>Thomastackades med en varma appl\u00e5d och fick en lokalproducerad musikskiva.<\/p><p>Torbj\u00f6rn Malmkvist<\/p><p>Foto; Leif Leihed<\/p>","_et_gb_content_width":"","iawp_total_views":14,"footnotes":""},"class_list":["post-39382","page","type-page","status-publish","hentry"],"_links":{"self":[{"href":"https:\/\/marinkamraterna.se\/halmstad\/wp-json\/wp\/v2\/pages\/39382","targetHints":{"allow":["GET"]}}],"collection":[{"href":"https:\/\/marinkamraterna.se\/halmstad\/wp-json\/wp\/v2\/pages"}],"about":[{"href":"https:\/\/marinkamraterna.se\/halmstad\/wp-json\/wp\/v2\/types\/page"}],"author":[{"embeddable":true,"href":"https:\/\/marinkamraterna.se\/halmstad\/wp-json\/wp\/v2\/users\/13"}],"replies":[{"embeddable":true,"href":"https:\/\/marinkamraterna.se\/halmstad\/wp-json\/wp\/v2\/comments?post=39382"}],"version-history":[{"count":4,"href":"https:\/\/marinkamraterna.se\/halmstad\/wp-json\/wp\/v2\/pages\/39382\/revisions"}],"predecessor-version":[{"id":39402,"href":"https:\/\/marinkamraterna.se\/halmstad\/wp-json\/wp\/v2\/pages\/39382\/revisions\/39402"}],"wp:attachment":[{"href":"https:\/\/marinkamraterna.se\/halmstad\/wp-json\/wp\/v2\/media?parent=39382"}],"curies":[{"name":"wp","href":"https:\/\/api.w.org\/{rel}","templated":true}]}}