{"id":39437,"date":"2026-03-28T15:14:28","date_gmt":"2026-03-28T14:14:28","guid":{"rendered":"https:\/\/marinkamraterna.se\/halmstad\/?page_id=39437"},"modified":"2026-03-28T15:14:30","modified_gmt":"2026-03-28T14:14:30","slug":"kamratafton-26-mars-2026","status":"publish","type":"page","link":"https:\/\/marinkamraterna.se\/halmstad\/kamratafton-26-mars-2026\/","title":{"rendered":"Kamratafton 26 mars 2026"},"content":{"rendered":"<p>[et_pb_section fb_built=&#8221;1&#8243; _builder_version=&#8221;4.16&#8243; global_colors_info=&#8221;{}&#8221;][et_pb_row column_structure=&#8221;1_3,2_3&#8243; _builder_version=&#8221;4.27.4&#8243; background_size=&#8221;initial&#8221; background_position=&#8221;top_left&#8221; background_repeat=&#8221;repeat&#8221; global_colors_info=&#8221;{}&#8221;][et_pb_column type=&#8221;1_3&#8243; _builder_version=&#8221;4.16&#8243; custom_padding=&#8221;|||&#8221; global_colors_info=&#8221;{}&#8221; custom_padding__hover=&#8221;|||&#8221;][et_pb_image src=&#8221;https:\/\/marinkamraterna.se\/halmstad\/wp-content\/uploads\/sites\/16\/2026\/03\/Bild-1.jpg&#8221; title_text=&#8221;Bild 1&#8243; src_tablet=&#8221;https:\/\/marinkamraterna.se\/halmstad\/wp-content\/uploads\/sites\/16\/2025\/11\/Anders-Welin-1.jpg&#8221; src_phone=&#8221;https:\/\/marinkamraterna.se\/halmstad\/wp-content\/uploads\/sites\/16\/2025\/11\/Anders-Welin-1.jpg&#8221; src_last_edited=&#8221;on|phone&#8221; _builder_version=&#8221;4.27.6&#8243; _module_preset=&#8221;default&#8221; hover_enabled=&#8221;0&#8243; global_colors_info=&#8221;{}&#8221; sticky_enabled=&#8221;0&#8243;][\/et_pb_image][\/et_pb_column][et_pb_column type=&#8221;2_3&#8243; _builder_version=&#8221;4.16&#8243; custom_padding=&#8221;|||&#8221; global_colors_info=&#8221;{}&#8221; custom_padding__hover=&#8221;|||&#8221;][et_pb_text _builder_version=&#8221;4.27.6&#8243; background_size=&#8221;initial&#8221; background_position=&#8221;top_left&#8221; background_repeat=&#8221;repeat&#8221; hover_enabled=&#8221;0&#8243; global_colors_info=&#8221;{}&#8221; sticky_enabled=&#8221;0&#8243;]<\/p>\n<p>Du gick VERKLIGEN miste om ett mycket intressant och roligt f\u00f6redrag vid v\u00e5r Kamratafton den 26 mars. Det har nog aldrig skrattas s\u00e5 mycket som d\u00e5. V\u00e5r inbjudne f\u00f6rel\u00e4sare, Kommend\u00f6rkaptenen Lennart Lind\u00e9n, ber\u00e4ttade om ett av sina m\u00e5nga FN-uppdrag. Den h\u00e4r g\u00e5ngen handlade det om uppdraget som FN-observator i Sinai.<\/p>\n<p>Rubriken p\u00e5 f\u00f6redraget var &#8221;Jag hotade en beduin i Sinai och r\u00e4ddade livet p\u00e5 hans dotter&#8221;.<\/p>\n<p>Kanske en n\u00e5got ovanlig rubrik men det handlade i grund och botten om huruvida att som FN-observat\u00f6r f\u00f6lja givna order och direktiv eller lyssna p\u00e5 sin egen moraliska kompass och v\u00e5ga bryta mot givna order. Genom att lyssna p\u00e5 sin egen moraliska kompass, s\u00e5 lyckades Lennart r\u00e4dda livet p\u00e5 en beduinsk flicka.<\/p>\n<p>Det handlade om att n\u00e4r Lennart var ute p\u00e5 en av sina resor bland beduiner i Sinai s\u00e5 tr\u00e4ffade han p\u00e5 en familj i \u00f6knen vars dotter hade mycket h\u00f6g feber och m\u00e5dde riktigt d\u00e5ligt. P\u00e5 grund av sin religion s\u00e5 v\u00e4grade flickans pappa att flicka fick bes\u00f6ka n\u00e5gon av FN:s l\u00e4kare f\u00f6r att f\u00e5 behandling och medicin. Men, efter som Lennart \u00e4r som han \u00e4r s\u00e5 lyckades han \u00f6vertala en l\u00e4kare att f\u00f6lja med och unders\u00f6ka flickan. Det visade sig att flickan led av halsfluss och beh\u00f6vde omedelbar medicinering f\u00f6r att \u00f6verleva.<\/p>\n<p>Lennart lyckades f\u00e5 fram den medicin som beh\u00f6vdes och Lennart f\u00f6rklarade f\u00f6r flickans pappa om han inte s\u00e5g till s\u00e5 flickan togs in i hyddan och dagligen gavs den medicin som Lennart f\u00e5tt fram, s\u00e5 skulle Lennart ta ner familjens mycket viktiga inkomstk\u00e4lla, n\u00e4mligen ett antal dadeltr\u00e4d. N\u00e4r Lennart n\u00e5gra dagar senare bes\u00f6kte familjen s\u00e5 m\u00f6ttes han av en glad flicka som nu var p\u00e5 b\u00e4ttringsv\u00e4gen. OCH DADELTR\u00c4DEN stod kvar.<\/p>\n<p>N\u00e4r sedan Lennart fick ner sin familj p\u00e5 bes\u00f6k s\u00e5 var hans familj inbjuden till flickans hus f\u00f6r att \u00e4ta middag med familjen. H\u00e4r bj\u00f6ds man bland annat p\u00e5 n\u00e5gonting som n\u00e4rmast skulle kunna liknas vid n\u00f6tter. Som alla blev f\u00f6rtjusta i och \u00e5t med stor aptit. Vad Lennarts hustru Ylva, inte visste var hur dessa s\u00e5 kallade n\u00f6tter hade behandlats innan man kunde \u00e4ta n\u00f6tterna. H\u00e4r fick man d\u00e5 en f\u00f6rklaring varf\u00f6r n\u00f6tterna gick att \u00e4ta. Obearbetade var dessa n\u00f6tter stenh\u00e5rda. Men genom att f\u00f6rst ge n\u00f6tterna till kamelerna som fick \u00e4ta dessa n\u00f6tter och passera genom kamelens matsm\u00e4ltningsorgan f\u00f6r att sedan komma ut \u201dbakv\u00e4gen\u201d. Ur kamelens avf\u00f6ring plockade man sedan upp n\u00f6tterna som sedan \u00e5ts med stor aptit.<\/p>\n<p>Lennarts fick mycket stora appl\u00e5der f\u00f6r sitt fantastiska f\u00f6redrag som ledde till m\u00e5nga h\u00e4rliga skratt.<\/p>\n<p>Tusen tack Lennart<\/p>\n<p>[\/et_pb_text][\/et_pb_column][\/et_pb_row][et_pb_row _builder_version=&#8221;4.27.4&#8243; _module_preset=&#8221;default&#8221; global_colors_info=&#8221;{}&#8221;][et_pb_column type=&#8221;4_4&#8243; _builder_version=&#8221;4.27.4&#8243; _module_preset=&#8221;default&#8221; global_colors_info=&#8221;{}&#8221;][et_pb_gallery gallery_ids=&#8221;39436,39435,39434,39433,39432,39431,39430,39429&#8243; _builder_version=&#8221;4.27.6&#8243; _module_preset=&#8221;default&#8221; hover_enabled=&#8221;0&#8243; global_colors_info=&#8221;{}&#8221; sticky_enabled=&#8221;0&#8243;][\/et_pb_gallery][\/et_pb_column][\/et_pb_row][\/et_pb_section]<\/p>\n","protected":false},"excerpt":{"rendered":"<p>Du gick VERKLIGEN miste om ett mycket intressant och roligt f\u00f6redrag vid v\u00e5r Kamratafton den 26 mars. Det har nog aldrig skrattas s\u00e5 mycket som d\u00e5. V\u00e5r inbjudne f\u00f6rel\u00e4sare, Kommend\u00f6rkaptenen Lennart Lind\u00e9n, ber\u00e4ttade om ett av sina m\u00e5nga FN-uppdrag. Den h\u00e4r g\u00e5ngen handlade det om uppdraget som FN-observator i Sinai. Rubriken p\u00e5 f\u00f6redraget var &#8221;Jag [&hellip;]<\/p>\n","protected":false},"author":13,"featured_media":0,"parent":0,"menu_order":0,"comment_status":"closed","ping_status":"closed","template":"","meta":{"_et_pb_use_builder":"on","_et_pb_old_content":"<p>Den 7 oktober bes\u00f6kte F\u00f6rbundsordf\u00f6rande, konteramiral Thomas Engevall v\u00e5r f\u00f6rening. Thomas fick en genomg\u00e5ng och presentation av f\u00f6reningen, lokaler och organisation. Han blev v\u00e4ldigt imponerad av Marinstugan med all utsmyckning och tavlor.<\/p><p>Thomas h\u00f6ll ett f\u00f6redrag om Flottans utveckling, under rubriken <strong>\"Ny Marin\".<\/strong> med M\u00e5lbilden\u00a0 \"Marinen ska ledas mer effektivt. Vi ska vara logiskt organiserade f\u00f6r b\u00e5de krig och fred och personalen ska f\u00e5 utbildning och utrustning som \u00e4r anpassade f\u00f6r den omv\u00e4rld vi lever i idag, med f\u00f6r\u00e4nderliga hot och allierade vid v\u00e5r sida\"<\/p><p>N\u00e4r det g\u00e4ller Flottans M\u00e4n idag s\u00e5 informerade Thomas om f\u00f6ljande:<\/p><ul><li>s\u00e5 finns det idag 24 verksamma lokalf\u00f6reningar<\/li><li>antal medlemmar 2830 (i mars var siffran 2934) allts\u00e5 ett l\u00e5ngsamt minskande antal medlemmar<\/li><li>h\u00f6g medel\u00e5lder<\/li><li>viktigt med rekrytering av yngre (relativt sett)<\/li><li>fr\u00e4sch hemsida viktig f\u00f6r att sprida information till medlemmarna<\/li><li><strong>ARUBA=<\/strong><ul><li>Attrahera<\/li><li>Rekrytera<\/li><li>Utveckla<\/li><li>Beh\u00e5lla<\/li><li>(Avveckla)<\/li><\/ul><\/li><\/ul><p>Thomastackades med en varma appl\u00e5d och fick en lokalproducerad musikskiva.<\/p><p>Torbj\u00f6rn Malmkvist<\/p><p>Foto; Leif Leihed<\/p>","_et_gb_content_width":"","iawp_total_views":4,"footnotes":""},"class_list":["post-39437","page","type-page","status-publish","hentry"],"_links":{"self":[{"href":"https:\/\/marinkamraterna.se\/halmstad\/wp-json\/wp\/v2\/pages\/39437","targetHints":{"allow":["GET"]}}],"collection":[{"href":"https:\/\/marinkamraterna.se\/halmstad\/wp-json\/wp\/v2\/pages"}],"about":[{"href":"https:\/\/marinkamraterna.se\/halmstad\/wp-json\/wp\/v2\/types\/page"}],"author":[{"embeddable":true,"href":"https:\/\/marinkamraterna.se\/halmstad\/wp-json\/wp\/v2\/users\/13"}],"replies":[{"embeddable":true,"href":"https:\/\/marinkamraterna.se\/halmstad\/wp-json\/wp\/v2\/comments?post=39437"}],"version-history":[{"count":4,"href":"https:\/\/marinkamraterna.se\/halmstad\/wp-json\/wp\/v2\/pages\/39437\/revisions"}],"predecessor-version":[{"id":39442,"href":"https:\/\/marinkamraterna.se\/halmstad\/wp-json\/wp\/v2\/pages\/39437\/revisions\/39442"}],"wp:attachment":[{"href":"https:\/\/marinkamraterna.se\/halmstad\/wp-json\/wp\/v2\/media?parent=39437"}],"curies":[{"name":"wp","href":"https:\/\/api.w.org\/{rel}","templated":true}]}}