{"id":33152,"date":"2020-12-10T17:41:01","date_gmt":"2020-12-10T16:41:01","guid":{"rendered":"https:\/\/wwps.se\/?page_id=33152"},"modified":"2023-06-21T11:45:23","modified_gmt":"2023-06-21T09:45:23","slug":"om-foreningen","status":"publish","type":"page","link":"https:\/\/marinkamraterna.se\/haninge\/om-foreningen\/","title":{"rendered":"Om f\u00f6reningen"},"content":{"rendered":"<p>[et_pb_section fb_built=&#8221;1&#8243; specialty=&#8221;on&#8221; padding_top_1=&#8221;0px&#8221; padding_top_2=&#8221;0px&#8221; padding_top_bottom_link_1=&#8221;false&#8221; padding_top_bottom_link_2=&#8221;false&#8221; padding_left_right_link_1=&#8221;false&#8221; padding_left_right_link_2=&#8221;false&#8221; _builder_version=&#8221;4.16&#8243; _module_preset=&#8221;default&#8221; min_height=&#8221;1213.3px&#8221; custom_margin=&#8221;||||false|false&#8221; custom_padding=&#8221;||||false|false&#8221; locked=&#8221;off&#8221; global_colors_info=&#8221;{}&#8221;][et_pb_column type=&#8221;3_4&#8243; specialty_columns=&#8221;3&#8243; _builder_version=&#8221;4.16&#8243; custom_padding=&#8221;|||&#8221; global_colors_info=&#8221;{}&#8221; custom_padding__hover=&#8221;|||&#8221;][et_pb_row_inner _builder_version=&#8221;4.16&#8243; _module_preset=&#8221;default&#8221; custom_padding=&#8221;0px||||false|false&#8221; global_colors_info=&#8221;{}&#8221;][et_pb_column_inner saved_specialty_column_type=&#8221;3_4&#8243; _builder_version=&#8221;4.16&#8243; _module_preset=&#8221;default&#8221; global_colors_info=&#8221;{}&#8221;][et_pb_post_title meta=&#8221;off&#8221; featured_image=&#8221;off&#8221; _builder_version=&#8221;4.16&#8243; _module_preset=&#8221;default&#8221; title_font_size=&#8221;35px&#8221; global_colors_info=&#8221;{}&#8221;][\/et_pb_post_title][et_pb_text _builder_version=&#8221;4.16&#8243; _module_preset=&#8221;default&#8221; global_colors_info=&#8221;{}&#8221;]<\/p>\n<p>Flottans M\u00e4n \u00e4r f\u00f6reningen f\u00f6r alla som har intresse f\u00f6r Flottan och vill vara med i kamratskapet kring Flottan. Flottans M\u00e4n v\u00e4rnar om det goda kamratskapet mellan oss som tidigare har tj\u00e4nstgjort i Marinen och om den gemenskap som finns mellan oss och dem som nu tj\u00e4nstg\u00f6r. Vi bidrar till att h\u00e5lla Marinens traditioner levande och till att sprida information om Marinen och dess verksamhet. Vi tr\u00e4ffas kring v\u00e5rt gemensamma intresse och har trevligt tillsammans.<\/p>\n<p>[\/et_pb_text][\/et_pb_column_inner][\/et_pb_row_inner][et_pb_row_inner _builder_version=&#8221;4.16&#8243; _module_preset=&#8221;default&#8221; custom_padding=&#8221;0px||||false|false&#8221; global_colors_info=&#8221;{}&#8221;][et_pb_column_inner saved_specialty_column_type=&#8221;3_4&#8243; _builder_version=&#8221;4.16&#8243; _module_preset=&#8221;default&#8221; global_colors_info=&#8221;{}&#8221;][et_pb_text _builder_version=&#8221;4.16&#8243; _module_preset=&#8221;default&#8221; width=&#8221;100%&#8221; custom_padding=&#8221;0px|0px||||&#8221; global_colors_info=&#8221;{}&#8221;]<\/p>\n<p><strong>S\u00e5 b\u00f6rjade det i Haninge\u2026.<\/strong><\/p>\n<p>P\u00e5 initiativ av, G\u00f6te Blom, fd. chef Berga \u00d6rlogsskolor, och d\u00e5varande CB\u00d6S, Cay Holmberg, bildades vid riks\u00e5rsm\u00f6tet p\u00e5 Berga \u00d6rlogsskolor (B\u00d6S) 1987 Flottans M\u00e4ns (FM) lokalf\u00f6rening i Haninge. Bildandet var en \u201cavknoppning\u201d fr\u00e5n huvudf\u00f6reningen i Stockholm.<\/p>\n<p>En interimsstyrelse arbetade fram f\u00f6rslag till stadgar och handlingsprogram. Fr\u00e5n huvud-f\u00f6reningen erh\u00f6lls ett underlag p\u00e5 presumtiva medlemmar som var bosatta i Haningeomr\u00e5det. Dessa tillst\u00e4lldes stadgef\u00f6rslaget och kallades till ett konstituerande m\u00f6te p\u00e5 B\u00d6S den 9 december 1987, varvid stadgarna antogs och en styrelse valdes. Ordf\u00f6rande blev Ture Olsson, en v\u00e4lk\u00e4nd profil p\u00e5 B\u00d6S. Det var ett 70-tal som hade h\u00f6rsammat kallelsen och infunnit sig till m\u00f6tet. D\u00e4r och d\u00e5 bildades Flottans M\u00e4n i Haninge.<\/p>\n<p>Avsikten med bildandet av lokalf\u00f6reningen i Haninge var att f\u00e5 en lokalf\u00f6rening med n\u00e4ra anknytning till Flottans skolor och fartygsf\u00f6rband. F\u00f6r att f\u00f6rverkliga stadgarnas syften arrangerade FM i Haninge studiebes\u00f6k till Kustflottans fartyg, B\u00d6S skolor, Helikopterdivisionen och \u00d6rlogsbas Ost (\u00d6rlBO).<\/p>\n<p><strong>F\u00f6rsvarsbeslutet 2005 \u00e4ndrade<\/strong><\/p>\n<p>Efter f\u00f6rsvarsbeslutet 2005, n\u00e4r Flottans f\u00f6rband flyttades till Karlskrona finns idag tv\u00e5 fIottanf\u00f6rband kvar i Haninge; 4.e Sj\u00f6stridsflottiljen, tillika v\u00e5rt v\u00e4rdf\u00f6rband samt Sj\u00f6stridskompaniet p\u00e5 Musk\u00f6. Helikopterflottiljen flyttades till Link\u00f6ping och ing\u00e5r numera i i Arm\u00e9ns organisation. \u00d6rlbO p\u00e5 Musk\u00f6 lades ned.<\/p>\n<p>Idag \u00e4r Stockholms Amfibieregemente (Amf 1) omr\u00e5desansvarig p\u00e5 Berga, som vid n\u00e4mnda f\u00f6rsvarsbeslut flyttades fr\u00e5n Vaxholm till Berga, Haninge.<\/p>\n<p>Det kan konstateras att historien har \u201ck\u00f6rt \u00f6ver\u201d v\u00e5r s\u00e5 en g\u00e5ng fina avsikt fr\u00e5n 1987, att ha en fin kontakt med flottans f\u00f6rband i omr\u00e5det. Idag \u00e4r 4.e Sj\u00f6stridsflottiljen kvar och vi \u00e4r mycket glada \u00f6ver det. Dock ser vi ljust p\u00e5 framtiden. Marinstaben har idag lokaliserats till Musk\u00f6. Med en \u00f6kande v\u00e4rnplikt och rekrytering till Flottan fr\u00e5n hela Sverige, kommer det ocks\u00e5 finnas personal fr\u00e5n Haninge. Alla med anknytning till Flottan \u00e4r v\u00e4lkomna till v\u00e5r f\u00f6rening, s\u00e4rskilt de som bor i Haningeomr\u00e5det.<\/p>\n<p>Haningef\u00f6reningen har idag ca 100 medlemmar och sj\u00e4lvklart vill vi bli fler, speciellt yngre f\u00f6rm\u00e5gor som med stolthet kan f\u00f6ra flottans traditioner vidare. Och jag s\u00e4ger till de yngre; \u201cNi anar inte vad de \u00e4ldre har att ber\u00e4tta om hur det var f\u00f6rr, n\u00e4r flottan, tillsammans med flyget, var Sveriges stoltheter och det satsades rej\u00e4lt p\u00e5 dessa vapenslag.<\/p>\n<p>[\/et_pb_text][\/et_pb_column_inner][\/et_pb_row_inner][\/et_pb_column][et_pb_column type=&#8221;1_4&#8243; _builder_version=&#8221;4.16&#8243; custom_padding=&#8221;|||&#8221; global_colors_info=&#8221;{}&#8221; custom_padding__hover=&#8221;|||&#8221;][et_pb_image src=&#8221;http:\/\/marinkamraterna.se\/haninge\/wp-content\/uploads\/sites\/3\/2021\/06\/Kan-FM-Logotype.jpg&#8221; alt=&#8221;FM logo&#8221; title_text=&#8221;Kan FM Logotype&#8221; align=&#8221;center&#8221; _builder_version=&#8221;4.16&#8243; _module_preset=&#8221;default&#8221; global_colors_info=&#8221;{}&#8221;][\/et_pb_image][et_pb_sidebar orientation=&#8221;right&#8221; area=&#8221;et_pb_widget_area_5&#8243; module_class=&#8221;right-menues&#8221; _builder_version=&#8221;4.10.8&#8243; _module_preset=&#8221;default&#8221; custom_margin=&#8221;||0px||false|false&#8221; global_module=&#8221;35107&#8243; saved_tabs=&#8221;all&#8221; locked=&#8221;off&#8221; global_colors_info=&#8221;{}&#8221;][\/et_pb_sidebar][et_pb_sidebar orientation=&#8221;right&#8221; _builder_version=&#8221;4.9.4&#8243; _module_preset=&#8221;default&#8221; header_font=&#8221;|600||on|||||&#8221; header_font_size=&#8221;20px&#8221; global_module=&#8221;33531&#8243; saved_tabs=&#8221;all&#8221; locked=&#8221;on&#8221; global_colors_info=&#8221;{}&#8221;][\/et_pb_sidebar][\/et_pb_column][\/et_pb_section]<\/p>\n","protected":false},"excerpt":{"rendered":"<p>Flottans M\u00e4n \u00e4r f\u00f6reningen f\u00f6r alla som har intresse f\u00f6r Flottan och vill vara med i kamratskapet kring Flottan. Flottans M\u00e4n v\u00e4rnar om det goda kamratskapet mellan oss som tidigare har tj\u00e4nstgjort i Marinen och om den gemenskap som finns mellan oss och dem som nu tj\u00e4nstg\u00f6r. Vi bidrar till att h\u00e5lla Marinens traditioner levande [&hellip;]<\/p>\n","protected":false},"author":1,"featured_media":0,"parent":0,"menu_order":1,"comment_status":"closed","ping_status":"closed","template":"","meta":{"_et_pb_use_builder":"on","_et_pb_old_content":"","_et_gb_content_width":"","iawp_total_views":129,"footnotes":""},"class_list":["post-33152","page","type-page","status-publish","hentry"],"_links":{"self":[{"href":"https:\/\/marinkamraterna.se\/haninge\/wp-json\/wp\/v2\/pages\/33152","targetHints":{"allow":["GET"]}}],"collection":[{"href":"https:\/\/marinkamraterna.se\/haninge\/wp-json\/wp\/v2\/pages"}],"about":[{"href":"https:\/\/marinkamraterna.se\/haninge\/wp-json\/wp\/v2\/types\/page"}],"author":[{"embeddable":true,"href":"https:\/\/marinkamraterna.se\/haninge\/wp-json\/wp\/v2\/users\/1"}],"replies":[{"embeddable":true,"href":"https:\/\/marinkamraterna.se\/haninge\/wp-json\/wp\/v2\/comments?post=33152"}],"version-history":[{"count":33,"href":"https:\/\/marinkamraterna.se\/haninge\/wp-json\/wp\/v2\/pages\/33152\/revisions"}],"predecessor-version":[{"id":37917,"href":"https:\/\/marinkamraterna.se\/haninge\/wp-json\/wp\/v2\/pages\/33152\/revisions\/37917"}],"wp:attachment":[{"href":"https:\/\/marinkamraterna.se\/haninge\/wp-json\/wp\/v2\/media?parent=33152"}],"curies":[{"name":"wp","href":"https:\/\/api.w.org\/{rel}","templated":true}]}}