{"id":33152,"date":"2020-12-10T17:41:01","date_gmt":"2020-12-10T16:41:01","guid":{"rendered":"https:\/\/wwps.se\/?page_id=33152"},"modified":"2021-11-25T20:06:05","modified_gmt":"2021-11-25T19:06:05","slug":"om-foreningen","status":"publish","type":"page","link":"https:\/\/marinkamraterna.se\/harnosand\/startsidan\/om-foreningen\/","title":{"rendered":"Om f\u00f6reningen"},"content":{"rendered":"<p>[et_pb_section fb_built=&#8221;1&#8243; specialty=&#8221;on&#8221; padding_top_bottom_link_1=&#8221;false&#8221; padding_top_bottom_link_2=&#8221;false&#8221; padding_left_right_link_1=&#8221;false&#8221; padding_left_right_link_2=&#8221;false&#8221; padding_top_1=&#8221;45px&#8221; padding_top_2=&#8221;45px&#8221; _builder_version=&#8221;4.10.8&#8243; _module_preset=&#8221;default&#8221; custom_padding=&#8221;0px||||false|false&#8221; locked=&#8221;off&#8221; global_colors_info=&#8221;{}&#8221;][et_pb_column type=&#8221;3_4&#8243; specialty_columns=&#8221;3&#8243; _builder_version=&#8221;3.25&#8243; custom_padding=&#8221;|||&#8221; global_colors_info=&#8221;{}&#8221; custom_padding__hover=&#8221;|||&#8221;][et_pb_row_inner _builder_version=&#8221;4.10.8&#8243; _module_preset=&#8221;default&#8221; custom_padding=&#8221;0px||||false|false&#8221; global_colors_info=&#8221;{}&#8221;][et_pb_column_inner saved_specialty_column_type=&#8221;3_4&#8243; _builder_version=&#8221;4.9.3&#8243; _module_preset=&#8221;default&#8221; global_colors_info=&#8221;{}&#8221;][et_pb_post_title meta=&#8221;off&#8221; featured_image=&#8221;off&#8221; _builder_version=&#8221;4.9.3&#8243; _module_preset=&#8221;default&#8221; title_font_size=&#8221;35px&#8221; global_colors_info=&#8221;{}&#8221;][\/et_pb_post_title][et_pb_text _builder_version=&#8221;4.10.8&#8243; _module_preset=&#8221;default&#8221; global_colors_info=&#8221;{}&#8221;]<\/p>\n<p><img loading=\"lazy\" decoding=\"async\" src=\"http:\/\/marinkamraterna.se\/harnosand\/wp-content\/uploads\/sites\/30\/2021\/10\/Korum-1-600x402.jpg\" width=\"600\" height=\"402\" alt=\"\" class=\"wp-image-35414 aligncenter size-medium\" srcset=\"https:\/\/marinkamraterna.se\/harnosand\/wp-content\/uploads\/sites\/30\/2021\/10\/Korum-1-600x402.jpg 600w, https:\/\/marinkamraterna.se\/harnosand\/wp-content\/uploads\/sites\/30\/2021\/10\/Korum-1-300x201.jpg 300w, https:\/\/marinkamraterna.se\/harnosand\/wp-content\/uploads\/sites\/30\/2021\/10\/Korum-1-768x515.jpg 768w, https:\/\/marinkamraterna.se\/harnosand\/wp-content\/uploads\/sites\/30\/2021\/10\/Korum-1-980x657.jpg 980w, https:\/\/marinkamraterna.se\/harnosand\/wp-content\/uploads\/sites\/30\/2021\/10\/Korum-1-480x322.jpg 480w, https:\/\/marinkamraterna.se\/harnosand\/wp-content\/uploads\/sites\/30\/2021\/10\/Korum-1.jpg 1000w\" sizes=\"(max-width: 600px) 100vw, 600px\" \/>\u00a0<\/p>\n<p><span style=\"font-size: 15px\"><\/span><\/p>\n<p><span style=\"font-size: 15px\"><\/span><\/p>\n<p><span style=\"font-size: 15px\"><\/span><\/p>\n<p><span><strong><\/strong><\/span><\/p>\n<p><span><strong>H\u00e4rn\u00f6sandsf\u00f6reningen<\/strong><br \/>Fredagen den 30 november 1990 samlades ett trettiotal m\u00e4n p\u00e5 Marinm\u00e4ssen MKN f\u00f6r att bilda lokalf\u00f6reningen Flottans M\u00e4n i H\u00e4rn\u00f6sand. <\/span>Ett femtontal av dessa \u00e4r medlemmar i Flottans M\u00e4n Sundsvall, men bosatta i H\u00e4rn\u00f6sand. En interimsstyrelse valdes. Den f\u00f6rsamlade skaran f.d. v\u00e4rnpliktiga, aktiva, reservare, lotsar, kustbevakare samt andra intresserade av marin verksamhet och sj\u00f6n\u00e4ring deltog.<div id=\"attachment_35356\" style=\"width: 310px\" class=\"wp-caption alignright\"><img loading=\"lazy\" decoding=\"async\" aria-describedby=\"caption-attachment-35356\" src=\"http:\/\/marinkamraterna.se\/harnosand\/wp-content\/uploads\/sites\/30\/2021\/10\/Kansli-300x168.jpg\" width=\"300\" height=\"168\" alt=\"\" class=\"wp-image-35356 size-thumbnail\" srcset=\"https:\/\/marinkamraterna.se\/harnosand\/wp-content\/uploads\/sites\/30\/2021\/10\/Kansli-300x168.jpg 300w, https:\/\/marinkamraterna.se\/harnosand\/wp-content\/uploads\/sites\/30\/2021\/10\/Kansli.jpg 460w\" sizes=\"(max-width: 300px) 100vw, 300px\" \/><p id=\"caption-attachment-35356\" class=\"wp-caption-text\">Gamla kanslihuset d\u00e4r vi kan h\u00e5lla v\u00e5ra tr\u00e4ffar<\/p><\/div>Det f\u00f6rsta \u00e5rsm\u00f6tet h\u00f6lls 1991 i n\u00e4rvaro av riksf\u00f6rbundets ordf\u00f6rande amiral Ola Backman, chefen f\u00f6r Norrlandskustens Marinkommando \u00d6verste 1 Ulf Rubarth, Kustbevakningens regionchef Jan Widmark samt ordf. f\u00f6r Sundsvalls FM Sten \u00d6stman. Alla lyck\u00f6nskade den nybildade f\u00f6reningen och \u00f6verl\u00e4mnade g\u00e5vor, bl.a. en handgjord ordf\u00f6randeklubba tillverkad av den sj\u00f6maningskunnige \u00d6lund fr\u00e5n Lule\u00e5. Vid detta f\u00f6rsta \u00e5rsm\u00f6te redovisades ett 75-tal medlemmar.<\/p>\n<p>&nbsp;<\/p>\n<p align=\"center\">\n<p>&nbsp;<\/p>\n<div class=\"et-fb-loader\" style=\"margin-bottom: 40px\"><\/div>\n<p>[\/et_pb_text][\/et_pb_column_inner][\/et_pb_row_inner][et_pb_row_inner _builder_version=&#8221;4.10.8&#8243; _module_preset=&#8221;default&#8221; custom_padding=&#8221;0px||||false|false&#8221; global_colors_info=&#8221;{}&#8221;][et_pb_column_inner saved_specialty_column_type=&#8221;3_4&#8243; _builder_version=&#8221;4.9.3&#8243; _module_preset=&#8221;default&#8221; global_colors_info=&#8221;{}&#8221;][et_pb_text _builder_version=&#8221;4.13.1&#8243; _module_preset=&#8221;default&#8221; global_colors_info=&#8221;{}&#8221;]<\/p>\n<p style=\"text-align: center\">[\/et_pb_text][\/et_pb_column_inner][\/et_pb_row_inner][\/et_pb_column][et_pb_column type=&#8221;1_4&#8243; _builder_version=&#8221;3.25&#8243; custom_padding=&#8221;|||&#8221; global_colors_info=&#8221;{}&#8221; custom_padding__hover=&#8221;|||&#8221;][et_pb_image src=&#8221;http:\/\/marinkamraterna.se\/harnosand\/wp-content\/uploads\/sites\/3\/2021\/06\/Kan-FM-Logotype.jpg&#8221; alt=&#8221;FM logo&#8221; title_text=&#8221;Kan FM Logotype&#8221; align=&#8221;center&#8221; _builder_version=&#8221;4.9.4&#8243; _module_preset=&#8221;default&#8221; global_colors_info=&#8221;{}&#8221;][\/et_pb_image][et_pb_sidebar orientation=&#8221;right&#8221; area=&#8221;et_pb_widget_area_5&#8243; module_class=&#8221;right-menues&#8221; _builder_version=&#8221;4.9.11&#8243; _module_preset=&#8221;default&#8221; custom_margin=&#8221;||0px||false|false&#8221; global_module=&#8221;35107&#8243; saved_tabs=&#8221;all&#8221; locked=&#8221;on&#8221; global_colors_info=&#8221;{}&#8221;][\/et_pb_sidebar][et_pb_sidebar orientation=&#8221;right&#8221; _builder_version=&#8221;4.9.4&#8243; _module_preset=&#8221;default&#8221; header_font=&#8221;|600||on|||||&#8221; header_font_size=&#8221;20px&#8221; global_module=&#8221;33531&#8243; saved_tabs=&#8221;all&#8221; locked=&#8221;off&#8221; global_colors_info=&#8221;{}&#8221;][\/et_pb_sidebar][\/et_pb_column][\/et_pb_section]<\/p>\n","protected":false},"excerpt":{"rendered":"<p>\u00a0 H\u00e4rn\u00f6sandsf\u00f6reningenFredagen den 30 november 1990 samlades ett trettiotal m\u00e4n p\u00e5 Marinm\u00e4ssen MKN f\u00f6r att bilda lokalf\u00f6reningen Flottans M\u00e4n i H\u00e4rn\u00f6sand. Ett femtontal av dessa \u00e4r medlemmar i Flottans M\u00e4n Sundsvall, men bosatta i H\u00e4rn\u00f6sand. En interimsstyrelse valdes. Den f\u00f6rsamlade skaran f.d. v\u00e4rnpliktiga, aktiva, reservare, lotsar, kustbevakare samt andra intresserade av marin verksamhet och sj\u00f6n\u00e4ring [&hellip;]<\/p>\n","protected":false},"author":1,"featured_media":0,"parent":23,"menu_order":1,"comment_status":"closed","ping_status":"closed","template":"","meta":{"_et_pb_use_builder":"on","_et_pb_old_content":"","_et_gb_content_width":"","iawp_total_views":103,"footnotes":""},"class_list":["post-33152","page","type-page","status-publish","hentry"],"_links":{"self":[{"href":"https:\/\/marinkamraterna.se\/harnosand\/wp-json\/wp\/v2\/pages\/33152","targetHints":{"allow":["GET"]}}],"collection":[{"href":"https:\/\/marinkamraterna.se\/harnosand\/wp-json\/wp\/v2\/pages"}],"about":[{"href":"https:\/\/marinkamraterna.se\/harnosand\/wp-json\/wp\/v2\/types\/page"}],"author":[{"embeddable":true,"href":"https:\/\/marinkamraterna.se\/harnosand\/wp-json\/wp\/v2\/users\/1"}],"replies":[{"embeddable":true,"href":"https:\/\/marinkamraterna.se\/harnosand\/wp-json\/wp\/v2\/comments?post=33152"}],"version-history":[{"count":60,"href":"https:\/\/marinkamraterna.se\/harnosand\/wp-json\/wp\/v2\/pages\/33152\/revisions"}],"predecessor-version":[{"id":35886,"href":"https:\/\/marinkamraterna.se\/harnosand\/wp-json\/wp\/v2\/pages\/33152\/revisions\/35886"}],"up":[{"embeddable":true,"href":"https:\/\/marinkamraterna.se\/harnosand\/wp-json\/wp\/v2\/pages\/23"}],"wp:attachment":[{"href":"https:\/\/marinkamraterna.se\/harnosand\/wp-json\/wp\/v2\/media?parent=33152"}],"curies":[{"name":"wp","href":"https:\/\/api.w.org\/{rel}","templated":true}]}}