{"id":33353,"date":"2021-04-05T13:38:35","date_gmt":"2021-04-05T11:38:35","guid":{"rendered":"https:\/\/andersa6.sg-host.com\/?page_id=33353"},"modified":"2026-02-18T16:07:52","modified_gmt":"2026-02-18T15:07:52","slug":"program","status":"publish","type":"page","link":"https:\/\/marinkamraterna.se\/harnosand\/program\/","title":{"rendered":"Program"},"content":{"rendered":"<p>[et_pb_section fb_built=&#8221;1&#8243; specialty=&#8221;on&#8221; padding_top_1=&#8221;45px&#8221; padding_top_2=&#8221;45px&#8221; padding_top_bottom_link_1=&#8221;false&#8221; padding_top_bottom_link_2=&#8221;false&#8221; padding_left_right_link_1=&#8221;false&#8221; padding_left_right_link_2=&#8221;false&#8221; _builder_version=&#8221;4.16&#8243; _module_preset=&#8221;default&#8221; custom_margin=&#8221;||||false|false&#8221; custom_padding=&#8221;0px||||false|false&#8221; locked=&#8221;off&#8221; global_colors_info=&#8221;{}&#8221;][et_pb_column type=&#8221;3_4&#8243; specialty_columns=&#8221;3&#8243; _builder_version=&#8221;4.16&#8243; custom_padding=&#8221;|||&#8221; global_colors_info=&#8221;{}&#8221; custom_padding__hover=&#8221;|||&#8221;][et_pb_row_inner _builder_version=&#8221;4.16&#8243; _module_preset=&#8221;default&#8221; custom_padding=&#8221;0px||||false|false&#8221; global_colors_info=&#8221;{}&#8221;][et_pb_column_inner saved_specialty_column_type=&#8221;3_4&#8243; _builder_version=&#8221;4.16&#8243; _module_preset=&#8221;default&#8221; global_colors_info=&#8221;{}&#8221;][et_pb_post_title meta=&#8221;off&#8221; featured_image=&#8221;off&#8221; _builder_version=&#8221;4.16&#8243; _module_preset=&#8221;default&#8221; title_font_size=&#8221;35px&#8221; global_colors_info=&#8221;{}&#8221;][\/et_pb_post_title][\/et_pb_column_inner][\/et_pb_row_inner][et_pb_row_inner column_structure=&#8221;1_2,1_2&#8243; _builder_version=&#8221;4.16&#8243; _module_preset=&#8221;default&#8221; custom_padding=&#8221;0px||||false|false&#8221; global_colors_info=&#8221;{}&#8221;][et_pb_column_inner type=&#8221;1_2&#8243; saved_specialty_column_type=&#8221;3_4&#8243; _builder_version=&#8221;4.16&#8243; _module_preset=&#8221;default&#8221; global_colors_info=&#8221;{}&#8221;][et_pb_text _builder_version=&#8221;4.27.4&#8243; _module_preset=&#8221;default&#8221; global_colors_info=&#8221;{}&#8221;]<\/p>\n<p>\u00a05\u00a0 Mars\u00a0 \u00a0 \u00a0 \u00a0 \u00a0 \u00a0 \u00a0 \u00a0\u00c4rtmiddag med \u00e5rsm\u00f6te<br \/>\u00a03 -5 Maj\u00a0 \u00a0 \u00a0 \u00a0 \u00a0 \u00a0 \u00a0 Riks\u00e5rsm\u00f6te G\u00f6teborg (Marstrand)<br \/>\u00a06 alt 7\u00a0 Maj\u00a0 \u00a0 \u00a0 \u00a0 \u00c4rtmiddag\u00a0 \u00a0<br \/>\u00a08 Augusti\u00a0 \u00a0 \u00a0 \u00a0 \u00a0 \u00a0Grillafton med damer<br \/>\u00a017 September\u00a0 \u00a0\u00c4rtmiddag<br \/>\u00a05 November\u00a0 \u00a0 \u00a0 \u00c4rtmiddag<br \/>\u00a05 December\u00a0 \u00a0 \u00a0Lillejul med damer<\/p>\n<p>&nbsp;<\/p>\n<p>&nbsp;<\/p>\n<p>&nbsp;<\/p>\n<p>&nbsp;<\/p>\n<p>&nbsp;<\/p>\n<p>&nbsp;<\/p>\n<p>[\/et_pb_text][\/et_pb_column_inner][et_pb_column_inner type=&#8221;1_2&#8243; saved_specialty_column_type=&#8221;3_4&#8243; _builder_version=&#8221;4.16&#8243; _module_preset=&#8221;default&#8221; global_colors_info=&#8221;{}&#8221;][et_pb_text _builder_version=&#8221;4.19.4&#8243; _module_preset=&#8221;default&#8221; global_colors_info=&#8221;{}&#8221;]<\/p>\n<p>&nbsp;<\/p>\n<p>&nbsp;<\/p>\n<p>Programmen kan kan komma \u00e4ndras.<br \/>F\u00f6redragsh\u00e5llare till \u00e4rtmiddagarna visas under kalendarium. Speciellt \u00e4rtmiddagen i Maj<\/p>\n<p>[\/et_pb_text][\/et_pb_column_inner][\/et_pb_row_inner][et_pb_row_inner column_structure=&#8221;1_3,1_3,1_3&#8243; _builder_version=&#8221;4.16&#8243; _module_preset=&#8221;default&#8221; custom_padding=&#8221;0px||||false|false&#8221; global_colors_info=&#8221;{}&#8221;][et_pb_column_inner type=&#8221;1_3&#8243; saved_specialty_column_type=&#8221;3_4&#8243; _builder_version=&#8221;4.16&#8243; _module_preset=&#8221;default&#8221; global_colors_info=&#8221;{}&#8221;][et_pb_image src=&#8221;http:\/\/marinkamraterna.se\/harnosand\/wp-content\/uploads\/sites\/3\/2021\/04\/i7olrdm9yiw.jpg&#8221; alt=&#8221;green trees on cliff&#8221; title_text=&#8221;Photo by Tom Winckels&#8221; _builder_version=&#8221;4.16&#8243; _module_preset=&#8221;default&#8221; global_colors_info=&#8221;{}&#8221;][\/et_pb_image][\/et_pb_column_inner][et_pb_column_inner type=&#8221;1_3&#8243; saved_specialty_column_type=&#8221;3_4&#8243; _builder_version=&#8221;4.16&#8243; _module_preset=&#8221;default&#8221; global_colors_info=&#8221;{}&#8221;][et_pb_image src=&#8221;http:\/\/marinkamraterna.se\/harnosand\/wp-content\/uploads\/sites\/3\/2021\/04\/eumewe-7ewg-1024&#215;683.jpg&#8221; alt=&#8221;ship helm&#8221; title_text=&#8221;Photo by Joseph Barrientos&#8221; _builder_version=&#8221;4.16&#8243; _module_preset=&#8221;default&#8221; global_colors_info=&#8221;{}&#8221;][\/et_pb_image][\/et_pb_column_inner][et_pb_column_inner type=&#8221;1_3&#8243; saved_specialty_column_type=&#8221;3_4&#8243; _builder_version=&#8221;4.16&#8243; _module_preset=&#8221;default&#8221; global_colors_info=&#8221;{}&#8221;][et_pb_image src=&#8221;http:\/\/marinkamraterna.se\/harnosand\/wp-content\/uploads\/sites\/3\/2021\/04\/j1ega73qp7c.jpg&#8221; alt=&#8221;black and white sailboat in body of water during sunset&#8221; title_text=&#8221;Photo by Katherine McCormack&#8221; _builder_version=&#8221;4.16&#8243; _module_preset=&#8221;default&#8221; global_colors_info=&#8221;{}&#8221;][\/et_pb_image][\/et_pb_column_inner][\/et_pb_row_inner][\/et_pb_column][et_pb_column type=&#8221;1_4&#8243; _builder_version=&#8221;4.16&#8243; custom_padding=&#8221;|||&#8221; global_colors_info=&#8221;{}&#8221; custom_padding__hover=&#8221;|||&#8221;][et_pb_text _builder_version=&#8221;4.19.4&#8243; _module_preset=&#8221;default&#8221; text_font=&#8221;||on||||||&#8221; text_font_size=&#8221;14px&#8221; global_colors_info=&#8221;{}&#8221;]<\/p>\n<p><img loading=\"lazy\" decoding=\"async\" src=\"https:\/\/marinkamraterna.se\/harnosand\/wp-content\/uploads\/sites\/30\/2021\/11\/Korvett-Harnosand-300x225.jpg\" alt=\"\" class=\"wp-image-35858 alignnone size-thumbnail\" width=\"300\" height=\"225\" \/>HMS H\u00e4rn\u00f6sand<\/p>\n<p>[\/et_pb_text][et_pb_sidebar orientation=&#8221;right&#8221; _builder_version=&#8221;4.9.4&#8243; _module_preset=&#8221;default&#8221; header_font=&#8221;|600||on|||||&#8221; header_font_size=&#8221;20px&#8221; global_module=&#8221;33531&#8243; saved_tabs=&#8221;all&#8221; locked=&#8221;off&#8221; global_colors_info=&#8221;{}&#8221;][\/et_pb_sidebar][\/et_pb_column][\/et_pb_section]<\/p>\n","protected":false},"excerpt":{"rendered":"<p>\u00a05\u00a0 Mars\u00a0 \u00a0 \u00a0 \u00a0 \u00a0 \u00a0 \u00a0 \u00a0\u00c4rtmiddag med \u00e5rsm\u00f6te\u00a03 -5 Maj\u00a0 \u00a0 \u00a0 \u00a0 \u00a0 \u00a0 \u00a0 Riks\u00e5rsm\u00f6te G\u00f6teborg (Marstrand)\u00a06 alt 7\u00a0 Maj\u00a0 \u00a0 \u00a0 \u00a0 \u00c4rtmiddag\u00a0 \u00a0\u00a08 Augusti\u00a0 \u00a0 \u00a0 \u00a0 \u00a0 \u00a0Grillafton med damer\u00a017 September\u00a0 \u00a0\u00c4rtmiddag\u00a05 November\u00a0 \u00a0 \u00a0 \u00c4rtmiddag\u00a05 December\u00a0 \u00a0 \u00a0Lillejul med damer &nbsp; &nbsp; &nbsp; &nbsp; &nbsp; &nbsp;&nbsp; [&hellip;]<\/p>\n","protected":false},"author":1,"featured_media":0,"parent":0,"menu_order":4,"comment_status":"closed","ping_status":"closed","template":"","meta":{"_et_pb_use_builder":"on","_et_pb_old_content":"[wpforms id=\"2000\" title=\"false\" description=\"false\"]","_et_gb_content_width":"","iawp_total_views":224,"footnotes":""},"class_list":["post-33353","page","type-page","status-publish","hentry"],"_links":{"self":[{"href":"https:\/\/marinkamraterna.se\/harnosand\/wp-json\/wp\/v2\/pages\/33353","targetHints":{"allow":["GET"]}}],"collection":[{"href":"https:\/\/marinkamraterna.se\/harnosand\/wp-json\/wp\/v2\/pages"}],"about":[{"href":"https:\/\/marinkamraterna.se\/harnosand\/wp-json\/wp\/v2\/types\/page"}],"author":[{"embeddable":true,"href":"https:\/\/marinkamraterna.se\/harnosand\/wp-json\/wp\/v2\/users\/1"}],"replies":[{"embeddable":true,"href":"https:\/\/marinkamraterna.se\/harnosand\/wp-json\/wp\/v2\/comments?post=33353"}],"version-history":[{"count":19,"href":"https:\/\/marinkamraterna.se\/harnosand\/wp-json\/wp\/v2\/pages\/33353\/revisions"}],"predecessor-version":[{"id":38499,"href":"https:\/\/marinkamraterna.se\/harnosand\/wp-json\/wp\/v2\/pages\/33353\/revisions\/38499"}],"wp:attachment":[{"href":"https:\/\/marinkamraterna.se\/harnosand\/wp-json\/wp\/v2\/media?parent=33353"}],"curies":[{"name":"wp","href":"https:\/\/api.w.org\/{rel}","templated":true}]}}