{"id":33357,"date":"2021-04-05T13:39:34","date_gmt":"2021-04-05T11:39:34","guid":{"rendered":"https:\/\/andersa6.sg-host.com\/?page_id=33357"},"modified":"2021-11-26T16:34:50","modified_gmt":"2021-11-26T15:34:50","slug":"bilder","status":"publish","type":"page","link":"https:\/\/marinkamraterna.se\/harnosand\/bilder\/","title":{"rendered":"Bilder"},"content":{"rendered":"<p>[et_pb_section fb_built=&#8221;1&#8243; use_custom_gutter=&#8221;on&#8221; gutter_width=&#8221;2&#8243; specialty=&#8221;on&#8221; padding_top_bottom_link_1=&#8221;false&#8221; padding_top_bottom_link_2=&#8221;false&#8221; padding_left_right_link_1=&#8221;false&#8221; padding_left_right_link_2=&#8221;false&#8221; padding_top_1=&#8221;45px&#8221; padding_top_2=&#8221;45px&#8221; _builder_version=&#8221;4.10.8&#8243; _module_preset=&#8221;default&#8221; custom_padding=&#8221;0px||||false|false&#8221; global_colors_info=&#8221;{}&#8221;][et_pb_column type=&#8221;1_4&#8243; _builder_version=&#8221;3.25&#8243; custom_padding=&#8221;|||&#8221; global_colors_info=&#8221;{}&#8221; custom_padding__hover=&#8221;|||&#8221;][et_pb_sidebar area=&#8221;et_pb_widget_area_3&#8243; _builder_version=&#8221;4.9.4&#8243; _module_preset=&#8221;default&#8221; header_font=&#8221;|600||on|||||&#8221; body_text_color=&#8221;#0C71C3&#8243; body_font_size=&#8221;14px&#8221; custom_margin=&#8221;||||false|false&#8221; custom_padding=&#8221;||||false|false&#8221; global_module=&#8221;33600&#8243; locked=&#8221;on&#8221; global_colors_info=&#8221;{}&#8221;][\/et_pb_sidebar][\/et_pb_column][et_pb_column type=&#8221;3_4&#8243; specialty_columns=&#8221;3&#8243; _builder_version=&#8221;3.25&#8243; custom_padding=&#8221;|||&#8221; global_colors_info=&#8221;{}&#8221; custom_padding__hover=&#8221;|||&#8221;][et_pb_row_inner use_custom_gutter=&#8221;on&#8221; gutter_width=&#8221;1&#8243; make_equal=&#8221;on&#8221; _builder_version=&#8221;4.9.4&#8243; _module_preset=&#8221;default&#8221; custom_padding=&#8221;0px||||false|false&#8221; global_colors_info=&#8221;{}&#8221;][et_pb_column_inner saved_specialty_column_type=&#8221;3_4&#8243; _builder_version=&#8221;4.9.3&#8243; _module_preset=&#8221;default&#8221; global_colors_info=&#8221;{}&#8221;][et_pb_post_title meta=&#8221;off&#8221; featured_image=&#8221;off&#8221; _builder_version=&#8221;4.9.4&#8243; _module_preset=&#8221;default&#8221; title_font_size=&#8221;35px&#8221; global_colors_info=&#8221;{}&#8221;][\/et_pb_post_title][et_pb_image title_text=&#8221;07064&#8243; _builder_version=&#8221;4.13.1&#8243; _module_preset=&#8221;default&#8221; global_colors_info=&#8221;{}&#8221;][\/et_pb_image][et_pb_text _builder_version=&#8221;4.13.1&#8243; _module_preset=&#8221;default&#8221; global_colors_info=&#8221;{}&#8221;]<\/p>\n<h4 style=\"text-align: center\"><\/h4>\n<h4 style=\"text-align: center\"><strong>H\u00e4r kommer det att samlas bilder fr\u00e5n v\u00e5ra m\u00f6ten och resor.<br \/>F\u00f6lj l\u00e4nkarna till v\u00e4nster.<\/strong><\/h4>\n<p>[\/et_pb_text][et_pb_text _builder_version=&#8221;4.13.1&#8243; _module_preset=&#8221;default&#8221; hover_enabled=&#8221;0&#8243; global_colors_info=&#8221;{}&#8221; sticky_enabled=&#8221;0&#8243;]<\/p>\n<h3 style=\"text-align: center\"><strong><\/strong><\/h3>\n<h4 style=\"text-align: center\"><strong><\/strong><\/h4>\n<h3 style=\"text-align: center\"><strong>Lite kuriosa om namnet &#8221;HMS H\u00c4RN\u00d6SAND&#8221;.<\/strong><\/h3>\n<p style=\"text-align: center\"><img loading=\"lazy\" decoding=\"async\" src=\"http:\/\/marinkamraterna.se\/harnosand\/wp-content\/uploads\/sites\/30\/2021\/10\/dopkort-1-691x1000.jpg\" width=\"691\" height=\"1000\" alt=\"\" class=\"wp-image-35479 alignnone size-large\" srcset=\"https:\/\/marinkamraterna.se\/harnosand\/wp-content\/uploads\/sites\/30\/2021\/10\/dopkort-1-691x1000.jpg 691w, https:\/\/marinkamraterna.se\/harnosand\/wp-content\/uploads\/sites\/30\/2021\/10\/dopkort-1-415x600.jpg 415w, https:\/\/marinkamraterna.se\/harnosand\/wp-content\/uploads\/sites\/30\/2021\/10\/dopkort-1-207x300.jpg 207w, https:\/\/marinkamraterna.se\/harnosand\/wp-content\/uploads\/sites\/30\/2021\/10\/dopkort-1-768x1111.jpg 768w, https:\/\/marinkamraterna.se\/harnosand\/wp-content\/uploads\/sites\/30\/2021\/10\/dopkort-1-980x1418.jpg 980w, https:\/\/marinkamraterna.se\/harnosand\/wp-content\/uploads\/sites\/30\/2021\/10\/dopkort-1-480x695.jpg 480w, https:\/\/marinkamraterna.se\/harnosand\/wp-content\/uploads\/sites\/30\/2021\/10\/dopkort-1.jpg 1000w\" sizes=\"(max-width: 691px) 100vw, 691px\" \/><\/p>\n<p>&nbsp;<\/p>\n<p>&nbsp;<\/p>\n<p>[\/et_pb_text][\/et_pb_column_inner][\/et_pb_row_inner][\/et_pb_column][\/et_pb_section]<\/p>\n","protected":false},"excerpt":{"rendered":"<p>H\u00e4r kommer det att samlas bilder fr\u00e5n v\u00e5ra m\u00f6ten och resor.F\u00f6lj l\u00e4nkarna till v\u00e4nster. Lite kuriosa om namnet &#8221;HMS H\u00c4RN\u00d6SAND&#8221;. &nbsp; &nbsp;<\/p>\n","protected":false},"author":1,"featured_media":0,"parent":0,"menu_order":2,"comment_status":"closed","ping_status":"closed","template":"","meta":{"_et_pb_use_builder":"on","_et_pb_old_content":"[wpforms id=\"2000\" title=\"false\" description=\"false\"]","_et_gb_content_width":"","iawp_total_views":161,"footnotes":""},"class_list":["post-33357","page","type-page","status-publish","hentry"],"_links":{"self":[{"href":"https:\/\/marinkamraterna.se\/harnosand\/wp-json\/wp\/v2\/pages\/33357","targetHints":{"allow":["GET"]}}],"collection":[{"href":"https:\/\/marinkamraterna.se\/harnosand\/wp-json\/wp\/v2\/pages"}],"about":[{"href":"https:\/\/marinkamraterna.se\/harnosand\/wp-json\/wp\/v2\/types\/page"}],"author":[{"embeddable":true,"href":"https:\/\/marinkamraterna.se\/harnosand\/wp-json\/wp\/v2\/users\/1"}],"replies":[{"embeddable":true,"href":"https:\/\/marinkamraterna.se\/harnosand\/wp-json\/wp\/v2\/comments?post=33357"}],"version-history":[{"count":22,"href":"https:\/\/marinkamraterna.se\/harnosand\/wp-json\/wp\/v2\/pages\/33357\/revisions"}],"predecessor-version":[{"id":35925,"href":"https:\/\/marinkamraterna.se\/harnosand\/wp-json\/wp\/v2\/pages\/33357\/revisions\/35925"}],"wp:attachment":[{"href":"https:\/\/marinkamraterna.se\/harnosand\/wp-json\/wp\/v2\/media?parent=33357"}],"curies":[{"name":"wp","href":"https:\/\/api.w.org\/{rel}","templated":true}]}}