{"id":33986,"date":"2021-06-04T19:12:08","date_gmt":"2021-06-04T17:12:08","guid":{"rendered":"http:\/\/andersa6.sg-host.com\/harnosand\/?page_id=33986"},"modified":"2026-04-25T19:07:15","modified_gmt":"2026-04-25T17:07:15","slug":"styrelse","status":"publish","type":"page","link":"https:\/\/marinkamraterna.se\/harnosand\/startsidan\/om-foreningen\/styrelse\/","title":{"rendered":"Styrelse"},"content":{"rendered":"<p>[et_pb_section fb_built=&#8221;1&#8243; specialty=&#8221;on&#8221; padding_top_1=&#8221;45px&#8221; padding_top_2=&#8221;45px&#8221; padding_top_bottom_link_1=&#8221;false&#8221; padding_top_bottom_link_2=&#8221;false&#8221; padding_left_right_link_1=&#8221;false&#8221; padding_left_right_link_2=&#8221;false&#8221; _builder_version=&#8221;4.16&#8243; _module_preset=&#8221;default&#8221; custom_margin=&#8221;||||false|false&#8221; custom_padding=&#8221;0px||||false|false&#8221; locked=&#8221;off&#8221; global_colors_info=&#8221;{}&#8221;][et_pb_column type=&#8221;3_4&#8243; specialty_columns=&#8221;3&#8243; _builder_version=&#8221;4.16&#8243; custom_padding=&#8221;|||&#8221; global_colors_info=&#8221;{}&#8221; custom_padding__hover=&#8221;|||&#8221;][et_pb_row_inner _builder_version=&#8221;4.16&#8243; _module_preset=&#8221;default&#8221; custom_padding=&#8221;0px||||false|false&#8221; global_colors_info=&#8221;{}&#8221;][et_pb_column_inner saved_specialty_column_type=&#8221;3_4&#8243; _builder_version=&#8221;4.16&#8243; _module_preset=&#8221;default&#8221; global_colors_info=&#8221;{}&#8221;][et_pb_post_title meta=&#8221;off&#8221; featured_image=&#8221;off&#8221; _builder_version=&#8221;4.16&#8243; _module_preset=&#8221;default&#8221; title_font_size=&#8221;35px&#8221; global_colors_info=&#8221;{}&#8221;][\/et_pb_post_title][et_pb_text _builder_version=&#8221;4.16&#8243; _module_preset=&#8221;default&#8221; global_colors_info=&#8221;{}&#8221;][\/et_pb_text][\/et_pb_column_inner][\/et_pb_row_inner][et_pb_row_inner column_structure=&#8221;1_3,1_3,1_3&#8243; _builder_version=&#8221;4.16&#8243; _module_preset=&#8221;default&#8221; global_colors_info=&#8221;{}&#8221;][et_pb_column_inner type=&#8221;1_3&#8243; saved_specialty_column_type=&#8221;3_4&#8243; _builder_version=&#8221;4.16&#8243; _module_preset=&#8221;default&#8221; global_colors_info=&#8221;{}&#8221;][et_pb_text _builder_version=&#8221;4.16&#8243; _module_preset=&#8221;default&#8221; global_colors_info=&#8221;{}&#8221;]<\/p>\n<p style=\"text-align: center\"><span><img loading=\"lazy\" decoding=\"async\" src=\"http:\/\/marinkamraterna.se\/harnosand\/wp-content\/uploads\/sites\/30\/2021\/11\/Roger2-300x200.jpg\" width=\"215\" height=\"143\" alt=\"\" class=\"wp-image-35870 alignnone size-thumbnail\" srcset=\"https:\/\/marinkamraterna.se\/harnosand\/wp-content\/uploads\/sites\/30\/2021\/11\/Roger2-300x200.jpg 300w, https:\/\/marinkamraterna.se\/harnosand\/wp-content\/uploads\/sites\/30\/2021\/11\/Roger2-600x400.jpg 600w, https:\/\/marinkamraterna.se\/harnosand\/wp-content\/uploads\/sites\/30\/2021\/11\/Roger2-768x512.jpg 768w, https:\/\/marinkamraterna.se\/harnosand\/wp-content\/uploads\/sites\/30\/2021\/11\/Roger2-980x654.jpg 980w, https:\/\/marinkamraterna.se\/harnosand\/wp-content\/uploads\/sites\/30\/2021\/11\/Roger2-480x320.jpg 480w, https:\/\/marinkamraterna.se\/harnosand\/wp-content\/uploads\/sites\/30\/2021\/11\/Roger2.jpg 1000w\" sizes=\"(max-width: 215px) 100vw, 215px\" \/><\/span><\/p>\n<p style=\"text-align: center\"><span>Ordf\u00f6rande<\/span><br \/><span>Roger Karlstr\u00f6m<\/span><br \/><span>Tel: <\/span><span>073-410 24 55<\/span><\/p>\n<p>[\/et_pb_text][\/et_pb_column_inner][et_pb_column_inner type=&#8221;1_3&#8243; saved_specialty_column_type=&#8221;3_4&#8243; _builder_version=&#8221;4.16&#8243; _module_preset=&#8221;default&#8221; global_colors_info=&#8221;{}&#8221;][et_pb_text _builder_version=&#8221;4.16&#8243; _module_preset=&#8221;default&#8221; global_colors_info=&#8221;{}&#8221;]<\/p>\n<p style=\"text-align: center\"><img loading=\"lazy\" decoding=\"async\" src=\"https:\/\/marinkamraterna.se\/harnosand\/wp-content\/uploads\/sites\/30\/2021\/11\/Bengt1-600x502.jpg\" width=\"179\" height=\"150\" alt=\"\" class=\"wp-image-35582 alignnone size-medium\" \/><\/p>\n<p style=\"text-align: center\"><span>Vice ordf\u00f6rande<\/span><br \/><span>Bengt Randev\u00e5g<\/span><br \/><span>Tel: <\/span><span>070-312 01 77<\/span><\/p>\n<p>[\/et_pb_text][\/et_pb_column_inner][et_pb_column_inner type=&#8221;1_3&#8243; saved_specialty_column_type=&#8221;3_4&#8243; _builder_version=&#8221;4.16&#8243; _module_preset=&#8221;default&#8221; global_colors_info=&#8221;{}&#8221;][et_pb_text _builder_version=&#8221;4.16&#8243; _module_preset=&#8221;default&#8221; global_colors_info=&#8221;{}&#8221;]<\/p>\n<p style=\"text-align: center\"><img loading=\"lazy\" decoding=\"async\" src=\"https:\/\/marinkamraterna.se\/harnosand\/wp-content\/uploads\/sites\/30\/2022\/03\/B-prov-1-1-600x400.jpg\" width=\"600\" height=\"400\" alt=\"Bertil E\" class=\"wp-image-37910 alignnone size-medium\" \/><\/p>\n<p style=\"text-align: center\"><span>Sekreterare \u00a0<\/span><br \/><span>Bertil Eriksson<br \/>Tel:<\/span><\/p>\n<table width=\"89\">\n<tbody>\n<tr>\n<td width=\"89\">070 877 90 65\u00a0<\/td>\n<\/tr>\n<\/tbody>\n<\/table>\n<p>[\/et_pb_text][\/et_pb_column_inner][\/et_pb_row_inner][et_pb_row_inner column_structure=&#8221;1_3,1_3,1_3&#8243; _builder_version=&#8221;4.16&#8243; _module_preset=&#8221;default&#8221; global_colors_info=&#8221;{}&#8221;][et_pb_column_inner type=&#8221;1_3&#8243; saved_specialty_column_type=&#8221;3_4&#8243; _builder_version=&#8221;4.16&#8243; _module_preset=&#8221;default&#8221; global_colors_info=&#8221;{}&#8221;][et_pb_text _builder_version=&#8221;4.16&#8243; _module_preset=&#8221;default&#8221; global_colors_info=&#8221;{}&#8221;]<\/p>\n<p style=\"text-align: center\"><span><img loading=\"lazy\" decoding=\"async\" src=\"https:\/\/marinkamraterna.se\/harnosand\/wp-content\/uploads\/sites\/30\/2022\/03\/Tommy-1-600x501.jpg\" width=\"180\" height=\"150\" alt=\"\" class=\"wp-image-37913 alignnone size-medium\" \/><\/span><\/p>\n<p style=\"text-align: center\"><span>Kass\u00f6r, I<\/span><span style=\"font-size: 15px\">t<\/span><span style=\"font-size: 15px\">-ansv<\/span><\/p>\n<p style=\"text-align: center\"><span>Tommy Lindqvist<\/span><br \/><span>Tel: <\/span><span>070-554 34 65<\/span><\/p>\n<p>[\/et_pb_text][\/et_pb_column_inner][et_pb_column_inner type=&#8221;1_3&#8243; saved_specialty_column_type=&#8221;3_4&#8243; _builder_version=&#8221;4.16&#8243; _module_preset=&#8221;default&#8221; global_colors_info=&#8221;{}&#8221;][et_pb_text _builder_version=&#8221;4.16&#8243; _module_preset=&#8221;default&#8221; global_colors_info=&#8221;{}&#8221;]<\/p>\n<p style=\"text-align: center\"><span><img loading=\"lazy\" decoding=\"async\" src=\"http:\/\/marinkamraterna.se\/harnosand\/wp-content\/uploads\/sites\/30\/2021\/11\/Leif-1.jpg\" width=\"215\" height=\"143\" alt=\"\" class=\"wp-image-35577 size-full\" srcset=\"https:\/\/marinkamraterna.se\/harnosand\/wp-content\/uploads\/sites\/30\/2021\/11\/Leif-1.jpg 425w, https:\/\/marinkamraterna.se\/harnosand\/wp-content\/uploads\/sites\/30\/2021\/11\/Leif-1-300x200.jpg 300w\" sizes=\"(max-width: 215px) 100vw, 215px\" \/> <\/span><span style=\"font-size: 15px\">Klubbm\u00e4stare\/Ledamot<br \/><\/span><span>Leif M\u00e4hler<\/span><br \/><span>Tel: <\/span><span>070-314 15 20<\/span><\/p>\n<p>[\/et_pb_text][\/et_pb_column_inner][et_pb_column_inner type=&#8221;1_3&#8243; saved_specialty_column_type=&#8221;3_4&#8243; _builder_version=&#8221;4.16&#8243; _module_preset=&#8221;default&#8221; global_colors_info=&#8221;{}&#8221;][et_pb_text _builder_version=&#8221;4.16&#8243; _module_preset=&#8221;default&#8221; global_colors_info=&#8221;{}&#8221;]<\/p>\n<p style=\"text-align: center\">Foto kommer<\/p>\n<p style=\"text-align: center\"><span style=\"font-size: 15px\"><\/span><\/p>\n<p style=\"text-align: center\"><span style=\"font-size: 15px\"><\/span><\/p>\n<p style=\"text-align: center\"><span style=\"font-size: 15px\">Ledamot<br \/><\/span><span>Lars-G\u00f6ran Boman<\/span><br \/><span>Tel: <\/span><span>070-789 03 32<\/span><\/p>\n<p>[\/et_pb_text][\/et_pb_column_inner][\/et_pb_row_inner][et_pb_row_inner column_structure=&#8221;1_3,1_3,1_3&#8243; _builder_version=&#8221;4.16&#8243; _module_preset=&#8221;default&#8221; global_colors_info=&#8221;{}&#8221;][et_pb_column_inner type=&#8221;1_3&#8243; saved_specialty_column_type=&#8221;3_4&#8243; _builder_version=&#8221;4.16&#8243; _module_preset=&#8221;default&#8221; global_colors_info=&#8221;{}&#8221;][et_pb_text _builder_version=&#8221;4.16&#8243; _module_preset=&#8221;default&#8221; global_colors_info=&#8221;{}&#8221;]<\/p>\n<p style=\"text-align: center\"><img loading=\"lazy\" decoding=\"async\" src=\"http:\/\/marinkamraterna.se\/harnosand\/wp-content\/uploads\/sites\/30\/2021\/11\/Hans-1-600x440.jpg\" width=\"189\" height=\"139\" alt=\"\" class=\"wp-image-35575 size-medium\" srcset=\"https:\/\/marinkamraterna.se\/harnosand\/wp-content\/uploads\/sites\/30\/2021\/11\/Hans-1-600x440.jpg 600w, https:\/\/marinkamraterna.se\/harnosand\/wp-content\/uploads\/sites\/30\/2021\/11\/Hans-1-300x220.jpg 300w, https:\/\/marinkamraterna.se\/harnosand\/wp-content\/uploads\/sites\/30\/2021\/11\/Hans-1-768x563.jpg 768w, https:\/\/marinkamraterna.se\/harnosand\/wp-content\/uploads\/sites\/30\/2021\/11\/Hans-1-980x718.jpg 980w, https:\/\/marinkamraterna.se\/harnosand\/wp-content\/uploads\/sites\/30\/2021\/11\/Hans-1-480x352.jpg 480w, https:\/\/marinkamraterna.se\/harnosand\/wp-content\/uploads\/sites\/30\/2021\/11\/Hans-1.jpg 1000w\" sizes=\"(max-width: 189px) 100vw, 189px\" \/>\u00a0Ledamot<br \/>Hans Olsson<br \/>Tel: 070-302 66 10<\/p>\n<p>&nbsp;<\/p>\n<p>[\/et_pb_text][\/et_pb_column_inner][et_pb_column_inner type=&#8221;1_3&#8243; saved_specialty_column_type=&#8221;3_4&#8243; _builder_version=&#8221;4.16&#8243; _module_preset=&#8221;default&#8221; global_colors_info=&#8221;{}&#8221;][et_pb_text _builder_version=&#8221;4.16&#8243; _module_preset=&#8221;default&#8221; global_colors_info=&#8221;{}&#8221;]<\/p>\n<p style=\"text-align: center\"><span><\/span><\/p>\n<p style=\"text-align: center\">\n<p style=\"text-align: center\">\n<p style=\"text-align: center\">\n<p style=\"text-align: center\">Foto Kommer<br \/>Ledamot<br \/>Bengt Jansson<br \/>Tel: 070-312 35 44<\/p>\n<p><span><\/span><\/p>\n<p style=\"text-align: center\"><span><\/span><\/p>\n<p style=\"text-align: center\"><span><\/span><\/p>\n<p style=\"text-align: center\"><span><\/span><\/p>\n<p style=\"text-align: center\"><span><\/span><\/p>\n<p style=\"text-align: center\"><span><\/span><\/p>\n<p style=\"text-align: center\">\n<p>[\/et_pb_text][\/et_pb_column_inner][et_pb_column_inner type=&#8221;1_3&#8243; saved_specialty_column_type=&#8221;3_4&#8243; _builder_version=&#8221;4.16&#8243; _module_preset=&#8221;default&#8221; global_colors_info=&#8221;{}&#8221;][et_pb_text _builder_version=&#8221;4.16&#8243; _module_preset=&#8221;default&#8221; global_colors_info=&#8221;{}&#8221;]<\/p>\n<p style=\"text-align: center\"><span><\/span><\/p>\n<p style=\"text-align: center\"><span><\/span><\/p>\n<p style=\"text-align: center\"><span><\/span><\/p>\n<p style=\"text-align: center\"><span><\/span><\/p>\n<p style=\"text-align: center\"><span>\u00a0Foto kommer<br \/>Suppleant\u00a0<\/span><br \/><span>Eric L\u00f6nngren<\/span><br \/><span>Tel: <\/span><span>070-681 38 85<\/span><\/p>\n<p>[\/et_pb_text][\/et_pb_column_inner][\/et_pb_row_inner][et_pb_row_inner column_structure=&#8221;1_3,1_3,1_3&#8243; _builder_version=&#8221;4.16&#8243; _module_preset=&#8221;default&#8221; global_colors_info=&#8221;{}&#8221;][et_pb_column_inner type=&#8221;1_3&#8243; saved_specialty_column_type=&#8221;3_4&#8243; _builder_version=&#8221;4.16&#8243; _module_preset=&#8221;default&#8221; global_colors_info=&#8221;{}&#8221;][et_pb_text _builder_version=&#8221;4.16&#8243; _module_preset=&#8221;default&#8221; global_colors_info=&#8221;{}&#8221;]<\/p>\n<p style=\"text-align: center\"><span><\/span><\/p>\n<p style=\"text-align: center\"><span><\/span><\/p>\n<p style=\"text-align: center\"><span><\/span><\/p>\n<p style=\"text-align: center\"><span><\/span><\/p>\n<p style=\"text-align: center\"><span><\/span><\/p>\n<p style=\"text-align: center\"><span>Foto kommer<br \/><\/span><span>Suppleant<\/span><br \/><span>Johan Eliasson<\/span><br \/><span>Tel: <\/span><span>070-257 17 16<\/span><\/p>\n<p>[\/et_pb_text][\/et_pb_column_inner][et_pb_column_inner type=&#8221;1_3&#8243; saved_specialty_column_type=&#8221;3_4&#8243; _builder_version=&#8221;4.16&#8243; _module_preset=&#8221;default&#8221; global_colors_info=&#8221;{}&#8221;][et_pb_text _builder_version=&#8221;4.16&#8243; _module_preset=&#8221;default&#8221; global_colors_info=&#8221;{}&#8221;]<\/p>\n<p style=\"text-align: center\"><span><\/span><\/p>\n<p style=\"text-align: center\"><span><\/span><\/p>\n<p style=\"text-align: center\"><span><\/span><\/p>\n<p style=\"text-align: center\"><span><\/span><\/p>\n<p style=\"text-align: center\"><span><\/span><\/p>\n<p style=\"text-align: center\"><span>Foto kommer<br \/><\/span><span style=\"font-size: 15px\">Revisor<br \/>Tage Helmersson<br \/><\/span><span>Tel: 073-733 88 90<\/span><\/p>\n<p>[\/et_pb_text][\/et_pb_column_inner][et_pb_column_inner type=&#8221;1_3&#8243; saved_specialty_column_type=&#8221;3_4&#8243; _builder_version=&#8221;4.16&#8243; _module_preset=&#8221;default&#8221; global_colors_info=&#8221;{}&#8221;][et_pb_text _builder_version=&#8221;4.16&#8243; _module_preset=&#8221;default&#8221; global_colors_info=&#8221;{}&#8221;]<\/p>\n<p style=\"text-align: center\"><img loading=\"lazy\" decoding=\"async\" src=\"http:\/\/marinkamraterna.se\/harnosand\/wp-content\/uploads\/sites\/30\/2021\/11\/Ingemar-1-600x533.jpg\" width=\"190\" height=\"169\" alt=\"\" class=\"wp-image-35576 alignnone size-medium\" srcset=\"https:\/\/marinkamraterna.se\/harnosand\/wp-content\/uploads\/sites\/30\/2021\/11\/Ingemar-1-600x533.jpg 600w, https:\/\/marinkamraterna.se\/harnosand\/wp-content\/uploads\/sites\/30\/2021\/11\/Ingemar-1-300x266.jpg 300w, https:\/\/marinkamraterna.se\/harnosand\/wp-content\/uploads\/sites\/30\/2021\/11\/Ingemar-1-768x682.jpg 768w, https:\/\/marinkamraterna.se\/harnosand\/wp-content\/uploads\/sites\/30\/2021\/11\/Ingemar-1-980x870.jpg 980w, https:\/\/marinkamraterna.se\/harnosand\/wp-content\/uploads\/sites\/30\/2021\/11\/Ingemar-1-480x426.jpg 480w, https:\/\/marinkamraterna.se\/harnosand\/wp-content\/uploads\/sites\/30\/2021\/11\/Ingemar-1.jpg 1000w\" sizes=\"(max-width: 190px) 100vw, 190px\" \/>Revisor<br \/><span>Ingemar Ljunggren<\/span><br \/><span>Tel: <\/span><span>070-327 25 20<\/span><\/p>\n<p>[\/et_pb_text][\/et_pb_column_inner][\/et_pb_row_inner][et_pb_row_inner column_structure=&#8221;1_3,1_3,1_3&#8243; _builder_version=&#8221;4.16&#8243; _module_preset=&#8221;default&#8221; global_colors_info=&#8221;{}&#8221;][et_pb_column_inner type=&#8221;1_3&#8243; saved_specialty_column_type=&#8221;3_4&#8243; _builder_version=&#8221;4.16&#8243; _module_preset=&#8221;default&#8221; global_colors_info=&#8221;{}&#8221;][et_pb_text _builder_version=&#8221;4.16&#8243; _module_preset=&#8221;default&#8221; global_colors_info=&#8221;{}&#8221;]<\/p>\n<p style=\"text-align: center\"><span><img loading=\"lazy\" decoding=\"async\" src=\"http:\/\/marinkamraterna.se\/harnosand\/wp-content\/uploads\/sites\/30\/2021\/11\/Anders-1-600x414.jpg\" width=\"600\" height=\"414\" alt=\"\" class=\"wp-image-35579 alignnone size-medium\" srcset=\"https:\/\/marinkamraterna.se\/harnosand\/wp-content\/uploads\/sites\/30\/2021\/11\/Anders-1-600x414.jpg 600w, https:\/\/marinkamraterna.se\/harnosand\/wp-content\/uploads\/sites\/30\/2021\/11\/Anders-1-300x207.jpg 300w, https:\/\/marinkamraterna.se\/harnosand\/wp-content\/uploads\/sites\/30\/2021\/11\/Anders-1-768x530.jpg 768w, https:\/\/marinkamraterna.se\/harnosand\/wp-content\/uploads\/sites\/30\/2021\/11\/Anders-1-980x676.jpg 980w, https:\/\/marinkamraterna.se\/harnosand\/wp-content\/uploads\/sites\/30\/2021\/11\/Anders-1-480x331.jpg 480w, https:\/\/marinkamraterna.se\/harnosand\/wp-content\/uploads\/sites\/30\/2021\/11\/Anders-1.jpg 1000w\" sizes=\"(max-width: 600px) 100vw, 600px\" \/><\/span><span>Valberedning<\/span><br \/><span>sammankallande<\/span><br \/><span>Anders N\u00e4slund<\/span><br \/><span>Tel: 073-069 10 36<\/span><\/p>\n<p>[\/et_pb_text][\/et_pb_column_inner][et_pb_column_inner type=&#8221;1_3&#8243; saved_specialty_column_type=&#8221;3_4&#8243; _builder_version=&#8221;4.16&#8243; _module_preset=&#8221;default&#8221; global_colors_info=&#8221;{}&#8221;][et_pb_text _builder_version=&#8221;4.16&#8243; _module_preset=&#8221;default&#8221; global_colors_info=&#8221;{}&#8221;]<\/p>\n<p style=\"text-align: center\"><span><\/span><\/p>\n<p style=\"text-align: center\"><span><\/span><\/p>\n<p style=\"text-align: center\"><span><\/span><\/p>\n<p style=\"text-align: center\"><span><\/span><\/p>\n<p style=\"text-align: center\"><span><\/span><\/p>\n<p style=\"text-align: center\"><span>Foto kommer<\/span><\/p>\n<p style=\"text-align: center\"><span><\/span><\/p>\n<p style=\"text-align: center\"><span><\/span><\/p>\n<p style=\"text-align: center\"><span><\/span><\/p>\n<p style=\"text-align: center\">\n<p>[\/et_pb_text][\/et_pb_column_inner][et_pb_column_inner type=&#8221;1_3&#8243; saved_specialty_column_type=&#8221;3_4&#8243; _builder_version=&#8221;4.16&#8243; _module_preset=&#8221;default&#8221; global_colors_info=&#8221;{}&#8221;][et_pb_text _builder_version=&#8221;4.16&#8243; _module_preset=&#8221;default&#8221; global_colors_info=&#8221;{}&#8221;]<\/p>\n<p style=\"text-align: center\"><span><img loading=\"lazy\" decoding=\"async\" src=\"http:\/\/marinkamraterna.se\/harnosand\/wp-content\/uploads\/sites\/30\/2021\/11\/Uno-431x600.jpg\" width=\"185\" height=\"241\" alt=\"\" class=\"wp-image-35529 alignnone size-medium\" \/><\/span><span>Valberedning<\/span><br \/><span>Uno Gradin<\/span><br \/><span>Tel: 070-333 37 88<\/span><\/p>\n<p>[\/et_pb_text][\/et_pb_column_inner][\/et_pb_row_inner][\/et_pb_column][et_pb_column type=&#8221;1_4&#8243; _builder_version=&#8221;4.16&#8243; custom_padding=&#8221;|||&#8221; global_colors_info=&#8221;{}&#8221; custom_padding__hover=&#8221;|||&#8221;][et_pb_image src=&#8221;http:\/\/marinkamraterna.se\/harnosand\/wp-content\/uploads\/sites\/3\/2021\/04\/oql0evyd_n8.jpg&#8221; alt=&#8221;body of water during golden hour&#8221; title_text=&#8221;Photo by Joseph Barrientos&#8221; _builder_version=&#8221;4.16&#8243; _module_preset=&#8221;default&#8221; custom_margin=&#8221;||10px||false|false&#8221; custom_padding=&#8221;||||false|false&#8221; global_colors_info=&#8221;{}&#8221;][\/et_pb_image][et_pb_text _builder_version=&#8221;4.16&#8243; _module_preset=&#8221;default&#8221; text_font=&#8221;||on||||||&#8221; text_font_size=&#8221;14px&#8221; global_colors_info=&#8221;{}&#8221;]<\/p>\n<p>Bildtext<\/p>\n<p>[\/et_pb_text][et_pb_sidebar orientation=&#8221;right&#8221; area=&#8221;et_pb_widget_area_5&#8243; module_class=&#8221;right-menues&#8221; _builder_version=&#8221;4.9.11&#8243; _module_preset=&#8221;default&#8221; custom_margin=&#8221;||0px||false|false&#8221; global_module=&#8221;35107&#8243; saved_tabs=&#8221;all&#8221; locked=&#8221;on&#8221; global_colors_info=&#8221;{}&#8221;][\/et_pb_sidebar][et_pb_sidebar orientation=&#8221;right&#8221; _builder_version=&#8221;4.9.4&#8243; _module_preset=&#8221;default&#8221; header_font=&#8221;|600||on|||||&#8221; header_font_size=&#8221;20px&#8221; global_module=&#8221;33531&#8243; saved_tabs=&#8221;all&#8221; locked=&#8221;off&#8221; global_colors_info=&#8221;{}&#8221;][\/et_pb_sidebar][\/et_pb_column][\/et_pb_section]<\/p>\n","protected":false},"excerpt":{"rendered":"<p>Ordf\u00f6randeRoger Karlstr\u00f6mTel: 073-410 24 55 Vice ordf\u00f6randeBengt Randev\u00e5gTel: 070-312 01 77 Sekreterare \u00a0Bertil ErikssonTel: 070 877 90 65\u00a0 Kass\u00f6r, It-ansv Tommy LindqvistTel: 070-554 34 65 Klubbm\u00e4stare\/LedamotLeif M\u00e4hlerTel: 070-314 15 20Foto kommer LedamotLars-G\u00f6ran BomanTel: 070-789 03 32\u00a0LedamotHans OlssonTel: 070-302 66 10 &nbsp; Foto KommerLedamotBengt JanssonTel: 070-312 35 44 \u00a0Foto kommerSuppleant\u00a0Eric L\u00f6nngrenTel: 070-681 38 85 Foto kommerSuppleantJohan [&hellip;]<\/p>\n","protected":false},"author":1,"featured_media":0,"parent":33152,"menu_order":3,"comment_status":"closed","ping_status":"closed","template":"","meta":{"_et_pb_use_builder":"on","_et_pb_old_content":"","_et_gb_content_width":"","iawp_total_views":387,"footnotes":""},"class_list":["post-33986","page","type-page","status-publish","hentry"],"_links":{"self":[{"href":"https:\/\/marinkamraterna.se\/harnosand\/wp-json\/wp\/v2\/pages\/33986","targetHints":{"allow":["GET"]}}],"collection":[{"href":"https:\/\/marinkamraterna.se\/harnosand\/wp-json\/wp\/v2\/pages"}],"about":[{"href":"https:\/\/marinkamraterna.se\/harnosand\/wp-json\/wp\/v2\/types\/page"}],"author":[{"embeddable":true,"href":"https:\/\/marinkamraterna.se\/harnosand\/wp-json\/wp\/v2\/users\/1"}],"replies":[{"embeddable":true,"href":"https:\/\/marinkamraterna.se\/harnosand\/wp-json\/wp\/v2\/comments?post=33986"}],"version-history":[{"count":16,"href":"https:\/\/marinkamraterna.se\/harnosand\/wp-json\/wp\/v2\/pages\/33986\/revisions"}],"predecessor-version":[{"id":38513,"href":"https:\/\/marinkamraterna.se\/harnosand\/wp-json\/wp\/v2\/pages\/33986\/revisions\/38513"}],"up":[{"embeddable":true,"href":"https:\/\/marinkamraterna.se\/harnosand\/wp-json\/wp\/v2\/pages\/33152"}],"wp:attachment":[{"href":"https:\/\/marinkamraterna.se\/harnosand\/wp-json\/wp\/v2\/media?parent=33986"}],"curies":[{"name":"wp","href":"https:\/\/api.w.org\/{rel}","templated":true}]}}