{"id":33990,"date":"2021-06-04T19:13:45","date_gmt":"2021-06-04T17:13:45","guid":{"rendered":"http:\/\/andersa6.sg-host.com\/harnosand\/?page_id=33990"},"modified":"2021-11-11T23:09:26","modified_gmt":"2021-11-11T22:09:26","slug":"stadgar","status":"publish","type":"page","link":"https:\/\/marinkamraterna.se\/harnosand\/startsidan\/om-foreningen\/stadgar\/","title":{"rendered":"Stadgar"},"content":{"rendered":"<p>[et_pb_section fb_built=&#8221;1&#8243; specialty=&#8221;on&#8221; padding_top_1=&#8221;45px&#8221; padding_top_2=&#8221;45px&#8221; _builder_version=&#8221;4.10.8&#8243; _module_preset=&#8221;default&#8221; custom_padding=&#8221;0px||||false|false&#8221; locked=&#8221;off&#8221; global_colors_info=&#8221;{}&#8221;][et_pb_column type=&#8221;3_4&#8243; specialty_columns=&#8221;3&#8243; _builder_version=&#8221;3.25&#8243; custom_padding=&#8221;|||&#8221; global_colors_info=&#8221;{}&#8221; custom_padding__hover=&#8221;|||&#8221;][et_pb_row_inner _builder_version=&#8221;4.10.8&#8243; _module_preset=&#8221;default&#8221; custom_padding=&#8221;0px||||false|false&#8221; global_colors_info=&#8221;{}&#8221;][et_pb_column_inner saved_specialty_column_type=&#8221;3_4&#8243; _builder_version=&#8221;4.9.3&#8243; _module_preset=&#8221;default&#8221; global_colors_info=&#8221;{}&#8221;][et_pb_post_title meta=&#8221;off&#8221; featured_image=&#8221;off&#8221; _builder_version=&#8221;4.9.3&#8243; _module_preset=&#8221;default&#8221; title_font_size=&#8221;35px&#8221; global_colors_info=&#8221;{}&#8221;][\/et_pb_post_title][et_pb_text _builder_version=&#8221;4.9.4&#8243; _module_preset=&#8221;default&#8221; global_colors_info=&#8221;{}&#8221;]<\/p>\n<p><strong>Stadgar<\/strong><\/p>\n<p><strong>F\u00f6reningen Flottans M\u00e4n<br \/>H\u00e4rn\u00f6sand<\/strong><\/p>\n<p>Fastst\u00e4llda vid \u00e5rsm\u00f6tet 2000<\/p>\n<p>\u00a7 1<br \/><strong>Organisation m.m<\/strong>.<br \/>F\u00f6reningen Flottans M\u00e4n i H\u00e4rn\u00f6sand \u00e4r en lokal kamratf\u00f6rening under Riksf\u00f6rbundet Flottans M\u00e4n. F\u00f6reningen led av en styrelse som har sitt s\u00e4te i H\u00e4rn\u00f6sand.<br \/>Riksf\u00f6rbundet \u00e4r anslutet till Sveriges Milit\u00e4ra Kamratf\u00f6reningars Riksf\u00f6rbund (SMKR).<\/p>\n<p>\u00a7 2<br \/><strong>\u00c4ndam\u00e5l<\/strong><br \/>F\u00f6reningen skall<\/p>\n<ul>\n<li>Verka f\u00f6r gemenskap och sammanh\u00e5llning inom marinen<\/li>\n<li>Fr\u00e4mja kamratskapet mellan de som tj\u00e4nstgjort eller ha tj\u00e4nstgjort inom marinen<\/li>\n<li>Verka f\u00f6r m\u00f6jligheten att f\u00f6lja marinens uppgifter, verksamhet och utveckling inom ramen f\u00f6r totalf\u00f6rsvaret<\/li>\n<li>V\u00e5rda marinens tradition<\/li>\n<li>Fr\u00e4mja s\u00e5dan verksamhet som kan vara av intresse f\u00f6r medlemmarna<\/li>\n<li>Genom samverkan med riksf\u00f6rbundet bedriva en ut\u00e5triktad f\u00f6rsvarupplysningsverksamhet<\/li>\n<\/ul>\n<p>\u00a7 3<br \/><strong><\/strong><strong>Medlemskap, medlemsavgift<\/strong><strong> <br \/><\/strong><strong><\/strong>Medlemskap i f\u00f6reningen medf\u00f6r medlemskap i riksf\u00f6rbundet.<\/p>\n<p>F\u00f6r medlemskap i f\u00f6reningen fordras att man \u00e4r eller har varit anst\u00e4lld som milit\u00e4r, civilmilit\u00e4r eller civil befattning alternativt tj\u00e4nstg\u00f6r eller tj\u00e4nstgjort som v\u00e4rnpliktig inom marinen.<\/p>\n<p>Medlemsavgift betalas som \u00e5rsavgift senast den 1 maj och fastst\u00e4lls vid ordinarie \u00e5rsm\u00f6te. Medlem kan uteslutas om stadgad avgift efter anmaning inte betalats. F\u00f6r att kunna uteslutning skall \u00e4ga giltighet kr\u00e4vs minst fyra styrelsemedlemmars enighet.<\/p>\n<p><span style=\"font-size: 15px\">\u00a7 4<br \/><\/span><strong>Styrelse<br \/><\/strong>Styrelsen har sitt s\u00e4te i H\u00e4rn\u00f6sand och skall best\u00e5 av sju ordinarie ledam\u00f6ter samt tre suppleanter.<\/p>\n<p>Ordf\u00f6rande, kass\u00f6r och \u00f6vriga ledam\u00f6ter v\u00e4ljs v\u00e4xelvis vid \u00e5rsm\u00f6tet f\u00f6r en tv\u00e5\u00e5rig mandatperiod. Suppleanter v\u00e4ljs vid \u00e5rsm\u00f6tet f\u00f6r en ett\u00e5rig mandatperiod.<\/p>\n<p>I \u00f6vrigt konstituerar sig styrelsen och utser bland ledam\u00f6terna vice ordf\u00f6rande, sekreterare och vice sekreterare.<\/p>\n<p>Styrelsen tr\u00e4der i funktion omedelbart efter valet.<\/p>\n<p>Styrelsen \u00e4r beslutsf\u00f6r med ordf\u00f6rande och tre n\u00e4rvarade.<\/p>\n<p>\u00a0Vid omr\u00f6stning med lika r\u00f6stetal har ordf\u00f6randen utslagsr\u00f6st.<\/p>\n<p>\u00a7 5<br \/><strong>Arbetsordning<br \/><\/strong>Styrelsen best\u00e4mmer sj\u00e4lv sin arbetsordning samt informerar medlemmarna kontinuerligt om f\u00f6reningens verksamhet genom skrivelser och m\u00f6ten.<\/p>\n<p><span style=\"font-size: 15px\">\u00a7 6<br \/><\/span><strong>Revision<br \/><\/strong>F\u00f6reningens verksamhets och r\u00e4kenskaps\u00e5r utg\u00f6r kalender\u00e5r.<\/p>\n<p>F\u00f6r att granska f\u00f6reningens r\u00e4kenskaper v\u00e4ljer \u00e5rsm\u00f6tet<\/p>\n<ul>\n<li>Tv\u00e5 revisorer f\u00f6r en tv\u00e5\u00e5rig mandatperiod (v\u00e4xelvis avg\u00e5ng)<\/li>\n<li>Tv\u00e5 revisorssuppleanter f\u00f6r en ett\u00e5rig mandatperiod<\/li>\n<\/ul>\n<p>Avg\u00e5ende revisorer och revisorssuppleanter kan omv\u00e4ljas.<\/p>\n<p>R\u00e4kenskaperna f\u00f6r f\u00f6reg\u00e5ende verksamhets\u00e5r skall senast den 15 februari \u00f6verl\u00e4mnas till revisorerna f\u00f6r granskning.<\/p>\n<p>Revisorerna skall senast den 1 mars till styrelsen \u00f6verl\u00e4mna sin revisionsber\u00e4ttelse inneh\u00e5llande bl.a. f\u00f6rslag om ansvarsfrihet.<\/p>\n<p><span style=\"font-size: 15px\">\u00a7 7<br \/><\/span><strong>Valberedning<br \/><\/strong>Vid \u00e5rsm\u00f6tet v\u00e4ljs en valberedning best\u00e5ende av tre ledam\u00f6ter, varav en sammankallandande. <br \/>Valberedningen f\u00f6rbereder valen inf\u00f6r kommande \u00e5rsm\u00f6te.<\/p>\n<p>Senast fjorton dagar f\u00f6re \u00e5rsm\u00f6tet \u00f6verl\u00e4mnar valberedningen f\u00f6rslag till styrelsekandidater och revisorer.<\/p>\n<p>\u00a7 8<br \/><strong style=\"font-size: 15px\">Ordinarie \u00e5rsm\u00f6te, dagordning<br \/><\/strong>\u00c5rsm\u00f6te skall h\u00e5llas under tiden mars-april och utlysas fjorton dagar f\u00f6re m\u00f6tet. Vid \u00e5rsm\u00f6tet skall f\u00f6ljande \u00e4renden f\u00f6rekomma<\/p>\n<ul>\n<li>fr\u00e5ga om \u00e5rsm\u00f6tets stadgeenliga utlysande<\/li>\n<li>val av ordf\u00f6rande och sekreterare f\u00f6r \u00e5rsm\u00f6tet<\/li>\n<li>val av tv\u00e5 protokolljusterare, tillika r\u00f6str\u00e4knare, att j\u00e4mte ordf\u00f6rande justera m\u00f6tesprotokollet<\/li>\n<li>styrelsens verksamhetsber\u00e4ttelse med ekonomisk redovisning<\/li>\n<li>revisorernas ber\u00e4ttelse<\/li>\n<li>beslut om ansvarsfrihet f\u00f6r styrelsen<\/li>\n<li>beslut om \u00e5rsavgift<\/li>\n<li>val av styrelse och suppleanter enligt \u00a7 4<\/li>\n<li>val av revisorer en enligt \u00a7 6<\/li>\n<li>val av valberedning enligt \u00a7 7<\/li>\n<li>val av fanb\u00e4rare enligt \u00a7 12<\/li>\n<li>motioner<\/li>\n<li>\u00f6vriga fr\u00e5gor<\/li>\n<\/ul>\n<p>\u00a7 9<br \/><strong><\/strong><strong>Medlemsm\u00f6ten<br \/><\/strong>Medlemsm\u00f6ten \u00e4r ett samlande begrepp f\u00f6r den samvaro som \u00e4r f\u00f6reningens \u00e4ndam\u00e5l enligt \u00a7 2. M\u00f6ten kan vara traditionella s.k. \u00e4rtmiddagar, f\u00f6redrag, filmf\u00f6revisningar, studiebes\u00f6k p\u00e5 g\u00e4stande \u00f6rlogsfartyg m.m.<br \/>Styrelsen kallar till medlemsm\u00f6tena<\/p>\n<p><span style=\"font-size: 15px\">\u00a7 10<br \/><\/span><strong style=\"font-size: 15px\">Motioner<br \/><\/strong>F\u00f6rslag fr\u00e5n medlemmarna till motioner skall vara styrelsen tillhanda senast tio dagar f\u00f6re ordinarie \u00e5rsm\u00f6te. F\u00f6rslag skall vara skriftliga.<\/p>\n<p>\u00a0\u00a7 <span style=\"font-size: 15px\">11<br \/><\/span><strong style=\"font-size: 15px\">Stadge\u00e4ndringar<br \/><\/strong>Beslut om stadge\u00e4ndringar fattas vid \u00e5rsm\u00f6te. Besluten skall f\u00f6r att vara giltig, bitr\u00e4das av minst tv\u00e5 tredjedelar av de r\u00f6stande medlemmarna.<\/p>\n<p>\u00a0\u00a7 <span style=\"font-size: 15px\">12<br \/><\/span><strong style=\"font-size: 15px\">Fanb\u00e4rare<br \/><\/strong>\u00c5rsm\u00f6tet v\u00e4ljer tv\u00e5 fanb\u00e4rare samt tv\u00e5 ers\u00e4ttare f\u00f6r dessa.<\/p>\n<p><span style=\"font-size: 15px\">\u00a7 13<br \/><\/span><strong>Veterantecken<br \/><\/strong>Medlem tilldelas veterantecken efter femton \u00e5rs medlems skap i f\u00f6rbundet.\u00a7\u00a7<\/p>\n<p>\u00a0\u00a7 <span style=\"font-size: 15px\">14<br \/><\/span><strong style=\"font-size: 15px\">\u00d6vriga angel\u00e4genheter<br \/><\/strong><span style=\"font-size: 15px\">I \u00f6vriga angel\u00e4genheter till\u00e4mpas Riksf\u00f6rbundet Flottans M\u00e4n stadgar.<\/span><\/p>\n<p><span style=\"font-size: 15px\">\u00a7 15<br \/><\/span><strong style=\"font-size: 15px\">Uppl\u00f6sning av f\u00f6rening<br \/><\/strong><span style=\"font-size: 15px\">Beslut om f\u00f6reningens uppl\u00f6sning skall, f\u00f6r att vara giltigt, ha fattats vid tv\u00e5 p\u00e5 varandra f\u00f6ljande m\u00f6ten, varav ett skall vara \u00e5rsm\u00f6te och vid vart och ett av dessa ha bitr\u00e4tts av minst tv\u00e5 tredjedelar av de r\u00f6stande medlemmarna.<\/span><\/p>\n<p>&nbsp;<\/p>\n<p>&nbsp;<\/p>\n<p>&nbsp;<\/p>\n<p>[\/et_pb_text][\/et_pb_column_inner][\/et_pb_row_inner][et_pb_row_inner column_structure=&#8221;1_3,1_3,1_3&#8243; _builder_version=&#8221;4.9.3&#8243; _module_preset=&#8221;default&#8221; custom_padding=&#8221;0px||||false|false&#8221; global_colors_info=&#8221;{}&#8221;][et_pb_column_inner type=&#8221;1_3&#8243; saved_specialty_column_type=&#8221;3_4&#8243; _builder_version=&#8221;4.9.3&#8243; _module_preset=&#8221;default&#8221; global_colors_info=&#8221;{}&#8221;][et_pb_image src=&#8221;http:\/\/marinkamraterna.se\/harnosand\/wp-content\/uploads\/sites\/3\/2021\/04\/i7olrdm9yiw.jpg&#8221; alt=&#8221;green trees on cliff&#8221; title_text=&#8221;Photo by Tom Winckels&#8221; _builder_version=&#8221;4.9.4&#8243; _module_preset=&#8221;default&#8221; global_colors_info=&#8221;{}&#8221;][\/et_pb_image][\/et_pb_column_inner][et_pb_column_inner type=&#8221;1_3&#8243; saved_specialty_column_type=&#8221;3_4&#8243; _builder_version=&#8221;4.9.3&#8243; _module_preset=&#8221;default&#8221; global_colors_info=&#8221;{}&#8221;][et_pb_image src=&#8221;http:\/\/marinkamraterna.se\/harnosand\/wp-content\/uploads\/sites\/3\/2021\/04\/eumewe-7ewg-1024&#215;683.jpg&#8221; alt=&#8221;ship helm&#8221; title_text=&#8221;Photo by Joseph Barrientos&#8221; _builder_version=&#8221;4.9.4&#8243; _module_preset=&#8221;default&#8221; global_colors_info=&#8221;{}&#8221;][\/et_pb_image][\/et_pb_column_inner][et_pb_column_inner type=&#8221;1_3&#8243; saved_specialty_column_type=&#8221;3_4&#8243; _builder_version=&#8221;4.9.3&#8243; _module_preset=&#8221;default&#8221; global_colors_info=&#8221;{}&#8221;][et_pb_image src=&#8221;http:\/\/marinkamraterna.se\/harnosand\/wp-content\/uploads\/sites\/3\/2021\/04\/j1ega73qp7c.jpg&#8221; alt=&#8221;black and white sailboat in body of water during sunset&#8221; title_text=&#8221;Photo by Katherine McCormack&#8221; _builder_version=&#8221;4.9.4&#8243; _module_preset=&#8221;default&#8221; global_colors_info=&#8221;{}&#8221;][\/et_pb_image][\/et_pb_column_inner][\/et_pb_row_inner][\/et_pb_column][et_pb_column type=&#8221;1_4&#8243; _builder_version=&#8221;3.25&#8243; custom_padding=&#8221;|||&#8221; global_colors_info=&#8221;{}&#8221; custom_padding__hover=&#8221;|||&#8221;][et_pb_image src=&#8221;http:\/\/marinkamraterna.se\/harnosand\/wp-content\/uploads\/sites\/3\/2021\/04\/oql0evyd_n8.jpg&#8221; alt=&#8221;body of water during golden hour&#8221; title_text=&#8221;Photo by Joseph Barrientos&#8221; _builder_version=&#8221;4.9.4&#8243; _module_preset=&#8221;default&#8221; custom_margin=&#8221;||10px||false|false&#8221; custom_padding=&#8221;||||false|false&#8221; global_colors_info=&#8221;{}&#8221;][\/et_pb_image][et_pb_text _builder_version=&#8221;4.9.4&#8243; _module_preset=&#8221;default&#8221; text_font=&#8221;||on||||||&#8221; text_font_size=&#8221;14px&#8221; global_colors_info=&#8221;{}&#8221;]<\/p>\n<p>Bildtext<\/p>\n<p>[\/et_pb_text][et_pb_sidebar orientation=&#8221;right&#8221; area=&#8221;et_pb_widget_area_5&#8243; module_class=&#8221;right-menues&#8221; _builder_version=&#8221;4.9.11&#8243; _module_preset=&#8221;default&#8221; custom_margin=&#8221;||0px||false|false&#8221; global_module=&#8221;35107&#8243; saved_tabs=&#8221;all&#8221; global_colors_info=&#8221;{}&#8221;][\/et_pb_sidebar][et_pb_sidebar orientation=&#8221;right&#8221; _builder_version=&#8221;4.9.4&#8243; _module_preset=&#8221;default&#8221; header_font=&#8221;|600||on|||||&#8221; header_font_size=&#8221;20px&#8221; global_module=&#8221;33531&#8243; saved_tabs=&#8221;all&#8221; locked=&#8221;off&#8221; global_colors_info=&#8221;{}&#8221;][\/et_pb_sidebar][\/et_pb_column][\/et_pb_section]<\/p>\n","protected":false},"excerpt":{"rendered":"<p>Stadgar F\u00f6reningen Flottans M\u00e4nH\u00e4rn\u00f6sand Fastst\u00e4llda vid \u00e5rsm\u00f6tet 2000 \u00a7 1Organisation m.m.F\u00f6reningen Flottans M\u00e4n i H\u00e4rn\u00f6sand \u00e4r en lokal kamratf\u00f6rening under Riksf\u00f6rbundet Flottans M\u00e4n. F\u00f6reningen led av en styrelse som har sitt s\u00e4te i H\u00e4rn\u00f6sand.Riksf\u00f6rbundet \u00e4r anslutet till Sveriges Milit\u00e4ra Kamratf\u00f6reningars Riksf\u00f6rbund (SMKR). \u00a7 2\u00c4ndam\u00e5lF\u00f6reningen skall Verka f\u00f6r gemenskap och sammanh\u00e5llning inom marinen Fr\u00e4mja kamratskapet mellan [&hellip;]<\/p>\n","protected":false},"author":1,"featured_media":0,"parent":33152,"menu_order":4,"comment_status":"closed","ping_status":"closed","template":"","meta":{"_et_pb_use_builder":"on","_et_pb_old_content":"","_et_gb_content_width":"","iawp_total_views":45,"footnotes":""},"class_list":["post-33990","page","type-page","status-publish","hentry"],"_links":{"self":[{"href":"https:\/\/marinkamraterna.se\/harnosand\/wp-json\/wp\/v2\/pages\/33990","targetHints":{"allow":["GET"]}}],"collection":[{"href":"https:\/\/marinkamraterna.se\/harnosand\/wp-json\/wp\/v2\/pages"}],"about":[{"href":"https:\/\/marinkamraterna.se\/harnosand\/wp-json\/wp\/v2\/types\/page"}],"author":[{"embeddable":true,"href":"https:\/\/marinkamraterna.se\/harnosand\/wp-json\/wp\/v2\/users\/1"}],"replies":[{"embeddable":true,"href":"https:\/\/marinkamraterna.se\/harnosand\/wp-json\/wp\/v2\/comments?post=33990"}],"version-history":[{"count":18,"href":"https:\/\/marinkamraterna.se\/harnosand\/wp-json\/wp\/v2\/pages\/33990\/revisions"}],"predecessor-version":[{"id":35702,"href":"https:\/\/marinkamraterna.se\/harnosand\/wp-json\/wp\/v2\/pages\/33990\/revisions\/35702"}],"up":[{"embeddable":true,"href":"https:\/\/marinkamraterna.se\/harnosand\/wp-json\/wp\/v2\/pages\/33152"}],"wp:attachment":[{"href":"https:\/\/marinkamraterna.se\/harnosand\/wp-json\/wp\/v2\/media?parent=33990"}],"curies":[{"name":"wp","href":"https:\/\/api.w.org\/{rel}","templated":true}]}}