{"id":34162,"date":"2021-06-06T18:06:11","date_gmt":"2021-06-06T16:06:11","guid":{"rendered":"http:\/\/andersa6.sg-host.com\/harnosand\/?page_id=34162"},"modified":"2021-11-14T20:52:30","modified_gmt":"2021-11-14T19:52:30","slug":"kontakt","status":"publish","type":"page","link":"https:\/\/marinkamraterna.se\/harnosand\/startsidan\/om-foreningen\/kontakt\/","title":{"rendered":"Kontakt"},"content":{"rendered":"<p>[et_pb_section fb_built=&#8221;1&#8243; specialty=&#8221;on&#8221; padding_top_bottom_link_1=&#8221;false&#8221; padding_top_bottom_link_2=&#8221;false&#8221; padding_left_right_link_1=&#8221;false&#8221; padding_left_right_link_2=&#8221;false&#8221; padding_top_1=&#8221;45px&#8221; padding_top_2=&#8221;45px&#8221; _builder_version=&#8221;4.10.8&#8243; _module_preset=&#8221;default&#8221; custom_margin=&#8221;||||false|false&#8221; custom_padding=&#8221;0px||||false|false&#8221; locked=&#8221;off&#8221; global_colors_info=&#8221;{}&#8221;][et_pb_column type=&#8221;3_4&#8243; specialty_columns=&#8221;3&#8243; _builder_version=&#8221;3.25&#8243; custom_padding=&#8221;|||&#8221; global_colors_info=&#8221;{}&#8221; custom_padding__hover=&#8221;|||&#8221;][et_pb_row_inner _builder_version=&#8221;4.9.3&#8243; _module_preset=&#8221;default&#8221; custom_padding=&#8221;0px||||false|false&#8221; global_colors_info=&#8221;{}&#8221;][et_pb_column_inner saved_specialty_column_type=&#8221;3_4&#8243; _builder_version=&#8221;4.9.3&#8243; _module_preset=&#8221;default&#8221; global_colors_info=&#8221;{}&#8221;][et_pb_post_title meta=&#8221;off&#8221; featured_image=&#8221;off&#8221; _builder_version=&#8221;4.9.3&#8243; _module_preset=&#8221;default&#8221; title_font_size=&#8221;35px&#8221; global_colors_info=&#8221;{}&#8221;][\/et_pb_post_title][et_pb_text _builder_version=&#8221;4.12.1&#8243; _module_preset=&#8221;default&#8221; global_colors_info=&#8221;{}&#8221;]<\/p>\n<h2 style=\"text-align: center\"><\/h2>\n<h2 style=\"text-align: center\"><img loading=\"lazy\" decoding=\"async\" src=\"http:\/\/marinkamraterna.se\/harnosand\/wp-content\/uploads\/sites\/30\/2021\/11\/DSC00076-600x400.jpg\" width=\"461\" height=\"307\" alt=\"H\u00e4rn\u00f6sand\" class=\"wp-image-35687 alignnone size-medium\" srcset=\"https:\/\/marinkamraterna.se\/harnosand\/wp-content\/uploads\/sites\/30\/2021\/11\/DSC00076-600x400.jpg 600w, https:\/\/marinkamraterna.se\/harnosand\/wp-content\/uploads\/sites\/30\/2021\/11\/DSC00076-300x200.jpg 300w, https:\/\/marinkamraterna.se\/harnosand\/wp-content\/uploads\/sites\/30\/2021\/11\/DSC00076-768x512.jpg 768w, https:\/\/marinkamraterna.se\/harnosand\/wp-content\/uploads\/sites\/30\/2021\/11\/DSC00076-480x320.jpg 480w, https:\/\/marinkamraterna.se\/harnosand\/wp-content\/uploads\/sites\/30\/2021\/11\/DSC00076.jpg 960w\" sizes=\"(max-width: 461px) 100vw, 461px\" \/><\/h2>\n<h2 style=\"text-align: center\"><\/h2>\n<h2 style=\"text-align: center\"><\/h2>\n<h2 style=\"text-align: center\"><\/h2>\n<h2 style=\"text-align: center\"><\/h2>\n<h2 style=\"text-align: center\">V\u00e4lkommen till oss i FM H\u00e4rn\u00f6sand<\/h2>\n<p style=\"text-align: center\">V\u00e5ra kontaktm\u00e4n \u00e4r:<br \/>Roger Karlstr\u00f6m\u00a0 \u00a0tel 073-410 24 55<br \/>Tommy Lindqvist tel 070-554 34 65<br \/>och v\u00e5r mailadress \u00e4r: harosand(a)flottansman.se<\/p>\n<p>[\/et_pb_text][\/et_pb_column_inner][\/et_pb_row_inner][et_pb_row_inner column_structure=&#8221;1_2,1_2&#8243; _builder_version=&#8221;4.9.3&#8243; _module_preset=&#8221;default&#8221; custom_padding=&#8221;0px||||false|false&#8221; global_colors_info=&#8221;{}&#8221;][et_pb_column_inner type=&#8221;1_2&#8243; saved_specialty_column_type=&#8221;3_4&#8243; _builder_version=&#8221;4.9.3&#8243; _module_preset=&#8221;default&#8221; global_colors_info=&#8221;{}&#8221;][\/et_pb_column_inner][et_pb_column_inner type=&#8221;1_2&#8243; saved_specialty_column_type=&#8221;3_4&#8243; _builder_version=&#8221;4.9.3&#8243; _module_preset=&#8221;default&#8221; global_colors_info=&#8221;{}&#8221;][\/et_pb_column_inner][\/et_pb_row_inner][et_pb_row_inner column_structure=&#8221;1_3,1_3,1_3&#8243; _builder_version=&#8221;4.9.3&#8243; _module_preset=&#8221;default&#8221; custom_padding=&#8221;0px||||false|false&#8221; global_colors_info=&#8221;{}&#8221;][et_pb_column_inner type=&#8221;1_3&#8243; saved_specialty_column_type=&#8221;3_4&#8243; _builder_version=&#8221;4.9.3&#8243; _module_preset=&#8221;default&#8221; global_colors_info=&#8221;{}&#8221;][et_pb_image src=&#8221;http:\/\/marinkamraterna.se\/harnosand\/wp-content\/uploads\/sites\/3\/2021\/04\/i7olrdm9yiw.jpg&#8221; alt=&#8221;green trees on cliff&#8221; title_text=&#8221;Photo by Tom Winckels&#8221; _builder_version=&#8221;4.9.4&#8243; _module_preset=&#8221;default&#8221; global_colors_info=&#8221;{}&#8221;][\/et_pb_image][\/et_pb_column_inner][et_pb_column_inner type=&#8221;1_3&#8243; saved_specialty_column_type=&#8221;3_4&#8243; _builder_version=&#8221;4.9.3&#8243; _module_preset=&#8221;default&#8221; global_colors_info=&#8221;{}&#8221;][et_pb_image src=&#8221;http:\/\/marinkamraterna.se\/harnosand\/wp-content\/uploads\/sites\/3\/2021\/04\/eumewe-7ewg-1024&#215;683.jpg&#8221; alt=&#8221;ship helm&#8221; title_text=&#8221;Photo by Joseph Barrientos&#8221; _builder_version=&#8221;4.9.4&#8243; _module_preset=&#8221;default&#8221; global_colors_info=&#8221;{}&#8221;][\/et_pb_image][\/et_pb_column_inner][et_pb_column_inner type=&#8221;1_3&#8243; saved_specialty_column_type=&#8221;3_4&#8243; _builder_version=&#8221;4.9.3&#8243; _module_preset=&#8221;default&#8221; global_colors_info=&#8221;{}&#8221;][et_pb_image src=&#8221;http:\/\/marinkamraterna.se\/harnosand\/wp-content\/uploads\/sites\/3\/2021\/04\/j1ega73qp7c.jpg&#8221; alt=&#8221;black and white sailboat in body of water during sunset&#8221; title_text=&#8221;Photo by Katherine McCormack&#8221; _builder_version=&#8221;4.9.4&#8243; _module_preset=&#8221;default&#8221; global_colors_info=&#8221;{}&#8221;][\/et_pb_image][\/et_pb_column_inner][\/et_pb_row_inner][\/et_pb_column][et_pb_column type=&#8221;1_4&#8243; _builder_version=&#8221;3.25&#8243; custom_padding=&#8221;|||&#8221; global_colors_info=&#8221;{}&#8221; custom_padding__hover=&#8221;|||&#8221;][et_pb_image src=&#8221;http:\/\/marinkamraterna.se\/harnosand\/wp-content\/uploads\/sites\/3\/2021\/04\/oql0evyd_n8.jpg&#8221; alt=&#8221;body of water during golden hour&#8221; title_text=&#8221;Photo by Joseph Barrientos&#8221; _builder_version=&#8221;4.9.4&#8243; _module_preset=&#8221;default&#8221; custom_margin=&#8221;||10px||false|false&#8221; custom_padding=&#8221;||||false|false&#8221; global_colors_info=&#8221;{}&#8221;][\/et_pb_image][et_pb_text _builder_version=&#8221;4.9.4&#8243; _module_preset=&#8221;default&#8221; text_font=&#8221;||on||||||&#8221; text_font_size=&#8221;14px&#8221; global_colors_info=&#8221;{}&#8221;]<\/p>\n<p>Bildtext<\/p>\n<p>[\/et_pb_text][et_pb_sidebar orientation=&#8221;right&#8221; _builder_version=&#8221;4.9.4&#8243; _module_preset=&#8221;default&#8221; header_font=&#8221;|600||on|||||&#8221; header_font_size=&#8221;20px&#8221; global_module=&#8221;33531&#8243; saved_tabs=&#8221;all&#8221; locked=&#8221;off&#8221; global_colors_info=&#8221;{}&#8221;][\/et_pb_sidebar][\/et_pb_column][\/et_pb_section]<\/p>\n","protected":false},"excerpt":{"rendered":"<p>V\u00e4lkommen till oss i FM H\u00e4rn\u00f6sand V\u00e5ra kontaktm\u00e4n \u00e4r:Roger Karlstr\u00f6m\u00a0 \u00a0tel 073-410 24 55Tommy Lindqvist tel 070-554 34 65och v\u00e5r mailadress \u00e4r: harosand(a)flottansman.seBildtext<\/p>\n","protected":false},"author":1,"featured_media":0,"parent":33152,"menu_order":1,"comment_status":"closed","ping_status":"closed","template":"","meta":{"_et_pb_use_builder":"on","_et_pb_old_content":"","_et_gb_content_width":"","iawp_total_views":137,"footnotes":""},"class_list":["post-34162","page","type-page","status-publish","hentry"],"_links":{"self":[{"href":"https:\/\/marinkamraterna.se\/harnosand\/wp-json\/wp\/v2\/pages\/34162","targetHints":{"allow":["GET"]}}],"collection":[{"href":"https:\/\/marinkamraterna.se\/harnosand\/wp-json\/wp\/v2\/pages"}],"about":[{"href":"https:\/\/marinkamraterna.se\/harnosand\/wp-json\/wp\/v2\/types\/page"}],"author":[{"embeddable":true,"href":"https:\/\/marinkamraterna.se\/harnosand\/wp-json\/wp\/v2\/users\/1"}],"replies":[{"embeddable":true,"href":"https:\/\/marinkamraterna.se\/harnosand\/wp-json\/wp\/v2\/comments?post=34162"}],"version-history":[{"count":76,"href":"https:\/\/marinkamraterna.se\/harnosand\/wp-json\/wp\/v2\/pages\/34162\/revisions"}],"predecessor-version":[{"id":35813,"href":"https:\/\/marinkamraterna.se\/harnosand\/wp-json\/wp\/v2\/pages\/34162\/revisions\/35813"}],"up":[{"embeddable":true,"href":"https:\/\/marinkamraterna.se\/harnosand\/wp-json\/wp\/v2\/pages\/33152"}],"wp:attachment":[{"href":"https:\/\/marinkamraterna.se\/harnosand\/wp-json\/wp\/v2\/media?parent=34162"}],"curies":[{"name":"wp","href":"https:\/\/api.w.org\/{rel}","templated":true}]}}