{"id":34162,"date":"2021-06-06T18:06:11","date_gmt":"2021-06-06T16:06:11","guid":{"rendered":"http:\/\/andersa6.sg-host.com\/jonkoping\/?page_id=34162"},"modified":"2026-02-26T14:32:13","modified_gmt":"2026-02-26T13:32:13","slug":"kontakt","status":"publish","type":"page","link":"https:\/\/marinkamraterna.se\/jonkoping\/startsidan\/om-foreningen\/kontakt\/","title":{"rendered":"Kontakt"},"content":{"rendered":"<p>[et_pb_section fb_built=&#8221;1&#8243; specialty=&#8221;on&#8221; padding_top_1=&#8221;0px&#8221; padding_top_2=&#8221;0px&#8221; padding_top_bottom_link_1=&#8221;false&#8221; padding_top_bottom_link_2=&#8221;false&#8221; padding_left_right_link_1=&#8221;false&#8221; padding_left_right_link_2=&#8221;false&#8221; _builder_version=&#8221;4.16&#8243; _module_preset=&#8221;default&#8221; custom_margin=&#8221;||||false|false&#8221; custom_padding=&#8221;||||false|false&#8221; locked=&#8221;off&#8221; global_colors_info=&#8221;{}&#8221;][et_pb_column type=&#8221;3_4&#8243; specialty_columns=&#8221;3&#8243; _builder_version=&#8221;4.16&#8243; custom_padding=&#8221;|||&#8221; global_colors_info=&#8221;{}&#8221; custom_padding__hover=&#8221;|||&#8221;][et_pb_row_inner _builder_version=&#8221;4.16&#8243; _module_preset=&#8221;default&#8221; custom_padding=&#8221;0px||||false|false&#8221; global_colors_info=&#8221;{}&#8221;][et_pb_column_inner saved_specialty_column_type=&#8221;3_4&#8243; _builder_version=&#8221;4.16&#8243; _module_preset=&#8221;default&#8221; global_colors_info=&#8221;{}&#8221;][et_pb_post_title meta=&#8221;off&#8221; featured_image=&#8221;off&#8221; _builder_version=&#8221;4.16&#8243; _module_preset=&#8221;default&#8221; title_font_size=&#8221;35px&#8221; global_colors_info=&#8221;{}&#8221;][\/et_pb_post_title][et_pb_text _builder_version=&#8221;4.16&#8243; _module_preset=&#8221;default&#8221; global_colors_info=&#8221;{}&#8221;]<\/p>\n<h1 style=\"margin: 0px 0px 20px;padding: 0px;border: 0px;font-size: 1.6em;vertical-align: baseline;background: #ffffff;font-family: Georgia, serif;font-weight: normal;color: #333333;font-style: normal;letter-spacing: normal;text-align: start;text-indent: 0px;text-transform: none\"><span style=\"color: #000000\"><\/span><\/h1>\n<h1 style=\"margin: 0px 0px 20px;padding: 0px;border: 0px;font-size: 1.6em;vertical-align: baseline;background: #ffffff;font-family: Georgia, serif;font-weight: normal;color: #333333;font-style: normal;letter-spacing: normal;text-align: start;text-indent: 0px;text-transform: none\"><span style=\"color: #000000\">Hur f\u00e5r man kontakt med F\u00f6reningen Marinkamraterna fd.Flottans m\u00e4n i J\u00f6nk\u00f6ping<\/span><span style=\"color: #000000\"><\/span><\/h1>\n<h4 style=\"margin: 0px 0px 20px;padding: 0px;border-width: 0px 0px 1px;font-size: 1.2em;vertical-align: baseline;background: #ffffff;font-weight: normal;color: #333333;font-family: Tahoma, Arial, Verdana, sans-serif;font-style: normal;letter-spacing: normal;text-indent: 0px;text-transform: none;border-color: initial initial #37689d initial;border-style: initial initial solid initial\" align=\"center\"><span style=\"color: #000000\">Ring eller skicka ett mejl till<br \/><\/span><\/h4>\n<h4 style=\"margin: 0px 0px 20px;padding: 0px;border-width: 0px 0px 1px;font-size: 1.2em;vertical-align: baseline;background: #ffffff;font-weight: normal;color: #333333;font-family: Tahoma, Arial, Verdana, sans-serif;font-style: normal;letter-spacing: normal;text-indent: 0px;text-transform: none;border-color: initial initial #37689d initial;border-style: initial initial solid initial\" align=\"center\"><span style=\"color: #000000\">Sven Johansson<\/span><\/h4>\n<h4 style=\"margin: 0px 0px 20px;padding: 0px;border-width: 0px 0px 1px;font-size: 1.2em;vertical-align: baseline;background: #ffffff;font-weight: normal;color: #333333;font-family: Tahoma, Arial, Verdana, sans-serif;font-style: normal;letter-spacing: normal;text-indent: 0px;text-transform: none;border-color: initial initial #37689d initial;border-style: initial initial solid initial\" align=\"center\"><span style=\"color: #000000\">070-2243774<\/span><\/h4>\n<h2 style=\"margin: 0px 0px 20px;padding: 0px;border: 0px;font-size: 1.5em;vertical-align: baseline;background: #ffffff;font-family: Georgia, serif;font-weight: normal;color: #37689d;font-style: normal;letter-spacing: normal;text-indent: 0px;text-transform: none\" align=\"center\"><span style=\"color: #3683c1\"><a href=\"mailto:jonkoping@flottansman.se\" style=\"color: #3683c1\"><span style=\"color: #006ac1\">jonkoping@marinkamraterna.se<\/span><\/a><\/span><\/h2>\n<p><span style=\"color: #000000\"><\/span><\/p>\n<p><span style=\"color: #000000\"><\/span><\/p>\n<h2 style=\"margin: 0px 0px 20px;padding: 0px;border: 0px;font-size: 1.5em;vertical-align: baseline;background: #ffffff;font-family: Georgia, serif;font-weight: normal;color: #37689d;font-style: normal;letter-spacing: normal;text-indent: 0px;text-transform: none\" align=\"center\"><span style=\"color: #000000\">&#8230;&#8230;&#8230;&#8230;&#8230;&#8230;&#8230;&#8230;&#8230;&#8230;&#8230;&#8230;&#8230;&#8230;&#8230;&#8230;&#8230;&#8230;&#8230;&#8230;&#8230;&#8230;&#8230;&#8230;&#8230;&#8230;&#8230;&#8230;&#8230;&#8230;&#8230;&#8230;&#8230;&#8230;&#8230;&#8230;&#8230;&#8230;<\/span><\/h2>\n<p style=\"margin: 0px 0px 20px;padding: 0px;border: 0px;font-size: 13.76px;vertical-align: baseline;background: #ffffff;color: #333333;font-family: Tahoma, Arial, Verdana, sans-serif;font-style: normal;font-weight: 400;letter-spacing: normal;text-align: start;text-indent: 0px;text-transform: none\">\n<h2 style=\"margin: 0px 0px 20px;padding: 0px;border: 0px;font-size: 1.5em;vertical-align: baseline;background: #ffffff;font-family: Georgia, serif;font-weight: normal;color: #37689d;font-style: normal;letter-spacing: normal;text-indent: 0px;text-transform: none\" align=\"center\"><span style=\"color: #000000\">Betalar du medlemsavgift eller n\u00e5got annat tex donerar pengar s\u00e5 g\u00f6r du s\u00e5 h\u00e4r.<\/span><\/h2>\n<h1 style=\"margin: 0px 0px 20px;padding: 0px;border: 0px;font-size: 1.6em;vertical-align: baseline;background: #ffffff;font-family: Georgia, serif;font-weight: normal;color: #333333;font-style: normal;letter-spacing: normal;text-indent: 0px;text-transform: none\" align=\"center\"><span style=\"color: #000000\">V\u00e5rt bankgiro nummer \u00e4r 706-1302<\/span><\/h1>\n<h1 style=\"margin: 0px 0px 20px;padding: 0px;border: 0px;font-size: 1.6em;vertical-align: baseline;background: #ffffff;font-family: Georgia, serif;font-weight: normal;color: #333333;font-style: normal;letter-spacing: normal;text-indent: 0px;text-transform: none;text-align: center\"><span style=\"color: #000000\">V\u00e5rt Swishnummer \u00e4r 123 123 49 13<\/span><\/h1>\n<h1 style=\"margin: 0px 0px 20px;padding: 0px;border: 0px;font-size: 1.6em;vertical-align: baseline;background: #ffffff;font-family: Georgia, serif;font-weight: normal;color: #333333;font-style: normal;letter-spacing: normal;text-indent: 0px;text-transform: none\" align=\"center\"><span style=\"color: #000000\">\u00a0Anv\u00e4nd alltid n\u00e5got av dessa d\u00e5 pengar skickas.<\/span><\/h1>\n<h1 style=\"margin: 0px 0px 20px;padding: 0px;border: 0px;font-size: 1.6em;vertical-align: baseline;background: #ffffff;font-family: Georgia, serif;font-weight: normal;color: #333333;font-style: normal;letter-spacing: normal;text-indent: 0px;text-transform: none\" align=\"center\"><span style=\"color: #000000\">Medlemsavgifter, g\u00e5vopengar, bidrag och \u00f6vriga inkomster.<\/span><\/h1>\n<h1 style=\"margin: 0px 0px 20px;padding: 0px;border: 0px;font-size: 1.6em;vertical-align: baseline;background: #ffffff;font-family: Georgia, serif;font-weight: normal;color: #333333;font-style: normal;letter-spacing: normal;text-indent: 0px;text-transform: none\" align=\"center\"><span style=\"color: #000000\">Viktigt \u00e4r att alla som betalar n\u00e5got till detta konto skriver vem<\/span><\/h1>\n<h1 style=\"margin: 0px 0px 20px;padding: 0px;border: 0px;font-size: 1.6em;vertical-align: baseline;background: #ffffff;font-family: Georgia, serif;font-weight: normal;color: #333333;font-style: normal;letter-spacing: normal;text-indent: 0px;text-transform: none\" align=\"center\"><span style=\"color: #000000\">som gjort inbetalningen.<\/span><\/h1>\n<p>[\/et_pb_text][\/et_pb_column_inner][\/et_pb_row_inner][et_pb_row_inner column_structure=&#8221;1_2,1_2&#8243; _builder_version=&#8221;4.16&#8243; _module_preset=&#8221;default&#8221; custom_padding=&#8221;0px||||false|false&#8221; global_colors_info=&#8221;{}&#8221;][et_pb_column_inner type=&#8221;1_2&#8243; saved_specialty_column_type=&#8221;3_4&#8243; _builder_version=&#8221;4.16&#8243; _module_preset=&#8221;default&#8221; global_colors_info=&#8221;{}&#8221;][et_pb_text _builder_version=&#8221;4.16&#8243; _module_preset=&#8221;default&#8221; global_colors_info=&#8221;{}&#8221;][\/et_pb_text][\/et_pb_column_inner][et_pb_column_inner type=&#8221;1_2&#8243; saved_specialty_column_type=&#8221;3_4&#8243; _builder_version=&#8221;4.16&#8243; _module_preset=&#8221;default&#8221; global_colors_info=&#8221;{}&#8221;][\/et_pb_column_inner][\/et_pb_row_inner][et_pb_row_inner column_structure=&#8221;1_3,1_3,1_3&#8243; _builder_version=&#8221;4.16&#8243; _module_preset=&#8221;default&#8221; custom_padding=&#8221;0px||||false|false&#8221; global_colors_info=&#8221;{}&#8221;][et_pb_column_inner type=&#8221;1_3&#8243; saved_specialty_column_type=&#8221;3_4&#8243; _builder_version=&#8221;4.16&#8243; _module_preset=&#8221;default&#8221; global_colors_info=&#8221;{}&#8221;][et_pb_image src=&#8221;http:\/\/marinkamraterna.se\/jonkoping\/wp-content\/uploads\/sites\/3\/2021\/04\/i7olrdm9yiw.jpg&#8221; alt=&#8221;green trees on cliff&#8221; title_text=&#8221;Photo by Tom Winckels&#8221; _builder_version=&#8221;4.16&#8243; _module_preset=&#8221;default&#8221; global_colors_info=&#8221;{}&#8221;][\/et_pb_image][\/et_pb_column_inner][et_pb_column_inner type=&#8221;1_3&#8243; saved_specialty_column_type=&#8221;3_4&#8243; _builder_version=&#8221;4.16&#8243; _module_preset=&#8221;default&#8221; global_colors_info=&#8221;{}&#8221;][et_pb_image src=&#8221;http:\/\/marinkamraterna.se\/jonkoping\/wp-content\/uploads\/sites\/3\/2021\/04\/eumewe-7ewg-1024&#215;683.jpg&#8221; alt=&#8221;ship helm&#8221; title_text=&#8221;Photo by Joseph Barrientos&#8221; _builder_version=&#8221;4.16&#8243; _module_preset=&#8221;default&#8221; global_colors_info=&#8221;{}&#8221;][\/et_pb_image][\/et_pb_column_inner][et_pb_column_inner type=&#8221;1_3&#8243; saved_specialty_column_type=&#8221;3_4&#8243; _builder_version=&#8221;4.16&#8243; _module_preset=&#8221;default&#8221; global_colors_info=&#8221;{}&#8221;][et_pb_image src=&#8221;http:\/\/marinkamraterna.se\/jonkoping\/wp-content\/uploads\/sites\/3\/2021\/04\/j1ega73qp7c.jpg&#8221; alt=&#8221;black and white sailboat in body of water during sunset&#8221; title_text=&#8221;Photo by Katherine McCormack&#8221; _builder_version=&#8221;4.16&#8243; _module_preset=&#8221;default&#8221; global_colors_info=&#8221;{}&#8221;][\/et_pb_image][\/et_pb_column_inner][\/et_pb_row_inner][\/et_pb_column][et_pb_column type=&#8221;1_4&#8243; _builder_version=&#8221;4.16&#8243; custom_padding=&#8221;|||&#8221; global_colors_info=&#8221;{}&#8221; custom_padding__hover=&#8221;|||&#8221;][et_pb_image src=&#8221;http:\/\/marinkamraterna.se\/jonkoping\/wp-content\/uploads\/sites\/3\/2021\/04\/oql0evyd_n8.jpg&#8221; alt=&#8221;body of water during golden hour&#8221; title_text=&#8221;Photo by Joseph Barrientos&#8221; _builder_version=&#8221;4.16&#8243; _module_preset=&#8221;default&#8221; custom_margin=&#8221;||10px||false|false&#8221; custom_padding=&#8221;||||false|false&#8221; global_colors_info=&#8221;{}&#8221;][\/et_pb_image][et_pb_text _builder_version=&#8221;4.16&#8243; _module_preset=&#8221;default&#8221; text_font=&#8221;||on||||||&#8221; text_font_size=&#8221;14px&#8221; global_colors_info=&#8221;{}&#8221;]<\/p>\n<p>Bildtext<\/p>\n<p>[\/et_pb_text][et_pb_sidebar orientation=&#8221;right&#8221; area=&#8221;et_pb_widget_area_5&#8243; module_class=&#8221;right-menues&#8221; _builder_version=&#8221;4.9.11&#8243; _module_preset=&#8221;default&#8221; custom_margin=&#8221;||0px||false|false&#8221; global_module=&#8221;35107&#8243; saved_tabs=&#8221;all&#8221; locked=&#8221;on&#8221; global_colors_info=&#8221;{}&#8221;][\/et_pb_sidebar][et_pb_sidebar orientation=&#8221;right&#8221; _builder_version=&#8221;4.9.4&#8243; _module_preset=&#8221;default&#8221; header_font=&#8221;|600||on|||||&#8221; header_font_size=&#8221;20px&#8221; global_module=&#8221;33531&#8243; saved_tabs=&#8221;all&#8221; locked=&#8221;on&#8221; global_colors_info=&#8221;{}&#8221;][\/et_pb_sidebar][\/et_pb_column][\/et_pb_section]<\/p>\n","protected":false},"excerpt":{"rendered":"<p>Hur f\u00e5r man kontakt med F\u00f6reningen Marinkamraterna fd.Flottans m\u00e4n i J\u00f6nk\u00f6ping Ring eller skicka ett mejl till Sven Johansson 070-2243774 jonkoping@marinkamraterna.se &#8230;&#8230;&#8230;&#8230;&#8230;&#8230;&#8230;&#8230;&#8230;&#8230;&#8230;&#8230;&#8230;&#8230;&#8230;&#8230;&#8230;&#8230;&#8230;&#8230;&#8230;&#8230;&#8230;&#8230;&#8230;&#8230;&#8230;&#8230;&#8230;&#8230;&#8230;&#8230;&#8230;&#8230;&#8230;&#8230;&#8230;&#8230; Betalar du medlemsavgift eller n\u00e5got annat tex donerar pengar s\u00e5 g\u00f6r du s\u00e5 h\u00e4r. V\u00e5rt bankgiro nummer \u00e4r 706-1302 V\u00e5rt Swishnummer \u00e4r 123 123 49 13 \u00a0Anv\u00e4nd alltid n\u00e5got av dessa d\u00e5 pengar [&hellip;]<\/p>\n","protected":false},"author":1,"featured_media":0,"parent":33152,"menu_order":1,"comment_status":"closed","ping_status":"closed","template":"","meta":{"_et_pb_use_builder":"on","_et_pb_old_content":"","_et_gb_content_width":"","iawp_total_views":104,"footnotes":""},"class_list":["post-34162","page","type-page","status-publish","hentry"],"_links":{"self":[{"href":"https:\/\/marinkamraterna.se\/jonkoping\/wp-json\/wp\/v2\/pages\/34162","targetHints":{"allow":["GET"]}}],"collection":[{"href":"https:\/\/marinkamraterna.se\/jonkoping\/wp-json\/wp\/v2\/pages"}],"about":[{"href":"https:\/\/marinkamraterna.se\/jonkoping\/wp-json\/wp\/v2\/types\/page"}],"author":[{"embeddable":true,"href":"https:\/\/marinkamraterna.se\/jonkoping\/wp-json\/wp\/v2\/users\/1"}],"replies":[{"embeddable":true,"href":"https:\/\/marinkamraterna.se\/jonkoping\/wp-json\/wp\/v2\/comments?post=34162"}],"version-history":[{"count":12,"href":"https:\/\/marinkamraterna.se\/jonkoping\/wp-json\/wp\/v2\/pages\/34162\/revisions"}],"predecessor-version":[{"id":39238,"href":"https:\/\/marinkamraterna.se\/jonkoping\/wp-json\/wp\/v2\/pages\/34162\/revisions\/39238"}],"up":[{"embeddable":true,"href":"https:\/\/marinkamraterna.se\/jonkoping\/wp-json\/wp\/v2\/pages\/33152"}],"wp:attachment":[{"href":"https:\/\/marinkamraterna.se\/jonkoping\/wp-json\/wp\/v2\/media?parent=34162"}],"curies":[{"name":"wp","href":"https:\/\/api.w.org\/{rel}","templated":true}]}}