{"id":35725,"date":"2021-10-26T21:57:36","date_gmt":"2021-10-26T19:57:36","guid":{"rendered":"https:\/\/andersa6.sg-host.com\/jonkoping\/?page_id=35725"},"modified":"2021-10-26T21:58:19","modified_gmt":"2021-10-26T19:58:19","slug":"arsmote-2020","status":"publish","type":"page","link":"https:\/\/marinkamraterna.se\/jonkoping\/startsidan\/bilder\/arsmote-2020\/","title":{"rendered":"\u00c5rsm\u00f6te 2020"},"content":{"rendered":"<p>[et_pb_section fb_built=&#8221;1&#8243; use_custom_gutter=&#8221;on&#8221; gutter_width=&#8221;2&#8243; specialty=&#8221;on&#8221; padding_top_bottom_link_1=&#8221;false&#8221; padding_left_right_link_1=&#8221;false&#8221; padding_top_1=&#8221;10px&#8221; _builder_version=&#8221;4.9.4&#8243; _module_preset=&#8221;default&#8221; custom_margin=&#8221;|10px||||&#8221; custom_padding=&#8221;||||false|false&#8221; global_colors_info=&#8221;{}&#8221;][et_pb_column type=&#8221;1_4&#8243; _builder_version=&#8221;3.25&#8243; custom_padding=&#8221;|||&#8221; global_colors_info=&#8221;{}&#8221; custom_padding__hover=&#8221;|||&#8221;][et_pb_sidebar area=&#8221;et_pb_widget_area_3&#8243; _builder_version=&#8221;4.11.3&#8243; _module_preset=&#8221;default&#8221; header_font=&#8221;|600||on|||||&#8221; body_text_color=&#8221;#0C71C3&#8243; body_font_size=&#8221;14px&#8221; custom_margin=&#8221;||||false|false&#8221; custom_padding=&#8221;||||false|false&#8221; global_module=&#8221;33600&#8243; locked=&#8221;off&#8221; global_colors_info=&#8221;{}&#8221;][\/et_pb_sidebar][\/et_pb_column][et_pb_column type=&#8221;3_4&#8243; specialty_columns=&#8221;3&#8243; _builder_version=&#8221;3.25&#8243; custom_padding=&#8221;|||&#8221; global_colors_info=&#8221;{}&#8221; custom_padding__hover=&#8221;|||&#8221;][et_pb_row_inner use_custom_gutter=&#8221;on&#8221; gutter_width=&#8221;1&#8243; make_equal=&#8221;on&#8221; _builder_version=&#8221;4.9.4&#8243; _module_preset=&#8221;default&#8221; custom_padding=&#8221;0px||||false|false&#8221; global_colors_info=&#8221;{}&#8221;][et_pb_column_inner saved_specialty_column_type=&#8221;3_4&#8243; _builder_version=&#8221;4.9.3&#8243; _module_preset=&#8221;default&#8221; global_colors_info=&#8221;{}&#8221;][et_pb_post_title meta=&#8221;off&#8221; featured_image=&#8221;off&#8221; _builder_version=&#8221;4.9.4&#8243; _module_preset=&#8221;default&#8221; title_font_size=&#8221;35px&#8221; global_colors_info=&#8221;{}&#8221;][\/et_pb_post_title][et_pb_text _builder_version=&#8221;4.11.3&#8243; _module_preset=&#8221;default&#8221; global_colors_info=&#8221;{}&#8221;]<\/p>\n<p>\u00c5rsm\u00f6te i Domsand 2020-03-11<\/p>\n<p>[\/et_pb_text][\/et_pb_column_inner][\/et_pb_row_inner][et_pb_row_inner use_custom_gutter=&#8221;on&#8221; gutter_width=&#8221;1&#8243; _builder_version=&#8221;4.9.4&#8243; _module_preset=&#8221;default&#8221; global_colors_info=&#8221;{}&#8221;][et_pb_column_inner saved_specialty_column_type=&#8221;3_4&#8243; _builder_version=&#8221;4.9.4&#8243; _module_preset=&#8221;default&#8221; global_colors_info=&#8221;{}&#8221;][et_pb_gallery gallery_ids=&#8221;35724,35723,35722&#8243; posts_number=&#8221;100&#8243; show_title_and_caption=&#8221;off&#8221; show_pagination=&#8221;off&#8221; _builder_version=&#8221;4.11.3&#8243; _module_preset=&#8221;default&#8221; hover_enabled=&#8221;0&#8243; global_colors_info=&#8221;{}&#8221; sticky_enabled=&#8221;0&#8243;][\/et_pb_gallery][\/et_pb_column_inner][\/et_pb_row_inner][\/et_pb_column][\/et_pb_section]<\/p>\n","protected":false},"excerpt":{"rendered":"<p>\u00c5rsm\u00f6te i Domsand 2020-03-11<\/p>\n","protected":false},"author":14,"featured_media":0,"parent":35459,"menu_order":0,"comment_status":"closed","ping_status":"closed","template":"","meta":{"_et_pb_use_builder":"on","_et_pb_old_content":"\u00c5rsm\u00f6te h\u00f6lls i Domsand 2021-09-08<img src=\"http:\/\/marinkamraterna.se\/jonkoping\/wp-content\/uploads\/sites\/17\/2021\/09\/Flottans-Man-Arsmote-DBS-Hans-Rydbeck-8.9-21-1-450x600.jpg\" alt=\"\" width=\"450\" height=\"600\" class=\"alignnone size-medium wp-image-35318\" \/>\r\n\r\n<img src=\"http:\/\/marinkamraterna.se\/jonkoping\/wp-content\/uploads\/sites\/17\/2021\/09\/Flottans-Man-Arsmote-DBS-gruppbild-8.9-21-1-600x440.jpg\" alt=\"\" width=\"600\" height=\"440\" class=\"alignnone size-medium wp-image-35317\" \/>\r\n\r\n<img src=\"http:\/\/marinkamraterna.se\/jonkoping\/wp-content\/uploads\/sites\/17\/2021\/09\/Flottans-Man-Arsmote-DBS-foredragshallare-Klas-Peter-Suneson-8.9-21-1-467x600.jpg\" alt=\"\" width=\"467\" height=\"600\" class=\"alignnone size-medium wp-image-35316\" \/>\r\n\r\n<img src=\"http:\/\/marinkamraterna.se\/jonkoping\/wp-content\/uploads\/sites\/17\/2021\/09\/Flottans-Man-Arsmote-DBS-Bengt-Ake-Warnbring-8.9-21-1-1-450x600.jpg\" alt=\"\" width=\"450\" height=\"600\" class=\"alignnone size-medium wp-image-35315\" \/>\r\n\r\n<img src=\"http:\/\/marinkamraterna.se\/jonkoping\/wp-content\/uploads\/sites\/17\/2021\/09\/Flottans-Man-Arsmote-DBS-klubbmasteriet-skall-duka-upp-8.9-21-1-600x472.jpg\" alt=\"\u00c5rsm\u00f6te 2021\" width=\"600\" height=\"472\" class=\"alignnone size-medium wp-image-35314\" \/>","_et_gb_content_width":"","iawp_total_views":42,"footnotes":""},"class_list":["post-35725","page","type-page","status-publish","hentry"],"_links":{"self":[{"href":"https:\/\/marinkamraterna.se\/jonkoping\/wp-json\/wp\/v2\/pages\/35725","targetHints":{"allow":["GET"]}}],"collection":[{"href":"https:\/\/marinkamraterna.se\/jonkoping\/wp-json\/wp\/v2\/pages"}],"about":[{"href":"https:\/\/marinkamraterna.se\/jonkoping\/wp-json\/wp\/v2\/types\/page"}],"author":[{"embeddable":true,"href":"https:\/\/marinkamraterna.se\/jonkoping\/wp-json\/wp\/v2\/users\/14"}],"replies":[{"embeddable":true,"href":"https:\/\/marinkamraterna.se\/jonkoping\/wp-json\/wp\/v2\/comments?post=35725"}],"version-history":[{"count":3,"href":"https:\/\/marinkamraterna.se\/jonkoping\/wp-json\/wp\/v2\/pages\/35725\/revisions"}],"predecessor-version":[{"id":35730,"href":"https:\/\/marinkamraterna.se\/jonkoping\/wp-json\/wp\/v2\/pages\/35725\/revisions\/35730"}],"up":[{"embeddable":true,"href":"https:\/\/marinkamraterna.se\/jonkoping\/wp-json\/wp\/v2\/pages\/35459"}],"wp:attachment":[{"href":"https:\/\/marinkamraterna.se\/jonkoping\/wp-json\/wp\/v2\/media?parent=35725"}],"curies":[{"name":"wp","href":"https:\/\/api.w.org\/{rel}","templated":true}]}}