{"id":37940,"date":"2022-04-28T21:48:17","date_gmt":"2022-04-28T19:48:17","guid":{"rendered":"https:\/\/marinkamraterna.se\/jonkoping\/?page_id=37940"},"modified":"2024-11-14T20:37:22","modified_gmt":"2024-11-14T19:37:22","slug":"oppet-styrelsemote-pa-sofiehof-220428","status":"publish","type":"page","link":"https:\/\/marinkamraterna.se\/jonkoping\/startsidan\/bilder\/oppet-styrelsemote-pa-sofiehof-220428\/","title":{"rendered":"\u00d6ppet styrelsem\u00f6te p\u00e5 Sofiehof 220428"},"content":{"rendered":"<p>[et_pb_section fb_built=&#8221;1&#8243; use_custom_gutter=&#8221;on&#8221; gutter_width=&#8221;2&#8243; specialty=&#8221;on&#8221; padding_top_1=&#8221;10px&#8221; padding_top_bottom_link_1=&#8221;false&#8221; padding_left_right_link_1=&#8221;false&#8221; _builder_version=&#8221;4.16&#8243; _module_preset=&#8221;default&#8221; custom_margin=&#8221;|10px||||&#8221; custom_padding=&#8221;||||false|false&#8221; global_colors_info=&#8221;{}&#8221;][et_pb_column type=&#8221;1_4&#8243; _builder_version=&#8221;4.16&#8243; custom_padding=&#8221;|||&#8221; global_colors_info=&#8221;{}&#8221; custom_padding__hover=&#8221;|||&#8221;][et_pb_sidebar area=&#8221;et_pb_widget_area_3&#8243; _builder_version=&#8221;4.11.3&#8243; _module_preset=&#8221;default&#8221; header_font=&#8221;|600||on|||||&#8221; body_text_color=&#8221;#0C71C3&#8243; body_font_size=&#8221;14px&#8221; custom_margin=&#8221;||||false|false&#8221; custom_padding=&#8221;||||false|false&#8221; global_module=&#8221;33600&#8243; locked=&#8221;off&#8221; global_colors_info=&#8221;{}&#8221;][\/et_pb_sidebar][\/et_pb_column][et_pb_column type=&#8221;3_4&#8243; specialty_columns=&#8221;3&#8243; _builder_version=&#8221;4.16&#8243; custom_padding=&#8221;|||&#8221; global_colors_info=&#8221;{}&#8221; custom_padding__hover=&#8221;|||&#8221;][et_pb_row_inner use_custom_gutter=&#8221;on&#8221; gutter_width=&#8221;1&#8243; make_equal=&#8221;on&#8221; _builder_version=&#8221;4.16&#8243; _module_preset=&#8221;default&#8221; custom_padding=&#8221;0px||||false|false&#8221; global_colors_info=&#8221;{}&#8221;][et_pb_column_inner saved_specialty_column_type=&#8221;3_4&#8243; _builder_version=&#8221;4.16&#8243; _module_preset=&#8221;default&#8221; global_colors_info=&#8221;{}&#8221;][et_pb_post_title meta=&#8221;off&#8221; featured_image=&#8221;off&#8221; _builder_version=&#8221;4.16&#8243; _module_preset=&#8221;default&#8221; title_font_size=&#8221;35px&#8221; global_colors_info=&#8221;{}&#8221;][\/et_pb_post_title][et_pb_text _builder_version=&#8221;4.16&#8243; _module_preset=&#8221;default&#8221; global_colors_info=&#8221;{}&#8221;]<\/p>\n<p>Kunde inte l\u00e5ta bli att ta med den h\u00e4r bilden som var med i inbjudan. Jag tycker den \u00e4r fantastisk!\u00a0\u00a0\u00a0\u00a0\u00a0\u00a0\u00a0\u00a0\u00a0 M\u00f6tet inleddes med gemensam lunch p\u00e5 Sofiehof varefter m\u00f6tet genomf\u00f6rdes under ledning av ordf\u00f6rande och sekreterare under lugna och v\u00e4rdiga former.\u00a0 <a href=\"https:\/\/marinkamraterna.se\/jonkoping\/wp-content\/uploads\/sites\/17\/2022\/05\/Oppet-Styrelsemote-28-april-Protokoll-justerat-2022.pdf\">M\u00f6tesprotokoll, klicka h\u00e4r.<\/a><\/p>\n<p>[\/et_pb_text][\/et_pb_column_inner][\/et_pb_row_inner][et_pb_row_inner _builder_version=&#8221;4.16&#8243; _module_preset=&#8221;default&#8221; global_colors_info=&#8221;{}&#8221;][et_pb_column_inner saved_specialty_column_type=&#8221;3_4&#8243; _builder_version=&#8221;4.16&#8243; _module_preset=&#8221;default&#8221; global_colors_info=&#8221;{}&#8221;][et_pb_image src=&#8221;https:\/\/marinkamraterna.se\/jonkoping\/wp-content\/uploads\/sites\/17\/2022\/04\/Skarmbild-2022-04-13-175952.jpg&#8221; alt=&#8221;Kunde inte l\u00e5ta bli att ta med den h\u00e4r bilden som var med i inbjudan&#8221; title_text=&#8221;Sk\u00e4rmbild 2022 04 13 175952&#8243; _builder_version=&#8221;4.16&#8243; _module_preset=&#8221;default&#8221; global_colors_info=&#8221;{}&#8221;][\/et_pb_image][\/et_pb_column_inner][\/et_pb_row_inner][et_pb_row_inner _builder_version=&#8221;4.16&#8243; _module_preset=&#8221;default&#8221; global_colors_info=&#8221;{}&#8221;][et_pb_column_inner saved_specialty_column_type=&#8221;3_4&#8243; _builder_version=&#8221;4.16&#8243; _module_preset=&#8221;default&#8221; global_colors_info=&#8221;{}&#8221;][et_pb_image src=&#8221;https:\/\/marinkamraterna.se\/jonkoping\/wp-content\/uploads\/sites\/17\/2022\/04\/IMG_536011.jpg&#8221; alt=&#8221;Gemensam lunch p\u00e5 Sofiehof&#8221; title_text=&#8221;IMG 536011&#8243; _builder_version=&#8221;4.16&#8243; _module_preset=&#8221;default&#8221; global_colors_info=&#8221;{}&#8221;][\/et_pb_image][\/et_pb_column_inner][\/et_pb_row_inner][et_pb_row_inner _builder_version=&#8221;4.16&#8243; _module_preset=&#8221;default&#8221; global_colors_info=&#8221;{}&#8221;][et_pb_column_inner saved_specialty_column_type=&#8221;3_4&#8243; _builder_version=&#8221;4.16&#8243; _module_preset=&#8221;default&#8221; global_colors_info=&#8221;{}&#8221;][et_pb_image src=&#8221;https:\/\/marinkamraterna.se\/jonkoping\/wp-content\/uploads\/sites\/17\/2022\/04\/IMG_536411.jpg&#8221; alt=&#8221;M\u00f6tet genomf\u00f6rdes under ledning av ordf\u00f6rande och sekreterare under lugna former.&#8221; title_text=&#8221;IMG 536411&#8243; _builder_version=&#8221;4.16&#8243; _module_preset=&#8221;default&#8221; global_colors_info=&#8221;{}&#8221;][\/et_pb_image][\/et_pb_column_inner][\/et_pb_row_inner][\/et_pb_column][\/et_pb_section]<\/p>\n","protected":false},"excerpt":{"rendered":"<p>Kunde inte l\u00e5ta bli att ta med den h\u00e4r bilden som var med i inbjudan. Jag tycker den \u00e4r fantastisk!\u00a0\u00a0\u00a0\u00a0\u00a0\u00a0\u00a0\u00a0\u00a0 M\u00f6tet inleddes med gemensam lunch p\u00e5 Sofiehof varefter m\u00f6tet genomf\u00f6rdes under ledning av ordf\u00f6rande och sekreterare under lugna och v\u00e4rdiga former.\u00a0 M\u00f6tesprotokoll, klicka h\u00e4r.<\/p>\n","protected":false},"author":14,"featured_media":0,"parent":35459,"menu_order":1,"comment_status":"closed","ping_status":"closed","template":"","meta":{"_et_pb_use_builder":"on","_et_pb_old_content":"\u00c5rsm\u00f6te h\u00f6lls i Domsand 2021-09-08<img src=\"http:\/\/marinkamraterna.se\/jonkoping\/wp-content\/uploads\/sites\/17\/2021\/09\/Flottans-Man-Arsmote-DBS-Hans-Rydbeck-8.9-21-1-450x600.jpg\" alt=\"\" width=\"450\" height=\"600\" class=\"alignnone size-medium wp-image-35318\" \/>\r\n\r\n<img src=\"http:\/\/marinkamraterna.se\/jonkoping\/wp-content\/uploads\/sites\/17\/2021\/09\/Flottans-Man-Arsmote-DBS-gruppbild-8.9-21-1-600x440.jpg\" alt=\"\" width=\"600\" height=\"440\" class=\"alignnone size-medium wp-image-35317\" \/>\r\n\r\n<img src=\"http:\/\/marinkamraterna.se\/jonkoping\/wp-content\/uploads\/sites\/17\/2021\/09\/Flottans-Man-Arsmote-DBS-foredragshallare-Klas-Peter-Suneson-8.9-21-1-467x600.jpg\" alt=\"\" width=\"467\" height=\"600\" class=\"alignnone size-medium wp-image-35316\" \/>\r\n\r\n<img src=\"http:\/\/marinkamraterna.se\/jonkoping\/wp-content\/uploads\/sites\/17\/2021\/09\/Flottans-Man-Arsmote-DBS-Bengt-Ake-Warnbring-8.9-21-1-1-450x600.jpg\" alt=\"\" width=\"450\" height=\"600\" class=\"alignnone size-medium wp-image-35315\" \/>\r\n\r\n<img src=\"http:\/\/marinkamraterna.se\/jonkoping\/wp-content\/uploads\/sites\/17\/2021\/09\/Flottans-Man-Arsmote-DBS-klubbmasteriet-skall-duka-upp-8.9-21-1-600x472.jpg\" alt=\"\u00c5rsm\u00f6te 2021\" width=\"600\" height=\"472\" class=\"alignnone size-medium wp-image-35314\" \/>","_et_gb_content_width":"","iawp_total_views":31,"footnotes":""},"class_list":["post-37940","page","type-page","status-publish","hentry"],"_links":{"self":[{"href":"https:\/\/marinkamraterna.se\/jonkoping\/wp-json\/wp\/v2\/pages\/37940","targetHints":{"allow":["GET"]}}],"collection":[{"href":"https:\/\/marinkamraterna.se\/jonkoping\/wp-json\/wp\/v2\/pages"}],"about":[{"href":"https:\/\/marinkamraterna.se\/jonkoping\/wp-json\/wp\/v2\/types\/page"}],"author":[{"embeddable":true,"href":"https:\/\/marinkamraterna.se\/jonkoping\/wp-json\/wp\/v2\/users\/14"}],"replies":[{"embeddable":true,"href":"https:\/\/marinkamraterna.se\/jonkoping\/wp-json\/wp\/v2\/comments?post=37940"}],"version-history":[{"count":9,"href":"https:\/\/marinkamraterna.se\/jonkoping\/wp-json\/wp\/v2\/pages\/37940\/revisions"}],"predecessor-version":[{"id":38004,"href":"https:\/\/marinkamraterna.se\/jonkoping\/wp-json\/wp\/v2\/pages\/37940\/revisions\/38004"}],"up":[{"embeddable":true,"href":"https:\/\/marinkamraterna.se\/jonkoping\/wp-json\/wp\/v2\/pages\/35459"}],"wp:attachment":[{"href":"https:\/\/marinkamraterna.se\/jonkoping\/wp-json\/wp\/v2\/media?parent=37940"}],"curies":[{"name":"wp","href":"https:\/\/api.w.org\/{rel}","templated":true}]}}