{"id":38803,"date":"2024-08-30T11:34:27","date_gmt":"2024-08-30T09:34:27","guid":{"rendered":"https:\/\/marinkamraterna.se\/jonkoping\/?page_id=38803"},"modified":"2024-08-30T11:34:52","modified_gmt":"2024-08-30T09:34:52","slug":"oppet-styrelsemote-i-domsand-240929","status":"publish","type":"page","link":"https:\/\/marinkamraterna.se\/jonkoping\/startsidan\/bilder\/oppet-styrelsemote-i-domsand-240929\/","title":{"rendered":"\u00d6ppet styrelsem\u00f6te i Domsand 240929"},"content":{"rendered":"<p>[et_pb_section fb_built=&#8221;1&#8243; use_custom_gutter=&#8221;on&#8221; gutter_width=&#8221;2&#8243; specialty=&#8221;on&#8221; padding_top_1=&#8221;10px&#8221; padding_top_bottom_link_1=&#8221;false&#8221; padding_left_right_link_1=&#8221;false&#8221; _builder_version=&#8221;4.16&#8243; _module_preset=&#8221;default&#8221; custom_margin=&#8221;|10px||||&#8221; custom_padding=&#8221;||||false|false&#8221; global_colors_info=&#8221;{}&#8221;][et_pb_column type=&#8221;1_4&#8243; _builder_version=&#8221;4.16&#8243; custom_padding=&#8221;|||&#8221; global_colors_info=&#8221;{}&#8221; custom_padding__hover=&#8221;|||&#8221;][et_pb_sidebar area=&#8221;et_pb_widget_area_3&#8243; _builder_version=&#8221;4.11.3&#8243; _module_preset=&#8221;default&#8221; header_font=&#8221;|600||on|||||&#8221; body_text_color=&#8221;#0C71C3&#8243; body_font_size=&#8221;14px&#8221; custom_margin=&#8221;||||false|false&#8221; custom_padding=&#8221;||||false|false&#8221; global_module=&#8221;33600&#8243; locked=&#8221;off&#8221; global_colors_info=&#8221;{}&#8221;][\/et_pb_sidebar][\/et_pb_column][et_pb_column type=&#8221;3_4&#8243; specialty_columns=&#8221;3&#8243; _builder_version=&#8221;4.16&#8243; custom_padding=&#8221;|||&#8221; global_colors_info=&#8221;{}&#8221; custom_padding__hover=&#8221;|||&#8221;][et_pb_row_inner use_custom_gutter=&#8221;on&#8221; gutter_width=&#8221;1&#8243; make_equal=&#8221;on&#8221; _builder_version=&#8221;4.16&#8243; _module_preset=&#8221;default&#8221; custom_padding=&#8221;0px||||false|false&#8221; global_colors_info=&#8221;{}&#8221;][et_pb_column_inner saved_specialty_column_type=&#8221;3_4&#8243; _builder_version=&#8221;4.16&#8243; _module_preset=&#8221;default&#8221; global_colors_info=&#8221;{}&#8221;][et_pb_post_title meta=&#8221;off&#8221; featured_image=&#8221;off&#8221; _builder_version=&#8221;4.16&#8243; _module_preset=&#8221;default&#8221; title_font_size=&#8221;35px&#8221; global_colors_info=&#8221;{}&#8221;][\/et_pb_post_title][et_pb_text _builder_version=&#8221;4.18.0&#8243; _module_preset=&#8221;default&#8221; global_colors_info=&#8221;{}&#8221;]<\/p>\n<div dir=\"ltr\" style=\"border: 0px;font: inherit;margin: 0px;padding: 0px;vertical-align: baseline;color: inherit\">\n<div style=\"border: 0px;font: inherit;margin: 0px;padding: 0px;vertical-align: baseline;color: inherit\">\n<div dir=\"auto\" style=\"border: 0px;font: inherit;margin: 0px;padding: 0px;vertical-align: baseline;color: inherit\">\n<p style=\"color: #000000;font-family: 'Times New Roman';font-size: medium;font-style: normal;font-weight: 400;letter-spacing: normal;text-align: start;text-indent: 0px;text-transform: none\">Samlingen inleddes med att Klubbm\u00e4steriet hade ordnat med uts\u00f6kt \u00e4rtsoppa, l\u00e4tt\u00f6l och h\u00e5rt br\u00f6d med ost. Vidare fanns det pannkaka,sylt och gr\u00e4dde samt kaffe. Det fanns ocks\u00e5 m\u00f6jlighet att smaka p\u00e5 punch till sj\u00e4lvkostnadspris. Klubbm\u00e4steriet fick motta de f\u00f6rsamlades stora geh\u00f6r f\u00f6r utm\u00e4rkt traktering.<\/p>\n<p style=\"color: #000000;font-family: 'Times New Roman';font-size: medium;font-style: normal;font-weight: 400;letter-spacing: normal;text-align: start;text-indent: 0px;text-transform: none\">D\u00e4refter presenterade sig sj\u00f6m\u00e4nnen och gav kortfattade ord om de uppgifter som de haft i Flottan. Robert Fredriksson, som nyligen flyttat till Mullsj\u00f6, gav information om de uppgifter han haft under sin tid i F\u00f6rsvaret. Robert h\u00e4lsades s\u00e4rskilt v\u00e4lkommen av ordf\u00f6randen och \u00f6vrigt manskap.<\/p>\n<p style=\"color: #000000;font-family: 'Times New Roman';font-size: medium;font-style: normal;font-weight: 400;letter-spacing: normal;text-align: start;text-indent: 0px;text-transform: none\">D\u00e4refter fick Rolf Holmqvist, v\u00e5r medlem i F\u00f6reningen, ber\u00e4tta om sin \u201dT\u00e5gluffning till Italien\u201d v\u00e5ren 2024. Rolf hade dokumenterat resan med utm\u00e4rkta diabilder. Mycket intressant f\u00f6redrag med inslag av s\u00e5v\u00e4l dramatik, gl\u00e4dje, humor och sk\u00f6nhets upplevelser. Stora appl\u00e5der fick f\u00f6rel\u00e4saren av auditoriet. Rolf Holmqvist fick ocks\u00e5 motta ett flott diplom med ber\u00e4ttelsen om den champagne han fick motta av F\u00f6reningens ordf\u00f6rande,som tack f\u00f6r sin medverkan.<\/p>\n<p style=\"color: #000000;font-family: 'Times New Roman';font-size: medium;font-style: normal;font-weight: 400;letter-spacing: normal;text-align: start;text-indent: 0px;text-transform: none\"><a href=\"https:\/\/marinkamraterna.se\/jonkoping\/wp-content\/uploads\/sites\/17\/2024\/08\/Oppet-styrelsemote-240929-protokoll.pdf\">M\u00f6tesprotokoll klicka h\u00e4r<\/a><span style=\"color: #000000;font-family: inherit\"><br \/><\/span><\/p>\n<p style=\"color: #000000;font-family: 'Times New Roman';font-size: medium;font-style: normal;font-weight: 400;letter-spacing: normal;text-align: start;text-indent: 0px;text-transform: none\">\n<\/div>\n<\/div>\n<\/div>\n<p><span style=\"color: #000000;font-family: inherit\"><\/span><\/p>\n<p>[\/et_pb_text][\/et_pb_column_inner][\/et_pb_row_inner][et_pb_row_inner _builder_version=&#8221;4.25.1&#8243; _module_preset=&#8221;default&#8221; global_colors_info=&#8221;{}&#8221;][et_pb_column_inner saved_specialty_column_type=&#8221;3_4&#8243; _builder_version=&#8221;4.25.1&#8243; _module_preset=&#8221;default&#8221; global_colors_info=&#8221;{}&#8221;][et_pb_image src=&#8221;https:\/\/marinkamraterna.se\/jonkoping\/wp-content\/uploads\/sites\/17\/2024\/08\/IMG_5470.jpg&#8221; title_text=&#8221;IMG 5470&#8243; _builder_version=&#8221;4.27.0&#8243; _module_preset=&#8221;default&#8221; global_colors_info=&#8221;{}&#8221;][\/et_pb_image][\/et_pb_column_inner][\/et_pb_row_inner][\/et_pb_column][\/et_pb_section]<\/p>\n","protected":false},"excerpt":{"rendered":"<p>Samlingen inleddes med att Klubbm\u00e4steriet hade ordnat med uts\u00f6kt \u00e4rtsoppa, l\u00e4tt\u00f6l och h\u00e5rt br\u00f6d med ost. Vidare fanns det pannkaka,sylt och gr\u00e4dde samt kaffe. Det fanns ocks\u00e5 m\u00f6jlighet att smaka p\u00e5 punch till sj\u00e4lvkostnadspris. Klubbm\u00e4steriet fick motta de f\u00f6rsamlades stora geh\u00f6r f\u00f6r utm\u00e4rkt traktering. D\u00e4refter presenterade sig sj\u00f6m\u00e4nnen och gav kortfattade ord om de uppgifter [&hellip;]<\/p>\n","protected":false},"author":14,"featured_media":0,"parent":35459,"menu_order":1,"comment_status":"closed","ping_status":"closed","template":"","meta":{"_et_pb_use_builder":"on","_et_pb_old_content":"\u00c5rsm\u00f6te h\u00f6lls i Domsand 2021-09-08<img src=\"http:\/\/marinkamraterna.se\/jonkoping\/wp-content\/uploads\/sites\/17\/2021\/09\/Flottans-Man-Arsmote-DBS-Hans-Rydbeck-8.9-21-1-450x600.jpg\" alt=\"\" width=\"450\" height=\"600\" class=\"alignnone size-medium wp-image-35318\" \/>\r\n\r\n<img src=\"http:\/\/marinkamraterna.se\/jonkoping\/wp-content\/uploads\/sites\/17\/2021\/09\/Flottans-Man-Arsmote-DBS-gruppbild-8.9-21-1-600x440.jpg\" alt=\"\" width=\"600\" height=\"440\" class=\"alignnone size-medium wp-image-35317\" \/>\r\n\r\n<img src=\"http:\/\/marinkamraterna.se\/jonkoping\/wp-content\/uploads\/sites\/17\/2021\/09\/Flottans-Man-Arsmote-DBS-foredragshallare-Klas-Peter-Suneson-8.9-21-1-467x600.jpg\" alt=\"\" width=\"467\" height=\"600\" class=\"alignnone size-medium wp-image-35316\" \/>\r\n\r\n<img src=\"http:\/\/marinkamraterna.se\/jonkoping\/wp-content\/uploads\/sites\/17\/2021\/09\/Flottans-Man-Arsmote-DBS-Bengt-Ake-Warnbring-8.9-21-1-1-450x600.jpg\" alt=\"\" width=\"450\" height=\"600\" class=\"alignnone size-medium wp-image-35315\" \/>\r\n\r\n<img src=\"http:\/\/marinkamraterna.se\/jonkoping\/wp-content\/uploads\/sites\/17\/2021\/09\/Flottans-Man-Arsmote-DBS-klubbmasteriet-skall-duka-upp-8.9-21-1-600x472.jpg\" alt=\"\u00c5rsm\u00f6te 2021\" width=\"600\" height=\"472\" class=\"alignnone size-medium wp-image-35314\" \/>","_et_gb_content_width":"","iawp_total_views":57,"footnotes":""},"class_list":["post-38803","page","type-page","status-publish","hentry"],"_links":{"self":[{"href":"https:\/\/marinkamraterna.se\/jonkoping\/wp-json\/wp\/v2\/pages\/38803","targetHints":{"allow":["GET"]}}],"collection":[{"href":"https:\/\/marinkamraterna.se\/jonkoping\/wp-json\/wp\/v2\/pages"}],"about":[{"href":"https:\/\/marinkamraterna.se\/jonkoping\/wp-json\/wp\/v2\/types\/page"}],"author":[{"embeddable":true,"href":"https:\/\/marinkamraterna.se\/jonkoping\/wp-json\/wp\/v2\/users\/14"}],"replies":[{"embeddable":true,"href":"https:\/\/marinkamraterna.se\/jonkoping\/wp-json\/wp\/v2\/comments?post=38803"}],"version-history":[{"count":6,"href":"https:\/\/marinkamraterna.se\/jonkoping\/wp-json\/wp\/v2\/pages\/38803\/revisions"}],"predecessor-version":[{"id":38812,"href":"https:\/\/marinkamraterna.se\/jonkoping\/wp-json\/wp\/v2\/pages\/38803\/revisions\/38812"}],"up":[{"embeddable":true,"href":"https:\/\/marinkamraterna.se\/jonkoping\/wp-json\/wp\/v2\/pages\/35459"}],"wp:attachment":[{"href":"https:\/\/marinkamraterna.se\/jonkoping\/wp-json\/wp\/v2\/media?parent=38803"}],"curies":[{"name":"wp","href":"https:\/\/api.w.org\/{rel}","templated":true}]}}