{"id":38839,"date":"2024-11-14T22:05:06","date_gmt":"2024-11-14T21:05:06","guid":{"rendered":"https:\/\/marinkamraterna.se\/jonkoping\/?page_id=38839"},"modified":"2025-04-20T14:08:14","modified_gmt":"2025-04-20T12:08:14","slug":"oppet-styrelsemote-pa-sofiehof-241112","status":"publish","type":"page","link":"https:\/\/marinkamraterna.se\/jonkoping\/startsidan\/bilder\/oppet-styrelsemote-pa-sofiehof-241112\/","title":{"rendered":"\u00d6ppet styrelsem\u00f6te p\u00e5 Sofiehof 250416"},"content":{"rendered":"<p>[et_pb_section fb_built=&#8221;1&#8243; use_custom_gutter=&#8221;on&#8221; gutter_width=&#8221;2&#8243; specialty=&#8221;on&#8221; padding_top_1=&#8221;10px&#8221; padding_top_bottom_link_1=&#8221;false&#8221; padding_left_right_link_1=&#8221;false&#8221; _builder_version=&#8221;4.16&#8243; _module_preset=&#8221;default&#8221; custom_margin=&#8221;|10px||||&#8221; custom_padding=&#8221;||||false|false&#8221; global_colors_info=&#8221;{}&#8221;][et_pb_column type=&#8221;1_4&#8243; _builder_version=&#8221;4.16&#8243; custom_padding=&#8221;|||&#8221; global_colors_info=&#8221;{}&#8221; custom_padding__hover=&#8221;|||&#8221;][et_pb_sidebar area=&#8221;et_pb_widget_area_3&#8243; _builder_version=&#8221;4.11.3&#8243; _module_preset=&#8221;default&#8221; header_font=&#8221;|600||on|||||&#8221; body_text_color=&#8221;#0C71C3&#8243; body_font_size=&#8221;14px&#8221; custom_margin=&#8221;||||false|false&#8221; custom_padding=&#8221;||||false|false&#8221; global_module=&#8221;33600&#8243; locked=&#8221;off&#8221; global_colors_info=&#8221;{}&#8221;][\/et_pb_sidebar][\/et_pb_column][et_pb_column type=&#8221;3_4&#8243; specialty_columns=&#8221;3&#8243; _builder_version=&#8221;4.16&#8243; custom_padding=&#8221;|||&#8221; global_colors_info=&#8221;{}&#8221; custom_padding__hover=&#8221;|||&#8221;][et_pb_row_inner use_custom_gutter=&#8221;on&#8221; gutter_width=&#8221;1&#8243; make_equal=&#8221;on&#8221; _builder_version=&#8221;4.16&#8243; _module_preset=&#8221;default&#8221; custom_padding=&#8221;0px||||false|false&#8221; global_colors_info=&#8221;{}&#8221;][et_pb_column_inner saved_specialty_column_type=&#8221;3_4&#8243; _builder_version=&#8221;4.16&#8243; _module_preset=&#8221;default&#8221; global_colors_info=&#8221;{}&#8221;][et_pb_post_title meta=&#8221;off&#8221; featured_image=&#8221;off&#8221; _builder_version=&#8221;4.16&#8243; _module_preset=&#8221;default&#8221; title_font_size=&#8221;35px&#8221; global_colors_info=&#8221;{}&#8221;][\/et_pb_post_title][et_pb_text _builder_version=&#8221;4.16&#8243; _module_preset=&#8221;default&#8221; global_colors_info=&#8221;{}&#8221;][\/et_pb_text][\/et_pb_column_inner][\/et_pb_row_inner][et_pb_row_inner _builder_version=&#8221;4.27.4&#8243; _module_preset=&#8221;default&#8221; global_colors_info=&#8221;{}&#8221;][et_pb_column_inner saved_specialty_column_type=&#8221;3_4&#8243; _builder_version=&#8221;4.27.4&#8243; _module_preset=&#8221;default&#8221; global_colors_info=&#8221;{}&#8221;][et_pb_text _builder_version=&#8221;4.27.4&#8243; _module_preset=&#8221;default&#8221; global_colors_info=&#8221;{}&#8221;]<\/p>\n<p>&nbsp;<\/p>\n<p>Samlingen inleddes med att lunch intogs p\u00e5 Sofiehofs restaurang. <br \/>D\u00e4refter samlades medlemmarna p\u00e5 2:a v\u00e5ningen i konferenssalen \u201dVatten\u201d, d\u00e4r det \u201d \u00d6ppna<br \/>styrelsem\u00f6tet\u201d skulle avh\u00e5llas. V\u00e5r ordf\u00f6rande Sven Johansson h\u00e4lsade alla v\u00e4lkomna och<br \/>riktade sig speciellt till den inbjudne f\u00f6redragsh\u00e5llaren Peter Matusek som skulle tala \u00f6ver<br \/>\u00e4mnet \u201d En bisak\u201d dvs om biodling. Matuseks farfar, som kom fr\u00e5n Tyskland till Sverige p\u00e5<br \/>40-talet var engagerad biodlare, vars intresse \u00f6vertagits av barnbarnet Peter, som ber\u00e4ttade om<br \/>ligustica drottningar och tusentals bi\u00e4gg. En drottning v\u00e4ger ca 2 g och dr\u00f6narna 1,2, fick<br \/>\u00e5h\u00f6rarna l\u00e4ra sig. De ligustica drottningarna \u00e4r sn\u00e4lla&#8230;.. man kan g\u00e5 med bar \u00f6verkropp invid<br \/>bikuporna. Ett bi flyger under sin levnad ca 2 ggr runt jorden.<br \/>M\u00e5nga intressanta fr\u00e5gor st\u00e4lldes av de intresserade sj\u00f6m\u00e4nnen till f\u00f6redragsh\u00e5llaren, som p\u00e5<br \/>ett naturligt vis gav prov p\u00e5 sin stora kunskap i \u00e4mnet biodling. Ordf\u00f6randen gav Peter<br \/>Matusek en flaska champagne och han fick ocks\u00e5 ta emot appl\u00e5der av \u00e5h\u00f6rarna.<\/p>\n<p><a href=\"https:\/\/marinkamraterna.se\/jonkoping\/wp-content\/uploads\/sites\/17\/2025\/04\/Protokoll-fort-vid-Oppet-styrelsemote-med-Flottans-Man-Jonkoping-16-april-2025.pdf\">M\u00f6tesprotokoll, klicka h\u00e4r<\/a><\/p>\n<p>Text: Leif Aljered<\/p>\n<p>Bilder: Per-\u00c5ke Strands\u00e4ter<\/p>\n<p>&nbsp;<\/p>\n<p>[\/et_pb_text][\/et_pb_column_inner][\/et_pb_row_inner][et_pb_row_inner _builder_version=&#8221;4.27.4&#8243; _module_preset=&#8221;default&#8221; global_colors_info=&#8221;{}&#8221;][et_pb_column_inner saved_specialty_column_type=&#8221;3_4&#8243; _builder_version=&#8221;4.27.4&#8243; _module_preset=&#8221;default&#8221; global_colors_info=&#8221;{}&#8221;][et_pb_image src=&#8221;https:\/\/marinkamraterna.se\/jonkoping\/wp-content\/uploads\/sites\/17\/2025\/04\/IMG_0279.jpg&#8221; title_text=&#8221;IMG 0279&#8243; _builder_version=&#8221;4.27.4&#8243; _module_preset=&#8221;default&#8221; global_colors_info=&#8221;{}&#8221;][\/et_pb_image][\/et_pb_column_inner][\/et_pb_row_inner][et_pb_row_inner _builder_version=&#8221;4.27.4&#8243; _module_preset=&#8221;default&#8221; global_colors_info=&#8221;{}&#8221;][et_pb_column_inner saved_specialty_column_type=&#8221;3_4&#8243; _builder_version=&#8221;4.27.4&#8243; _module_preset=&#8221;default&#8221; global_colors_info=&#8221;{}&#8221;][et_pb_image src=&#8221;https:\/\/marinkamraterna.se\/jonkoping\/wp-content\/uploads\/sites\/17\/2025\/04\/IMG_0280.jpg&#8221; title_text=&#8221;IMG 0280&#8243; _builder_version=&#8221;4.27.4&#8243; _module_preset=&#8221;default&#8221; global_colors_info=&#8221;{}&#8221;][\/et_pb_image][\/et_pb_column_inner][\/et_pb_row_inner][et_pb_row_inner _builder_version=&#8221;4.27.4&#8243; _module_preset=&#8221;default&#8221; global_colors_info=&#8221;{}&#8221;][et_pb_column_inner saved_specialty_column_type=&#8221;3_4&#8243; _builder_version=&#8221;4.27.4&#8243; _module_preset=&#8221;default&#8221; global_colors_info=&#8221;{}&#8221;][et_pb_image src=&#8221;https:\/\/marinkamraterna.se\/jonkoping\/wp-content\/uploads\/sites\/17\/2025\/04\/IMG_0282.jpg&#8221; title_text=&#8221;IMG 0282&#8243; _builder_version=&#8221;4.27.4&#8243; _module_preset=&#8221;default&#8221; global_colors_info=&#8221;{}&#8221;][\/et_pb_image][\/et_pb_column_inner][\/et_pb_row_inner][et_pb_row_inner _builder_version=&#8221;4.27.4&#8243; _module_preset=&#8221;default&#8221; global_colors_info=&#8221;{}&#8221;][et_pb_column_inner saved_specialty_column_type=&#8221;3_4&#8243; _builder_version=&#8221;4.27.4&#8243; _module_preset=&#8221;default&#8221; global_colors_info=&#8221;{}&#8221;][et_pb_image src=&#8221;https:\/\/marinkamraterna.se\/jonkoping\/wp-content\/uploads\/sites\/17\/2025\/04\/IMG_0278.jpg&#8221; title_text=&#8221;IMG 0278&#8243; _builder_version=&#8221;4.27.4&#8243; _module_preset=&#8221;default&#8221; global_colors_info=&#8221;{}&#8221;][\/et_pb_image][\/et_pb_column_inner][\/et_pb_row_inner][et_pb_row_inner _builder_version=&#8221;4.27.4&#8243; _module_preset=&#8221;default&#8221; global_colors_info=&#8221;{}&#8221;][et_pb_column_inner saved_specialty_column_type=&#8221;3_4&#8243; _builder_version=&#8221;4.27.4&#8243; _module_preset=&#8221;default&#8221; global_colors_info=&#8221;{}&#8221;][et_pb_image src=&#8221;https:\/\/marinkamraterna.se\/jonkoping\/wp-content\/uploads\/sites\/17\/2025\/04\/IMG_0281.jpg&#8221; title_text=&#8221;IMG 0281&#8243; _builder_version=&#8221;4.27.4&#8243; _module_preset=&#8221;default&#8221; global_colors_info=&#8221;{}&#8221;][\/et_pb_image][\/et_pb_column_inner][\/et_pb_row_inner][et_pb_row_inner _builder_version=&#8221;4.27.4&#8243; _module_preset=&#8221;default&#8221; global_colors_info=&#8221;{}&#8221;][et_pb_column_inner saved_specialty_column_type=&#8221;3_4&#8243; _builder_version=&#8221;4.27.4&#8243; _module_preset=&#8221;default&#8221; global_colors_info=&#8221;{}&#8221;][et_pb_image src=&#8221;https:\/\/marinkamraterna.se\/jonkoping\/wp-content\/uploads\/sites\/17\/2025\/04\/IMG_0302.jpg&#8221; title_text=&#8221;IMG 0302&#8243; _builder_version=&#8221;4.27.4&#8243; _module_preset=&#8221;default&#8221; global_colors_info=&#8221;{}&#8221;][\/et_pb_image][\/et_pb_column_inner][\/et_pb_row_inner][et_pb_row_inner _builder_version=&#8221;4.27.4&#8243; _module_preset=&#8221;default&#8221; global_colors_info=&#8221;{}&#8221;][et_pb_column_inner saved_specialty_column_type=&#8221;3_4&#8243; _builder_version=&#8221;4.27.4&#8243; _module_preset=&#8221;default&#8221; global_colors_info=&#8221;{}&#8221;][et_pb_image src=&#8221;https:\/\/marinkamraterna.se\/jonkoping\/wp-content\/uploads\/sites\/17\/2025\/04\/IMG_0304.jpg&#8221; title_text=&#8221;IMG 0304&#8243; _builder_version=&#8221;4.27.4&#8243; _module_preset=&#8221;default&#8221; global_colors_info=&#8221;{}&#8221;][\/et_pb_image][\/et_pb_column_inner][\/et_pb_row_inner][\/et_pb_column][\/et_pb_section]<\/p>\n","protected":false},"excerpt":{"rendered":"<p>&nbsp; Samlingen inleddes med att lunch intogs p\u00e5 Sofiehofs restaurang. D\u00e4refter samlades medlemmarna p\u00e5 2:a v\u00e5ningen i konferenssalen \u201dVatten\u201d, d\u00e4r det \u201d \u00d6ppnastyrelsem\u00f6tet\u201d skulle avh\u00e5llas. V\u00e5r ordf\u00f6rande Sven Johansson h\u00e4lsade alla v\u00e4lkomna ochriktade sig speciellt till den inbjudne f\u00f6redragsh\u00e5llaren Peter Matusek som skulle tala \u00f6ver\u00e4mnet \u201d En bisak\u201d dvs om biodling. Matuseks farfar, som kom [&hellip;]<\/p>\n","protected":false},"author":14,"featured_media":0,"parent":35459,"menu_order":4,"comment_status":"closed","ping_status":"closed","template":"","meta":{"_et_pb_use_builder":"on","_et_pb_old_content":"\u00c5rsm\u00f6te h\u00f6lls i Domsand 2021-09-08<img src=\"http:\/\/marinkamraterna.se\/jonkoping\/wp-content\/uploads\/sites\/17\/2021\/09\/Flottans-Man-Arsmote-DBS-Hans-Rydbeck-8.9-21-1-450x600.jpg\" alt=\"\" width=\"450\" height=\"600\" class=\"alignnone size-medium wp-image-35318\" \/>\r\n\r\n<img src=\"http:\/\/marinkamraterna.se\/jonkoping\/wp-content\/uploads\/sites\/17\/2021\/09\/Flottans-Man-Arsmote-DBS-gruppbild-8.9-21-1-600x440.jpg\" alt=\"\" width=\"600\" height=\"440\" class=\"alignnone size-medium wp-image-35317\" \/>\r\n\r\n<img src=\"http:\/\/marinkamraterna.se\/jonkoping\/wp-content\/uploads\/sites\/17\/2021\/09\/Flottans-Man-Arsmote-DBS-foredragshallare-Klas-Peter-Suneson-8.9-21-1-467x600.jpg\" alt=\"\" width=\"467\" height=\"600\" class=\"alignnone size-medium wp-image-35316\" \/>\r\n\r\n<img src=\"http:\/\/marinkamraterna.se\/jonkoping\/wp-content\/uploads\/sites\/17\/2021\/09\/Flottans-Man-Arsmote-DBS-Bengt-Ake-Warnbring-8.9-21-1-1-450x600.jpg\" alt=\"\" width=\"450\" height=\"600\" class=\"alignnone size-medium wp-image-35315\" \/>\r\n\r\n<img src=\"http:\/\/marinkamraterna.se\/jonkoping\/wp-content\/uploads\/sites\/17\/2021\/09\/Flottans-Man-Arsmote-DBS-klubbmasteriet-skall-duka-upp-8.9-21-1-600x472.jpg\" alt=\"\u00c5rsm\u00f6te 2021\" width=\"600\" height=\"472\" class=\"alignnone size-medium wp-image-35314\" \/>","_et_gb_content_width":"","iawp_total_views":74,"footnotes":""},"class_list":["post-38839","page","type-page","status-publish","hentry"],"_links":{"self":[{"href":"https:\/\/marinkamraterna.se\/jonkoping\/wp-json\/wp\/v2\/pages\/38839","targetHints":{"allow":["GET"]}}],"collection":[{"href":"https:\/\/marinkamraterna.se\/jonkoping\/wp-json\/wp\/v2\/pages"}],"about":[{"href":"https:\/\/marinkamraterna.se\/jonkoping\/wp-json\/wp\/v2\/types\/page"}],"author":[{"embeddable":true,"href":"https:\/\/marinkamraterna.se\/jonkoping\/wp-json\/wp\/v2\/users\/14"}],"replies":[{"embeddable":true,"href":"https:\/\/marinkamraterna.se\/jonkoping\/wp-json\/wp\/v2\/comments?post=38839"}],"version-history":[{"count":32,"href":"https:\/\/marinkamraterna.se\/jonkoping\/wp-json\/wp\/v2\/pages\/38839\/revisions"}],"predecessor-version":[{"id":39031,"href":"https:\/\/marinkamraterna.se\/jonkoping\/wp-json\/wp\/v2\/pages\/38839\/revisions\/39031"}],"up":[{"embeddable":true,"href":"https:\/\/marinkamraterna.se\/jonkoping\/wp-json\/wp\/v2\/pages\/35459"}],"wp:attachment":[{"href":"https:\/\/marinkamraterna.se\/jonkoping\/wp-json\/wp\/v2\/media?parent=38839"}],"curies":[{"name":"wp","href":"https:\/\/api.w.org\/{rel}","templated":true}]}}