{"id":38930,"date":"2025-02-23T16:04:42","date_gmt":"2025-02-23T15:04:42","guid":{"rendered":"https:\/\/marinkamraterna.se\/jonkoping\/?page_id=38930"},"modified":"2025-02-23T16:04:42","modified_gmt":"2025-02-23T15:04:42","slug":"arsmote-2025","status":"publish","type":"page","link":"https:\/\/marinkamraterna.se\/jonkoping\/startsidan\/bilder\/arsmote-2025\/","title":{"rendered":"\u00c5rsm\u00f6te 2025"},"content":{"rendered":"<p>[et_pb_section fb_built=&#8221;1&#8243; use_custom_gutter=&#8221;on&#8221; gutter_width=&#8221;2&#8243; specialty=&#8221;on&#8221; padding_top_1=&#8221;10px&#8221; padding_top_bottom_link_1=&#8221;false&#8221; padding_left_right_link_1=&#8221;false&#8221; _builder_version=&#8221;4.16&#8243; _module_preset=&#8221;default&#8221; custom_margin=&#8221;|10px||||&#8221; custom_padding=&#8221;||||false|false&#8221; global_colors_info=&#8221;{}&#8221;][et_pb_column type=&#8221;1_4&#8243; _builder_version=&#8221;4.16&#8243; custom_padding=&#8221;|||&#8221; global_colors_info=&#8221;{}&#8221; custom_padding__hover=&#8221;|||&#8221;][et_pb_sidebar area=&#8221;et_pb_widget_area_3&#8243; _builder_version=&#8221;4.11.3&#8243; _module_preset=&#8221;default&#8221; header_font=&#8221;|600||on|||||&#8221; body_text_color=&#8221;#0C71C3&#8243; body_font_size=&#8221;14px&#8221; custom_margin=&#8221;||||false|false&#8221; custom_padding=&#8221;||||false|false&#8221; global_module=&#8221;33600&#8243; locked=&#8221;off&#8221; global_colors_info=&#8221;{}&#8221;][\/et_pb_sidebar][\/et_pb_column][et_pb_column type=&#8221;3_4&#8243; specialty_columns=&#8221;3&#8243; _builder_version=&#8221;4.16&#8243; custom_padding=&#8221;|||&#8221; global_colors_info=&#8221;{}&#8221; custom_padding__hover=&#8221;|||&#8221;][et_pb_row_inner use_custom_gutter=&#8221;on&#8221; gutter_width=&#8221;1&#8243; make_equal=&#8221;on&#8221; _builder_version=&#8221;4.16&#8243; _module_preset=&#8221;default&#8221; custom_padding=&#8221;0px||||false|false&#8221; global_colors_info=&#8221;{}&#8221;][et_pb_column_inner saved_specialty_column_type=&#8221;3_4&#8243; _builder_version=&#8221;4.16&#8243; _module_preset=&#8221;default&#8221; global_colors_info=&#8221;{}&#8221;][et_pb_post_title meta=&#8221;off&#8221; featured_image=&#8221;off&#8221; _builder_version=&#8221;4.16&#8243; _module_preset=&#8221;default&#8221; title_font_size=&#8221;35px&#8221; global_colors_info=&#8221;{}&#8221;][\/et_pb_post_title][et_pb_text _builder_version=&#8221;4.16&#8243; _module_preset=&#8221;default&#8221; global_colors_info=&#8221;{}&#8221;][\/et_pb_text][et_pb_text _builder_version=&#8221;4.16&#8243; _module_preset=&#8221;default&#8221; locked=&#8221;off&#8221; global_colors_info=&#8221;{}&#8221;]<\/p>\n<div style=\"border: 0px;font-style: normal;font-weight: 400;font-size: 15px;line-height: inherit;margin: 0px;padding: 0px;vertical-align: baseline;color: #242424;letter-spacing: normal;text-align: start;text-indent: 0px;text-transform: none;background-color: #ffffff\">Det fjortonde \u00e5rsm\u00f6tet i den nyuppv\u00e4ckta F\u00f6reningens historia, inleddes med att ordf. Stig Karl\u00e9n<br \/>h\u00e4lsade deltagarna v\u00e4lkomna till dagens \u00c5rsm\u00f6te.<span style=\"color: #242424;font-size: 15px;font-style: normal;font-weight: 400;letter-spacing: normal;text-align: start;text-indent: 0px;text-transform: none;background-color: #ffffff;float: none\"><\/span><\/div>\n<div style=\"border: 0px;font-style: normal;font-weight: 400;font-size: 15px;line-height: inherit;margin: 0px;padding: 0px;vertical-align: baseline;color: #242424;letter-spacing: normal;text-align: start;text-indent: 0px;text-transform: none;background-color: #ffffff\">Samlingen inleddes med att ordf. h\u00e4lsade dagens f\u00f6redragsh\u00e5llare, Rickard Fransson, Arkivchef, Arkiv<br \/>J\u00f6nk\u00f6pings l\u00e4n.<br \/>F\u00f6redragsh\u00e5llaren informerade om att det finns enskilda och offentliga.arkiv. Grunden f\u00f6r verksamheten<br \/>\u00e4r Folkr\u00f6relsearkiv. Arkiv J\u00f6nk\u00f6pings l\u00e4n, Norrahammars Folkr\u00f6relsearkiv m.fl best\u00e5r av 140 medlemmar<br \/>och st\u00f6rst \u00e4r Arkiv J\u00f6nk\u00f6pings l\u00e4n, som skall tillvarata l\u00e4nets arkivfr\u00e5gor, samordna och vara v\u00e4gledande<br \/>och r\u00e5dgivande i arkivfr\u00e5gor. \u201d Arkiven skyddar v\u00e5r historia och hindrar att vi gl\u00f6mmer den \u201d, sa<br \/>f\u00f6redragsh\u00e5llaren,som betonade begreppet \u201dordna och bevara \u201d. I arkivet finns 340000 fotografier. 3500<br \/>affischer och 350 fanor och standarer.Fransson visade intressanta protokoll och foton bl.a fr\u00e5n Flottans<br \/>M\u00e4ns lokalavdelning i Vadstena. F\u00f6rerningen var verksam under 10-12 \u00e5r p\u00e5 -50-60 talen.<\/div>\n<p>[\/et_pb_text][\/et_pb_column_inner][\/et_pb_row_inner][et_pb_row_inner _builder_version=&#8221;4.27.4&#8243; _module_preset=&#8221;default&#8221; global_colors_info=&#8221;{}&#8221;][et_pb_column_inner saved_specialty_column_type=&#8221;3_4&#8243; _builder_version=&#8221;4.27.4&#8243; _module_preset=&#8221;default&#8221; global_colors_info=&#8221;{}&#8221;][et_pb_image src=&#8221;https:\/\/marinkamraterna.se\/jonkoping\/wp-content\/uploads\/sites\/17\/2025\/02\/thumbnail_IMG_0175-foredragshallare.jpg&#8221; title_text=&#8221;Thumbnail IMG 0175 F\u00f6redragsh\u00e5llare&#8221; _builder_version=&#8221;4.27.4&#8243; _module_preset=&#8221;default&#8221; global_colors_info=&#8221;{}&#8221;][\/et_pb_image][\/et_pb_column_inner][\/et_pb_row_inner][et_pb_row_inner _builder_version=&#8221;4.27.4&#8243; _module_preset=&#8221;default&#8221; global_colors_info=&#8221;{}&#8221;][et_pb_column_inner saved_specialty_column_type=&#8221;3_4&#8243; _builder_version=&#8221;4.27.4&#8243; _module_preset=&#8221;default&#8221; global_colors_info=&#8221;{}&#8221;][et_pb_text _builder_version=&#8221;4.27.4&#8243; _module_preset=&#8221;default&#8221; global_colors_info=&#8221;{}&#8221;]<\/p>\n<p>Ordf, Stig Karl\u00e9n tackade f\u00f6redragsh\u00e5llaren och \u00f6verl\u00e4mnade en flaska champagne<br \/>som tack f\u00f6r ett intressant f\u00f6redrag. \u00c5h\u00f6rarna gav Rickard Fransson appl\u00e5der<\/p>\n<p>[\/et_pb_text][\/et_pb_column_inner][\/et_pb_row_inner][et_pb_row_inner _builder_version=&#8221;4.27.4&#8243; _module_preset=&#8221;default&#8221; global_colors_info=&#8221;{}&#8221;][et_pb_column_inner saved_specialty_column_type=&#8221;3_4&#8243; _builder_version=&#8221;4.27.4&#8243; _module_preset=&#8221;default&#8221; global_colors_info=&#8221;{}&#8221;][et_pb_image src=&#8221;https:\/\/marinkamraterna.se\/jonkoping\/wp-content\/uploads\/sites\/17\/2025\/02\/thumbnail_IMG_0170.jpg&#8221; title_text=&#8221;Thumbnail IMG 0170&#8243; _builder_version=&#8221;4.27.4&#8243; _module_preset=&#8221;default&#8221; global_colors_info=&#8221;{}&#8221;][\/et_pb_image][et_pb_text _builder_version=&#8221;4.27.4&#8243; _module_preset=&#8221;default&#8221; hover_enabled=&#8221;0&#8243; sticky_enabled=&#8221;0&#8243;]<\/p>\n<div style=\"border: 0px;font-style: normal;font-weight: 400;font-size: 15px;line-height: inherit;margin: 0px;padding: 0px;vertical-align: baseline;color: #242424;letter-spacing: normal;text-align: start;text-indent: 0px;text-transform: none;background-color: #ffffff\">Thorleif Rubin, Anders Lindell i samtal p\u00e5 lunhen<\/div>\n<p>[\/et_pb_text][\/et_pb_column_inner][\/et_pb_row_inner][et_pb_row_inner _builder_version=&#8221;4.27.4&#8243; _module_preset=&#8221;default&#8221; global_colors_info=&#8221;{}&#8221;][et_pb_column_inner saved_specialty_column_type=&#8221;3_4&#8243; _builder_version=&#8221;4.27.4&#8243; _module_preset=&#8221;default&#8221; global_colors_info=&#8221;{}&#8221;][et_pb_image src=&#8221;https:\/\/marinkamraterna.se\/jonkoping\/wp-content\/uploads\/sites\/17\/2025\/02\/thumbnail_IMG_0171.jpg&#8221; title_text=&#8221;Thumbnail IMG 0171&#8243; _builder_version=&#8221;4.27.4&#8243; _module_preset=&#8221;default&#8221; global_colors_info=&#8221;{}&#8221;][\/et_pb_image][et_pb_text _builder_version=&#8221;4.27.4&#8243; _module_preset=&#8221;default&#8221; hover_enabled=&#8221;0&#8243; sticky_enabled=&#8221;0&#8243;]<\/p>\n<p>V\u00e5r nya ordf\u00f6rare Sven Johansson i samtal med Jan Hallstr\u00f6m och Hans Rydb\u00e4ck<\/p>\n<p>&nbsp;<\/p>\n<p>Foto: Per-\u00c5ke Atrands\u00e4ter<\/p>\n<p>[\/et_pb_text][\/et_pb_column_inner][\/et_pb_row_inner][\/et_pb_column][\/et_pb_section]<\/p>\n","protected":false},"excerpt":{"rendered":"<p>Det fjortonde \u00e5rsm\u00f6tet i den nyuppv\u00e4ckta F\u00f6reningens historia, inleddes med att ordf. Stig Karl\u00e9nh\u00e4lsade deltagarna v\u00e4lkomna till dagens \u00c5rsm\u00f6te. Samlingen inleddes med att ordf. h\u00e4lsade dagens f\u00f6redragsh\u00e5llare, Rickard Fransson, Arkivchef, ArkivJ\u00f6nk\u00f6pings l\u00e4n.F\u00f6redragsh\u00e5llaren informerade om att det finns enskilda och offentliga.arkiv. Grunden f\u00f6r verksamheten\u00e4r Folkr\u00f6relsearkiv. Arkiv J\u00f6nk\u00f6pings l\u00e4n, Norrahammars Folkr\u00f6relsearkiv m.fl best\u00e5r av 140 medlemmaroch st\u00f6rst [&hellip;]<\/p>\n","protected":false},"author":14,"featured_media":0,"parent":35459,"menu_order":1,"comment_status":"closed","ping_status":"closed","template":"","meta":{"_et_pb_use_builder":"on","_et_pb_old_content":"\u00c5rsm\u00f6te h\u00f6lls i Domsand 2021-09-08<img src=\"http:\/\/marinkamraterna.se\/jonkoping\/wp-content\/uploads\/sites\/17\/2021\/09\/Flottans-Man-Arsmote-DBS-Hans-Rydbeck-8.9-21-1-450x600.jpg\" alt=\"\" width=\"450\" height=\"600\" class=\"alignnone size-medium wp-image-35318\" \/>\r\n\r\n<img src=\"http:\/\/marinkamraterna.se\/jonkoping\/wp-content\/uploads\/sites\/17\/2021\/09\/Flottans-Man-Arsmote-DBS-gruppbild-8.9-21-1-600x440.jpg\" alt=\"\" width=\"600\" height=\"440\" class=\"alignnone size-medium wp-image-35317\" \/>\r\n\r\n<img src=\"http:\/\/marinkamraterna.se\/jonkoping\/wp-content\/uploads\/sites\/17\/2021\/09\/Flottans-Man-Arsmote-DBS-foredragshallare-Klas-Peter-Suneson-8.9-21-1-467x600.jpg\" alt=\"\" width=\"467\" height=\"600\" class=\"alignnone size-medium wp-image-35316\" \/>\r\n\r\n<img src=\"http:\/\/marinkamraterna.se\/jonkoping\/wp-content\/uploads\/sites\/17\/2021\/09\/Flottans-Man-Arsmote-DBS-Bengt-Ake-Warnbring-8.9-21-1-1-450x600.jpg\" alt=\"\" width=\"450\" height=\"600\" class=\"alignnone size-medium wp-image-35315\" \/>\r\n\r\n<img src=\"http:\/\/marinkamraterna.se\/jonkoping\/wp-content\/uploads\/sites\/17\/2021\/09\/Flottans-Man-Arsmote-DBS-klubbmasteriet-skall-duka-upp-8.9-21-1-600x472.jpg\" alt=\"\u00c5rsm\u00f6te 2021\" width=\"600\" height=\"472\" class=\"alignnone size-medium wp-image-35314\" \/>","_et_gb_content_width":"","iawp_total_views":67,"footnotes":""},"class_list":["post-38930","page","type-page","status-publish","hentry"],"_links":{"self":[{"href":"https:\/\/marinkamraterna.se\/jonkoping\/wp-json\/wp\/v2\/pages\/38930","targetHints":{"allow":["GET"]}}],"collection":[{"href":"https:\/\/marinkamraterna.se\/jonkoping\/wp-json\/wp\/v2\/pages"}],"about":[{"href":"https:\/\/marinkamraterna.se\/jonkoping\/wp-json\/wp\/v2\/types\/page"}],"author":[{"embeddable":true,"href":"https:\/\/marinkamraterna.se\/jonkoping\/wp-json\/wp\/v2\/users\/14"}],"replies":[{"embeddable":true,"href":"https:\/\/marinkamraterna.se\/jonkoping\/wp-json\/wp\/v2\/comments?post=38930"}],"version-history":[{"count":7,"href":"https:\/\/marinkamraterna.se\/jonkoping\/wp-json\/wp\/v2\/pages\/38930\/revisions"}],"predecessor-version":[{"id":38956,"href":"https:\/\/marinkamraterna.se\/jonkoping\/wp-json\/wp\/v2\/pages\/38930\/revisions\/38956"}],"up":[{"embeddable":true,"href":"https:\/\/marinkamraterna.se\/jonkoping\/wp-json\/wp\/v2\/pages\/35459"}],"wp:attachment":[{"href":"https:\/\/marinkamraterna.se\/jonkoping\/wp-json\/wp\/v2\/media?parent=38930"}],"curies":[{"name":"wp","href":"https:\/\/api.w.org\/{rel}","templated":true}]}}