{"id":38969,"date":"2025-03-25T10:18:23","date_gmt":"2025-03-25T09:18:23","guid":{"rendered":"https:\/\/marinkamraterna.se\/jonkoping\/?page_id=38969"},"modified":"2025-03-25T10:20:29","modified_gmt":"2025-03-25T09:20:29","slug":"regionmote-i-jonkoping-2025-03-19","status":"publish","type":"page","link":"https:\/\/marinkamraterna.se\/jonkoping\/startsidan\/bilder\/regionmote-i-jonkoping-2025-03-19\/","title":{"rendered":"Region V\u00e4st m\u00f6te den 21 mars 2025"},"content":{"rendered":"<p>[et_pb_section fb_built=&#8221;1&#8243; use_custom_gutter=&#8221;on&#8221; gutter_width=&#8221;2&#8243; specialty=&#8221;on&#8221; padding_top_1=&#8221;10px&#8221; padding_top_bottom_link_1=&#8221;false&#8221; padding_left_right_link_1=&#8221;false&#8221; _builder_version=&#8221;4.16&#8243; _module_preset=&#8221;default&#8221; custom_margin=&#8221;|10px||||&#8221; custom_padding=&#8221;||||false|false&#8221; global_colors_info=&#8221;{}&#8221;][et_pb_column type=&#8221;1_4&#8243; _builder_version=&#8221;4.16&#8243; custom_padding=&#8221;|||&#8221; global_colors_info=&#8221;{}&#8221; custom_padding__hover=&#8221;|||&#8221;][et_pb_sidebar area=&#8221;et_pb_widget_area_3&#8243; _builder_version=&#8221;4.11.3&#8243; _module_preset=&#8221;default&#8221; header_font=&#8221;|600||on|||||&#8221; body_text_color=&#8221;#0C71C3&#8243; body_font_size=&#8221;14px&#8221; custom_margin=&#8221;||||false|false&#8221; custom_padding=&#8221;||||false|false&#8221; global_module=&#8221;33600&#8243; locked=&#8221;off&#8221; global_colors_info=&#8221;{}&#8221;][\/et_pb_sidebar][\/et_pb_column][et_pb_column type=&#8221;3_4&#8243; specialty_columns=&#8221;3&#8243; _builder_version=&#8221;4.16&#8243; custom_padding=&#8221;|||&#8221; global_colors_info=&#8221;{}&#8221; custom_padding__hover=&#8221;|||&#8221;][et_pb_row_inner use_custom_gutter=&#8221;on&#8221; gutter_width=&#8221;1&#8243; make_equal=&#8221;on&#8221; _builder_version=&#8221;4.16&#8243; _module_preset=&#8221;default&#8221; custom_padding=&#8221;0px||||false|false&#8221; global_colors_info=&#8221;{}&#8221;][et_pb_column_inner saved_specialty_column_type=&#8221;3_4&#8243; _builder_version=&#8221;4.16&#8243; _module_preset=&#8221;default&#8221; global_colors_info=&#8221;{}&#8221;][et_pb_post_title meta=&#8221;off&#8221; featured_image=&#8221;off&#8221; _builder_version=&#8221;4.16&#8243; _module_preset=&#8221;default&#8221; title_font_size=&#8221;35px&#8221; global_colors_info=&#8221;{}&#8221;][\/et_pb_post_title][et_pb_text _builder_version=&#8221;4.16&#8243; _module_preset=&#8221;default&#8221; global_colors_info=&#8221;{}&#8221;][\/et_pb_text][et_pb_text _builder_version=&#8221;4.16&#8243; _module_preset=&#8221;default&#8221; locked=&#8221;off&#8221; global_colors_info=&#8221;{}&#8221;]<\/p>\n<div style=\"border: 0px;font-style: normal;font-weight: 400;font-size: 15px;line-height: inherit;margin: 0px;padding: 0px;vertical-align: baseline;color: #242424;letter-spacing: normal;text-align: start;text-indent: 0px;text-transform: none;background-color: #ffffff\">\n<p style=\"margin-bottom: 0cm;line-height: 100%\"><b>Region V\u00e4st m\u00f6te den 21 mars 2025<\/b>: ansvarig f\u00f6r m\u00f6tet var Lokalavdelningen Flottans M\u00e4n J\u00f6nk\u00f6ping.<\/p>\n<p style=\"margin-bottom: 0cm;line-height: 100%\">\n<p style=\"margin-bottom: 0cm;line-height: 100%\">Region V\u00e4st med Lokalavdelningar \u00e4r :<\/p>\n<p style=\"margin-bottom: 0cm;line-height: 100%\">\u00c4ngelholm<\/p>\n<p style=\"margin-bottom: 0cm;line-height: 100%\">Halmstad<\/p>\n<p style=\"margin-bottom: 0cm;line-height: 100%\">Varberg<\/p>\n<p style=\"margin-bottom: 0cm;line-height: 100%\">G\u00f6teborg<\/p>\n<p style=\"margin-bottom: 0cm;line-height: 100%\">Lysekil<\/p>\n<p style=\"margin-bottom: 0cm;line-height: 100%\">Karlstad<\/p>\n<p style=\"margin-bottom: 0cm;line-height: 100%\">J\u00f6nk\u00f6ping<\/p>\n<p style=\"margin-bottom: 0cm;line-height: 100%\">\n<p style=\"margin-bottom: 0cm;line-height: 100%\">Region V\u00e4sts m\u00f6te,v\u00e5ren 2025 , genomf\u00f6rdes med digitala Team systemet. I J\u00f6nk\u00f6ping h\u00f6lls v\u00e5rt teamsm\u00f6te hemma hos v\u00e5r vice ordf\u00f6rande tillika, Kass\u00f6r Stig Karl\u00e9n.<\/p>\n<p style=\"margin-bottom: 0cm;line-height: 100%\">N\u00e4rvarande i J\u00f6nk\u00f6ping var v\u00e5r ordf\u00f6rande Sven Johansson, Stig Karl\u00e9n, Leif Aljered, Cristina Johansson ( Team sakkunnig) och Per \u00c5ke Strands\u00e4ter.<\/p>\n<p style=\"margin-bottom: 0cm;line-height: 100%\">Till ordf\u00f6rande valdes Stig Karl\u00e9n.<\/p>\n<p style=\"margin-bottom: 0cm;line-height: 100%\">F\u00f6ljande var representerade \u00f6ver Teams eller telefon:<\/p>\n<p style=\"margin-bottom: 0cm;line-height: 100%\">Halmstad<\/p>\n<p style=\"margin-bottom: 0cm;line-height: 100%\">Varberg<\/p>\n<p style=\"margin-bottom: 0cm;line-height: 100%\">Lysekil<\/p>\n<p style=\"margin-bottom: 0cm;line-height: 100%\">\n<p style=\"margin-bottom: 0cm;line-height: 100%\">Tyv\u00e4rr hade flera av F\u00f6reningarna i V\u00e4st f\u00f6rhinder att medverka.Av protokollet kan man utl\u00e4sa att Loalavdelningrana anser att det r\u00e4cker med att tr\u00e4ffas en g\u00e5ng per \u00e5r och d\u00e5 i fysisk form dvs utan att bruka digitala Team systemet.<\/p>\n<p style=\"margin-bottom: 0cm;line-height: 100%\">\n<p style=\"margin-bottom: 0cm;line-height: 100%\">Leif Aljered<\/p>\n<p style=\"margin-bottom: 0cm;line-height: 100%\">\n<p style=\"margin-bottom: 0cm;line-height: 100%\">\n<p style=\"margin-bottom: 0cm;line-height: 100%\">\n<\/div>\n<p>[\/et_pb_text][\/et_pb_column_inner][\/et_pb_row_inner][et_pb_row_inner _builder_version=&#8221;4.27.4&#8243; _module_preset=&#8221;default&#8221; global_colors_info=&#8221;{}&#8221;][et_pb_column_inner saved_specialty_column_type=&#8221;3_4&#8243; _builder_version=&#8221;4.27.4&#8243; _module_preset=&#8221;default&#8221; global_colors_info=&#8221;{}&#8221;][et_pb_image src=&#8221;https:\/\/marinkamraterna.se\/jonkoping\/wp-content\/uploads\/sites\/17\/2025\/03\/DBAAAD57-0280-4D71-BD55-37504834A53C.jpeg&#8221; title_text=&#8221;DBAAAD57 0280 4D71 BD55 37504834A53C&#8221; _builder_version=&#8221;4.27.4&#8243; _module_preset=&#8221;default&#8221; global_colors_info=&#8221;{}&#8221;][\/et_pb_image][\/et_pb_column_inner][\/et_pb_row_inner][et_pb_row_inner _builder_version=&#8221;4.27.4&#8243; _module_preset=&#8221;default&#8221; global_colors_info=&#8221;{}&#8221;][et_pb_column_inner saved_specialty_column_type=&#8221;3_4&#8243; _builder_version=&#8221;4.27.4&#8243; _module_preset=&#8221;default&#8221; global_colors_info=&#8221;{}&#8221;][et_pb_text _builder_version=&#8221;4.27.4&#8243; _module_preset=&#8221;default&#8221; global_colors_info=&#8221;{}&#8221;]<\/p>\n<div dir=\"auto\" data-olk-copy-source=\"MessageBody\" style=\"border: 0px;font-style: normal;font-weight: 400;font-size: 15px;line-height: inherit;margin: 0px;padding: 0px;vertical-align: baseline;color: #242424;letter-spacing: normal;text-align: start;text-indent: 0px;text-transform: none;background-color: #ffffff\">Fr\u00e5n v\u00e4nster:<\/div>\n<div dir=\"auto\" style=\"border: 0px;font-style: normal;font-weight: 400;font-size: 15px;line-height: inherit;margin: 0px;padding: 0px;vertical-align: baseline;color: #242424;letter-spacing: normal;text-align: start;text-indent: 0px;text-transform: none;background-color: #ffffff\">Stig Karl\u00e9n<\/div>\n<div dir=\"auto\" style=\"border: 0px;font-style: normal;font-weight: 400;font-size: 15px;line-height: inherit;margin: 0px;padding: 0px;vertical-align: baseline;color: #242424;letter-spacing: normal;text-align: start;text-indent: 0px;text-transform: none;background-color: #ffffff\">Sven Johansson<\/div>\n<div dir=\"auto\" style=\"border: 0px;font-style: normal;font-weight: 400;font-size: 15px;line-height: inherit;margin: 0px;padding: 0px;vertical-align: baseline;color: #242424;letter-spacing: normal;text-align: start;text-indent: 0px;text-transform: none;background-color: #ffffff\">Cristina Johansson<\/div>\n<div dir=\"auto\" style=\"border: 0px;font-style: normal;font-weight: 400;font-size: 15px;line-height: inherit;margin: 0px;padding: 0px;vertical-align: baseline;color: #242424;letter-spacing: normal;text-align: start;text-indent: 0px;text-transform: none;background-color: #ffffff\">Leif Aljered<\/div>\n<div dir=\"auto\" style=\"border: 0px;font-style: normal;font-weight: 400;font-size: 15px;line-height: inherit;margin: 0px;padding: 0px;vertical-align: baseline;color: #242424;letter-spacing: normal;text-align: start;text-indent: 0px;text-transform: none;background-color: #ffffff\"><\/div>\n<div dir=\"auto\" style=\"border: 0px;font-style: normal;font-weight: 400;font-size: 15px;line-height: inherit;margin: 0px;padding: 0px;vertical-align: baseline;color: #242424;letter-spacing: normal;text-align: start;text-indent: 0px;text-transform: none;background-color: #ffffff\"><\/div>\n<div dir=\"auto\" style=\"border: 0px;font-style: normal;font-weight: 400;font-size: 15px;line-height: inherit;margin: 0px;padding: 0px;vertical-align: baseline;color: #242424;letter-spacing: normal;text-align: start;text-indent: 0px;text-transform: none;background-color: #ffffff\"><\/div>\n<div dir=\"auto\" style=\"border: 0px;font-style: normal;font-weight: 400;font-size: 15px;line-height: inherit;margin: 0px;padding: 0px;vertical-align: baseline;color: #242424;letter-spacing: normal;text-align: start;text-indent: 0px;text-transform: none;background-color: #ffffff\"><\/div>\n<div dir=\"auto\" style=\"border: 0px;font-style: normal;font-weight: 400;font-size: 15px;line-height: inherit;margin: 0px;padding: 0px;vertical-align: baseline;color: #242424;letter-spacing: normal;text-align: start;text-indent: 0px;text-transform: none;background-color: #ffffff\">Foto:Per-\u00c5ke Strands\u00e4ter<\/div>\n<p>[\/et_pb_text][\/et_pb_column_inner][\/et_pb_row_inner][et_pb_row_inner _builder_version=&#8221;4.27.4&#8243; _module_preset=&#8221;default&#8221; global_colors_info=&#8221;{}&#8221;][et_pb_column_inner saved_specialty_column_type=&#8221;3_4&#8243; _builder_version=&#8221;4.27.4&#8243; _module_preset=&#8221;default&#8221; global_colors_info=&#8221;{}&#8221;][et_pb_image src=&#8221;https:\/\/marinkamraterna.se\/jonkoping\/wp-content\/uploads\/sites\/17\/2025\/03\/IMG_2973.jpg&#8221; title_text=&#8221;IMG 2973&#8243; _builder_version=&#8221;4.27.4&#8243; _module_preset=&#8221;default&#8221; global_colors_info=&#8221;{}&#8221;][\/et_pb_image][\/et_pb_column_inner][\/et_pb_row_inner][et_pb_row_inner _builder_version=&#8221;4.27.4&#8243; _module_preset=&#8221;default&#8221; global_colors_info=&#8221;{}&#8221;][et_pb_column_inner saved_specialty_column_type=&#8221;3_4&#8243; _builder_version=&#8221;4.27.4&#8243; _module_preset=&#8221;default&#8221; global_colors_info=&#8221;{}&#8221;][et_pb_text _builder_version=&#8221;4.27.4&#8243; _module_preset=&#8221;default&#8221; global_colors_info=&#8221;{}&#8221;]<\/p>\n<div dir=\"auto\" data-olk-copy-source=\"MessageBody\" style=\"border: 0px;font-style: normal;font-weight: 400;font-size: 15px;line-height: inherit;margin: 0px;padding: 0px;vertical-align: baseline;color: #242424;letter-spacing: normal;text-align: start;text-indent: 0px;text-transform: none;background-color: #ffffff\"><\/div>\n<div dir=\"auto\" data-olk-copy-source=\"MessageBody\" style=\"border: 0px;font-style: normal;font-weight: 400;font-size: 15px;line-height: inherit;margin: 0px;padding: 0px;vertical-align: baseline;color: #242424;letter-spacing: normal;text-align: start;text-indent: 0px;text-transform: none;background-color: #ffffff\">Fr\u00e5n v\u00e4nster:<\/div>\n<div dir=\"auto\" style=\"border: 0px;font-style: normal;font-weight: 400;font-size: 15px;line-height: inherit;margin: 0px;padding: 0px;vertical-align: baseline;color: #242424;letter-spacing: normal;text-align: start;text-indent: 0px;text-transform: none;background-color: #ffffff\">Leif Aljered<\/div>\n<p>Per-\u00c5ke Strands\u00e4ter<\/p>\n<p>Foto: Sven Johansson<\/p>\n<p>&nbsp;<\/p>\n<p>[\/et_pb_text][\/et_pb_column_inner][\/et_pb_row_inner][\/et_pb_column][\/et_pb_section]<\/p>\n","protected":false},"excerpt":{"rendered":"<p>Region V\u00e4st m\u00f6te den 21 mars 2025: ansvarig f\u00f6r m\u00f6tet var Lokalavdelningen Flottans M\u00e4n J\u00f6nk\u00f6ping. Region V\u00e4st med Lokalavdelningar \u00e4r : \u00c4ngelholm Halmstad Varberg G\u00f6teborg Lysekil Karlstad J\u00f6nk\u00f6ping Region V\u00e4sts m\u00f6te,v\u00e5ren 2025 , genomf\u00f6rdes med digitala Team systemet. I J\u00f6nk\u00f6ping h\u00f6lls v\u00e5rt teamsm\u00f6te hemma hos v\u00e5r vice ordf\u00f6rande tillika, Kass\u00f6r Stig Karl\u00e9n. N\u00e4rvarande i J\u00f6nk\u00f6ping [&hellip;]<\/p>\n","protected":false},"author":14,"featured_media":0,"parent":35459,"menu_order":1,"comment_status":"closed","ping_status":"closed","template":"","meta":{"_et_pb_use_builder":"on","_et_pb_old_content":"\u00c5rsm\u00f6te h\u00f6lls i Domsand 2021-09-08<img src=\"http:\/\/marinkamraterna.se\/jonkoping\/wp-content\/uploads\/sites\/17\/2021\/09\/Flottans-Man-Arsmote-DBS-Hans-Rydbeck-8.9-21-1-450x600.jpg\" alt=\"\" width=\"450\" height=\"600\" class=\"alignnone size-medium wp-image-35318\" \/>\r\n\r\n<img src=\"http:\/\/marinkamraterna.se\/jonkoping\/wp-content\/uploads\/sites\/17\/2021\/09\/Flottans-Man-Arsmote-DBS-gruppbild-8.9-21-1-600x440.jpg\" alt=\"\" width=\"600\" height=\"440\" class=\"alignnone size-medium wp-image-35317\" \/>\r\n\r\n<img src=\"http:\/\/marinkamraterna.se\/jonkoping\/wp-content\/uploads\/sites\/17\/2021\/09\/Flottans-Man-Arsmote-DBS-foredragshallare-Klas-Peter-Suneson-8.9-21-1-467x600.jpg\" alt=\"\" width=\"467\" height=\"600\" class=\"alignnone size-medium wp-image-35316\" \/>\r\n\r\n<img src=\"http:\/\/marinkamraterna.se\/jonkoping\/wp-content\/uploads\/sites\/17\/2021\/09\/Flottans-Man-Arsmote-DBS-Bengt-Ake-Warnbring-8.9-21-1-1-450x600.jpg\" alt=\"\" width=\"450\" height=\"600\" class=\"alignnone size-medium wp-image-35315\" \/>\r\n\r\n<img src=\"http:\/\/marinkamraterna.se\/jonkoping\/wp-content\/uploads\/sites\/17\/2021\/09\/Flottans-Man-Arsmote-DBS-klubbmasteriet-skall-duka-upp-8.9-21-1-600x472.jpg\" alt=\"\u00c5rsm\u00f6te 2021\" width=\"600\" height=\"472\" class=\"alignnone size-medium wp-image-35314\" \/>","_et_gb_content_width":"","iawp_total_views":31,"footnotes":""},"class_list":["post-38969","page","type-page","status-publish","hentry"],"_links":{"self":[{"href":"https:\/\/marinkamraterna.se\/jonkoping\/wp-json\/wp\/v2\/pages\/38969","targetHints":{"allow":["GET"]}}],"collection":[{"href":"https:\/\/marinkamraterna.se\/jonkoping\/wp-json\/wp\/v2\/pages"}],"about":[{"href":"https:\/\/marinkamraterna.se\/jonkoping\/wp-json\/wp\/v2\/types\/page"}],"author":[{"embeddable":true,"href":"https:\/\/marinkamraterna.se\/jonkoping\/wp-json\/wp\/v2\/users\/14"}],"replies":[{"embeddable":true,"href":"https:\/\/marinkamraterna.se\/jonkoping\/wp-json\/wp\/v2\/comments?post=38969"}],"version-history":[{"count":9,"href":"https:\/\/marinkamraterna.se\/jonkoping\/wp-json\/wp\/v2\/pages\/38969\/revisions"}],"predecessor-version":[{"id":38989,"href":"https:\/\/marinkamraterna.se\/jonkoping\/wp-json\/wp\/v2\/pages\/38969\/revisions\/38989"}],"up":[{"embeddable":true,"href":"https:\/\/marinkamraterna.se\/jonkoping\/wp-json\/wp\/v2\/pages\/35459"}],"wp:attachment":[{"href":"https:\/\/marinkamraterna.se\/jonkoping\/wp-json\/wp\/v2\/media?parent=38969"}],"curies":[{"name":"wp","href":"https:\/\/api.w.org\/{rel}","templated":true}]}}