{"id":39037,"date":"2025-06-15T22:00:57","date_gmt":"2025-06-15T20:00:57","guid":{"rendered":"https:\/\/marinkamraterna.se\/jonkoping\/?page_id=39037"},"modified":"2025-06-15T22:04:50","modified_gmt":"2025-06-15T20:04:50","slug":"sos-i-domsand-250612","status":"publish","type":"page","link":"https:\/\/marinkamraterna.se\/jonkoping\/startsidan\/bilder\/sos-i-domsand-250612\/","title":{"rendered":"SOS i Domsand 250612"},"content":{"rendered":"<p>[et_pb_section fb_built=&#8221;1&#8243; use_custom_gutter=&#8221;on&#8221; gutter_width=&#8221;2&#8243; specialty=&#8221;on&#8221; padding_top_1=&#8221;10px&#8221; padding_top_bottom_link_1=&#8221;false&#8221; padding_left_right_link_1=&#8221;false&#8221; _builder_version=&#8221;4.16&#8243; _module_preset=&#8221;default&#8221; custom_margin=&#8221;|10px||||&#8221; custom_padding=&#8221;||||false|false&#8221; global_colors_info=&#8221;{}&#8221;][et_pb_column type=&#8221;1_4&#8243; _builder_version=&#8221;4.16&#8243; custom_padding=&#8221;|||&#8221; global_colors_info=&#8221;{}&#8221; custom_padding__hover=&#8221;|||&#8221;][et_pb_sidebar area=&#8221;et_pb_widget_area_3&#8243; _builder_version=&#8221;4.11.3&#8243; _module_preset=&#8221;default&#8221; header_font=&#8221;|600||on|||||&#8221; body_text_color=&#8221;#0C71C3&#8243; body_font_size=&#8221;14px&#8221; custom_margin=&#8221;||||false|false&#8221; custom_padding=&#8221;||||false|false&#8221; global_module=&#8221;33600&#8243; locked=&#8221;off&#8221; global_colors_info=&#8221;{}&#8221;][\/et_pb_sidebar][\/et_pb_column][et_pb_column type=&#8221;3_4&#8243; specialty_columns=&#8221;3&#8243; _builder_version=&#8221;4.16&#8243; custom_padding=&#8221;|||&#8221; global_colors_info=&#8221;{}&#8221; custom_padding__hover=&#8221;|||&#8221;][et_pb_row_inner use_custom_gutter=&#8221;on&#8221; gutter_width=&#8221;1&#8243; make_equal=&#8221;on&#8221; _builder_version=&#8221;4.16&#8243; _module_preset=&#8221;default&#8221; custom_padding=&#8221;0px||||false|false&#8221; global_colors_info=&#8221;{}&#8221;][et_pb_column_inner saved_specialty_column_type=&#8221;3_4&#8243; _builder_version=&#8221;4.16&#8243; _module_preset=&#8221;default&#8221; global_colors_info=&#8221;{}&#8221;][et_pb_post_title meta=&#8221;off&#8221; featured_image=&#8221;off&#8221; _builder_version=&#8221;4.16&#8243; _module_preset=&#8221;default&#8221; title_font_size=&#8221;35px&#8221; global_colors_info=&#8221;{}&#8221;][\/et_pb_post_title][et_pb_text _builder_version=&#8221;4.16&#8243; _module_preset=&#8221;default&#8221; global_colors_info=&#8221;{}&#8221;]<\/p>\n<p style=\"color: #000000;font-family: 'Times New Roman';font-size: medium;font-style: normal;font-weight: 400;letter-spacing: normal;text-align: start;text-indent: 0px;text-transform: none\">Anteckningar f\u00f6rda vid S.O.S tr\u00e4ff i Domsand den 12 juni 2025. N\u00e4rvarande:14 personer.<\/p>\n<p style=\"color: #000000;font-family: 'Times New Roman';font-size: medium;font-style: normal;font-weight: 400;letter-spacing: normal;text-align: start;text-indent: 0px;text-transform: none\">Efter en uts\u00f6kt sillunch med f\u00e4rsk potatis,\u00e4gghalvor,sill,sm\u00f6rg\u00e5s, ost, och l\u00e4tt\u00f6l och snaps f\u00f6r de som ville ha (till en kostnad av 20 kr per nubbbe) samt ostklaka,sylt,gr\u00e4dde och kaffe tillagat av v\u00e5rt utm\u00e4rkta Klubbm\u00e4steri dvs Stig Karl\u00e9n, Claes-G\u00f6ran Borg och Sven Anders Nystr\u00f6m.<\/p>\n<p style=\"color: #000000;font-family: 'Times New Roman';font-size: medium;font-style: normal;font-weight: 400;letter-spacing: normal;text-align: start;text-indent: 0px;text-transform: none\">Efter lunch h\u00f6lls ett kortare \u00f6ppet styrelsem\u00f6te under ledning av v\u00e5r ordf\u00f6rande Sven Johansson,som inledde med att h\u00e5lla parentation f\u00f6r v\u00e5r medlem Karl Harrius, som avlidit f\u00f6r en tid sedan. Levande stearinljus var t\u00e4nda och alla h\u00f6ll en tyst minut f\u00f6r att hedra minnet av sj\u00f6mannen Karl Harrius. Begravning kommer att h\u00e5llas i Bankeryds kyrka den 13 juni och v\u00e5r f\u00f6rening kommer att n\u00e4rvara med n\u00e5gra medlemmar och Sven Anders Nystr\u00f6m ansvarar att v\u00e5r F\u00f6reningens fana hedrar minnesstunden.<\/p>\n<p style=\"color: #000000;font-family: 'Times New Roman';font-size: medium;font-style: normal;font-weight: 400;letter-spacing: normal;text-align: start;text-indent: 0px;text-transform: none\"><span data-olk-copy-source=\"MessageBody\">V\u00e5r f\u00f6rening fick ig\u00e5r 7500:- av v\u00e5rt hemf\u00f6rband AMF 4 i G\u00f6teborg. Detta meddelade v\u00e5r kass\u00f6r de samlade i Domsand.<\/span><\/p>\n<p style=\"color: #000000;font-family: 'Times New Roman';font-size: medium;font-style: normal;font-weight: 400;letter-spacing: normal;text-align: start;text-indent: 0px;text-transform: none\">Resa till G\u00f6teborg diskuterades och vid f\u00f6rfr\u00e5gan uppgav de flesta n\u00e4rvarande att de g\u00e4rna ville f\u00f6lja med. Per-\u00c5ke Strands\u00e4ter s\u00e4nder ut en inbjudan under augusti m\u00e5nad. M\u00f6jlighet att ordna med abbonerad buss kommer att unders\u00f6kas, annars g\u00e4ller privata bilar.<\/p>\n<p style=\"color: #000000;font-family: 'Times New Roman';font-size: medium;font-style: normal;font-weight: 400;letter-spacing: normal;text-align: start;text-indent: 0px;text-transform: none\">V\u00e5r ordf\u00f6rande kommer att kontakta ordf\u00f6randen i Stockholm, Thomas Engvall, och be honom komma och bes\u00f6ka v\u00e5rt \u00d6ppna styrelsem\u00f6te den 27 augusti i Sofiehof i J\u00f6nk\u00f6ping.<\/p>\n<p style=\"color: #000000;font-family: 'Times New Roman';font-size: medium;font-style: normal;font-weight: 400;letter-spacing: normal;text-align: start;text-indent: 0px;text-transform: none\">En trevlig Quiss genomf\u00f6rdes under ledning av Per-\u00c5e Strands\u00e4ters ledning. Vinnare blev Janne Hallstr\u00f6m som fick motta en flaska r\u00f6dvin.<\/p>\n<p style=\"color: #000000;font-family: 'Times New Roman';font-size: medium;font-style: normal;font-weight: 400;letter-spacing: normal;text-align: start;text-indent: 0px;text-transform: none\">Tack riktades till Klubbm\u00e4steriet och Per \u00c5ke Strands\u00e4ter.<\/p>\n<p style=\"color: #000000;font-family: 'Times New Roman';font-size: medium;font-style: normal;font-weight: 400;letter-spacing: normal;text-align: start;text-indent: 0px;text-transform: none\">Text:Leif Aljered<\/p>\n<p style=\"color: #000000;font-family: 'Times New Roman';font-size: medium;font-style: normal;font-weight: 400;letter-spacing: normal;text-align: start;text-indent: 0px;text-transform: none\">Foto: Per-\u00c5ke Strands\u00e4ter<\/p>\n<p style=\"color: #000000;font-family: 'Times New Roman';font-size: medium;font-style: normal;font-weight: 400;letter-spacing: normal;text-align: start;text-indent: 0px;text-transform: none\">\n<p style=\"color: #000000;font-family: 'Times New Roman';font-size: medium;font-style: normal;font-weight: 400;letter-spacing: normal;text-align: start;text-indent: 0px;text-transform: none\">\n<p style=\"color: #000000;font-family: 'Times New Roman';font-size: medium;font-style: normal;font-weight: 400;letter-spacing: normal;text-align: start;text-indent: 0px;text-transform: none\">\n<p style=\"color: #000000;font-family: 'Times New Roman';font-size: medium;font-style: normal;font-weight: 400;letter-spacing: normal;text-align: start;text-indent: 0px;text-transform: none\">\n<p style=\"color: #000000;font-family: 'Times New Roman';font-size: medium;font-style: normal;font-weight: 400;letter-spacing: normal;text-align: start;text-indent: 0px;text-transform: none\">\n<p style=\"color: #000000;font-family: 'Times New Roman';font-size: medium;font-style: normal;font-weight: 400;letter-spacing: normal;text-align: start;text-indent: 0px;text-transform: none\">\n<p>[\/et_pb_text][\/et_pb_column_inner][\/et_pb_row_inner][et_pb_row_inner _builder_version=&#8221;4.27.4&#8243; _module_preset=&#8221;default&#8221; global_colors_info=&#8221;{}&#8221;][et_pb_column_inner saved_specialty_column_type=&#8221;3_4&#8243; _builder_version=&#8221;4.27.4&#8243; _module_preset=&#8221;default&#8221; global_colors_info=&#8221;{}&#8221;][et_pb_image src=&#8221;https:\/\/marinkamraterna.se\/jonkoping\/wp-content\/uploads\/sites\/17\/2025\/06\/IMG_0498.jpg&#8221; title_text=&#8221;IMG 0498&#8243; _builder_version=&#8221;4.27.4&#8243; _module_preset=&#8221;default&#8221; global_colors_info=&#8221;{}&#8221;][\/et_pb_image][\/et_pb_column_inner][\/et_pb_row_inner][et_pb_row_inner _builder_version=&#8221;4.27.4&#8243; _module_preset=&#8221;default&#8221; global_colors_info=&#8221;{}&#8221;][et_pb_column_inner saved_specialty_column_type=&#8221;3_4&#8243; _builder_version=&#8221;4.27.4&#8243; _module_preset=&#8221;default&#8221; global_colors_info=&#8221;{}&#8221;][et_pb_image src=&#8221;https:\/\/marinkamraterna.se\/jonkoping\/wp-content\/uploads\/sites\/17\/2025\/06\/IMG_0493.jpg&#8221; title_text=&#8221;IMG 0493&#8243; _builder_version=&#8221;4.27.4&#8243; _module_preset=&#8221;default&#8221; global_colors_info=&#8221;{}&#8221;][\/et_pb_image][\/et_pb_column_inner][\/et_pb_row_inner][\/et_pb_column][\/et_pb_section]<\/p>\n","protected":false},"excerpt":{"rendered":"<p>Anteckningar f\u00f6rda vid S.O.S tr\u00e4ff i Domsand den 12 juni 2025. N\u00e4rvarande:14 personer. Efter en uts\u00f6kt sillunch med f\u00e4rsk potatis,\u00e4gghalvor,sill,sm\u00f6rg\u00e5s, ost, och l\u00e4tt\u00f6l och snaps f\u00f6r de som ville ha (till en kostnad av 20 kr per nubbbe) samt ostklaka,sylt,gr\u00e4dde och kaffe tillagat av v\u00e5rt utm\u00e4rkta Klubbm\u00e4steri dvs Stig Karl\u00e9n, Claes-G\u00f6ran Borg och Sven Anders [&hellip;]<\/p>\n","protected":false},"author":14,"featured_media":0,"parent":35459,"menu_order":1,"comment_status":"closed","ping_status":"closed","template":"","meta":{"_et_pb_use_builder":"on","_et_pb_old_content":"\u00c5rsm\u00f6te h\u00f6lls i Domsand 2021-09-08<img src=\"http:\/\/marinkamraterna.se\/jonkoping\/wp-content\/uploads\/sites\/17\/2021\/09\/Flottans-Man-Arsmote-DBS-Hans-Rydbeck-8.9-21-1-450x600.jpg\" alt=\"\" width=\"450\" height=\"600\" class=\"alignnone size-medium wp-image-35318\" \/>\r\n\r\n<img src=\"http:\/\/marinkamraterna.se\/jonkoping\/wp-content\/uploads\/sites\/17\/2021\/09\/Flottans-Man-Arsmote-DBS-gruppbild-8.9-21-1-600x440.jpg\" alt=\"\" width=\"600\" height=\"440\" class=\"alignnone size-medium wp-image-35317\" \/>\r\n\r\n<img src=\"http:\/\/marinkamraterna.se\/jonkoping\/wp-content\/uploads\/sites\/17\/2021\/09\/Flottans-Man-Arsmote-DBS-foredragshallare-Klas-Peter-Suneson-8.9-21-1-467x600.jpg\" alt=\"\" width=\"467\" height=\"600\" class=\"alignnone size-medium wp-image-35316\" \/>\r\n\r\n<img src=\"http:\/\/marinkamraterna.se\/jonkoping\/wp-content\/uploads\/sites\/17\/2021\/09\/Flottans-Man-Arsmote-DBS-Bengt-Ake-Warnbring-8.9-21-1-1-450x600.jpg\" alt=\"\" width=\"450\" height=\"600\" class=\"alignnone size-medium wp-image-35315\" \/>\r\n\r\n<img src=\"http:\/\/marinkamraterna.se\/jonkoping\/wp-content\/uploads\/sites\/17\/2021\/09\/Flottans-Man-Arsmote-DBS-klubbmasteriet-skall-duka-upp-8.9-21-1-600x472.jpg\" alt=\"\u00c5rsm\u00f6te 2021\" width=\"600\" height=\"472\" class=\"alignnone size-medium wp-image-35314\" \/>","_et_gb_content_width":"","iawp_total_views":72,"footnotes":""},"class_list":["post-39037","page","type-page","status-publish","hentry"],"_links":{"self":[{"href":"https:\/\/marinkamraterna.se\/jonkoping\/wp-json\/wp\/v2\/pages\/39037","targetHints":{"allow":["GET"]}}],"collection":[{"href":"https:\/\/marinkamraterna.se\/jonkoping\/wp-json\/wp\/v2\/pages"}],"about":[{"href":"https:\/\/marinkamraterna.se\/jonkoping\/wp-json\/wp\/v2\/types\/page"}],"author":[{"embeddable":true,"href":"https:\/\/marinkamraterna.se\/jonkoping\/wp-json\/wp\/v2\/users\/14"}],"replies":[{"embeddable":true,"href":"https:\/\/marinkamraterna.se\/jonkoping\/wp-json\/wp\/v2\/comments?post=39037"}],"version-history":[{"count":7,"href":"https:\/\/marinkamraterna.se\/jonkoping\/wp-json\/wp\/v2\/pages\/39037\/revisions"}],"predecessor-version":[{"id":39052,"href":"https:\/\/marinkamraterna.se\/jonkoping\/wp-json\/wp\/v2\/pages\/39037\/revisions\/39052"}],"up":[{"embeddable":true,"href":"https:\/\/marinkamraterna.se\/jonkoping\/wp-json\/wp\/v2\/pages\/35459"}],"wp:attachment":[{"href":"https:\/\/marinkamraterna.se\/jonkoping\/wp-json\/wp\/v2\/media?parent=39037"}],"curies":[{"name":"wp","href":"https:\/\/api.w.org\/{rel}","templated":true}]}}