{"id":39099,"date":"2025-09-18T12:34:38","date_gmt":"2025-09-18T10:34:38","guid":{"rendered":"https:\/\/marinkamraterna.se\/jonkoping\/?page_id=39099"},"modified":"2025-09-18T12:37:12","modified_gmt":"2025-09-18T10:37:12","slug":"flottans-man-jonkoping-styrde-mot-maritiman-i-goteborg","status":"publish","type":"page","link":"https:\/\/marinkamraterna.se\/jonkoping\/startsidan\/bilder\/flottans-man-jonkoping-styrde-mot-maritiman-i-goteborg\/","title":{"rendered":"Flottans M\u00e4n J\u00f6nk\u00f6ping styrde mot Maritiman i G\u00f6teborg."},"content":{"rendered":"<p>[et_pb_section fb_built=&#8221;1&#8243; use_custom_gutter=&#8221;on&#8221; gutter_width=&#8221;2&#8243; specialty=&#8221;on&#8221; padding_top_1=&#8221;10px&#8221; padding_top_bottom_link_1=&#8221;false&#8221; padding_left_right_link_1=&#8221;false&#8221; _builder_version=&#8221;4.16&#8243; _module_preset=&#8221;default&#8221; custom_margin=&#8221;|10px||||&#8221; custom_padding=&#8221;||||false|false&#8221; global_colors_info=&#8221;{}&#8221;][et_pb_column type=&#8221;1_4&#8243; _builder_version=&#8221;4.16&#8243; custom_padding=&#8221;|||&#8221; global_colors_info=&#8221;{}&#8221; custom_padding__hover=&#8221;|||&#8221;][et_pb_sidebar area=&#8221;et_pb_widget_area_3&#8243; _builder_version=&#8221;4.11.3&#8243; _module_preset=&#8221;default&#8221; header_font=&#8221;|600||on|||||&#8221; body_text_color=&#8221;#0C71C3&#8243; body_font_size=&#8221;14px&#8221; custom_margin=&#8221;||||false|false&#8221; custom_padding=&#8221;||||false|false&#8221; global_module=&#8221;33600&#8243; locked=&#8221;off&#8221; global_colors_info=&#8221;{}&#8221;][\/et_pb_sidebar][\/et_pb_column][et_pb_column type=&#8221;3_4&#8243; specialty_columns=&#8221;3&#8243; _builder_version=&#8221;4.16&#8243; custom_padding=&#8221;|||&#8221; global_colors_info=&#8221;{}&#8221; custom_padding__hover=&#8221;|||&#8221;][et_pb_row_inner use_custom_gutter=&#8221;on&#8221; gutter_width=&#8221;1&#8243; make_equal=&#8221;on&#8221; _builder_version=&#8221;4.16&#8243; _module_preset=&#8221;default&#8221; custom_padding=&#8221;0px||||false|false&#8221; global_colors_info=&#8221;{}&#8221;][et_pb_column_inner saved_specialty_column_type=&#8221;3_4&#8243; _builder_version=&#8221;4.16&#8243; _module_preset=&#8221;default&#8221; global_colors_info=&#8221;{}&#8221;][et_pb_post_title meta=&#8221;off&#8221; featured_image=&#8221;off&#8221; _builder_version=&#8221;4.16&#8243; _module_preset=&#8221;default&#8221; title_font_size=&#8221;35px&#8221; global_colors_info=&#8221;{}&#8221;][\/et_pb_post_title][et_pb_text _builder_version=&#8221;4.27.4&#8243; _module_preset=&#8221;default&#8221; global_colors_info=&#8221;{}&#8221;]<\/p>\n<h2 class=\"x_MsoNormal\" style=\"color: #242424;font-style: normal;font-weight: 400;letter-spacing: normal;text-align: start;text-indent: 0px;text-transform: none;background-color: #ffffff;margin: 0cm;line-height: normal;font-size: 11pt;font-family: Aptos, sans-serif\"><span data-olk-copy-source=\"MessageBody\" style=\"border: 0px;font-style: inherit;font-variant: inherit;font-weight: inherit;font-size: inherit;line-height: inherit;font-family: Arial, sans-serif;margin: 0px;padding: 0px;vertical-align: baseline;color: black\">Till det flytande museet Maritiman i G\u00f6teborg \u00a0styrde en grupp sj\u00f6m\u00e4n &#8211; n\u00e5gra med respektive &#8211; i mitten av september 2025 . N\u00e5gra \u00e5kte t\u00e5g eller personbil och andra med Flixbuss. Deltagarna kom fr\u00e5n Varberg och Uddevalla eller K\u00e4ttilstorp och J\u00f6nk\u00f6ping, en fin grupp med intresse f\u00f6r hamnen i G\u00f6teborg. H\u00e4rlig lunch serverades p\u00e5 det gamla stabsfartyget \u00a0Marieholm strax intill Maritiman d\u00e4r Jagaren J19 Sm\u00e5land bes\u00f6ktes med bes\u00f6k bl.a. i Gunrummet och maskinrummet. U-b\u00e5ten Nordkaparen unders\u00f6ktes samt patrullb\u00e5ten Hugin.Fin guidning fick deltagarna av en mycket p\u00e5l\u00e4st guide \u2013 Tack!<\/span><span style=\"border: 0px;font-style: inherit;font-variant: inherit;font-weight: inherit;font-size: 12pt;line-height: inherit;font-family: 'Times New Roman', serif;margin: 0px;padding: 0px;vertical-align: baseline;color: inherit\"><\/span><\/h2>\n<p class=\"x_MsoNormal\" style=\"color: #242424;font-style: normal;font-weight: 400;letter-spacing: normal;text-align: start;text-indent: 0px;text-transform: none;background-color: #ffffff;margin: 0cm;line-height: normal;font-size: 11pt;font-family: Aptos, sans-serif\"><span style=\"border: 0px;font-style: inherit;font-variant: inherit;font-weight: inherit;font-size: inherit;line-height: inherit;font-family: Arial, sans-serif;margin: 0px;padding: 0px;vertical-align: baseline;color: black\">Dagen avslutades med en str\u00e5lande utf\u00e4rd med \u201dhamnbussen\u201d \u00c4lvsnabben som i str\u00e5lande sol la till vid Lilla Bommen, g:a Eriksberg och Betongskjulet d\u00e4r Amerikab\u00e5tarna la till.<\/span><span style=\"border: 0px;font-style: inherit;font-variant: inherit;font-weight: inherit;font-size: 12pt;line-height: inherit;font-family: 'Times New Roman', serif;margin: 0px;padding: 0px;vertical-align: baseline;color: inherit\"><\/span><\/p>\n<p class=\"x_MsoNormal\" style=\"color: #242424;font-style: normal;font-weight: 400;letter-spacing: normal;text-align: start;text-indent: 0px;text-transform: none;background-color: #ffffff;margin: 0cm;line-height: normal;font-size: 11pt;font-family: Aptos, sans-serif\"><span style=\"border: 0px;font-style: inherit;font-variant: inherit;font-weight: inherit;font-size: inherit;line-height: inherit;font-family: Arial, sans-serif;margin: 0px;padding: 0px;vertical-align: baseline;color: black\">Stort tack med appl\u00e5der riktades till Per-\u00c5ke Strands\u00e4ter, som f\u00f6rberett studiebes\u00f6ket vid V\u00e4sterhavets hamn,G\u00f6teborg.<\/span><span style=\"border: 0px;font-style: inherit;font-variant: inherit;font-weight: inherit;font-size: 12pt;line-height: inherit;font-family: 'Times New Roman', serif;margin: 0px;padding: 0px;vertical-align: baseline;color: inherit\"><\/span><\/p>\n<p class=\"x_MsoNormal\" style=\"color: #242424;font-style: normal;font-weight: 400;letter-spacing: normal;text-align: start;text-indent: 0px;text-transform: none;background-color: #ffffff;margin: 0cm;line-height: normal;font-size: 11pt;font-family: Aptos, sans-serif\"><span style=\"border: 0px;font-style: inherit;font-variant: inherit;font-weight: inherit;font-size: 12pt;line-height: inherit;font-family: 'Times New Roman', serif;margin: 0px;padding: 0px;vertical-align: baseline;color: inherit\">\u00a0<\/span><span style=\"border: 0px;font-style: inherit;font-variant: inherit;font-weight: inherit;font-size: inherit;line-height: inherit;font-family: Arial, sans-serif;margin: 0px;padding: 0px;vertical-align: baseline;color: black\">Leif Aljered\u00a0<\/span><\/p>\n<p class=\"x_MsoNormal\" style=\"color: #242424;font-style: normal;font-weight: 400;letter-spacing: normal;text-align: start;text-indent: 0px;text-transform: none;background-color: #ffffff;margin: 0cm;line-height: normal;font-size: 11pt;font-family: Aptos, sans-serif\"><span style=\"border: 0px;font-style: inherit;font-variant: inherit;font-weight: inherit;font-size: inherit;line-height: inherit;font-family: Arial, sans-serif;margin: 0px;padding: 0px;vertical-align: baseline;color: black\"><\/span><\/p>\n<p class=\"x_MsoNormal\" style=\"color: #242424;font-style: normal;font-weight: 400;letter-spacing: normal;text-align: start;text-indent: 0px;text-transform: none;background-color: #ffffff;margin: 0cm;line-height: normal;font-size: 11pt;font-family: Aptos, sans-serif\"><span style=\"border: 0px;font-style: inherit;font-variant: inherit;font-weight: inherit;font-size: inherit;line-height: inherit;font-family: Arial, sans-serif;margin: 0px;padding: 0px;vertical-align: baseline;color: black\">Foto: Per-\u00c5ke Strands\u00e4ter<\/span><\/p>\n<p class=\"x_MsoNormal\" style=\"color: #242424;font-style: normal;font-weight: 400;letter-spacing: normal;text-align: start;text-indent: 0px;text-transform: none;background-color: #ffffff;margin: 0cm;line-height: normal;font-size: 11pt;font-family: Aptos, sans-serif\"><span style=\"border: 0px;font-style: inherit;font-variant: inherit;font-weight: inherit;font-size: inherit;line-height: inherit;font-family: Arial, sans-serif;margin: 0px;padding: 0px;vertical-align: baseline;color: black\">Text: Leif Aljered<\/span><\/p>\n<p><span style=\"color: #242424;font-size: 15px;font-style: normal;font-weight: 400;letter-spacing: normal;text-align: start;text-indent: 0px;text-transform: none;background-color: #ffffff;float: none\">\u00a0<\/span><\/p>\n<p>[\/et_pb_text][\/et_pb_column_inner][\/et_pb_row_inner][et_pb_row_inner _builder_version=&#8221;4.27.4&#8243; _module_preset=&#8221;default&#8221;][et_pb_column_inner saved_specialty_column_type=&#8221;3_4&#8243; _builder_version=&#8221;4.27.4&#8243; _module_preset=&#8221;default&#8221;][et_pb_gallery _builder_version=&#8221;4.27.4&#8243; _module_preset=&#8221;default&#8221; gallery_ids=&#8221;39127,39126,39125,39124,39123,39122,39121,39120,39119,39118,39117,39116,39115,39114,39112,39111,39109&#8243; hover_enabled=&#8221;0&#8243; sticky_enabled=&#8221;0&#8243;][\/et_pb_gallery][\/et_pb_column_inner][\/et_pb_row_inner][\/et_pb_column][\/et_pb_section]<\/p>\n","protected":false},"excerpt":{"rendered":"<p>Till det flytande museet Maritiman i G\u00f6teborg \u00a0styrde en grupp sj\u00f6m\u00e4n &#8211; n\u00e5gra med respektive &#8211; i mitten av september 2025 . N\u00e5gra \u00e5kte t\u00e5g eller personbil och andra med Flixbuss. Deltagarna kom fr\u00e5n Varberg och Uddevalla eller K\u00e4ttilstorp och J\u00f6nk\u00f6ping, en fin grupp med intresse f\u00f6r hamnen i G\u00f6teborg. H\u00e4rlig lunch serverades p\u00e5 det [&hellip;]<\/p>\n","protected":false},"author":14,"featured_media":0,"parent":35459,"menu_order":1,"comment_status":"closed","ping_status":"closed","template":"","meta":{"_et_pb_use_builder":"on","_et_pb_old_content":"\u00c5rsm\u00f6te h\u00f6lls i Domsand 2021-09-08<img src=\"http:\/\/marinkamraterna.se\/jonkoping\/wp-content\/uploads\/sites\/17\/2021\/09\/Flottans-Man-Arsmote-DBS-Hans-Rydbeck-8.9-21-1-450x600.jpg\" alt=\"\" width=\"450\" height=\"600\" class=\"alignnone size-medium wp-image-35318\" \/>\r\n\r\n<img src=\"http:\/\/marinkamraterna.se\/jonkoping\/wp-content\/uploads\/sites\/17\/2021\/09\/Flottans-Man-Arsmote-DBS-gruppbild-8.9-21-1-600x440.jpg\" alt=\"\" width=\"600\" height=\"440\" class=\"alignnone size-medium wp-image-35317\" \/>\r\n\r\n<img src=\"http:\/\/marinkamraterna.se\/jonkoping\/wp-content\/uploads\/sites\/17\/2021\/09\/Flottans-Man-Arsmote-DBS-foredragshallare-Klas-Peter-Suneson-8.9-21-1-467x600.jpg\" alt=\"\" width=\"467\" height=\"600\" class=\"alignnone size-medium wp-image-35316\" \/>\r\n\r\n<img src=\"http:\/\/marinkamraterna.se\/jonkoping\/wp-content\/uploads\/sites\/17\/2021\/09\/Flottans-Man-Arsmote-DBS-Bengt-Ake-Warnbring-8.9-21-1-1-450x600.jpg\" alt=\"\" width=\"450\" height=\"600\" class=\"alignnone size-medium wp-image-35315\" \/>\r\n\r\n<img src=\"http:\/\/marinkamraterna.se\/jonkoping\/wp-content\/uploads\/sites\/17\/2021\/09\/Flottans-Man-Arsmote-DBS-klubbmasteriet-skall-duka-upp-8.9-21-1-600x472.jpg\" alt=\"\u00c5rsm\u00f6te 2021\" width=\"600\" height=\"472\" class=\"alignnone size-medium wp-image-35314\" \/>","_et_gb_content_width":"","iawp_total_views":118,"footnotes":""},"class_list":["post-39099","page","type-page","status-publish","hentry"],"_links":{"self":[{"href":"https:\/\/marinkamraterna.se\/jonkoping\/wp-json\/wp\/v2\/pages\/39099","targetHints":{"allow":["GET"]}}],"collection":[{"href":"https:\/\/marinkamraterna.se\/jonkoping\/wp-json\/wp\/v2\/pages"}],"about":[{"href":"https:\/\/marinkamraterna.se\/jonkoping\/wp-json\/wp\/v2\/types\/page"}],"author":[{"embeddable":true,"href":"https:\/\/marinkamraterna.se\/jonkoping\/wp-json\/wp\/v2\/users\/14"}],"replies":[{"embeddable":true,"href":"https:\/\/marinkamraterna.se\/jonkoping\/wp-json\/wp\/v2\/comments?post=39099"}],"version-history":[{"count":11,"href":"https:\/\/marinkamraterna.se\/jonkoping\/wp-json\/wp\/v2\/pages\/39099\/revisions"}],"predecessor-version":[{"id":39137,"href":"https:\/\/marinkamraterna.se\/jonkoping\/wp-json\/wp\/v2\/pages\/39099\/revisions\/39137"}],"up":[{"embeddable":true,"href":"https:\/\/marinkamraterna.se\/jonkoping\/wp-json\/wp\/v2\/pages\/35459"}],"wp:attachment":[{"href":"https:\/\/marinkamraterna.se\/jonkoping\/wp-json\/wp\/v2\/media?parent=39099"}],"curies":[{"name":"wp","href":"https:\/\/api.w.org\/{rel}","templated":true}]}}