{"id":39315,"date":"2026-04-20T14:52:30","date_gmt":"2026-04-20T12:52:30","guid":{"rendered":"https:\/\/marinkamraterna.se\/jonkoping\/?page_id=39315"},"modified":"2026-04-20T14:59:09","modified_gmt":"2026-04-20T12:59:09","slug":"oppet-styrelsemote-pa-sofiehof-260415","status":"publish","type":"page","link":"https:\/\/marinkamraterna.se\/jonkoping\/startsidan\/bilder\/oppet-styrelsemote-pa-sofiehof-260415\/","title":{"rendered":"\u00d6ppet styrelsem\u00f6te p\u00e5 Sofiehof 260415"},"content":{"rendered":"<p>[et_pb_section fb_built=&#8221;1&#8243; use_custom_gutter=&#8221;on&#8221; gutter_width=&#8221;2&#8243; specialty=&#8221;on&#8221; padding_top_1=&#8221;10px&#8221; padding_top_bottom_link_1=&#8221;false&#8221; padding_left_right_link_1=&#8221;false&#8221; _builder_version=&#8221;4.16&#8243; _module_preset=&#8221;default&#8221; custom_margin=&#8221;|10px||||&#8221; custom_padding=&#8221;||||false|false&#8221; global_colors_info=&#8221;{}&#8221;][et_pb_column type=&#8221;1_4&#8243; _builder_version=&#8221;4.16&#8243; custom_padding=&#8221;|||&#8221; global_colors_info=&#8221;{}&#8221; custom_padding__hover=&#8221;|||&#8221;][et_pb_sidebar area=&#8221;et_pb_widget_area_3&#8243; _builder_version=&#8221;4.11.3&#8243; _module_preset=&#8221;default&#8221; header_font=&#8221;|600||on|||||&#8221; body_text_color=&#8221;#0C71C3&#8243; body_font_size=&#8221;14px&#8221; custom_margin=&#8221;||||false|false&#8221; custom_padding=&#8221;||||false|false&#8221; global_module=&#8221;33600&#8243; locked=&#8221;off&#8221; global_colors_info=&#8221;{}&#8221;][\/et_pb_sidebar][\/et_pb_column][et_pb_column type=&#8221;3_4&#8243; specialty_columns=&#8221;3&#8243; _builder_version=&#8221;4.16&#8243; custom_padding=&#8221;|||&#8221; global_colors_info=&#8221;{}&#8221; custom_padding__hover=&#8221;|||&#8221;][et_pb_row_inner use_custom_gutter=&#8221;on&#8221; gutter_width=&#8221;1&#8243; make_equal=&#8221;on&#8221; _builder_version=&#8221;4.16&#8243; _module_preset=&#8221;default&#8221; custom_padding=&#8221;0px||||false|false&#8221; global_colors_info=&#8221;{}&#8221;][et_pb_column_inner saved_specialty_column_type=&#8221;3_4&#8243; _builder_version=&#8221;4.16&#8243; _module_preset=&#8221;default&#8221; global_colors_info=&#8221;{}&#8221;][et_pb_post_title meta=&#8221;off&#8221; featured_image=&#8221;off&#8221; _builder_version=&#8221;4.16&#8243; _module_preset=&#8221;default&#8221; title_font_size=&#8221;35px&#8221; global_colors_info=&#8221;{}&#8221;][\/et_pb_post_title][et_pb_text _builder_version=&#8221;4.16&#8243; _module_preset=&#8221;default&#8221; global_colors_info=&#8221;{}&#8221;][\/et_pb_text][\/et_pb_column_inner][\/et_pb_row_inner][et_pb_row_inner _builder_version=&#8221;4.27.4&#8243; _module_preset=&#8221;default&#8221; global_colors_info=&#8221;{}&#8221;][et_pb_column_inner saved_specialty_column_type=&#8221;3_4&#8243; _builder_version=&#8221;4.27.4&#8243; _module_preset=&#8221;default&#8221; global_colors_info=&#8221;{}&#8221;][et_pb_text _builder_version=&#8221;4.27.4&#8243; _module_preset=&#8221;default&#8221; global_colors_info=&#8221;{}&#8221;]<\/p>\n<div dir=\"auto\" data-olk-copy-source=\"MessageBody\" style=\"border: 0px;font-style: normal;font-weight: 400;font-size: 15px;line-height: inherit;margin: 0px;padding: 0px;vertical-align: baseline;color: #242424;letter-spacing: normal;text-align: start;text-indent: 0px;text-transform: none;background-color: #ffffff\"><\/div>\n<p>Till dagens m\u00f6te hade vi bjudit in G\u00f6sta Nilsson fr\u00e5n Uddevalla. Han \u00e4r f\u00f6dd och uppvuxen<br \/>p\u00e5 Visings\u00f6 och han ber\u00e4ttade om sitt yrkesliv till havs.<br \/>G\u00f6sta b\u00f6rjade som jungman p\u00e5 Visings\u00f6f\u00e4rjorna och slutade sin bana som Offshore Vessel<br \/>Subsea Manager p\u00e5<br \/>p\u00e5 det norska f\u00f6retaget DOF &#8211; V\u00e4rldsledande inom sin bransch. &#8211; Operationer till havs.<br \/>Lite kort om vad G\u00f6sta bl.a. ber\u00e4ttade om:<br \/>Mycket handlade om olje- och gasutvinning till havs. Under flera \u00e5r arbetade G\u00f6sta vid<br \/>oljef\u00e4lten utanf\u00f6r Brasilien d\u00e4r havsdjupet kunde vara betydligt \u00f6ver<br \/>2000 meter.<br \/>F\u00f6r att komma fram till fartygen ute i Atlanten fick man sitta b\u00e4ltad i en dundrande helikopter.<br \/>En 2-3 timmar l\u00e5ng resa ut fr\u00e5n Brasiliens kust.<br \/>G\u00f6sta ber\u00e4ttade ocks\u00e5 hur man jobbade med att l\u00e4gga ut v\u00e4rldens l\u00e4ngsta gasledning fr\u00e5n<br \/>Norge till England fr\u00e5n ett fartyg med 350 mans bes\u00e4ttning.<br \/>P\u00e5 en dygn kunde man l\u00e4gga ut 3 km ledning.<br \/>Vi fick ocks\u00e5 veta att n\u00e4stan allt undervattensarbete klaras av utan att man beh\u00f6ver g\u00e5 ner med<br \/>dykare. Undervattensdr\u00f6nare ( AUV ) har anv\u00e4nts i \u00f6ver 25 \u00e5r.<br \/>Man f\u00f6rs\u00f6ker l\u00f6sa det mesta utan att ha folk under ytan.<br \/>Intresset f\u00f6r f\u00f6redraget var stort och fr\u00e5gorna till G\u00f6sta var m\u00e5nga.<br \/>G\u00f6sta avtackades med en flaska Champagne Edition J\u00f6nk\u00f6ping med en sp\u00e4nnande proveniens.<\/p>\n<div dir=\"auto\" style=\"border: 0px;font-style: normal;font-weight: 400;font-size: 15px;line-height: inherit;margin: 0px;padding: 0px;vertical-align: baseline;color: #242424;letter-spacing: normal;text-align: start;text-indent: 0px;text-transform: none;background-color: #ffffff\"><\/div>\n<div dir=\"auto\" style=\"border: 0px;font-style: normal;font-weight: 400;font-size: 15px;line-height: inherit;margin: 0px;padding: 0px;vertical-align: baseline;color: #242424;letter-spacing: normal;text-align: start;text-indent: 0px;text-transform: none;background-color: #ffffff\"><\/div>\n<p class=\"western\" style=\"font-style: normal;font-weight: normal\">Text: Per-\u00c5ke Strands\u00e4ter<\/p>\n<p class=\"western\" style=\"font-style: normal;font-weight: normal\">Bild: Per-\u00c5ke Strands\u00e4ter<\/p>\n<p class=\"western\" style=\"font-style: normal;font-weight: normal\">\n<p>[\/et_pb_text][\/et_pb_column_inner][\/et_pb_row_inner][et_pb_row_inner _builder_version=&#8221;4.27.6&#8243; _module_preset=&#8221;default&#8221;][et_pb_column_inner saved_specialty_column_type=&#8221;3_4&#8243; _builder_version=&#8221;4.27.6&#8243; _module_preset=&#8221;default&#8221;][et_pb_text _builder_version=&#8221;4.27.6&#8243; _module_preset=&#8221;default&#8221; hover_enabled=&#8221;0&#8243; sticky_enabled=&#8221;0&#8243;]<\/p>\n<p><a href=\"https:\/\/marinkamraterna.se\/jonkoping\/wp-content\/uploads\/sites\/17\/2026\/04\/Styrelseprotokoll-20260415.pdf\">M\u00f6tesprotokoll: Klicka h\u00e4r.<\/a><\/p>\n<p>[\/et_pb_text][\/et_pb_column_inner][\/et_pb_row_inner][et_pb_row_inner _builder_version=&#8221;4.27.6&#8243; _module_preset=&#8221;default&#8221; global_colors_info=&#8221;{}&#8221;][et_pb_column_inner saved_specialty_column_type=&#8221;3_4&#8243; _builder_version=&#8221;4.27.6&#8243; _module_preset=&#8221;default&#8221; global_colors_info=&#8221;{}&#8221;][et_pb_image src=&#8221;https:\/\/marinkamraterna.se\/jonkoping\/wp-content\/uploads\/sites\/17\/2026\/04\/3c8dfe65-120f-4f92-9747-9fc21dc377b7.jpg&#8221; title_text=&#8221;3c8dfe65 120f 4f92 9747 9fc21dc377b7&#8243; _builder_version=&#8221;4.27.6&#8243; _module_preset=&#8221;default&#8221; global_colors_info=&#8221;{}&#8221;][\/et_pb_image][\/et_pb_column_inner][\/et_pb_row_inner][\/et_pb_column][\/et_pb_section]<\/p>\n","protected":false},"excerpt":{"rendered":"<p>Till dagens m\u00f6te hade vi bjudit in G\u00f6sta Nilsson fr\u00e5n Uddevalla. Han \u00e4r f\u00f6dd och uppvuxenp\u00e5 Visings\u00f6 och han ber\u00e4ttade om sitt yrkesliv till havs.G\u00f6sta b\u00f6rjade som jungman p\u00e5 Visings\u00f6f\u00e4rjorna och slutade sin bana som Offshore VesselSubsea Manager p\u00e5p\u00e5 det norska f\u00f6retaget DOF &#8211; V\u00e4rldsledande inom sin bransch. &#8211; Operationer till havs.Lite kort om vad [&hellip;]<\/p>\n","protected":false},"author":14,"featured_media":0,"parent":35459,"menu_order":4,"comment_status":"closed","ping_status":"closed","template":"","meta":{"_et_pb_use_builder":"on","_et_pb_old_content":"\u00c5rsm\u00f6te h\u00f6lls i Domsand 2021-09-08<img src=\"http:\/\/marinkamraterna.se\/jonkoping\/wp-content\/uploads\/sites\/17\/2021\/09\/Flottans-Man-Arsmote-DBS-Hans-Rydbeck-8.9-21-1-450x600.jpg\" alt=\"\" width=\"450\" height=\"600\" class=\"alignnone size-medium wp-image-35318\" \/>\r\n\r\n<img src=\"http:\/\/marinkamraterna.se\/jonkoping\/wp-content\/uploads\/sites\/17\/2021\/09\/Flottans-Man-Arsmote-DBS-gruppbild-8.9-21-1-600x440.jpg\" alt=\"\" width=\"600\" height=\"440\" class=\"alignnone size-medium wp-image-35317\" \/>\r\n\r\n<img src=\"http:\/\/marinkamraterna.se\/jonkoping\/wp-content\/uploads\/sites\/17\/2021\/09\/Flottans-Man-Arsmote-DBS-foredragshallare-Klas-Peter-Suneson-8.9-21-1-467x600.jpg\" alt=\"\" width=\"467\" height=\"600\" class=\"alignnone size-medium wp-image-35316\" \/>\r\n\r\n<img src=\"http:\/\/marinkamraterna.se\/jonkoping\/wp-content\/uploads\/sites\/17\/2021\/09\/Flottans-Man-Arsmote-DBS-Bengt-Ake-Warnbring-8.9-21-1-1-450x600.jpg\" alt=\"\" width=\"450\" height=\"600\" class=\"alignnone size-medium wp-image-35315\" \/>\r\n\r\n<img src=\"http:\/\/marinkamraterna.se\/jonkoping\/wp-content\/uploads\/sites\/17\/2021\/09\/Flottans-Man-Arsmote-DBS-klubbmasteriet-skall-duka-upp-8.9-21-1-600x472.jpg\" alt=\"\u00c5rsm\u00f6te 2021\" width=\"600\" height=\"472\" class=\"alignnone size-medium wp-image-35314\" \/>","_et_gb_content_width":"","iawp_total_views":24,"footnotes":""},"class_list":["post-39315","page","type-page","status-publish","hentry"],"_links":{"self":[{"href":"https:\/\/marinkamraterna.se\/jonkoping\/wp-json\/wp\/v2\/pages\/39315","targetHints":{"allow":["GET"]}}],"collection":[{"href":"https:\/\/marinkamraterna.se\/jonkoping\/wp-json\/wp\/v2\/pages"}],"about":[{"href":"https:\/\/marinkamraterna.se\/jonkoping\/wp-json\/wp\/v2\/types\/page"}],"author":[{"embeddable":true,"href":"https:\/\/marinkamraterna.se\/jonkoping\/wp-json\/wp\/v2\/users\/14"}],"replies":[{"embeddable":true,"href":"https:\/\/marinkamraterna.se\/jonkoping\/wp-json\/wp\/v2\/comments?post=39315"}],"version-history":[{"count":5,"href":"https:\/\/marinkamraterna.se\/jonkoping\/wp-json\/wp\/v2\/pages\/39315\/revisions"}],"predecessor-version":[{"id":39335,"href":"https:\/\/marinkamraterna.se\/jonkoping\/wp-json\/wp\/v2\/pages\/39315\/revisions\/39335"}],"up":[{"embeddable":true,"href":"https:\/\/marinkamraterna.se\/jonkoping\/wp-json\/wp\/v2\/pages\/35459"}],"wp:attachment":[{"href":"https:\/\/marinkamraterna.se\/jonkoping\/wp-json\/wp\/v2\/media?parent=39315"}],"curies":[{"name":"wp","href":"https:\/\/api.w.org\/{rel}","templated":true}]}}