{"id":33990,"date":"2021-06-04T19:13:45","date_gmt":"2021-06-04T17:13:45","guid":{"rendered":"http:\/\/andersa6.sg-host.com\/kalmarsund\/?page_id=33990"},"modified":"2026-03-13T14:04:09","modified_gmt":"2026-03-13T13:04:09","slug":"stadgar","status":"publish","type":"page","link":"https:\/\/marinkamraterna.se\/kalmarsund\/om-foreningen\/stadgar\/","title":{"rendered":"Stadgar"},"content":{"rendered":"<p>[et_pb_section fb_built=&#8221;1&#8243; specialty=&#8221;on&#8221; padding_top_1=&#8221;45px&#8221; padding_top_2=&#8221;45px&#8221; _builder_version=&#8221;4.16&#8243; _module_preset=&#8221;default&#8221; custom_padding=&#8221;0px||||false|false&#8221; locked=&#8221;off&#8221; global_colors_info=&#8221;{}&#8221;][et_pb_column type=&#8221;3_4&#8243; specialty_columns=&#8221;3&#8243; _builder_version=&#8221;4.16&#8243; custom_padding=&#8221;|||&#8221; global_colors_info=&#8221;{}&#8221; custom_padding__hover=&#8221;|||&#8221;][et_pb_row_inner _builder_version=&#8221;4.16&#8243; _module_preset=&#8221;default&#8221; custom_padding=&#8221;0px||||false|false&#8221; global_colors_info=&#8221;{}&#8221;][et_pb_column_inner saved_specialty_column_type=&#8221;3_4&#8243; _builder_version=&#8221;4.16&#8243; _module_preset=&#8221;default&#8221; global_colors_info=&#8221;{}&#8221;][et_pb_post_title meta=&#8221;off&#8221; featured_image=&#8221;off&#8221; _builder_version=&#8221;4.16&#8243; _module_preset=&#8221;default&#8221; title_font_size=&#8221;35px&#8221; global_colors_info=&#8221;{}&#8221;][\/et_pb_post_title][et_pb_text _builder_version=&#8221;4.16&#8243; _module_preset=&#8221;default&#8221; global_colors_info=&#8221;{}&#8221;][\/et_pb_text][\/et_pb_column_inner][\/et_pb_row_inner][et_pb_row_inner _builder_version=&#8221;4.27.6&#8243; _module_preset=&#8221;default&#8221;][et_pb_column_inner saved_specialty_column_type=&#8221;3_4&#8243; _builder_version=&#8221;4.27.6&#8243; _module_preset=&#8221;default&#8221;][\/et_pb_column_inner][\/et_pb_row_inner][et_pb_row_inner _builder_version=&#8221;4.27.6&#8243; _module_preset=&#8221;default&#8221;][et_pb_column_inner saved_specialty_column_type=&#8221;3_4&#8243; _builder_version=&#8221;4.27.6&#8243; _module_preset=&#8221;default&#8221;][et_pb_blurb title=&#8221;Antagna vid ordinarie \u00e5rsm\u00f6te 2004-03-15<br \/>\n\u00a7 1 F\u00f6reningens namn och \u00e4ndam\u00e5l<br \/>\nF\u00f6reningens namn \u00e4r &#8211; FLOTTANS M\u00c4N KALMARSUND<br \/>\nF\u00f6reningens s\u00e4te \u00e4r Kalmar<br \/>\nF\u00f6reningens \u00e4ndam\u00e5l \u00e4r:<br \/>\natt verka f\u00f6r gemenskap och sammanh\u00e5llning inom marinen<br \/>\natt v\u00e5rda marinens traditioner;<br \/>\natt genom sin verksamhet och \u00f6ppenhet betr\u00e4ffande<br \/>\n\u00a0 \u00a0 \u00a0 medlemskap vara en ideell f\u00f6rening med allm\u00e4nnyttigt \u00e4ndam\u00e5l<br \/>\natt vara politiskt obunden<br \/>\natt befr\u00e4mja ett gott kamratskap genom fri och otvungen samvaro p\u00e5 gemensamma<br \/>\n\u00a0 \u00a0 \u00a0 minnens grundval, samt befr\u00e4mja utbyggandet av s\u00e5dan verksamhet, som kan vara<br \/>\n\u00a0 \u00a0 \u00a0 av gemensamt intresse f\u00f6r f\u00f6reningens medlemmar.<br \/>\n\u00a7 2 Medlemskap<br \/>\nF\u00f6r att bli medlem i f\u00f6reningen erfordras att vid marinen vara eller ha varit anst\u00e4lld<br \/>\ni milit\u00e4r, civilmilit\u00e4r eller civil befattning, fullg\u00f6ra eller ha fullgjort sin v\u00e4rnpliktstj\u00e4nst<br \/>\ng\u00f6ring, samt att till styrelsen ingiva ans\u00f6kan om medlemskap.<br \/>\nMedlemskap kan d\u00e4rut\u00f6ver efter s\u00e4rskild pr\u00f6vning av styrelsen vinnas av svensk<br \/>\nmedborgare med stort och aktivt intresse f\u00f6r marinen och f\u00f6r f\u00f6reningens \u00e4ndam\u00e5l.<br \/>\nBeslut ang\u00e5ende medlemskap fattas av styrelsen.<br \/>\nMedlem kan p\u00e5 f\u00f6rslag av styrelsen uteslutas ur f\u00f6reningen.<br \/>\nStyrelsen \u00e4ger kalla hedersmedlemmar i f\u00f6reningen.<br \/>\nSom korresponderande medlem kan styrelsen kalla utl\u00e4nning som s\u00e5 \u00f6nskar och anses<br \/>\nd\u00e4rtill l\u00e4mplig.<br \/>\n\u00a7 3 Styrelse<br \/>\nF\u00f6reningens angel\u00e4genheter handhas av en styrelse, som skall best\u00e5 av<br \/>\n1<br \/>\nminst 6 och h\u00f6gst 10 medlemmar<br \/>\nStyrelsen utses av \u00e5rsm\u00f6tet, ordf\u00f6rande p\u00e5 1 \u00e5r, \u00f6vriga ledam\u00f6ter<br \/>\np\u00e5 2 \u00e5r. Styrelsen utser inom sig vice ordf\u00f6rande, sekreterare och kass\u00f6r<br \/>\nStyrelsen sammantr\u00e4der p\u00e5 kallelse av ordf\u00f6rande och \u00e4r beslutsm\u00e4ssig, d\u00e5 minst<br \/>\n50% av styrelsens ledam\u00f6ter, d\u00e4ribland ordf\u00f6rande eller vice ordf\u00f6rande \u00e4ro n\u00e4rvarande.<br \/>\n\u00a74 Firmateckning<br \/>\nF\u00f6reningens firma tecknas av ordf\u00f6randen och kass\u00f6ren var f\u00f6r sig<br \/>\n\u00a7 5 Avgifter<br \/>\n\u00c5rsavgiften, att g\u00e4lla n\u00e4stkommande verksamhets\u00e5r, best\u00e4ms till sin storlek av<br \/>\n\u00e5rsm\u00f6tet och skall erl\u00e4ggas senast den 31 mars det \u00e5r verksamheten avser<br \/>\n\u00a7 6 Revision<br \/>\nF\u00f6reningens verksamhets- och r\u00e4kenskaps\u00e5r \u00e4r kalender\u00e5r<br \/>\nF\u00f6reningens r\u00e4kenskaper skall avslutade \u00f6verl\u00e4mnas av kass\u00f6ren till f\u00f6reningens<br \/>\nrevisorer  f\u00f6r granskning, senast den 15 februari.<br \/>\nRevisorerna skall senast den sista februari till styrelsen \u00f6verl\u00e4mna revisionsber\u00e4ttelsen.<br \/>\n\u00a7 7 \u00c5rsm\u00f6te<br \/>\n\u00c5rsm\u00f6te h\u00e5lles f\u00f6re mars m\u00e5nads utg\u00e5ng och skall av styrelsen utlysas minst 14 dagar<br \/>\nf\u00f6re m\u00f6tet.<br \/>\nVid \u00e5rsm\u00f6tet skall minst f\u00f6ljande \u00e4renden f\u00f6rekomma.<br \/>\n\u00a0 1.    Val av ordf\u00f6rande och sekreterare f\u00f6r \u00e5rsm\u00f6tet<br \/>\n\u00a0 2.    Val av tv\u00e5 personer att j\u00e4mte ordf\u00f6rande justera \u00e5rsm\u00f6tesprotokollet.<br \/>\n\u00a0 3.    Styrelsens verksamhetsber\u00e4ttelse inklusive \u00e5rsredovisning.<br \/>\n\u00a0 4.    Revisorernas ber\u00e4ttelse.<br \/>\n\u00a0 5.    Beslut ang\u00e5ende ansvarsfrihet.<br \/>\n\u00a0 6.    Beslut om \u00e5rsavgift f\u00f6r n\u00e4stkommande verksamhets\u00e5r<br \/>\n\u00a0 7.    Val av ordf\u00f6rande p\u00e5 1 \u00e5r<br \/>\n\u00a0 8.    Val av \u00f6vriga ledam\u00f6ter p\u00e5 tv\u00e5 \u00e5r.  H\u00e4lften v\u00e4ljs udda \u00e5r, h\u00e4lften j\u00e4mna \u00e5r<br \/>\n\u00a0 9.    Val av tv\u00e5 revisorer j\u00e4mte suppleant<br \/>\n10.    Val av valberedning,  tre personer<br \/>\n11.    Av enskilda medlemmar skriftligen till styrelsen framst\u00e4llda fr\u00e5gor<br \/>\n12.    \u00d6vriga fr\u00e5gor<br \/>\n2<br \/>\n\u00a7  8 Valberedning<br \/>\nValberedningen utser inom sig ordf\u00f6rande, som tillika \u00e4r sammankallande.<br \/>\nValberedningen \u00e5ligger att senast en vecka f\u00f6re \u00e5rsm\u00f6tet till styrelsen ingiva f\u00f6rslag av<br \/>\nkandidater.<br \/>\n\u00a7 9 R\u00f6str\u00e4tt och beslut<br \/>\nR\u00f6stber\u00e4ttiga \u00e4r alla  medlemmar, vilka ha erlagt stadgad avgift.<br \/>\nBeslut fattas med enkel r\u00f6st\u00f6vervikt. Dock g\u00e4ller f\u00f6r fr\u00e5gor enligt  \u00a7 11 och \u00a7 12 att minst<br \/>\ntv\u00e5 tredjedelar av de r\u00f6stande skall bitr\u00e4da f\u00f6rslaget.<br \/>\nOmr\u00f6stning sker \u00f6ppet, s\u00e5vida ej sluten beg\u00e4res.<br \/>\nVid lika r\u00f6stetal g\u00e4ller den mening, vilken m\u00f6tets ordf\u00f6rande bitr\u00e4der, utom vid val och<br \/>\nsluten omr\u00f6stning, d\u00e4r lottning skall f\u00f6retagas.<br \/>\n\u00a7 10 Ingivande av f\u00f6rslag<br \/>\nEnskilda f\u00f6reningsmedlemmar som \u00f6nska f\u00e5 \u00e4rende f\u00f6relagt till pr\u00f6vning p\u00e5 \u00e5rsm\u00f6te, skall<br \/>\nsenast den sista februari avl\u00e4mna skriftlig framst\u00e4llning till styrelsen som framl\u00e4gger den<br \/>\nsamma j\u00e4mte eget yttrande till \u00e5rsm\u00f6tet.<br \/>\n\u00a7 11 \u00c4ndring av stadgar<br \/>\nBeslut om stadge\u00e4ndring fattas vid \u00e5rsm\u00f6te och skall f\u00f6r att \u00e4ga giltighet bitr\u00e4das av<br \/>\nminst tv\u00e5 tredjedelar av i r\u00f6stningen deltagande f\u00f6reningsmedlemmar.<br \/>\n\u00a7 12 Uppl\u00f6sning av f\u00f6reningen<br \/>\nBeslut om f\u00f6reningens uppl\u00f6sande skall f\u00f6r att vara giltigt beslutas p\u00e5 tv\u00e5 med minst en<br \/>\nm\u00e5nads mellanrum p\u00e5 varandra f\u00f6ljande f\u00f6reningsm\u00f6ten och vid vart och ett av dessa ha<br \/>\n\u00a0bitr\u00e4tts av minst tv\u00e5 tredjedelar av de r\u00f6stande.<br \/>\nD\u00e5 fr\u00e5ga om f\u00f6reningens uppl\u00f6sning v\u00e4ckts, \u00e5ligger det styrelsen att meddela huvud<br \/>\norganisationen detta, samt att vid det f\u00f6rsta av de m\u00f6ten d\u00e4r fr\u00e5gan upptages till<br \/>\nbehandling, framl\u00e4gga f\u00f6rslag till disponerande av f\u00f6reningens tillg\u00e5ngar.<br \/>\nTillg\u00e5ngarna skall disponeras p\u00e5 s\u00e5dant s\u00e4tt som gagnar f\u00f6reningens syften och \u00e4ndam\u00e5l.&#8221; image=&#8221;data:image\/svg+xml;base64,PHN2ZyB3aWR0aD0iMTA4MCIgaGVpZ2h0PSI1NDAiIHZpZXdCb3g9IjAgMCAxMDgwIDU0MCIgeG1sbnM9Imh0dHA6Ly93d3cudzMub3JnLzIwMDAvc3ZnIj4KICAgIDxnIGZpbGw9Im5vbmUiIGZpbGwtcnVsZT0iZXZlbm9kZCI+CiAgICAgICAgPHBhdGggZmlsbD0iI0VCRUJFQiIgZD0iTTAgMGgxMDgwdjU0MEgweiIvPgogICAgICAgIDxwYXRoIGQ9Ik00NDUuNjQ5IDU0MGgtOTguOTk1TDE0NC42NDkgMzM3Ljk5NSAwIDQ4Mi42NDR2LTk4Ljk5NWwxMTYuMzY1LTExNi4zNjVjMTUuNjItMTUuNjIgNDAuOTQ3LTE1LjYyIDU2LjU2OCAwTDQ0NS42NSA1NDB6IiBmaWxsLW9wYWNpdHk9Ii4xIiBmaWxsPSIjMDAwIiBmaWxsLXJ1bGU9Im5vbnplcm8iLz4KICAgICAgICA8Y2lyY2xlIGZpbGwtb3BhY2l0eT0iLjA1IiBmaWxsPSIjMDAwIiBjeD0iMzMxIiBjeT0iMTQ4IiByPSI3MCIvPgogICAgICAgIDxwYXRoIGQ9Ik0xMDgwIDM3OXYxMTMuMTM3TDcyOC4xNjIgMTQwLjMgMzI4LjQ2MiA1NDBIMjE1LjMyNEw2OTkuODc4IDU1LjQ0NmMxNS42Mi0xNS42MiA0MC45NDgtMTUuNjIgNTYuNTY4IDBMMTA4MCAzNzl6IiBmaWxsLW9wYWNpdHk9Ii4yIiBmaWxsPSIjMDAwIiBmaWxsLXJ1bGU9Im5vbnplcm8iLz4KICAgIDwvZz4KPC9zdmc+Cg==&#8221; _builder_version=&#8221;4.27.6&#8243; _module_preset=&#8221;default&#8221; hover_enabled=&#8221;0&#8243; sticky_enabled=&#8221;0&#8243;][\/et_pb_blurb][\/et_pb_column_inner][\/et_pb_row_inner][\/et_pb_column][et_pb_column type=&#8221;1_4&#8243; _builder_version=&#8221;4.16&#8243; custom_padding=&#8221;|||&#8221; global_colors_info=&#8221;{}&#8221; custom_padding__hover=&#8221;|||&#8221;][et_pb_image src=&#8221;http:\/\/marinkamraterna.se\/kalmarsund\/wp-content\/uploads\/sites\/3\/2021\/04\/oql0evyd_n8.jpg&#8221; alt=&#8221;body of water during golden hour&#8221; title_text=&#8221;Photo by Joseph Barrientos&#8221; _builder_version=&#8221;4.16&#8243; _module_preset=&#8221;default&#8221; custom_margin=&#8221;||10px||false|false&#8221; custom_padding=&#8221;||||false|false&#8221; global_colors_info=&#8221;{}&#8221;][\/et_pb_image][et_pb_text _builder_version=&#8221;4.16&#8243; _module_preset=&#8221;default&#8221; text_font=&#8221;||on||||||&#8221; text_font_size=&#8221;14px&#8221; global_colors_info=&#8221;{}&#8221;]<\/p>\n<p>Bildtext<\/p>\n<p>[\/et_pb_text][et_pb_sidebar orientation=&#8221;right&#8221; area=&#8221;et_pb_widget_area_5&#8243; module_class=&#8221;right-menues&#8221; _builder_version=&#8221;4.9.11&#8243; _module_preset=&#8221;default&#8221; custom_margin=&#8221;||0px||false|false&#8221; global_module=&#8221;35107&#8243; saved_tabs=&#8221;all&#8221; global_colors_info=&#8221;{}&#8221;][\/et_pb_sidebar][et_pb_sidebar orientation=&#8221;right&#8221; _builder_version=&#8221;4.9.4&#8243; _module_preset=&#8221;default&#8221; header_font=&#8221;|600||on|||||&#8221; header_font_size=&#8221;20px&#8221; global_module=&#8221;33531&#8243; saved_tabs=&#8221;all&#8221; locked=&#8221;on&#8221; global_colors_info=&#8221;{}&#8221;][\/et_pb_sidebar][\/et_pb_column][\/et_pb_section]<\/p>\n","protected":false},"excerpt":{"rendered":"<p>Bildtext<\/p>\n","protected":false},"author":1,"featured_media":0,"parent":33152,"menu_order":4,"comment_status":"closed","ping_status":"closed","template":"","meta":{"_et_pb_use_builder":"on","_et_pb_old_content":"","_et_gb_content_width":"","iawp_total_views":35,"footnotes":""},"class_list":["post-33990","page","type-page","status-publish","hentry"],"_links":{"self":[{"href":"https:\/\/marinkamraterna.se\/kalmarsund\/wp-json\/wp\/v2\/pages\/33990","targetHints":{"allow":["GET"]}}],"collection":[{"href":"https:\/\/marinkamraterna.se\/kalmarsund\/wp-json\/wp\/v2\/pages"}],"about":[{"href":"https:\/\/marinkamraterna.se\/kalmarsund\/wp-json\/wp\/v2\/types\/page"}],"author":[{"embeddable":true,"href":"https:\/\/marinkamraterna.se\/kalmarsund\/wp-json\/wp\/v2\/users\/1"}],"replies":[{"embeddable":true,"href":"https:\/\/marinkamraterna.se\/kalmarsund\/wp-json\/wp\/v2\/comments?post=33990"}],"version-history":[{"count":12,"href":"https:\/\/marinkamraterna.se\/kalmarsund\/wp-json\/wp\/v2\/pages\/33990\/revisions"}],"predecessor-version":[{"id":37593,"href":"https:\/\/marinkamraterna.se\/kalmarsund\/wp-json\/wp\/v2\/pages\/33990\/revisions\/37593"}],"up":[{"embeddable":true,"href":"https:\/\/marinkamraterna.se\/kalmarsund\/wp-json\/wp\/v2\/pages\/33152"}],"wp:attachment":[{"href":"https:\/\/marinkamraterna.se\/kalmarsund\/wp-json\/wp\/v2\/media?parent=33990"}],"curies":[{"name":"wp","href":"https:\/\/api.w.org\/{rel}","templated":true}]}}