{"id":23,"date":"2020-12-09T16:01:15","date_gmt":"2020-12-09T15:01:15","guid":{"rendered":"https:\/\/wwps.se\/?page_id=23"},"modified":"2025-11-13T13:02:14","modified_gmt":"2025-11-13T12:02:14","slug":"startsidan","status":"publish","type":"page","link":"https:\/\/marinkamraterna.se\/karlshamn\/","title":{"rendered":"Startsidan"},"content":{"rendered":"<p>[et_pb_section fb_built=&#8221;1&#8243; use_custom_gutter=&#8221;on&#8221; gutter_width=&#8221;2&#8243; specialty=&#8221;on&#8221; padding_top_1=&#8221;45px&#8221; padding_top_2=&#8221;45px&#8221; padding_right_1=&#8221;50px&#8221; padding_right_2=&#8221;30px&#8221; padding_left_1=&#8221;50px&#8221; padding_left_2=&#8221;30px&#8221; padding_top_bottom_link_1=&#8221;false&#8221; padding_top_bottom_link_2=&#8221;false&#8221; padding_left_right_link_1=&#8221;true&#8221; padding_left_right_link_2=&#8221;true&#8221; padding_1_tablet=&#8221;&#8221; padding_1_phone=&#8221;&#8221; padding_1_last_edited=&#8221;on|desktop&#8221; custom_css_main_2=&#8221;border-left: 1px solid #eeeeee&#8221; _builder_version=&#8221;4.27.4&#8243; _module_preset=&#8221;default&#8221; inner_width=&#8221;100%&#8221; custom_margin=&#8221;||||false|false&#8221; custom_padding=&#8221;0px||||false|false&#8221; collapsed=&#8221;off&#8221; global_colors_info=&#8221;{}&#8221;][et_pb_column type=&#8221;2_3&#8243; specialty_columns=&#8221;2&#8243; _builder_version=&#8221;4.16&#8243; custom_padding=&#8221;|||&#8221; global_colors_info=&#8221;{}&#8221; custom_padding__hover=&#8221;|||&#8221;][et_pb_row_inner _builder_version=&#8221;4.16&#8243; _module_preset=&#8221;default&#8221; custom_margin=&#8221;0px||||false|false&#8221; custom_padding=&#8221;0px||||false|false&#8221; global_colors_info=&#8221;{}&#8221;][et_pb_column_inner saved_specialty_column_type=&#8221;2_3&#8243; _builder_version=&#8221;4.16&#8243; _module_preset=&#8221;default&#8221; global_colors_info=&#8221;{}&#8221;][et_pb_image src=&#8221;http:\/\/marinkamraterna.se\/karlshamn\/wp-content\/uploads\/sites\/23\/2021\/09\/FM-Klubbstuga-007.jpg&#8221; title_text=&#8221;FM-Klubbstuga 007&#8243; _builder_version=&#8221;4.16&#8243; _module_preset=&#8221;default&#8221; global_colors_info=&#8221;{}&#8221;][\/et_pb_image][et_pb_text admin_label=&#8221;Text&#8221; _builder_version=&#8221;4.16&#8243; _module_preset=&#8221;default&#8221; global_colors_info=&#8221;{}&#8221;]<\/p>\n<h1>V\u00e4lkommen till Flottans m\u00e4n Karlshamn!<\/h1>\n<p>Flottans m\u00e4n den 8\/12<br \/>Inbjudan till julfest med lucia samt musikunderh\u00e5llning.<br \/>Medlem med anh\u00f6rig\u00a0 \u00e4r v\u00e4lkommen.<br \/>F\u00f6reningen st\u00e5r f\u00f6r all mat<\/p>\n<p>Anm\u00e4lan senast fredag den 5\/12 till 0706256092<\/p>\n<p>Boka v\u00e5r stuga i god tid d\u00e5 det \u00e4r m\u00e5nga som vill hyra den!<br \/><span>F\u00f6r bokning ring Bo Ringdahl p\u00e5 tel 0707216622<\/span><\/p>\n<p>\u00a0MVH Styrelsen<\/p>\n<p>&nbsp;<\/p>\n<p>[\/et_pb_text][\/et_pb_column_inner][\/et_pb_row_inner][\/et_pb_column][et_pb_column type=&#8221;1_3&#8243; _builder_version=&#8221;4.16&#8243; custom_padding=&#8221;|||&#8221; global_colors_info=&#8221;{}&#8221; custom_padding__hover=&#8221;|||&#8221;][et_pb_blurb title=&#8221;Aktuellt&#8221; use_icon=&#8221;on&#8221; font_icon=&#8221;&#xe080;||divi||400&#8243; icon_placement=&#8221;left&#8221; _builder_version=&#8221;4.16&#8243; _module_preset=&#8221;default&#8221; header_font=&#8221;|600||on|||||&#8221; header_font_size=&#8221;20px&#8221; border_width_bottom=&#8221;2px&#8221; border_color_bottom=&#8221;#0C71C3&#8243; locked=&#8221;on&#8221; global_colors_info=&#8221;{}&#8221;][\/et_pb_blurb][et_pb_blog posts_number=&#8221;3&#8243; meta_date=&#8221;j F, Y&#8221; show_thumbnail=&#8221;off&#8221; use_manual_excerpt=&#8221;off&#8221; show_more=&#8221;on&#8221; show_author=&#8221;off&#8221; show_categories=&#8221;off&#8221; show_pagination=&#8221;off&#8221; module_class=&#8221;aktuellt-startsidan&#8221; _builder_version=&#8221;4.16&#8243; _module_preset=&#8221;default&#8221; header_font=&#8221;||||||||&#8221; header_font_size=&#8221;20px&#8221; body_font_size=&#8221;14px&#8221; meta_font=&#8221;||on||||||&#8221; meta_font_size=&#8221;14px&#8221; meta_line_height=&#8221;1em&#8221; read_more_font=&#8221;|600||on|||||&#8221; custom_margin=&#8221;||||false|false&#8221; custom_padding=&#8221;||||false|false&#8221; locked=&#8221;on&#8221; global_colors_info=&#8221;{}&#8221;][\/et_pb_blog][et_pb_button button_url=&#8221;\/karlshamn\/kategori\/nyheter\/&#8221; button_text=&#8221;Se alla nyheter&#8221; button_alignment=&#8221;right&#8221; _builder_version=&#8221;4.16&#8243; _module_preset=&#8221;default&#8221; custom_button=&#8221;on&#8221; button_text_size=&#8221;15px&#8221; button_on_hover=&#8221;off&#8221; custom_margin=&#8221;||50px||false|false&#8221; locked=&#8221;on&#8221; global_colors_info=&#8221;{}&#8221;][\/et_pb_button][et_pb_blurb title=&#8221;Kalendarium&#8221; use_icon=&#8221;on&#8221; font_icon=&#8221;&#xe025;||divi||400&#8243; icon_placement=&#8221;left&#8221; _builder_version=&#8221;4.16&#8243; _module_preset=&#8221;default&#8221; header_font=&#8221;|600||on|||||&#8221; header_font_size=&#8221;20px&#8221; border_width_bottom=&#8221;2px&#8221; border_color_bottom=&#8221;#0C71C3&#8243; locked=&#8221;on&#8221; global_colors_info=&#8221;{}&#8221;][\/et_pb_blurb][et_pb_sidebar area=&#8221;et_pb_widget_area_1&#8243; _builder_version=&#8221;4.16&#8243; _module_preset=&#8221;default&#8221; locked=&#8221;on&#8221; global_colors_info=&#8221;{}&#8221;][\/et_pb_sidebar][et_pb_blurb title=&#8221;Aktuellt F\u00f6rbundet&#8221; use_icon=&#8221;on&#8221; font_icon=&#8221;&#xe080;||divi||400&#8243; icon_placement=&#8221;left&#8221; _builder_version=&#8221;4.16&#8243; _module_preset=&#8221;default&#8221; header_font=&#8221;|600||on|||||&#8221; header_font_size=&#8221;20px&#8221; border_width_bottom=&#8221;2px&#8221; border_color_bottom=&#8221;#0C71C3&#8243; locked=&#8221;on&#8221; global_colors_info=&#8221;{}&#8221;][\/et_pb_blurb][et_pb_code _builder_version=&#8221;4.16&#8243; _module_preset=&#8221;default&#8221; locked=&#8221;on&#8221; global_colors_info=&#8221;{}&#8221;]<div class=\"wpra-display align\" data-display-id=\"1\" hx-target=\"this\" hx-swap=\"outerHTML\">    <div class=\"wp-rss-aggregator wpra-list-template \">\n        <ul class=\"rss-aggregator wpra-item-list \" start=\"1\">\n                <li class=\"wpra-item feed-item \">\n        <a href=\"https:\/\/marinkamraterna.se\/aktuellt\/2026\/04\/02\/forlangd-anmalningstid-till-riks-26\/\" class=\"\" target=\"_blank\" rel=\"noopener noreferrer nofollow\" style=\"\">F\u00f6rl\u00e4ngd anm\u00e4lningstid till Riks 26<\/a>\n\n        <div class=\"wprss-feed-meta\">\n            \n                <span class=\"feed-date\">\n        Publicerad 2026-04-02\n    <\/span>\n            \n        <\/div>\n\n        \n    <\/li>    <li class=\"wpra-item feed-item \">\n        <a href=\"https:\/\/marinkamraterna.se\/aktuellt\/2026\/02\/10\/riksarsmotet-2026\/\" class=\"\" target=\"_blank\" rel=\"noopener noreferrer nofollow\" style=\"\">Riks\u00e5rsm\u00f6tet 2026<\/a>\n\n        <div class=\"wprss-feed-meta\">\n            \n                <span class=\"feed-date\">\n        Publicerad 2026-02-10\n    <\/span>\n            \n        <\/div>\n\n        \n    <\/li>    <li class=\"wpra-item feed-item \">\n        <a href=\"https:\/\/marinkamraterna.se\/aktuellt\/2025\/12\/02\/hemsidorna-har-nu-bytt-adress\/\" class=\"\" target=\"_blank\" rel=\"noopener noreferrer nofollow\" style=\"\">Hemsidorna har nu bytt adress<\/a>\n\n        <div class=\"wprss-feed-meta\">\n            \n                <span class=\"feed-date\">\n        Publicerad 2025-12-02\n    <\/span>\n            \n        <\/div>\n\n        \n    <\/li>\n        <\/ul>\n    <\/div> <\/div>[\/et_pb_code][et_pb_button button_url=&#8221;\/kategori\/riksnyheter\/&#8221; url_new_window=&#8221;on&#8221; button_text=&#8221;Se alla f\u00f6rbundsnyheter&#8221; button_alignment=&#8221;right&#8221; _builder_version=&#8221;4.16&#8243; _module_preset=&#8221;default&#8221; custom_button=&#8221;on&#8221; button_text_size=&#8221;15px&#8221; button_on_hover=&#8221;off&#8221; custom_margin=&#8221;||||false|false&#8221; locked=&#8221;on&#8221; global_colors_info=&#8221;{}&#8221;][\/et_pb_button][\/et_pb_column][\/et_pb_section]<\/p>\n","protected":false},"excerpt":{"rendered":"<p>V\u00e4lkommen till Flottans m\u00e4n Karlshamn! Flottans m\u00e4n den 8\/12Inbjudan till julfest med lucia samt musikunderh\u00e5llning.Medlem med anh\u00f6rig\u00a0 \u00e4r v\u00e4lkommen.F\u00f6reningen st\u00e5r f\u00f6r all mat Anm\u00e4lan senast fredag den 5\/12 till 0706256092 Boka v\u00e5r stuga i god tid d\u00e5 det \u00e4r m\u00e5nga som vill hyra den!F\u00f6r bokning ring Bo Ringdahl p\u00e5 tel 0707216622 \u00a0MVH Styrelsen &nbsp;<\/p>\n<div class=\"wpra-display align\" data-display-id=\"1\" hx-target=\"this\" hx-swap=\"outerHTML\">\n<div class=\"wp-rss-aggregator wpra-list-template \">\n<ul class=\"rss-aggregator wpra-item-list \" start=\"1\">\n<li class=\"wpra-item feed-item \">\n        <a href=\"https:\/\/marinkamraterna.se\/aktuellt\/2026\/04\/02\/forlangd-anmalningstid-till-riks-26\/\" class=\"\" target=\"_blank\" rel=\"noopener noreferrer nofollow\" style=\"\">F\u00f6rl\u00e4ngd anm\u00e4lningstid till Riks 26<\/a><\/p>\n<div class=\"wprss-feed-meta\">\n<p>                <span class=\"feed-date\"><br \/>\n        Publicerad 2026-04-02<br \/>\n    <\/span><\/p><\/div>\n<\/li>\n<li class=\"wpra-item feed-item \">\n        <a href=\"https:\/\/marinkamraterna.se\/aktuellt\/2026\/02\/10\/riksarsmotet-2026\/\" class=\"\" target=\"_blank\" rel=\"noopener noreferrer nofollow\" style=\"\">Riks\u00e5rsm\u00f6tet 2026<\/a><\/p>\n<div class=\"wprss-feed-meta\">\n<p>                <span class=\"feed-date\"><br \/>\n        Publicerad 2026-02-10<br \/>\n    <\/span><\/p><\/div>\n<\/li>\n<li class=\"wpra-item feed-item \">\n        <a href=\"https:\/\/marinkamraterna.se\/aktuellt\/2025\/12\/02\/hemsidorna-har-nu-bytt-adress\/\" class=\"\" target=\"_blank\" rel=\"noopener noreferrer nofollow\" style=\"\">Hemsidorna har nu bytt adress<\/a><\/p>\n<div class=\"wprss-feed-meta\">\n<p>                <span class=\"feed-date\"><br \/>\n        Publicerad 2025-12-02<br \/>\n    <\/span><\/p><\/div>\n<\/li>\n<\/ul><\/div>\n<\/p><\/div><\/p>\n","protected":false},"author":1,"featured_media":0,"parent":0,"menu_order":0,"comment_status":"closed","ping_status":"closed","template":"","meta":{"_et_pb_use_builder":"on","_et_pb_old_content":"<p>[et_pb_section fb_built=\"1\" use_custom_gutter=\"on\" gutter_width=\"2\" specialty=\"on\" padding_top_bottom_link_1=\"false\" padding_top_bottom_link_2=\"false\" padding_left_right_link_1=\"true\" padding_left_right_link_2=\"true\" padding_top_1=\"45px\" padding_top_2=\"45px\" padding_right_1=\"50px\" padding_right_2=\"30px\" padding_left_1=\"50px\" padding_left_2=\"30px\" padding_1_tablet=\"\" padding_1_phone=\"\" padding_1_last_edited=\"on|desktop\" custom_css_main_2=\"border-left: 1px solid #eeeeee\" _builder_version=\"4.10.8\" _module_preset=\"default\" inner_width=\"100%\" custom_margin=\"||||false|false\" custom_padding=\"0px||||false|false\" collapsed=\"off\" global_colors_info=\"{}\"][et_pb_column type=\"2_3\" specialty_columns=\"2\" _builder_version=\"3.25\" custom_padding=\"|||\" global_colors_info=\"{}\" custom_padding__hover=\"|||\"][et_pb_row_inner _builder_version=\"4.10.8\" _module_preset=\"default\" custom_margin=\"0px||||false|false\" custom_padding=\"0px||||false|false\" global_colors_info=\"{}\"][et_pb_column_inner saved_specialty_column_type=\"2_3\" _builder_version=\"4.9.1\" _module_preset=\"default\" global_colors_info=\"{}\"][et_pb_image src=\"http:\/\/marinkamraterna.se\/karlshamn\/wp-content\/uploads\/sites\/23\/2021\/09\/FM-Klubbstuga-007.jpg\" title_text=\"FM-Klubbstuga 007\" _builder_version=\"4.11.3\" _module_preset=\"default\" global_colors_info=\"{}\"][\/et_pb_image][et_pb_text _builder_version=\"4.11.3\" _module_preset=\"default\" global_colors_info=\"{}\"]<\/p><h1>V\u00e4lkommen till Flottans<br \/>m\u00e4n Karlshamn!<\/h1><p>Fr\u00e5n och med onsdag den 9 februari g\u00e5r det att hyra v\u00e5r stuga igen!<br \/>Boka i god tid d\u00e5 det \u00e4r m\u00e5nga som vill hyra den<\/p><p>M\u00e5ndag den 14 februari kl 18.00 tr\u00e4ffas vi igen och fikar samt \u00e4ter nygr\u00e4ddade v\u00e5fflor<br \/>F\u00f6ranm\u00e4lan till 0706256092<\/p><p>MVH Styrelsen<\/p><p>\u00a0<\/p><p>\u00a0<br \/>[\/et_pb_text][\/et_pb_column_inner][\/et_pb_row_inner][\/et_pb_column][et_pb_column type=\"1_3\" _builder_version=\"3.25\" custom_padding=\"|||\" global_colors_info=\"{}\" custom_padding__hover=\"|||\"][et_pb_blurb title=\"Aktuellt\" use_icon=\"on\" font_icon=\"\ue080||divi||400\" icon_placement=\"left\" _builder_version=\"4.13.0\" _module_preset=\"default\" header_font=\"|600||on|||||\" header_font_size=\"20px\" border_width_bottom=\"2px\" border_color_bottom=\"#0C71C3\" global_colors_info=\"{}\"][\/et_pb_blurb][et_pb_blog posts_number=\"3\" meta_date=\"j F, Y\" show_thumbnail=\"off\" use_manual_excerpt=\"off\" show_more=\"on\" show_author=\"off\" show_categories=\"off\" show_pagination=\"off\" module_class=\"aktuellt-startsidan\" _builder_version=\"4.9.3\" _module_preset=\"default\" header_font=\"||||||||\" header_font_size=\"20px\" body_font_size=\"14px\" meta_font=\"||on||||||\" meta_font_size=\"14px\" meta_line_height=\"1em\" read_more_font=\"|600||on|||||\" custom_margin=\"||||false|false\" custom_padding=\"||||false|false\" global_colors_info=\"{}\"][\/et_pb_blog][et_pb_button button_url=\"\/karlshamn\/kategori\/nyheter\/\" button_text=\"Se alla nyheter\" button_alignment=\"right\" _builder_version=\"4.10.8\" _module_preset=\"default\" custom_button=\"on\" button_text_size=\"15px\" button_on_hover=\"off\" custom_margin=\"||50px||false|false\" locked=\"off\" global_colors_info=\"{}\"][\/et_pb_button][et_pb_blurb title=\"Kalendarium\" use_icon=\"on\" font_icon=\"\ue025||divi||400\" icon_placement=\"left\" _builder_version=\"4.13.0\" _module_preset=\"default\" header_font=\"|600||on|||||\" header_font_size=\"20px\" border_width_bottom=\"2px\" border_color_bottom=\"#0C71C3\" locked=\"off\" global_colors_info=\"{}\"][\/et_pb_blurb][et_pb_sidebar area=\"et_pb_widget_area_1\" _builder_version=\"4.9.3\" _module_preset=\"default\" global_colors_info=\"{}\"][\/et_pb_sidebar][et_pb_blurb title=\"Aktuellt Regionen\" use_icon=\"on\" font_icon=\"\ue080||divi||400\" icon_placement=\"left\" _builder_version=\"4.13.0\" _module_preset=\"default\" header_font=\"|600||on|||||\" header_font_size=\"20px\" border_width_bottom=\"2px\" border_color_bottom=\"#0C71C3\" locked=\"off\" global_colors_info=\"{}\"][\/et_pb_blurb][et_pb_code _builder_version=\"4.14.7\" _module_preset=\"default\" global_colors_info=\"{}\"][wp-rss-aggregator feeds=\"sydnyheter\"][\/et_pb_code][et_pb_button button_url=\"\/kategori\/syd\/\" url_new_window=\"on\" button_text=\"Se alla regionnyheter\" button_alignment=\"right\" _builder_version=\"4.14.7\" _module_preset=\"default\" custom_button=\"on\" button_text_size=\"15px\" button_on_hover=\"off\" custom_margin=\"||50px||false|false\" locked=\"off\" global_colors_info=\"{}\"][\/et_pb_button][et_pb_blurb title=\"Aktuellt F\u00f6rbundet\" use_icon=\"on\" font_icon=\"\ue080||divi||400\" icon_placement=\"left\" _builder_version=\"4.13.0\" _module_preset=\"default\" header_font=\"|600||on|||||\" header_font_size=\"20px\" border_width_bottom=\"2px\" border_color_bottom=\"#0C71C3\" locked=\"off\" global_colors_info=\"{}\"][\/et_pb_blurb][et_pb_code _builder_version=\"4.9.3\" _module_preset=\"default\" global_colors_info=\"{}\"][wp-rss-aggregator feeds=\"riksnyheter\"][\/et_pb_code][et_pb_button button_url=\"\/kategori\/riksnyheter\/\" url_new_window=\"on\" button_text=\"Se alla f\u00f6rbundsnyheter\" button_alignment=\"right\" _builder_version=\"4.9.3\" _module_preset=\"default\" custom_button=\"on\" button_text_size=\"15px\" button_on_hover=\"off\" custom_margin=\"||||false|false\" locked=\"off\" global_colors_info=\"{}\"][\/et_pb_button][\/et_pb_column][\/et_pb_section]<\/p>","_et_gb_content_width":"","iawp_total_views":3929,"footnotes":""},"class_list":["post-23","page","type-page","status-publish","hentry"],"_links":{"self":[{"href":"https:\/\/marinkamraterna.se\/karlshamn\/wp-json\/wp\/v2\/pages\/23","targetHints":{"allow":["GET"]}}],"collection":[{"href":"https:\/\/marinkamraterna.se\/karlshamn\/wp-json\/wp\/v2\/pages"}],"about":[{"href":"https:\/\/marinkamraterna.se\/karlshamn\/wp-json\/wp\/v2\/types\/page"}],"author":[{"embeddable":true,"href":"https:\/\/marinkamraterna.se\/karlshamn\/wp-json\/wp\/v2\/users\/1"}],"replies":[{"embeddable":true,"href":"https:\/\/marinkamraterna.se\/karlshamn\/wp-json\/wp\/v2\/comments?post=23"}],"version-history":[{"count":34,"href":"https:\/\/marinkamraterna.se\/karlshamn\/wp-json\/wp\/v2\/pages\/23\/revisions"}],"predecessor-version":[{"id":37415,"href":"https:\/\/marinkamraterna.se\/karlshamn\/wp-json\/wp\/v2\/pages\/23\/revisions\/37415"}],"wp:attachment":[{"href":"https:\/\/marinkamraterna.se\/karlshamn\/wp-json\/wp\/v2\/media?parent=23"}],"curies":[{"name":"wp","href":"https:\/\/api.w.org\/{rel}","templated":true}]}}