{"id":33353,"date":"2021-04-05T13:38:35","date_gmt":"2021-04-05T11:38:35","guid":{"rendered":"https:\/\/andersa6.sg-host.com\/?page_id=33353"},"modified":"2024-09-05T12:33:50","modified_gmt":"2024-09-05T10:33:50","slug":"program","status":"publish","type":"page","link":"https:\/\/marinkamraterna.se\/karlshamn\/program\/","title":{"rendered":"Program"},"content":{"rendered":"<p><strong>2024<\/strong><\/p>\n<p>M\u00e5ndag 9 september F\u00f6rel\u00e4sning av Ekenbergs aktioner<\/p>\n<p>&nbsp;<\/p>\n<p>&nbsp;<\/p>\n","protected":false},"excerpt":{"rendered":"<p>2024 M\u00e5ndag 9 september F\u00f6rel\u00e4sning av Ekenbergs aktioner &nbsp; &nbsp;<\/p>\n","protected":false},"author":1,"featured_media":0,"parent":0,"menu_order":4,"comment_status":"closed","ping_status":"closed","template":"","meta":{"_et_pb_use_builder":"off","_et_pb_old_content":"","_et_gb_content_width":"","iawp_total_views":560,"footnotes":""},"class_list":["post-33353","page","type-page","status-publish","hentry"],"_links":{"self":[{"href":"https:\/\/marinkamraterna.se\/karlshamn\/wp-json\/wp\/v2\/pages\/33353","targetHints":{"allow":["GET"]}}],"collection":[{"href":"https:\/\/marinkamraterna.se\/karlshamn\/wp-json\/wp\/v2\/pages"}],"about":[{"href":"https:\/\/marinkamraterna.se\/karlshamn\/wp-json\/wp\/v2\/types\/page"}],"author":[{"embeddable":true,"href":"https:\/\/marinkamraterna.se\/karlshamn\/wp-json\/wp\/v2\/users\/1"}],"replies":[{"embeddable":true,"href":"https:\/\/marinkamraterna.se\/karlshamn\/wp-json\/wp\/v2\/comments?post=33353"}],"version-history":[{"count":11,"href":"https:\/\/marinkamraterna.se\/karlshamn\/wp-json\/wp\/v2\/pages\/33353\/revisions"}],"predecessor-version":[{"id":37377,"href":"https:\/\/marinkamraterna.se\/karlshamn\/wp-json\/wp\/v2\/pages\/33353\/revisions\/37377"}],"wp:attachment":[{"href":"https:\/\/marinkamraterna.se\/karlshamn\/wp-json\/wp\/v2\/media?parent=33353"}],"curies":[{"name":"wp","href":"https:\/\/api.w.org\/{rel}","templated":true}]}}